{"id":348,"date":"2018-03-14T10:39:07","date_gmt":"2018-03-14T09:39:07","guid":{"rendered":"http:\/\/amd-incontinence.com\/deutsch\/?page_id=348"},"modified":"2018-05-07T16:09:05","modified_gmt":"2018-05-07T14:09:05","slug":"internationale-praesenz","status":"publish","type":"page","link":"https:\/\/amd-incontinence.com\/deutsch\/amd\/internationale-praesenz\/","title":{"rendered":"Internationale Pr\u00e4senz"},"content":{"rendered":"[vc_row type=&#8220;in_container&#8220; full_screen_row_position=&#8220;middle&#8220; scene_position=&#8220;center&#8220; text_color=&#8220;dark&#8220; text_align=&#8220;left&#8220; class=&#8220;sliderrow&#8220; overlay_strength=&#8220;0.3&#8243; shape_divider_position=&#8220;bottom&#8220; shape_type=&#8220;&#8220;][vc_column column_padding=&#8220;no-extra-padding&#8220; column_padding_position=&#8220;all&#8220; background_color_opacity=&#8220;1&#8243; background_hover_color_opacity=&#8220;1&#8243; column_shadow=&#8220;none&#8220; column_border_radius=&#8220;none&#8220; width=&#8220;1\/1&#8243; tablet_text_alignment=&#8220;default&#8220; phone_text_alignment=&#8220;default&#8220; column_border_width=&#8220;none&#8220; column_border_style=&#8220;solid&#8220;]<div  data-transition=\"slide\" data-overall_style=\"classic\" data-flexible-height=\"\" data-animate-in-effect=\"none\" data-fullscreen=\"false\" data-button-sizing=\"regular\" data-button-styling=\"btn_with_count\" data-autorotate=\"\" data-parallax=\"false\" data-parallax-disable-mobile=\"\" data-caption-trans=\"fade_in_from_bottom\" data-parallax-style=\"bg_only\" data-bg-animation=\"none\" data-full-width=\"false\" class=\"nectar-slider-wrap \" id=\"nectar-slider-instance-1\"><div class=\"swiper-container\"  data-tho=\"auto\" data-tco=\"auto\" data-pho=\"auto\" data-pco=\"auto\" data-loop=\"false\" data-height=\"300\" data-min-height=\"\" data-arrows=\"false\" data-bullets=\"false\" data-bullet_style=\"see_through\" data-bullet_position=\"bottom\" data-desktop-swipe=\"false\" data-settings=\"\"> <div class=\"swiper-wrapper\"><div class=\"swiper-slide slider-nohome\" data-desktop-content-width=\"\" data-tablet-content-width=\"\" data-bg-alignment=\"center\" data-color-scheme=\"light\" data-x-pos=\"centered\" data-y-pos=\"middle\" ><div class=\"slide-bg-wrap\"><div class=\"image-bg\" style=\"background-image: url(https:\/\/amd-incontinence.com\/deutsch\/wp-content\/uploads\/sites\/3\/2018\/03\/amd-international-header.jpg);\"> &nbsp; <\/div><\/div><div class=\"container\">\n\t\t\t\t\t\t<div class=\"content\"><h2 class=\"ns-heading-el\">activ medical disposable<\/h2><p  ><span>Internationale Pr\u00e4senz<\/span><\/p><\/div>\n\t\t\t\t\t\t\t\t<\/div><!--\/container--><div class=\"video-texture \"> <span class=\"ie-fix\"><\/span> <\/div><\/div> <!--\/swiper-slide--><\/div><div class=\"nectar-slider-loading \"> <span class=\"loading-icon none\">   <\/span> <\/div> <\/div> \n\t\t\t\t\t\n\t\t\t\t\t<\/div>[\/vc_column][\/vc_row][vc_row type=&#8220;in_container&#8220; full_screen_row_position=&#8220;middle&#8220; scene_position=&#8220;center&#8220; text_color=&#8220;dark&#8220; text_align=&#8220;left&#8220; top_padding=&#8220;25&#8243; overlay_strength=&#8220;0.3&#8243; shape_divider_position=&#8220;bottom&#8220; shape_type=&#8220;&#8220;][vc_column column_padding=&#8220;padding-10-percent&#8220; column_padding_position=&#8220;left&#8220; background_color_opacity=&#8220;1&#8243; background_hover_color_opacity=&#8220;1&#8243; column_shadow=&#8220;none&#8220; column_border_radius=&#8220;none&#8220; top_margin=&#8220;60&#8243; el_class=&#8220;margeR&#8220; width=&#8220;1\/2&#8243; tablet_text_alignment=&#8220;default&#8220; phone_text_alignment=&#8220;default&#8220; column_border_width=&#8220;none&#8220; column_border_style=&#8220;solid&#8220;][vc_custom_heading text=&#8220;Expertise auf internationaler Ebene&#8220; font_container=&#8220;tag:h2|font_size:36|text_align:left|color:%2300a0e0|line_height:44px&#8220; google_fonts=&#8220;font_family:Roboto%3A100%2C100italic%2C300%2C300italic%2Cregular%2Citalic%2C500%2C500italic%2C700%2C700italic%2C900%2C900italic|font_style:400%20regular%3A400%3Anormal&#8220;][vc_custom_heading text=&#8220;amd, das Beste unserer Produkte<br \/>\nund Serviceleistungen in Ihrer N\u00e4he&#8220; font_container=&#8220;tag:h3|font_size:20|text_align:left|line_height:24px&#8220; google_fonts=&#8220;font_family:Roboto%3A100%2C100italic%2C300%2C300italic%2Cregular%2Citalic%2C500%2C500italic%2C700%2C700italic%2C900%2C900italic|font_style:400%20regular%3A400%3Anormal&#8220;][divider line_type=&#8220;No Line&#8220; custom_height=&#8220;10&#8243;][vc_column_text]Seit seiner Gr\u00fcndung organisiert amd seine geographische Entwicklung dergestalt, um Ihnen Qualit\u00e4t in Ihrer N\u00e4he zu erbringen. Wir sind Experten im Gesundheitsbereich und setzen uns an Ihrer Seite daf\u00fcr ein, Ihnen sachdienliche L\u00f6sungen gem\u00e4\u00df den Besonderheiten Ihres Marktes zu erbringen und Ihre Projekte vor Ort zu unterst\u00fctzen.[\/vc_column_text][\/vc_column][vc_column column_padding=&#8220;padding-10-percent&#8220; column_padding_position=&#8220;right&#8220; background_color_opacity=&#8220;1&#8243; background_hover_color_opacity=&#8220;1&#8243; column_shadow=&#8220;none&#8220; column_border_radius=&#8220;none&#8220; width=&#8220;1\/2&#8243; tablet_text_alignment=&#8220;default&#8220; phone_text_alignment=&#8220;default&#8220; column_border_width=&#8220;none&#8220; column_border_style=&#8220;solid&#8220;][image_with_animation image_url=&#8220;947&#8243; alignment=&#8220;&#8220; animation=&#8220;Fade In&#8220; border_radius=&#8220;none&#8220; box_shadow=&#8220;none&#8220; max_width=&#8220;100%&#8220;][\/vc_column][\/vc_row][vc_row type=&#8220;in_container&#8220; full_screen_row_position=&#8220;middle&#8220; scene_position=&#8220;center&#8220; text_color=&#8220;dark&#8220; text_align=&#8220;left&#8220; top_padding=&#8220;60&#8243; bottom_padding=&#8220;45&#8243; overlay_strength=&#8220;0.3&#8243; shape_divider_position=&#8220;bottom&#8220; shape_type=&#8220;&#8220;][vc_column column_padding=&#8220;padding-10-percent&#8220; column_padding_position=&#8220;left&#8220; background_color_opacity=&#8220;1&#8243; background_hover_color_opacity=&#8220;1&#8243; column_shadow=&#8220;none&#8220; column_border_radius=&#8220;none&#8220; el_class=&#8220;margeR&#8220; width=&#8220;1\/2&#8243; tablet_text_alignment=&#8220;default&#8220; phone_text_alignment=&#8220;default&#8220; column_border_width=&#8220;none&#8220; column_border_style=&#8220;solid&#8220;][vc_column_text]In Spanien hatte amd seinen ersten internationalen Auftritt mit der Ansiedlung seiner ersten Niederlassung in Barcelona. Um der Besonderheit des spanischen Marktes gerecht zu werden, hat amd Espagne seine Prozesse angepasst und sich mit kompetenten Mitarbeitern umgeben.<\/p>\n<p>Unter Einhaltung der Qualit\u00e4tscharten, die auf dem nationalen Gebiet gelten, stellen \u00fcber 26 Hygienefachleute den Verbrauchern herausragende Produkte und einen kundennahen Dienst zur Verf\u00fcgung.<\/p>\n<p>2017 wird die Anzahl an vertriebenen Kartons pro Jahr auf \u00fcber 1 Million gesch\u00e4tzt. Die Ansiedlung des Produktionsstandorts in Calatayud stellt noch eine Verbesserung dieses Potenzials in Aussicht.[\/vc_column_text][\/vc_column][vc_column column_padding=&#8220;padding-10-percent&#8220; column_padding_position=&#8220;right&#8220; background_color_opacity=&#8220;1&#8243; background_hover_color_opacity=&#8220;1&#8243; column_shadow=&#8220;none&#8220; column_border_radius=&#8220;none&#8220; el_class=&#8220;margeL&#8220; width=&#8220;1\/2&#8243; tablet_text_alignment=&#8220;default&#8220; phone_text_alignment=&#8220;default&#8220; column_border_width=&#8220;none&#8220; column_border_style=&#8220;solid&#8220;][vc_column_text]Mit Fortsetzung eben dieser Dynamik ist activ medical disposable bestrebt, seine T\u00e4tigkeit weltweit weiter auszubauen. Mit unserer T\u00e4tigkeit, die bereits zu \u00fcber 55\u00a0% auf dem internationalen Markt stattfindet, garantieren wir den Vertrieb unserer Produkte in mehr als 30 L\u00e4ndern weltweit.<\/p>\n<p>Krankenh\u00e4user, Altenheime, Apotheken, H\u00e4ndler, gro\u00dfe und mittlere Verteilungsunternehmen \u2026, f\u00fcr die Herstellung und den Vertrieb von Pflegeprodukten f\u00fcr Erwachsene ist amd heute als Partner in ganz Europa nicht mehr wegzudenken.<\/p>\n<p>Um Informationen zu Ihrem Gebiet zu erhalten, finden Sie nachstehend die Kontaktdaten des betreffenden Service. Unsere Mitarbeiter freuen sich, Sie begr\u00fc\u00dfen zu d\u00fcrfen.[\/vc_column_text][\/vc_column][\/vc_row][vc_row type=&#8220;in_container&#8220; full_screen_row_position=&#8220;middle&#8220; bg_color=&#8220;#edf5f9&#8243; scene_position=&#8220;center&#8220; text_color=&#8220;dark&#8220; text_align=&#8220;left&#8220; top_padding=&#8220;45&#8243; bottom_padding=&#8220;145&#8243; class=&#8220;blocInter&#8220; overlay_strength=&#8220;0.3&#8243; shape_divider_position=&#8220;bottom&#8220; shape_type=&#8220;&#8220;][vc_column column_padding=&#8220;padding-10-percent&#8220; column_padding_position=&#8220;left&#8220; background_color_opacity=&#8220;1&#8243; background_hover_color_opacity=&#8220;1&#8243; column_shadow=&#8220;none&#8220; column_border_radius=&#8220;none&#8220; el_class=&#8220;margeR&#8220; width=&#8220;1\/2&#8243; tablet_text_alignment=&#8220;default&#8220; phone_text_alignment=&#8220;default&#8220; column_border_width=&#8220;none&#8220; column_border_style=&#8220;solid&#8220;][vc_custom_heading text=&#8220;Sie sitzen<br \/>\n<span>in Spanien<\/span>,&#8220; font_container=&#8220;tag:h2|font_size:20|text_align:left|line_height:22px&#8220; google_fonts=&#8220;font_family:Roboto%3A100%2C100italic%2C300%2C300italic%2Cregular%2Citalic%2C500%2C500italic%2C700%2C700italic%2C900%2C900italic|font_style:400%20regular%3A400%3Anormal&#8220;][vc_column_text]wie k\u00f6nnen wir Ihnen helfen?<br \/>\nKontaktieren Sie unsere Niederlassung.<\/p>\n<p>Vertriebsteam Spanien<br \/>\nActiv Medical Disposable,<br \/>\nSAU &#8211; Avda. Ernest Lluch, 32<br \/>\n08302 Matar\u00f3 (Barcelona)<br \/>\nSPANIEN<\/p>\n<p>Kontakt:<br \/>\nE-Mail: <a href=\"mailto:amd.es@activmed.eu\">amd.es@activmed.eu<\/a><br \/>\nT. 937 530\u00a0227[\/vc_column_text][divider line_type=&#8220;No Line&#8220; custom_height=&#8220;60&#8243;][vc_custom_heading text=&#8220;Sie sitzen<br \/>\n<span>in Gro\u00dfbritannien<\/span>,&#8220; font_container=&#8220;tag:h2|font_size:20|text_align:left|line_height:22px&#8220; google_fonts=&#8220;font_family:Roboto%3A100%2C100italic%2C300%2C300italic%2Cregular%2Citalic%2C500%2C500italic%2C700%2C700italic%2C900%2C900italic|font_style:400%20regular%3A400%3Anormal&#8220;][vc_column_text]wie k\u00f6nnen wir Ihnen helfen?<br \/>\nKontaktieren Sie unsere Verkaufsb\u00fcros<\/p>\n<p>Kontakt:<br \/>\nE-Mail: <a href=\"mailto:amd.uk@activmed.eu\">amd.uk@activmed.eu<\/a><br \/>\nT. 937 530 227[\/vc_column_text][\/vc_column][vc_column column_padding=&#8220;padding-10-percent&#8220; column_padding_position=&#8220;right&#8220; background_color_opacity=&#8220;1&#8243; background_hover_color_opacity=&#8220;1&#8243; column_shadow=&#8220;none&#8220; column_border_radius=&#8220;none&#8220; el_class=&#8220;margeL&#8220; width=&#8220;1\/2&#8243; tablet_text_alignment=&#8220;default&#8220; phone_text_alignment=&#8220;default&#8220; column_border_width=&#8220;none&#8220; column_border_style=&#8220;solid&#8220;][vc_custom_heading text=&#8220;Sie sitzen<br \/>\n<span>in Deutschland<\/span>,&#8220; font_container=&#8220;tag:h2|font_size:20|text_align:left|line_height:22px&#8220; google_fonts=&#8220;font_family:Roboto%3A100%2C100italic%2C300%2C300italic%2Cregular%2Citalic%2C500%2C500italic%2C700%2C700italic%2C900%2C900italic|font_style:400%20regular%3A400%3Anormal&#8220;][vc_column_text]wie k\u00f6nnen wir Ihnen helfen?<br \/>\nKontaktieren Sie unsere Niederlassung.<\/p>\n<p>Vertriebsteam Deutschland<br \/>\nAMD Deutschland GmbH<br \/>\nRheinparkallee 9,<br \/>\n40789 Monheim am Rhein,<br \/>\nDEUTSCHLAND<\/p>\n<p>Kontakt:<br \/>\nE-Mail: <a href=\"mailto:amd.de@activmed.eu\">amd.de@activmed.eu<\/a>[\/vc_column_text][divider line_type=&#8220;No Line&#8220; custom_height=&#8220;80&#8243;][vc_custom_heading text=&#8220;Sie sitzen<br \/>\n<span>in einem anderen Land<\/span>,&#8220; font_container=&#8220;tag:h2|font_size:20|text_align:left|line_height:22px&#8220; google_fonts=&#8220;font_family:Roboto%3A100%2C100italic%2C300%2C300italic%2Cregular%2Citalic%2C500%2C500italic%2C700%2C700italic%2C900%2C900italic|font_style:400%20regular%3A400%3Anormal&#8220;][vc_column_text]wie k\u00f6nnen wir Ihnen helfen?<br \/>\nKontaktieren Sie unseren Exportservice per E-Mail oder per Telefon<\/p>\n<p>Kontakt:<br \/>\nE-Mail: <a href=\"mailto:info@activmed.eu\">info@activmed.eu<\/a><br \/>\nT. +33 04 66 80 89 20[\/vc_column_text][\/vc_column][\/vc_row]\n","protected":false},"excerpt":{"rendered":"<p>[vc_row type=&#8220;in_container&#8220; full_screen_row_position=&#8220;middle&#8220; scene_position=&#8220;center&#8220; text_color=&#8220;dark&#8220; text_align=&#8220;left&#8220; class=&#8220;sliderrow&#8220; overlay_strength=&#8220;0.3&#8243; shape_divider_position=&#8220;bottom&#8220; shape_type=&#8220;&#8220;][vc_column column_padding=&#8220;no-extra-padding&#8220; column_padding_position=&#8220;all&#8220; background_color_opacity=&#8220;1&#8243; background_hover_color_opacity=&#8220;1&#8243; column_shadow=&#8220;none&#8220; column_border_radius=&#8220;none&#8220; width=&#8220;1\/1&#8243; tablet_text_alignment=&#8220;default&#8220; phone_text_alignment=&#8220;default&#8220; column_border_width=&#8220;none&#8220; column_border_style=&#8220;solid&#8220;][\/vc_column][\/vc_row][vc_row type=&#8220;in_container&#8220; full_screen_row_position=&#8220;middle&#8220; scene_position=&#8220;center&#8220; text_color=&#8220;dark&#8220; text_align=&#8220;left&#8220; top_padding=&#8220;25&#8243; overlay_strength=&#8220;0.3&#8243; shape_divider_position=&#8220;bottom&#8220; shape_type=&#8220;&#8220;][vc_column&#8230;<\/p>\n","protected":false},"author":1,"featured_media":0,"parent":41,"menu_order":0,"comment_status":"closed","ping_status":"closed","template":"","meta":{"footnotes":""},"class_list":["post-348","page","type-page","status-publish"],"yoast_head":"<!-- This site is optimized with the Yoast SEO plugin v27.3 - https:\/\/yoast.com\/product\/yoast-seo-wordpress\/ -->\n<title>Internationale Pr\u00e4senz - AMD - Activ Medical Disposable<\/title>\n<meta name=\"robots\" content=\"index, follow, max-snippet:-1, max-image-preview:large, max-video-preview:-1\" \/>\n<link rel=\"canonical\" href=\"https:\/\/amd-incontinence.com\/deutsch\/amd\/internationale-praesenz\/\" \/>\n<meta property=\"og:locale\" content=\"de_DE\" \/>\n<meta property=\"og:type\" content=\"article\" \/>\n<meta property=\"og:title\" content=\"Internationale Pr\u00e4senz - AMD - Activ Medical Disposable\" \/>\n<meta property=\"og:description\" content=\"[vc_row type=&#8220;in_container&#8220; full_screen_row_position=&#8220;middle&#8220; scene_position=&#8220;center&#8220; text_color=&#8220;dark&#8220; text_align=&#8220;left&#8220; class=&#8220;sliderrow&#8220; overlay_strength=&#8220;0.3&#8243; shape_divider_position=&#8220;bottom&#8220; shape_type=&#8220;&#8220;][vc_column column_padding=&#8220;no-extra-padding&#8220; column_padding_position=&#8220;all&#8220; background_color_opacity=&#8220;1&#8243; background_hover_color_opacity=&#8220;1&#8243; column_shadow=&#8220;none&#8220; column_border_radius=&#8220;none&#8220; width=&#8220;1\/1&#8243; tablet_text_alignment=&#8220;default&#8220; phone_text_alignment=&#8220;default&#8220; column_border_width=&#8220;none&#8220; column_border_style=&#8220;solid&#8220;][\/vc_column][\/vc_row][vc_row type=&#8220;in_container&#8220; full_screen_row_position=&#8220;middle&#8220; scene_position=&#8220;center&#8220; text_color=&#8220;dark&#8220; text_align=&#8220;left&#8220; top_padding=&#8220;25&#8243; overlay_strength=&#8220;0.3&#8243; shape_divider_position=&#8220;bottom&#8220; shape_type=&#8220;&#8220;][vc_column...\" \/>\n<meta property=\"og:url\" content=\"https:\/\/amd-incontinence.com\/deutsch\/amd\/internationale-praesenz\/\" \/>\n<meta property=\"og:site_name\" content=\"AMD - Activ Medical Disposable\" \/>\n<meta property=\"article:modified_time\" content=\"2018-05-07T14:09:05+00:00\" \/>\n<meta name=\"twitter:card\" content=\"summary_large_image\" \/>\n<meta name=\"twitter:label1\" content=\"Gesch\u00e4tzte Lesezeit\" \/>\n\t<meta name=\"twitter:data1\" content=\"6\u00a0Minuten\" \/>\n<script type=\"application\/ld+json\" class=\"yoast-schema-graph\">{\"@context\":\"https:\\\/\\\/schema.org\",\"@graph\":[{\"@type\":\"WebPage\",\"@id\":\"https:\\\/\\\/amd-incontinence.com\\\/deutsch\\\/amd\\\/internationale-praesenz\\\/\",\"url\":\"https:\\\/\\\/amd-incontinence.com\\\/deutsch\\\/amd\\\/internationale-praesenz\\\/\",\"name\":\"Internationale Pr\u00e4senz - AMD - Activ Medical Disposable\",\"isPartOf\":{\"@id\":\"https:\\\/\\\/amd-incontinence.com\\\/deutsch\\\/#website\"},\"datePublished\":\"2018-03-14T09:39:07+00:00\",\"dateModified\":\"2018-05-07T14:09:05+00:00\",\"breadcrumb\":{\"@id\":\"https:\\\/\\\/amd-incontinence.com\\\/deutsch\\\/amd\\\/internationale-praesenz\\\/#breadcrumb\"},\"inLanguage\":\"de\",\"potentialAction\":[{\"@type\":\"ReadAction\",\"target\":[\"https:\\\/\\\/amd-incontinence.com\\\/deutsch\\\/amd\\\/internationale-praesenz\\\/\"]}]},{\"@type\":\"BreadcrumbList\",\"@id\":\"https:\\\/\\\/amd-incontinence.com\\\/deutsch\\\/amd\\\/internationale-praesenz\\\/#breadcrumb\",\"itemListElement\":[{\"@type\":\"ListItem\",\"position\":1,\"name\":\"Accueil\",\"item\":\"https:\\\/\\\/amd-incontinence.com\\\/deutsch\\\/\"},{\"@type\":\"ListItem\",\"position\":2,\"name\":\"Amd\",\"item\":\"https:\\\/\\\/amd-incontinence.com\\\/deutsch\\\/amd\\\/\"},{\"@type\":\"ListItem\",\"position\":3,\"name\":\"Internationale Pr\u00e4senz\"}]},{\"@type\":\"WebSite\",\"@id\":\"https:\\\/\\\/amd-incontinence.com\\\/deutsch\\\/#website\",\"url\":\"https:\\\/\\\/amd-incontinence.com\\\/deutsch\\\/\",\"name\":\"AMD - Activ Medical Disposable\",\"description\":\"\",\"potentialAction\":[{\"@type\":\"SearchAction\",\"target\":{\"@type\":\"EntryPoint\",\"urlTemplate\":\"https:\\\/\\\/amd-incontinence.com\\\/deutsch\\\/?s={search_term_string}\"},\"query-input\":{\"@type\":\"PropertyValueSpecification\",\"valueRequired\":true,\"valueName\":\"search_term_string\"}}],\"inLanguage\":\"de\"}]}<\/script>\n<!-- \/ Yoast SEO plugin. -->","yoast_head_json":{"title":"Internationale Pr\u00e4senz - AMD - Activ Medical Disposable","robots":{"index":"index","follow":"follow","max-snippet":"max-snippet:-1","max-image-preview":"max-image-preview:large","max-video-preview":"max-video-preview:-1"},"canonical":"https:\/\/amd-incontinence.com\/deutsch\/amd\/internationale-praesenz\/","og_locale":"de_DE","og_type":"article","og_title":"Internationale Pr\u00e4senz - AMD - Activ Medical Disposable","og_description":"[vc_row type=&#8220;in_container&#8220; full_screen_row_position=&#8220;middle&#8220; scene_position=&#8220;center&#8220; text_color=&#8220;dark&#8220; text_align=&#8220;left&#8220; class=&#8220;sliderrow&#8220; overlay_strength=&#8220;0.3&#8243; shape_divider_position=&#8220;bottom&#8220; shape_type=&#8220;&#8220;][vc_column column_padding=&#8220;no-extra-padding&#8220; column_padding_position=&#8220;all&#8220; background_color_opacity=&#8220;1&#8243; background_hover_color_opacity=&#8220;1&#8243; column_shadow=&#8220;none&#8220; column_border_radius=&#8220;none&#8220; width=&#8220;1\/1&#8243; tablet_text_alignment=&#8220;default&#8220; phone_text_alignment=&#8220;default&#8220; column_border_width=&#8220;none&#8220; column_border_style=&#8220;solid&#8220;][\/vc_column][\/vc_row][vc_row type=&#8220;in_container&#8220; full_screen_row_position=&#8220;middle&#8220; scene_position=&#8220;center&#8220; text_color=&#8220;dark&#8220; text_align=&#8220;left&#8220; top_padding=&#8220;25&#8243; overlay_strength=&#8220;0.3&#8243; shape_divider_position=&#8220;bottom&#8220; shape_type=&#8220;&#8220;][vc_column...","og_url":"https:\/\/amd-incontinence.com\/deutsch\/amd\/internationale-praesenz\/","og_site_name":"AMD - Activ Medical Disposable","article_modified_time":"2018-05-07T14:09:05+00:00","twitter_card":"summary_large_image","twitter_misc":{"Gesch\u00e4tzte Lesezeit":"6\u00a0Minuten"},"schema":{"@context":"https:\/\/schema.org","@graph":[{"@type":"WebPage","@id":"https:\/\/amd-incontinence.com\/deutsch\/amd\/internationale-praesenz\/","url":"https:\/\/amd-incontinence.com\/deutsch\/amd\/internationale-praesenz\/","name":"Internationale Pr\u00e4senz - AMD - Activ Medical Disposable","isPartOf":{"@id":"https:\/\/amd-incontinence.com\/deutsch\/#website"},"datePublished":"2018-03-14T09:39:07+00:00","dateModified":"2018-05-07T14:09:05+00:00","breadcrumb":{"@id":"https:\/\/amd-incontinence.com\/deutsch\/amd\/internationale-praesenz\/#breadcrumb"},"inLanguage":"de","potentialAction":[{"@type":"ReadAction","target":["https:\/\/amd-incontinence.com\/deutsch\/amd\/internationale-praesenz\/"]}]},{"@type":"BreadcrumbList","@id":"https:\/\/amd-incontinence.com\/deutsch\/amd\/internationale-praesenz\/#breadcrumb","itemListElement":[{"@type":"ListItem","position":1,"name":"Accueil","item":"https:\/\/amd-incontinence.com\/deutsch\/"},{"@type":"ListItem","position":2,"name":"Amd","item":"https:\/\/amd-incontinence.com\/deutsch\/amd\/"},{"@type":"ListItem","position":3,"name":"Internationale Pr\u00e4senz"}]},{"@type":"WebSite","@id":"https:\/\/amd-incontinence.com\/deutsch\/#website","url":"https:\/\/amd-incontinence.com\/deutsch\/","name":"AMD - Activ Medical Disposable","description":"","potentialAction":[{"@type":"SearchAction","target":{"@type":"EntryPoint","urlTemplate":"https:\/\/amd-incontinence.com\/deutsch\/?s={search_term_string}"},"query-input":{"@type":"PropertyValueSpecification","valueRequired":true,"valueName":"search_term_string"}}],"inLanguage":"de"}]}},"_links":{"self":[{"href":"https:\/\/amd-incontinence.com\/deutsch\/wp-json\/wp\/v2\/pages\/348","targetHints":{"allow":["GET"]}}],"collection":[{"href":"https:\/\/amd-incontinence.com\/deutsch\/wp-json\/wp\/v2\/pages"}],"about":[{"href":"https:\/\/amd-incontinence.com\/deutsch\/wp-json\/wp\/v2\/types\/page"}],"author":[{"embeddable":true,"href":"https:\/\/amd-incontinence.com\/deutsch\/wp-json\/wp\/v2\/users\/1"}],"replies":[{"embeddable":true,"href":"https:\/\/amd-incontinence.com\/deutsch\/wp-json\/wp\/v2\/comments?post=348"}],"version-history":[{"count":5,"href":"https:\/\/amd-incontinence.com\/deutsch\/wp-json\/wp\/v2\/pages\/348\/revisions"}],"predecessor-version":[{"id":948,"href":"https:\/\/amd-incontinence.com\/deutsch\/wp-json\/wp\/v2\/pages\/348\/revisions\/948"}],"up":[{"embeddable":true,"href":"https:\/\/amd-incontinence.com\/deutsch\/wp-json\/wp\/v2\/pages\/41"}],"wp:attachment":[{"href":"https:\/\/amd-incontinence.com\/deutsch\/wp-json\/wp\/v2\/media?parent=348"}],"curies":[{"name":"wp","href":"https:\/\/api.w.org\/{rel}","templated":true}]}}