{"id":50,"date":"2017-10-19T22:29:24","date_gmt":"2017-10-19T20:29:24","guid":{"rendered":"http:\/\/amd-incontinence.com\/deutsch\/?page_id=50"},"modified":"2018-05-14T11:39:19","modified_gmt":"2018-05-14T09:39:19","slug":"unternehmen","status":"publish","type":"page","link":"https:\/\/amd-incontinence.com\/deutsch\/amd\/unternehmen\/","title":{"rendered":"Unternehmen"},"content":{"rendered":"[vc_row type=&#8220;in_container&#8220; full_screen_row_position=&#8220;middle&#8220; scene_position=&#8220;center&#8220; text_color=&#8220;dark&#8220; text_align=&#8220;left&#8220; class=&#8220;sliderrow&#8220; overlay_strength=&#8220;0.3&#8243; shape_divider_position=&#8220;bottom&#8220; shape_type=&#8220;&#8220;][vc_column column_padding=&#8220;no-extra-padding&#8220; column_padding_position=&#8220;all&#8220; background_color_opacity=&#8220;1&#8243; background_hover_color_opacity=&#8220;1&#8243; column_shadow=&#8220;none&#8220; column_border_radius=&#8220;none&#8220; width=&#8220;1\/1&#8243; tablet_text_alignment=&#8220;default&#8220; phone_text_alignment=&#8220;default&#8220; column_border_width=&#8220;none&#8220; column_border_style=&#8220;solid&#8220;]<style type=\"text\/css\">#nectar-slider-instance-1, #nectar-slider-instance-1 .swiper-container { min-height: 80px; } <\/style><div  data-transition=\"slide\" data-overall_style=\"classic\" data-flexible-height=\"true\" data-animate-in-effect=\"none\" data-fullscreen=\"false\" data-button-sizing=\"regular\" data-button-styling=\"btn_with_count\" data-autorotate=\"\" data-parallax=\"false\" data-parallax-disable-mobile=\"\" data-caption-trans=\"fade_in_from_bottom\" data-parallax-style=\"bg_only\" data-bg-animation=\"none\" data-full-width=\"false\" class=\"nectar-slider-wrap \" id=\"nectar-slider-instance-1\"><div class=\"swiper-container\"  data-tho=\"auto\" data-tco=\"auto\" data-pho=\"auto\" data-pco=\"auto\" data-loop=\"false\" data-height=\"300\" data-min-height=\"80\" data-arrows=\"false\" data-bullets=\"false\" data-bullet_style=\"see_through\" data-bullet_position=\"bottom\" data-desktop-swipe=\"false\" data-settings=\"\"> <div class=\"swiper-wrapper\"><div class=\"swiper-slide slider-nohome\" data-desktop-content-width=\"\" data-tablet-content-width=\"\" data-bg-alignment=\"center\" data-color-scheme=\"light\" data-x-pos=\"centered\" data-y-pos=\"middle\" ><div class=\"slide-bg-wrap\"><div class=\"image-bg\" style=\"background-image: url(https:\/\/amd-incontinence.com\/deutsch\/wp-content\/uploads\/sites\/3\/2018\/03\/amd-la-societe-header.jpg);\"> &nbsp; <\/div><\/div><div class=\"container\">\n\t\t\t\t\t\t<div class=\"content\"><h2 class=\"ns-heading-el\">activ medical disposable<\/h2><p  ><span>Das Unternehmen<\/span><\/p><\/div>\n\t\t\t\t\t\t\t\t<\/div><!--\/container--><div class=\"video-texture \"> <span class=\"ie-fix\"><\/span> <\/div><\/div> <!--\/swiper-slide--><\/div><div class=\"nectar-slider-loading \"> <span class=\"loading-icon none\">   <\/span> <\/div> <\/div> \n\t\t\t\t\t\n\t\t\t\t\t<\/div>[vc_row_inner column_margin=&#8220;default&#8220; top_padding=&#8220;75&#8243; text_align=&#8220;left&#8220;][vc_column_inner column_padding=&#8220;padding-15-percent&#8220; column_padding_position=&#8220;left-right&#8220; background_color_opacity=&#8220;1&#8243; background_hover_color_opacity=&#8220;1&#8243; column_shadow=&#8220;none&#8220; column_border_radius=&#8220;none&#8220; width=&#8220;1\/1&#8243; column_border_width=&#8220;none&#8220; column_border_style=&#8220;solid&#8220;][vc_custom_heading text=&#8220;Unser Ziel und Zweck&#8220; font_container=&#8220;tag:h2|font_size:36|text_align:left|color:%2300a0e0|line_height:44px&#8220; google_fonts=&#8220;font_family:Roboto%3A100%2C100italic%2C300%2C300italic%2Cregular%2Citalic%2C500%2C500italic%2C700%2C700italic%2C900%2C900italic|font_style:400%20regular%3A400%3Anormal&#8220; css=&#8220;.vc_custom_1525697527094{margin-bottom: 22px !important;}&#8220;][vc_custom_heading text=&#8220;Das Leben von Personen verbessern, die an Inkontinenz leiden<br \/>\n<span>Mit Ihnen unsere Begeisterung teilen und Ihre Herausforderungen annehmen<\/span>&#8220; font_container=&#8220;tag:h3|font_size:20|text_align:left|line_height:24px&#8220; google_fonts=&#8220;font_family:Roboto%3A100%2C100italic%2C300%2C300italic%2Cregular%2Citalic%2C500%2C500italic%2C700%2C700italic%2C900%2C900italic|font_style:400%20regular%3A400%3Anormal&#8220; el_class=&#8220;titre-soc-blue&#8220;][vc_column_text css=&#8220;.vc_custom_1525697580553{margin-top: 22px !important;}&#8220;]Seit seiner Gr\u00fcndung setzt amd, Designexperte und Hersteller von Schutzprodukten bei Blasenschw\u00e4che, seine Energie f\u00fcr die L\u00f6sung eines Problems der \u00f6ffentlichen Gesundheit ein: der Verbesserung des Alltags von Frauen und M\u00e4nnern, die an Inkontinenz leiden.<\/p>\n<p>Eine unverf\u00e4lschte und dauerhafte Beziehung mit unseren Kunden aufbauen, eine exzellente Saugleistung, hautfreundliche Materialien, immer unauff\u00e4lligere Inkontinenzeinlagen anbieten, die sich der Anatomie von Frauen und M\u00e4nnern anpassen usw. \u2026Jeden Tag setzen sich die Mitarbeiter von amd daf\u00fcr ein, die legitimen Erwartungen der an Blasenschw\u00e4che leidenden Personen und die der Fachkr\u00e4fte zu erf\u00fcllen, die sie unterst\u00fctzen und begleiten.[\/vc_column_text][vc_custom_heading text=&#8220;Unsere Geschichte\u2026&#8220; font_container=&#8220;tag:h2|font_size:36|text_align:left|color:%2300a0e0|line_height:44px&#8220; google_fonts=&#8220;font_family:Roboto%3A100%2C100italic%2C300%2C300italic%2Cregular%2Citalic%2C500%2C500italic%2C700%2C700italic%2C900%2C900italic|font_style:400%20regular%3A400%3Anormal&#8220; css=&#8220;.vc_custom_1525697645621{margin-top: 45px !important;margin-bottom: 22px !important;}&#8220;][vc_column_text]2006 beschlie\u00dfen der Apotheker Philippe Pages und Fr\u00e9d\u00e9rick Requier, amd &#8211; \u201eactiv medical disposable\u201c &#8211; zu gr\u00fcnden, ein Unternehmen, das sich auf die Entwicklung, die Herstellung und den Vertrieb von Schutzprodukten f\u00fcr den Einmalgebrauch f\u00fcr Erwachsene spezialisiert hat.<br \/>\nDie Gesch\u00e4ftsf\u00fchrer, die seit \u00fcber 30 Jahren im Hygienesektor anerkannt sind, haben massiv investiert und das franz\u00f6sische Unternehmen zu einem der Marktf\u00fchrer gemacht.[\/vc_column_text][vc_custom_heading text=&#8220;Unser Bestreben: einen Beitrag zur L\u00f6sung des gesellschaftlichen Problems leisten, das mit hohem Alter einhergeht&#8220; font_container=&#8220;tag:h2|font_size:36|text_align:left|color:%2300a0e0|line_height:44px&#8220; google_fonts=&#8220;font_family:Roboto%3A100%2C100italic%2C300%2C300italic%2Cregular%2Citalic%2C500%2C500italic%2C700%2C700italic%2C900%2C900italic|font_style:400%20regular%3A400%3Anormal&#8220; css=&#8220;.vc_custom_1525697674955{margin-top: 45px !important;margin-bottom: 22px !important;}&#8220;][vc_column_text]\n<ul>\n<li>M\u00f6glichst vielen Menschen ein Sortiment an Inkontinenz-Produkten f\u00fcr Erwachsene zug\u00e4nglich machen, die sich auf die Erfahrung von Gesundheitsfachkr\u00e4ften st\u00fctzen.<\/li>\n<li>Eine unverf\u00e4lschte und dauerhafte Beziehung mit unseren Kunden aufbauen: Ihnen unsere Marktkenntnis, eine \u00fcbersichtliche und leistungsstarke Begleitung und echte kundennahe Dienstleistungen erbringen.<\/li>\n<li>Ihre Herausforderungen meistern: f\u00fcr Sie, wichtige Akteure im Pflegebereich f\u00fcr Erwachsene, ein umfassendes Sortiment unter eigener Marke entwickeln und herstellen, das den Erwartungen Ihrer Kunden entspricht.<\/li>\n<\/ul>\n[\/vc_column_text][vc_custom_heading text=&#8220;amd, hier und jetzt&#8220; font_container=&#8220;tag:h2|font_size:36|text_align:left|color:%2300a0e0|line_height:44px&#8220; google_fonts=&#8220;font_family:Roboto%3A100%2C100italic%2C300%2C300italic%2Cregular%2Citalic%2C500%2C500italic%2C700%2C700italic%2C900%2C900italic|font_style:400%20regular%3A400%3Anormal&#8220; css=&#8220;.vc_custom_1525697723422{margin-top: 45px !important;margin-bottom: 22px !important;}&#8220;][vc_column_text]\n<ul>\n<li>Eine SAS (frz. Aktiengesellschaft in vereinfachter Form) mit einem Kapital in H\u00f6he von 4 Millionen Euro und Firmensitz in Salinnelles (Frankreich)<\/li>\n<li>Zwei Produktionsstandorte: Rouvroy (Frankreich) und Calatayud (Spanien). Diese hochmodernen Produktionsanlagen zeichnen sich durch Leistung und Sorgfalt aus, um drei wesentliche Verpflichtungen zur Zufriedenheit unserer Kunden zu garantieren:<\/li>\n<\/ul>\n[\/vc_column_text][\/vc_column_inner][\/vc_row_inner][\/vc_column][\/vc_row][vc_row type=&#8220;in_container&#8220; full_screen_row_position=&#8220;middle&#8220; scene_position=&#8220;center&#8220; text_color=&#8220;dark&#8220; text_align=&#8220;left&#8220; top_padding=&#8220;45&#8243; bottom_padding=&#8220;40&#8243; overlay_strength=&#8220;0.3&#8243; shape_divider_position=&#8220;bottom&#8220; shape_type=&#8220;&#8220;][vc_column column_padding=&#8220;padding-15-percent&#8220; column_padding_position=&#8220;left-right&#8220; background_color_opacity=&#8220;1&#8243; background_hover_color_opacity=&#8220;1&#8243; column_shadow=&#8220;none&#8220; column_border_radius=&#8220;none&#8220; width=&#8220;1\/1&#8243; tablet_text_alignment=&#8220;default&#8220; phone_text_alignment=&#8220;default&#8220; column_border_width=&#8220;none&#8220; column_border_style=&#8220;solid&#8220;][vc_row_inner column_margin=&#8220;default&#8220; text_align=&#8220;left&#8220; css=&#8220;.vc_custom_1521649672010{margin-bottom: 40px !important;}&#8220;][vc_column_inner column_padding=&#8220;no-extra-padding&#8220; column_padding_position=&#8220;all&#8220; background_color_opacity=&#8220;1&#8243; background_hover_color_opacity=&#8220;1&#8243; column_shadow=&#8220;none&#8220; column_border_radius=&#8220;none&#8220; width=&#8220;1\/3&#8243; column_border_width=&#8220;none&#8220; column_border_style=&#8220;solid&#8220;][image_with_animation image_url=&#8220;609&#8243; alignment=&#8220;center&#8220; animation=&#8220;Fade In&#8220; border_radius=&#8220;none&#8220; box_shadow=&#8220;none&#8220; max_width=&#8220;100%&#8220;][vc_column_text css=&#8220;.vc_custom_1526290754903{margin-top: 25px !important;}&#8220;]<b>1- Qualit\u00e4tssicherung der Produkte<\/b><\/p>\n<p>amd profitiert von der umfassenden Kontrolle seiner Produktionskette von der Entwicklung bis zur Herstellung.<\/p>\n<p>Die investierten Mittel:<\/p>\n<ul>\n<li>Ein\u00a0integriertes <a href=\"https:\/\/amd-incontinence.com\/deutsch\/amd\/produktionsstandorte\/?tab=qualit\u00e4tslabor\" target=\"_blank\" title=\"Qualit\u00e4tslabor\" rel=\"noopener\">Qualit\u00e4tslabor<\/a> (und unser Team erfahrener Ingenieure)<\/li>\n<li>Der modernste <a href=\"https:\/\/amd-incontinence.com\/deutsch\/amd\/produktionsstandorte\/?tab=hightech-maschinenpark\" target=\"_blank\" title=\"Der modernste \u00a0Maschinenpark\u00a0Europas\" rel=\"noopener\"> Maschinenpark<\/a> Europas<\/li>\n<li>Die h\u00f6chsten <a href=\"https:\/\/amd-incontinence.com\/deutsch\/amd\/produktionsstandorte\/?tab=qualit\u00e4tslabel\" target=\"_blank\" title=\"Die h\u00f6chsten Qualit\u00e4ts- und Umweltlabel\u00a0\" rel=\"noopener\"> Qualit\u00e4ts- und Umweltlabel\u00a0<\/a><\/li>\n<\/ul>\n[\/vc_column_text][\/vc_column_inner][vc_column_inner column_padding=&#8220;no-extra-padding&#8220; column_padding_position=&#8220;all&#8220; background_color_opacity=&#8220;1&#8243; background_hover_color_opacity=&#8220;1&#8243; column_shadow=&#8220;none&#8220; column_border_radius=&#8220;none&#8220; width=&#8220;1\/3&#8243; column_border_width=&#8220;none&#8220; column_border_style=&#8220;solid&#8220;][image_with_animation image_url=&#8220;610&#8243; alignment=&#8220;center&#8220; animation=&#8220;Fade In&#8220; border_radius=&#8220;none&#8220; box_shadow=&#8220;none&#8220; max_width=&#8220;100%&#8220;][vc_column_text css=&#8220;.vc_custom_1525698177482{margin-top: 25px !important;}&#8220;]<b>2 &#8211; Kundennahe Dienstleistung<\/b><\/p>\n<p>Die investierten Mittel:<\/p>\n<ul>\n<li>\u00dcber 200 erfahrene und engagierte Mitarbeiter<\/li>\n<li>4 internationale Niederlassungen:<br \/>\nFrankreich, Spanien, Gro\u00dfbritannien und Deutschland<\/li>\n<li>Integrierte Logistik<\/li>\n<li>Ein professionelles technisches Beraterteam<\/li>\n<\/ul>\n[\/vc_column_text][\/vc_column_inner][vc_column_inner column_padding=&#8220;no-extra-padding&#8220; column_padding_position=&#8220;all&#8220; background_color_opacity=&#8220;1&#8243; background_hover_color_opacity=&#8220;1&#8243; column_shadow=&#8220;none&#8220; column_border_radius=&#8220;none&#8220; width=&#8220;1\/3&#8243; column_border_width=&#8220;none&#8220; column_border_style=&#8220;solid&#8220;][image_with_animation image_url=&#8220;611&#8243; alignment=&#8220;center&#8220; animation=&#8220;Fade In&#8220; border_radius=&#8220;none&#8220; box_shadow=&#8220;none&#8220; max_width=&#8220;100%&#8220;][vc_column_text css=&#8220;.vc_custom_1526290304944{margin-top: 25px !important;}&#8220;]<b>3 &#8211; Reaktivit\u00e4t: Kontrolle des Vertriebsgesch\u00e4fts<\/b><\/p>\n<p>Die investierten Mittel:<br \/>\nIntegrierte Logistik. Bereits zwei <a href=\"https:\/\/amd-incontinence.com\/deutsch\/amd\/internationale-praesenz\/\" title=\"Zwei Vertriebsplattformen\">Vertriebsplattformen<\/a>: eine in Frankreich und eine in Spanien. Das amd-Sortiment wird in 23 L\u00e4ndern und auf 4 Kontinenten in Europa (einschlie\u00dflich Frankreich und \u00dcberseegebiete), Ozeanien, Asien und Afrika vertrieben.<\/p>\n<p class=\"small blue\">Alle Lieferungen werden garantiert innerhalb von 72 Stunden in ganz Europa durchgef\u00fchrt<\/p>\n[\/vc_column_text][\/vc_column_inner][\/vc_row_inner][vc_custom_heading text=&#8220;amd, Ihr medizinischer Partner&#8220; font_container=&#8220;tag:h2|font_size:36|text_align:left|color:%2300a0e0|line_height:44px&#8220; google_fonts=&#8220;font_family:Roboto%3A100%2C100italic%2C300%2C300italic%2Cregular%2Citalic%2C500%2C500italic%2C700%2C700italic%2C900%2C900italic|font_style:400%20regular%3A400%3Anormal&#8220; css=&#8220;.vc_custom_1525698321561{margin-top: 45px !important;margin-bottom: 22px !important;}&#8220;][vc_column_text]ACTIV MEDICAL DISPOSABLE ist heute Lieferant und Partner von Krankenh\u00e4usern, Altenheimen, Apotheken, H\u00e4ndlern, gro\u00dfen und mittleren Verteilungsunternehmen \u00fcberall in Europa.<\/p>\n<p>\u00fcber 1700 Pflegeeinrichtungen<br \/>\n\u00fcber 400 Fachgesch\u00e4fte<br \/>\n\u00fcber 3000 Apotheken<br \/>\n<a href=\"https:\/\/amd-incontinence.com\/deutsch\/kreieren-sie-ihre-marke\/\">\u00fcber 30 private Marken<\/a><br \/>\n<a href=\"https:\/\/amd-incontinence.com\/deutsch\/amd\/internationale-praesenz\/\">\u00fcber 30 private Marken<\/a>[\/vc_column_text][\/vc_column][\/vc_row]\n","protected":false},"excerpt":{"rendered":"<p>[vc_row type=&#8220;in_container&#8220; full_screen_row_position=&#8220;middle&#8220; scene_position=&#8220;center&#8220; text_color=&#8220;dark&#8220; text_align=&#8220;left&#8220; class=&#8220;sliderrow&#8220; overlay_strength=&#8220;0.3&#8243; shape_divider_position=&#8220;bottom&#8220; shape_type=&#8220;&#8220;][vc_column column_padding=&#8220;no-extra-padding&#8220; column_padding_position=&#8220;all&#8220; background_color_opacity=&#8220;1&#8243; background_hover_color_opacity=&#8220;1&#8243; column_shadow=&#8220;none&#8220; column_border_radius=&#8220;none&#8220; width=&#8220;1\/1&#8243; tablet_text_alignment=&#8220;default&#8220; phone_text_alignment=&#8220;default&#8220; column_border_width=&#8220;none&#8220; column_border_style=&#8220;solid&#8220;][vc_row_inner column_margin=&#8220;default&#8220; top_padding=&#8220;75&#8243; text_align=&#8220;left&#8220;][vc_column_inner column_padding=&#8220;padding-15-percent&#8220; column_padding_position=&#8220;left-right&#8220; background_color_opacity=&#8220;1&#8243; background_hover_color_opacity=&#8220;1&#8243; column_shadow=&#8220;none&#8220; column_border_radius=&#8220;none&#8220;&#8230;<\/p>\n","protected":false},"author":1,"featured_media":0,"parent":41,"menu_order":0,"comment_status":"closed","ping_status":"closed","template":"","meta":{"footnotes":""},"class_list":["post-50","page","type-page","status-publish"],"yoast_head":"<!-- This site is optimized with the Yoast SEO plugin v27.3 - https:\/\/yoast.com\/product\/yoast-seo-wordpress\/ -->\n<title>Unternehmen - AMD - Activ Medical Disposable<\/title>\n<meta name=\"robots\" content=\"index, follow, max-snippet:-1, max-image-preview:large, max-video-preview:-1\" \/>\n<link rel=\"canonical\" href=\"https:\/\/amd-incontinence.com\/deutsch\/amd\/unternehmen\/\" \/>\n<meta property=\"og:locale\" content=\"de_DE\" \/>\n<meta property=\"og:type\" content=\"article\" \/>\n<meta property=\"og:title\" content=\"Unternehmen - AMD - Activ Medical Disposable\" \/>\n<meta property=\"og:description\" content=\"[vc_row type=&#8220;in_container&#8220; full_screen_row_position=&#8220;middle&#8220; scene_position=&#8220;center&#8220; text_color=&#8220;dark&#8220; text_align=&#8220;left&#8220; class=&#8220;sliderrow&#8220; overlay_strength=&#8220;0.3&#8243; shape_divider_position=&#8220;bottom&#8220; shape_type=&#8220;&#8220;][vc_column column_padding=&#8220;no-extra-padding&#8220; column_padding_position=&#8220;all&#8220; background_color_opacity=&#8220;1&#8243; background_hover_color_opacity=&#8220;1&#8243; column_shadow=&#8220;none&#8220; column_border_radius=&#8220;none&#8220; width=&#8220;1\/1&#8243; tablet_text_alignment=&#8220;default&#8220; phone_text_alignment=&#8220;default&#8220; column_border_width=&#8220;none&#8220; column_border_style=&#8220;solid&#8220;][vc_row_inner column_margin=&#8220;default&#8220; top_padding=&#8220;75&#8243; text_align=&#8220;left&#8220;][vc_column_inner column_padding=&#8220;padding-15-percent&#8220; column_padding_position=&#8220;left-right&#8220; background_color_opacity=&#8220;1&#8243; background_hover_color_opacity=&#8220;1&#8243; column_shadow=&#8220;none&#8220; column_border_radius=&#8220;none&#8220;...\" \/>\n<meta property=\"og:url\" content=\"https:\/\/amd-incontinence.com\/deutsch\/amd\/unternehmen\/\" \/>\n<meta property=\"og:site_name\" content=\"AMD - Activ Medical Disposable\" \/>\n<meta property=\"article:modified_time\" content=\"2018-05-14T09:39:19+00:00\" \/>\n<meta name=\"twitter:card\" content=\"summary_large_image\" \/>\n<meta name=\"twitter:label1\" content=\"Gesch\u00e4tzte Lesezeit\" \/>\n\t<meta name=\"twitter:data1\" content=\"6\u00a0Minuten\" \/>\n<script type=\"application\/ld+json\" class=\"yoast-schema-graph\">{\"@context\":\"https:\\\/\\\/schema.org\",\"@graph\":[{\"@type\":\"WebPage\",\"@id\":\"https:\\\/\\\/amd-incontinence.com\\\/deutsch\\\/amd\\\/unternehmen\\\/\",\"url\":\"https:\\\/\\\/amd-incontinence.com\\\/deutsch\\\/amd\\\/unternehmen\\\/\",\"name\":\"Unternehmen - AMD - Activ Medical Disposable\",\"isPartOf\":{\"@id\":\"https:\\\/\\\/amd-incontinence.com\\\/deutsch\\\/#website\"},\"datePublished\":\"2017-10-19T20:29:24+00:00\",\"dateModified\":\"2018-05-14T09:39:19+00:00\",\"breadcrumb\":{\"@id\":\"https:\\\/\\\/amd-incontinence.com\\\/deutsch\\\/amd\\\/unternehmen\\\/#breadcrumb\"},\"inLanguage\":\"de\",\"potentialAction\":[{\"@type\":\"ReadAction\",\"target\":[\"https:\\\/\\\/amd-incontinence.com\\\/deutsch\\\/amd\\\/unternehmen\\\/\"]}]},{\"@type\":\"BreadcrumbList\",\"@id\":\"https:\\\/\\\/amd-incontinence.com\\\/deutsch\\\/amd\\\/unternehmen\\\/#breadcrumb\",\"itemListElement\":[{\"@type\":\"ListItem\",\"position\":1,\"name\":\"Accueil\",\"item\":\"https:\\\/\\\/amd-incontinence.com\\\/deutsch\\\/\"},{\"@type\":\"ListItem\",\"position\":2,\"name\":\"Amd\",\"item\":\"https:\\\/\\\/amd-incontinence.com\\\/deutsch\\\/amd\\\/\"},{\"@type\":\"ListItem\",\"position\":3,\"name\":\"Unternehmen\"}]},{\"@type\":\"WebSite\",\"@id\":\"https:\\\/\\\/amd-incontinence.com\\\/deutsch\\\/#website\",\"url\":\"https:\\\/\\\/amd-incontinence.com\\\/deutsch\\\/\",\"name\":\"AMD - Activ Medical Disposable\",\"description\":\"\",\"potentialAction\":[{\"@type\":\"SearchAction\",\"target\":{\"@type\":\"EntryPoint\",\"urlTemplate\":\"https:\\\/\\\/amd-incontinence.com\\\/deutsch\\\/?s={search_term_string}\"},\"query-input\":{\"@type\":\"PropertyValueSpecification\",\"valueRequired\":true,\"valueName\":\"search_term_string\"}}],\"inLanguage\":\"de\"}]}<\/script>\n<!-- \/ Yoast SEO plugin. -->","yoast_head_json":{"title":"Unternehmen - AMD - Activ Medical Disposable","robots":{"index":"index","follow":"follow","max-snippet":"max-snippet:-1","max-image-preview":"max-image-preview:large","max-video-preview":"max-video-preview:-1"},"canonical":"https:\/\/amd-incontinence.com\/deutsch\/amd\/unternehmen\/","og_locale":"de_DE","og_type":"article","og_title":"Unternehmen - AMD - Activ Medical Disposable","og_description":"[vc_row type=&#8220;in_container&#8220; full_screen_row_position=&#8220;middle&#8220; scene_position=&#8220;center&#8220; text_color=&#8220;dark&#8220; text_align=&#8220;left&#8220; class=&#8220;sliderrow&#8220; overlay_strength=&#8220;0.3&#8243; shape_divider_position=&#8220;bottom&#8220; shape_type=&#8220;&#8220;][vc_column column_padding=&#8220;no-extra-padding&#8220; column_padding_position=&#8220;all&#8220; background_color_opacity=&#8220;1&#8243; background_hover_color_opacity=&#8220;1&#8243; column_shadow=&#8220;none&#8220; column_border_radius=&#8220;none&#8220; width=&#8220;1\/1&#8243; tablet_text_alignment=&#8220;default&#8220; phone_text_alignment=&#8220;default&#8220; column_border_width=&#8220;none&#8220; column_border_style=&#8220;solid&#8220;][vc_row_inner column_margin=&#8220;default&#8220; top_padding=&#8220;75&#8243; text_align=&#8220;left&#8220;][vc_column_inner column_padding=&#8220;padding-15-percent&#8220; column_padding_position=&#8220;left-right&#8220; background_color_opacity=&#8220;1&#8243; background_hover_color_opacity=&#8220;1&#8243; column_shadow=&#8220;none&#8220; column_border_radius=&#8220;none&#8220;...","og_url":"https:\/\/amd-incontinence.com\/deutsch\/amd\/unternehmen\/","og_site_name":"AMD - Activ Medical Disposable","article_modified_time":"2018-05-14T09:39:19+00:00","twitter_card":"summary_large_image","twitter_misc":{"Gesch\u00e4tzte Lesezeit":"6\u00a0Minuten"},"schema":{"@context":"https:\/\/schema.org","@graph":[{"@type":"WebPage","@id":"https:\/\/amd-incontinence.com\/deutsch\/amd\/unternehmen\/","url":"https:\/\/amd-incontinence.com\/deutsch\/amd\/unternehmen\/","name":"Unternehmen - AMD - Activ Medical Disposable","isPartOf":{"@id":"https:\/\/amd-incontinence.com\/deutsch\/#website"},"datePublished":"2017-10-19T20:29:24+00:00","dateModified":"2018-05-14T09:39:19+00:00","breadcrumb":{"@id":"https:\/\/amd-incontinence.com\/deutsch\/amd\/unternehmen\/#breadcrumb"},"inLanguage":"de","potentialAction":[{"@type":"ReadAction","target":["https:\/\/amd-incontinence.com\/deutsch\/amd\/unternehmen\/"]}]},{"@type":"BreadcrumbList","@id":"https:\/\/amd-incontinence.com\/deutsch\/amd\/unternehmen\/#breadcrumb","itemListElement":[{"@type":"ListItem","position":1,"name":"Accueil","item":"https:\/\/amd-incontinence.com\/deutsch\/"},{"@type":"ListItem","position":2,"name":"Amd","item":"https:\/\/amd-incontinence.com\/deutsch\/amd\/"},{"@type":"ListItem","position":3,"name":"Unternehmen"}]},{"@type":"WebSite","@id":"https:\/\/amd-incontinence.com\/deutsch\/#website","url":"https:\/\/amd-incontinence.com\/deutsch\/","name":"AMD - Activ Medical Disposable","description":"","potentialAction":[{"@type":"SearchAction","target":{"@type":"EntryPoint","urlTemplate":"https:\/\/amd-incontinence.com\/deutsch\/?s={search_term_string}"},"query-input":{"@type":"PropertyValueSpecification","valueRequired":true,"valueName":"search_term_string"}}],"inLanguage":"de"}]}},"_links":{"self":[{"href":"https:\/\/amd-incontinence.com\/deutsch\/wp-json\/wp\/v2\/pages\/50","targetHints":{"allow":["GET"]}}],"collection":[{"href":"https:\/\/amd-incontinence.com\/deutsch\/wp-json\/wp\/v2\/pages"}],"about":[{"href":"https:\/\/amd-incontinence.com\/deutsch\/wp-json\/wp\/v2\/types\/page"}],"author":[{"embeddable":true,"href":"https:\/\/amd-incontinence.com\/deutsch\/wp-json\/wp\/v2\/users\/1"}],"replies":[{"embeddable":true,"href":"https:\/\/amd-incontinence.com\/deutsch\/wp-json\/wp\/v2\/comments?post=50"}],"version-history":[{"count":5,"href":"https:\/\/amd-incontinence.com\/deutsch\/wp-json\/wp\/v2\/pages\/50\/revisions"}],"predecessor-version":[{"id":981,"href":"https:\/\/amd-incontinence.com\/deutsch\/wp-json\/wp\/v2\/pages\/50\/revisions\/981"}],"up":[{"embeddable":true,"href":"https:\/\/amd-incontinence.com\/deutsch\/wp-json\/wp\/v2\/pages\/41"}],"wp:attachment":[{"href":"https:\/\/amd-incontinence.com\/deutsch\/wp-json\/wp\/v2\/media?parent=50"}],"curies":[{"name":"wp","href":"https:\/\/api.w.org\/{rel}","templated":true}]}}