{"id":918,"date":"2018-03-30T13:06:38","date_gmt":"2018-03-30T11:06:38","guid":{"rendered":"http:\/\/amd-incontinence.com\/deutsch\/?page_id=918"},"modified":"2020-01-15T12:21:57","modified_gmt":"2020-01-15T11:21:57","slug":"rechtliche-hinweise","status":"publish","type":"page","link":"https:\/\/amd-incontinence.com\/deutsch\/rechtliche-hinweise\/","title":{"rendered":"Rechtliche Hinweise"},"content":{"rendered":"[vc_row type=&#8220;in_container&#8220; full_screen_row_position=&#8220;middle&#8220; scene_position=&#8220;center&#8220; text_color=&#8220;dark&#8220; text_align=&#8220;left&#8220; top_padding=&#8220;40&#8243; bottom_padding=&#8220;40&#8243; overlay_strength=&#8220;0.3&#8243; shape_divider_position=&#8220;bottom&#8220; shape_type=&#8220;&#8220;][vc_column column_padding=&#8220;padding-15-percent&#8220; column_padding_position=&#8220;left-right&#8220; background_color_opacity=&#8220;1&#8243; background_hover_color_opacity=&#8220;1&#8243; column_shadow=&#8220;none&#8220; column_border_radius=&#8220;none&#8220; width=&#8220;1\/1&#8243; tablet_text_alignment=&#8220;default&#8220; phone_text_alignment=&#8220;default&#8220; column_border_width=&#8220;none&#8220; column_border_style=&#8220;solid&#8220;][vc_column_text]\n<h1>RECHTLICHE HINWEISE:<\/h1>\n<h2>1. Pr\u00e4sentation der Website<\/h2>\n<p>Gem\u00e4\u00df den Bestimmungen der Artikel 6-III und 19 des Gesetzes Nr. 2004-575 vom 21. Juni 2004 zum Vertrauen in die digitale Wirtschaft, das sogenannte LCEN-Gesetz, bringen wir den Benutzern und Besuchern der Website: www.amd-incontinence.com folgende Informationen zur Kenntnis:<\/p>\n<p><b>Rechtliche Hinweise:<\/b><\/p>\n<p>Status des Eigent\u00fcmers: Unternehmen<br \/>\nUnternehmensform: SAS<br \/>\nName des Unternehmens: Activ Medical Disposable<br \/>\nAdresse: Domaine de la Clotte 30250 Salinelles<br \/>\nTel. : +33\/466 807\u00a0701<br \/>\nMit einem Kapital von: 4 000 000 \u20ac<br \/>\nSIRET-Nr.: 490 199 577 00019 R.C.S. : Nimes B 490 199 577<br \/>\nUmsatzsteueridentifikationsnummer: FR 76 490199577<br \/>\nE-Mail-Adresse: amdfrance@activmed.eu<\/p>\n<p>Verkehrsagentur : <a href=\"https:\/\/www.agenceeffetpapillon.com\/\" title=\"Verkehrsagentur Effet Papillon\" target=\"_blank\" rel=\"noopener noreferrer\">Nadia Belhabchi Effet Papillon<\/a><br \/>\nArt Direction und interaktives Design : <a href=\"http:\/\/www.elephant-interactive.com\/\" title=\"Elephant Interactive, Art Direction und interaktives Design\" target=\"_blank\" rel=\"noopener noreferrer\">Elephant Interactive<\/a><br \/>\nWeb Integration und Entwicklung : <a href=\"http:\/\/marion-dunais.fr\" title=\"\" target=\"_blank\" rel=\"noopener noreferrer\">Marion Dunais<\/a><br \/>\nVerantwortlich f\u00fcr die Ver\u00f6ffentlichung ist: Emmanuelle Bernard<br \/>\nKontaktieren Sie die Leiterin der Ver\u00f6ffentlichung: <a href=\"mailto:e.bernard@activmed.eu?subject=Contact \u00e0 partir des mentions l\u00e9gales via le site www.amd-incontinence.com\">e.bernard@activmed.eu<\/a><\/p>\n<p>Webmasterin ist: Emmanuelle Bernard e.bernard@activmed.eu<br \/>\nHost der Website ist: 1&amp;1 Internet SARL 7, place de la Gare BP 70109 57201 Sarreguemines Cedex<\/p>\n<h2>2. Beschreibung der bereitgestellten Dienste:<\/h2>\n<p>Ziel der Website <a href=\"http:\/\/www.amd-incontinence.com\" target=\"_blank\" rel=\"noopener noreferrer\">www.amd-incontinence.com<\/a> ist es, Informationen hinsichtlich der Aktivit\u00e4ten des Unternehmens bereitzustellen.<br \/>\nDer Eigent\u00fcmer der Website ist darum bem\u00fcht, auf der Website <a href=\"http:\/\/www.amd-incontinence.com\" target=\"_blank\" rel=\"noopener noreferrer\">www.amd-incontinence.com<\/a> so genaue Informationen wie m\u00f6glich bereitzustellen. Er kann jedoch nicht f\u00fcr Auslassungen, Ungenauigkeiten und unzul\u00e4ngliche Aktualisierungen zur Verantwortung gezogen werden, ob diese durch ihn selbst oder Drittpartner, die Informationen liefern, verschuldet wurden.<br \/>\nAlle auf der Website <a href=\"http:\/\/www.amd-incontinence.com\" target=\"_blank\" rel=\"noopener noreferrer\">www.amd-incontinence.com<\/a> bereitgestellten Informationen dienen nur der Information, sind nicht vollst\u00e4ndig und k\u00f6nnen sich weiterentwickeln. Sie werden vorbehaltlich von \u00c4nderungen bereitgestellt, die seit ihrer Onlinestellung erfolgt sind.<\/p>\n<h2>3. Geistiges Eigentum und Nachahmungen:<\/h2>\n<p>Der Eigent\u00fcmer der Website ist Eigent\u00fcmer der geistigen Eigentumsrechte oder besitzt die Nutzungsrechte f\u00fcr alle auf der Website zur Verf\u00fcgung gestellten Elemente, vor allem Texte, Bilder, Grafiken, Logos, Symbole, akustische Elemente, Software\u2026<\/p>\n<p>Jede vollst\u00e4ndige oder teilweise Reproduktion, Darstellung, \u00c4nderung, Ver\u00f6ffentlichung, Anpassung der Elemente der Website durch welches Mittel oder Verfahren auch immer, ist ohne vorherige schriftliche Genehmigung verboten, die unter folgender E-Mail-Adresse eingeholt werden muss: <a href=\"mailto:e.bernard@activmed.eu?subject=Contact \u00e0 partir des mentions l\u00e9gales via le site www.amd-incontinence.com\">e.bernard@activmed.eu<\/a>.<\/p>\n<p>Jede unbefugte Nutzung der Website oder eines der darin enthaltenen Elemente wird als Nachahmung erachtet und gem\u00e4\u00df den Bestimmungen in Artikel L.335-2 ff. des frz. Gesetzbuchs \u00fcber Geistiges Eigentum, dem Code de Propri\u00e9t\u00e9 Intellectuelle, gerichtlich verfolgt.<\/p>\n<h2>4. Hyperlinks und Cookies:<\/h2>\n<p>Die Website <a href=\"http:\/\/www.amd-incontinence.com\" target=\"_blank\" rel=\"noopener noreferrer\">www.amd-incontinence.com<\/a> enth\u00e4lt eine Reihe an Hyperlinks zu anderen Websites (Partner, Informationen \u2026), die mit Genehmigung des Eigent\u00fcmers der Website eingerichtet wurden. Der Eigent\u00fcmer der Website hat jedoch nicht die M\u00f6glichkeit, den Inhalt der so besuchten Websites zu pr\u00fcfen und \u00fcbernimmt deshalb keine Verantwortung hinsichtlich der Risiken m\u00f6glicher illegaler Inhalte.<\/p>\n<p>Der Benutzer wird dar\u00fcber informiert, dass bei seinen Besuchen auf der Website <a href=\"http:\/\/www.amd-incontinence.com\" target=\"_blank\" rel=\"noopener noreferrer\">www.amd-incontinence.com<\/a> ein oder mehrere Cookies automatisch auf seinem Computer installiert werden k\u00f6nnen. Ein Cookie ist eine kleine Datei, die nicht die Identifizierung des Benutzers erm\u00f6glicht, aber Informationen hinsichtlich der Navigation eines Computers auf einer Website speichert. Die so gesammelten Daten sollen die sp\u00e4tere Navigation auf der Website erleichtern und sie sollen auch verschiedene Messungen zur H\u00e4ufigkeit von Seitenaufrufen erm\u00f6glichen.<\/p>\n<p>Die Parametrierung des Browsers kann \u00fcber die Pr\u00e4senz von Cookies informieren und dar\u00fcber, wie sie unter folgender Adresse abgelehnt werden k\u00f6nnen: www.cnil.fr<\/p>\n<p>Die Weigerung, einen Cookie zu installieren, kann m\u00f6glicherweise den Zugriff auf bestimmte Dienste behindern. Der Benutzer kann jedoch seinen Computer auf folgende Weise konfigurieren, um die Installation von Cookies abzulehnen:<\/p>\n<p>Unter Internet Explorer: Reiter Extras \/ Internetoptionen. Klicken Sie auf Datenschutz und Alle Cookies blockieren. Best\u00e4tigen Sie mit Ok.<\/p>\n<p>Unter Netscape: Reiter Bearbeiten \/ Einstellungen. Klicken Sie auf Erweitert und w\u00e4hlen Sie Cookies deaktivieren. Best\u00e4tigen Sie mit Ok.<\/p>\n<h2>5. Schutz von G\u00fctern und Personen \u2013 Verwaltung personenbezogener Daten<\/h2>\n<p>Benutzer: Internetbenutzer, der sich auf der unten genannten Website einloggt: <a href=\"http:\/\/www.amd-incontinence.com\" target=\"_blank\" rel=\"noopener noreferrer\">www.amd-incontinence.com<\/a><\/p>\n<p>In Frankreich werden personenbezogene Daten namentlich von dem Gesetz Nr. 78-87 vom 6. Januar 1978, dem Gesetz Nr. 2004-801 vom 6. August 2004, dem Artikel L. 226-13 des frz. Strafgesetzbuches, dem Code p\u00e9nal, und der EU-Richtlinie vom 24. Oktober 1995 gesch\u00fctzt.<\/p>\n<p>Auf der Website <a href=\"http:\/\/www.amd-incontinence.com\" target=\"_blank\" rel=\"noopener noreferrer\">www.amd-incontinence.com<\/a>erhebt der Eigent\u00fcmer der Website personenbezogene Informationen zum Benutzer nur, um bestimmte, von der Website www.amd-incontinence.com angebotene Dienste bereitstellen zu k\u00f6nnen. Der Benutzer stellt diese Informationen in Kenntnis der Sachlage bereit, vor allem dann, wenn er sie selber eingibt. Hierbei wird der Benutzer der Website <a href=\"http:\/\/www.amd-incontinence.com\" target=\"_blank\" rel=\"noopener noreferrer\">www.amd-incontinence.com<\/a> auf die Verpflichtung oder Nicht-Verpflichtung der \u00dcbermittlung dieser Informationen hingewiesen.<br \/>\nGem\u00e4\u00df den Bestimmungen in den Artikeln 38ff. des Datenschutzgesetzes 78-17 vom 6.\u00a0Januar 1978 verf\u00fcgt jeder Benutzer \u00fcber das Recht auf Zugriff, Berichtigung, L\u00f6schen und Verweigerung der ihn pers\u00f6nlich betreffenden Daten. Wenden Sie sich zur Aus\u00fcbung dieses Rechts an <a href=\"http:\/\/www.amd-incontinence.com\" target=\"_blank\" rel=\"noopener noreferrer\">www.amd-incontinence.com<\/a> per E-Mail: E-Mail des Webmasters oder schicken Sie eine schriftliche und unterzeichnete Anfrage nebst einer Kopie des Ausweises mit Unterschrift des Ausweisinhabers unter Angabe der Adresse, an die die Antwort geschickt werden soll.<\/p>\n<p>Keine personenbezogene Information des Benutzers der Website www.amd-incontinence.com wird ohne Wissen des Benutzers ver\u00f6ffentlicht, ausgetauscht, \u00fcbermittelt, \u00fcberlassen oder verkauft an Dritte auf Speichermedien jeglicher Art. Allein bei \u00dcbernahme der Website <a href=\"http:\/\/www.amd-incontinence.com\" target=\"_blank\" rel=\"noopener noreferrer\">www.amd-incontinence.com<\/a> vom Eigent\u00fcmer der Website und ihrer Rechte w\u00fcrde die \u00dcbermittlung der genannten Informationen an den m\u00f6glichen K\u00e4ufer gerechtfertigt, der seinerseits an die gleiche Verpflichtung der Aufbewahrung und \u00c4nderung der Daten gegen\u00fcber dem Benutzer der Website <a href=\"http:\/\/www.amd-incontinence.com\" target=\"_blank\" rel=\"noopener noreferrer\">www.amd-incontinence.com<\/a> gebunden ist.<\/p>\n<p>Keine Deklaration bei der CNIL, da keine Sammlung personenbezogener Daten.<\/p>\n<p>Die Datenbanken sind durch die Bestimmungen des Gesetzes vom 1. Juli 1998 zur Umsetzung der Richtlinie 96\/9 vom 11. M\u00e4rz 1996 \u00fcber den rechtlichen Schutz von Datenbanken gesch\u00fctzt.[\/vc_column_text][\/vc_column][\/vc_row]\n","protected":false},"excerpt":{"rendered":"<p>[vc_row type=&#8220;in_container&#8220; full_screen_row_position=&#8220;middle&#8220; scene_position=&#8220;center&#8220; text_color=&#8220;dark&#8220; text_align=&#8220;left&#8220; top_padding=&#8220;40&#8243; bottom_padding=&#8220;40&#8243; overlay_strength=&#8220;0.3&#8243; shape_divider_position=&#8220;bottom&#8220; shape_type=&#8220;&#8220;][vc_column column_padding=&#8220;padding-15-percent&#8220; column_padding_position=&#8220;left-right&#8220; background_color_opacity=&#8220;1&#8243; background_hover_color_opacity=&#8220;1&#8243; column_shadow=&#8220;none&#8220; column_border_radius=&#8220;none&#8220; width=&#8220;1\/1&#8243; tablet_text_alignment=&#8220;default&#8220; phone_text_alignment=&#8220;default&#8220; column_border_width=&#8220;none&#8220; column_border_style=&#8220;solid&#8220;][vc_column_text] RECHTLICHE HINWEISE: 1. Pr\u00e4sentation der Website Gem\u00e4\u00df den&#8230;<\/p>\n","protected":false},"author":1,"featured_media":0,"parent":0,"menu_order":0,"comment_status":"closed","ping_status":"closed","template":"","meta":{"footnotes":""},"class_list":["post-918","page","type-page","status-publish"],"yoast_head":"<!-- This site is optimized with the Yoast SEO plugin v27.3 - https:\/\/yoast.com\/product\/yoast-seo-wordpress\/ -->\n<title>Rechtliche Hinweise - AMD - Activ Medical Disposable<\/title>\n<meta name=\"robots\" content=\"index, follow, max-snippet:-1, max-image-preview:large, max-video-preview:-1\" \/>\n<link rel=\"canonical\" href=\"https:\/\/amd-incontinence.com\/deutsch\/rechtliche-hinweise\/\" \/>\n<meta property=\"og:locale\" content=\"de_DE\" \/>\n<meta property=\"og:type\" content=\"article\" \/>\n<meta property=\"og:title\" content=\"Rechtliche Hinweise - AMD - Activ Medical Disposable\" \/>\n<meta property=\"og:description\" content=\"[vc_row type=&#8220;in_container&#8220; full_screen_row_position=&#8220;middle&#8220; scene_position=&#8220;center&#8220; text_color=&#8220;dark&#8220; text_align=&#8220;left&#8220; top_padding=&#8220;40&#8243; bottom_padding=&#8220;40&#8243; overlay_strength=&#8220;0.3&#8243; shape_divider_position=&#8220;bottom&#8220; shape_type=&#8220;&#8220;][vc_column column_padding=&#8220;padding-15-percent&#8220; column_padding_position=&#8220;left-right&#8220; background_color_opacity=&#8220;1&#8243; background_hover_color_opacity=&#8220;1&#8243; column_shadow=&#8220;none&#8220; column_border_radius=&#8220;none&#8220; width=&#8220;1\/1&#8243; tablet_text_alignment=&#8220;default&#8220; phone_text_alignment=&#8220;default&#8220; column_border_width=&#8220;none&#8220; column_border_style=&#8220;solid&#8220;][vc_column_text] RECHTLICHE HINWEISE: 1. Pr\u00e4sentation der Website Gem\u00e4\u00df den...\" \/>\n<meta property=\"og:url\" content=\"https:\/\/amd-incontinence.com\/deutsch\/rechtliche-hinweise\/\" \/>\n<meta property=\"og:site_name\" content=\"AMD - Activ Medical Disposable\" \/>\n<meta property=\"article:modified_time\" content=\"2020-01-15T11:21:57+00:00\" \/>\n<meta name=\"twitter:card\" content=\"summary_large_image\" \/>\n<meta name=\"twitter:label1\" content=\"Gesch\u00e4tzte Lesezeit\" \/>\n\t<meta name=\"twitter:data1\" content=\"5\u00a0Minuten\" \/>\n<script type=\"application\/ld+json\" class=\"yoast-schema-graph\">{\"@context\":\"https:\\\/\\\/schema.org\",\"@graph\":[{\"@type\":\"WebPage\",\"@id\":\"https:\\\/\\\/amd-incontinence.com\\\/deutsch\\\/rechtliche-hinweise\\\/\",\"url\":\"https:\\\/\\\/amd-incontinence.com\\\/deutsch\\\/rechtliche-hinweise\\\/\",\"name\":\"Rechtliche Hinweise - AMD - Activ Medical Disposable\",\"isPartOf\":{\"@id\":\"https:\\\/\\\/amd-incontinence.com\\\/deutsch\\\/#website\"},\"datePublished\":\"2018-03-30T11:06:38+00:00\",\"dateModified\":\"2020-01-15T11:21:57+00:00\",\"breadcrumb\":{\"@id\":\"https:\\\/\\\/amd-incontinence.com\\\/deutsch\\\/rechtliche-hinweise\\\/#breadcrumb\"},\"inLanguage\":\"de\",\"potentialAction\":[{\"@type\":\"ReadAction\",\"target\":[\"https:\\\/\\\/amd-incontinence.com\\\/deutsch\\\/rechtliche-hinweise\\\/\"]}]},{\"@type\":\"BreadcrumbList\",\"@id\":\"https:\\\/\\\/amd-incontinence.com\\\/deutsch\\\/rechtliche-hinweise\\\/#breadcrumb\",\"itemListElement\":[{\"@type\":\"ListItem\",\"position\":1,\"name\":\"Accueil\",\"item\":\"https:\\\/\\\/amd-incontinence.com\\\/deutsch\\\/\"},{\"@type\":\"ListItem\",\"position\":2,\"name\":\"Rechtliche Hinweise\"}]},{\"@type\":\"WebSite\",\"@id\":\"https:\\\/\\\/amd-incontinence.com\\\/deutsch\\\/#website\",\"url\":\"https:\\\/\\\/amd-incontinence.com\\\/deutsch\\\/\",\"name\":\"AMD - Activ Medical Disposable\",\"description\":\"\",\"potentialAction\":[{\"@type\":\"SearchAction\",\"target\":{\"@type\":\"EntryPoint\",\"urlTemplate\":\"https:\\\/\\\/amd-incontinence.com\\\/deutsch\\\/?s={search_term_string}\"},\"query-input\":{\"@type\":\"PropertyValueSpecification\",\"valueRequired\":true,\"valueName\":\"search_term_string\"}}],\"inLanguage\":\"de\"}]}<\/script>\n<!-- \/ Yoast SEO plugin. -->","yoast_head_json":{"title":"Rechtliche Hinweise - AMD - Activ Medical Disposable","robots":{"index":"index","follow":"follow","max-snippet":"max-snippet:-1","max-image-preview":"max-image-preview:large","max-video-preview":"max-video-preview:-1"},"canonical":"https:\/\/amd-incontinence.com\/deutsch\/rechtliche-hinweise\/","og_locale":"de_DE","og_type":"article","og_title":"Rechtliche Hinweise - AMD - Activ Medical Disposable","og_description":"[vc_row type=&#8220;in_container&#8220; full_screen_row_position=&#8220;middle&#8220; scene_position=&#8220;center&#8220; text_color=&#8220;dark&#8220; text_align=&#8220;left&#8220; top_padding=&#8220;40&#8243; bottom_padding=&#8220;40&#8243; overlay_strength=&#8220;0.3&#8243; shape_divider_position=&#8220;bottom&#8220; shape_type=&#8220;&#8220;][vc_column column_padding=&#8220;padding-15-percent&#8220; column_padding_position=&#8220;left-right&#8220; background_color_opacity=&#8220;1&#8243; background_hover_color_opacity=&#8220;1&#8243; column_shadow=&#8220;none&#8220; column_border_radius=&#8220;none&#8220; width=&#8220;1\/1&#8243; tablet_text_alignment=&#8220;default&#8220; phone_text_alignment=&#8220;default&#8220; column_border_width=&#8220;none&#8220; column_border_style=&#8220;solid&#8220;][vc_column_text] RECHTLICHE HINWEISE: 1. Pr\u00e4sentation der Website Gem\u00e4\u00df den...","og_url":"https:\/\/amd-incontinence.com\/deutsch\/rechtliche-hinweise\/","og_site_name":"AMD - Activ Medical Disposable","article_modified_time":"2020-01-15T11:21:57+00:00","twitter_card":"summary_large_image","twitter_misc":{"Gesch\u00e4tzte Lesezeit":"5\u00a0Minuten"},"schema":{"@context":"https:\/\/schema.org","@graph":[{"@type":"WebPage","@id":"https:\/\/amd-incontinence.com\/deutsch\/rechtliche-hinweise\/","url":"https:\/\/amd-incontinence.com\/deutsch\/rechtliche-hinweise\/","name":"Rechtliche Hinweise - AMD - Activ Medical Disposable","isPartOf":{"@id":"https:\/\/amd-incontinence.com\/deutsch\/#website"},"datePublished":"2018-03-30T11:06:38+00:00","dateModified":"2020-01-15T11:21:57+00:00","breadcrumb":{"@id":"https:\/\/amd-incontinence.com\/deutsch\/rechtliche-hinweise\/#breadcrumb"},"inLanguage":"de","potentialAction":[{"@type":"ReadAction","target":["https:\/\/amd-incontinence.com\/deutsch\/rechtliche-hinweise\/"]}]},{"@type":"BreadcrumbList","@id":"https:\/\/amd-incontinence.com\/deutsch\/rechtliche-hinweise\/#breadcrumb","itemListElement":[{"@type":"ListItem","position":1,"name":"Accueil","item":"https:\/\/amd-incontinence.com\/deutsch\/"},{"@type":"ListItem","position":2,"name":"Rechtliche Hinweise"}]},{"@type":"WebSite","@id":"https:\/\/amd-incontinence.com\/deutsch\/#website","url":"https:\/\/amd-incontinence.com\/deutsch\/","name":"AMD - Activ Medical Disposable","description":"","potentialAction":[{"@type":"SearchAction","target":{"@type":"EntryPoint","urlTemplate":"https:\/\/amd-incontinence.com\/deutsch\/?s={search_term_string}"},"query-input":{"@type":"PropertyValueSpecification","valueRequired":true,"valueName":"search_term_string"}}],"inLanguage":"de"}]}},"_links":{"self":[{"href":"https:\/\/amd-incontinence.com\/deutsch\/wp-json\/wp\/v2\/pages\/918","targetHints":{"allow":["GET"]}}],"collection":[{"href":"https:\/\/amd-incontinence.com\/deutsch\/wp-json\/wp\/v2\/pages"}],"about":[{"href":"https:\/\/amd-incontinence.com\/deutsch\/wp-json\/wp\/v2\/types\/page"}],"author":[{"embeddable":true,"href":"https:\/\/amd-incontinence.com\/deutsch\/wp-json\/wp\/v2\/users\/1"}],"replies":[{"embeddable":true,"href":"https:\/\/amd-incontinence.com\/deutsch\/wp-json\/wp\/v2\/comments?post=918"}],"version-history":[{"count":5,"href":"https:\/\/amd-incontinence.com\/deutsch\/wp-json\/wp\/v2\/pages\/918\/revisions"}],"predecessor-version":[{"id":1070,"href":"https:\/\/amd-incontinence.com\/deutsch\/wp-json\/wp\/v2\/pages\/918\/revisions\/1070"}],"wp:attachment":[{"href":"https:\/\/amd-incontinence.com\/deutsch\/wp-json\/wp\/v2\/media?parent=918"}],"curies":[{"name":"wp","href":"https:\/\/api.w.org\/{rel}","templated":true}]}}