{"id":126,"date":"2017-10-23T13:38:31","date_gmt":"2017-10-23T11:38:31","guid":{"rendered":"http:\/\/amd-incontinence.com\/deutsch\/?post_type=product&#038;p=126"},"modified":"2023-01-03T12:07:17","modified_gmt":"2023-01-03T11:07:17","slug":"amd-lady","status":"publish","type":"product","link":"https:\/\/amd-incontinence.com\/deutsch\/produkte\/amd-lady\/","title":{"rendered":"amd Lady"},"content":{"rendered":"[vc_row type=&#8220;full_width_content&#8220; full_screen_row_position=&#8220;middle&#8220; scene_position=&#8220;center&#8220; text_color=&#8220;dark&#8220; text_align=&#8220;left&#8220; overlay_strength=&#8220;0.3&#8243; shape_divider_position=&#8220;bottom&#8220;][vc_column column_padding=&#8220;no-extra-padding&#8220; column_padding_position=&#8220;all&#8220; background_color_opacity=&#8220;1&#8243; background_hover_color_opacity=&#8220;1&#8243; column_shadow=&#8220;none&#8220; column_border_radius=&#8220;none&#8220; width=&#8220;1\/1&#8243; tablet_text_alignment=&#8220;default&#8220; phone_text_alignment=&#8220;default&#8220; column_border_width=&#8220;none&#8220; column_border_style=&#8220;solid&#8220;][vc_column_text]amd Lady, die anatomisch geformten, sehr d\u00fcnnen Einlagen f\u00fcr Frauen sind weitaus leistungsst\u00e4rker als eine klassische Binde. Die speziell f\u00fcr die leichte Blasenschw\u00e4che entwickelten Einlagen sind diskret und gleichzeitig saugstark. Die einzeln verpackten amd lady mit Geruchsbinder sind der ideale sichere Schutz f\u00fcr aktive Frauen.<\/p>\n<ul>\n<li>Stark absorbierendes, sehr d\u00fcnnes Saugkissen<\/li>\n<li>Klebestreifen f\u00fcr einen sicheren Sitz der Einlage<\/li>\n<li>Sehr weicher Vliesstoff auf der Innenseite mit Feuchtigkeitsschutz<\/li>\n<li>Neue Geruchsbinder<\/li>\n<li>Einzelverpackung<\/li>\n<\/ul>\n[\/vc_column_text][tabbed_section style=&#8220;default&#8220; alignment=&#8220;left&#8220; spacing=&#8220;default&#8220; tab_color=&#8220;Accent-Color&#8220;][tab icon_family=&#8220;none&#8220; title=&#8220;Produktsortiment&#8220; id=&#8220;1508757758-1-44&#8243; tab_id=&#8220;1508758065673-5&#8243;][vc_column_text]\n<table class=\"tab-gamme\">\n<tbody>\n<tr>\n<td>normal<\/td>\n<td><img loading=\"lazy\" decoding=\"async\" class=\"alignnone size-full wp-image-160\" src=\"http:\/\/amd-incontinence.com\/wp-content\/uploads\/2017\/10\/ico-absorb.png\" alt=\"\" width=\"18\" height=\"23\" \/><img loading=\"lazy\" decoding=\"async\" class=\"alignnone size-full wp-image-160\" src=\"http:\/\/amd-incontinence.com\/wp-content\/uploads\/2017\/10\/ico-absorb.png\" alt=\"\" width=\"18\" height=\"23\" \/><img loading=\"lazy\" decoding=\"async\" class=\"alignnone size-full wp-image-160\" src=\"http:\/\/amd-incontinence.com\/wp-content\/uploads\/2017\/10\/ico-absorb-vide.png\" alt=\"\" width=\"18\" height=\"23\" \/><img loading=\"lazy\" decoding=\"async\" class=\"alignnone size-full wp-image-160\" src=\"http:\/\/amd-incontinence.com\/wp-content\/uploads\/2017\/10\/ico-absorb-vide.png\" alt=\"\" width=\"18\" height=\"23\" \/><img loading=\"lazy\" decoding=\"async\" class=\"alignnone size-full wp-image-160\" src=\"http:\/\/amd-incontinence.com\/wp-content\/uploads\/2017\/10\/ico-absorb-vide.png\" alt=\"\" width=\"18\" height=\"23\" \/><\/td>\n<td><b class=\"cercle bleu\">.<\/b><\/td>\n<\/tr>\n<tr>\n<td>extra<\/td>\n<td><img loading=\"lazy\" decoding=\"async\" class=\"alignnone size-full wp-image-160\" src=\"http:\/\/amd-incontinence.com\/wp-content\/uploads\/sites\/3\/2017\/10\/ico-absorb.png\" alt=\"\" width=\"18\" height=\"23\" \/><img loading=\"lazy\" decoding=\"async\" class=\"alignnone size-full wp-image-160\" src=\"http:\/\/amd-incontinence.com\/wp-content\/uploads\/sites\/3\/2017\/10\/ico-absorb.png\" alt=\"\" width=\"18\" height=\"23\" \/><img loading=\"lazy\" decoding=\"async\" class=\"alignnone size-full wp-image-160\" src=\"http:\/\/amd-incontinence.com\/wp-content\/uploads\/sites\/3\/2017\/10\/ico-absorb.png\" alt=\"\" width=\"18\" height=\"23\" \/><img loading=\"lazy\" decoding=\"async\" class=\"alignnone size-full wp-image-160\" src=\"http:\/\/amd-incontinence.com\/wp-content\/uploads\/sites\/3\/2017\/10\/ico-absorb-vide.png\" alt=\"\" width=\"18\" height=\"23\" \/><img loading=\"lazy\" decoding=\"async\" class=\"alignnone size-full wp-image-160\" src=\"http:\/\/amd-incontinence.com\/wp-content\/uploads\/sites\/3\/2017\/10\/ico-absorb-vide.png\" alt=\"\" width=\"18\" height=\"23\" \/><\/td>\n<td><b class=\"cercle jaune\">.<\/b><\/td>\n<\/tr>\n<tr>\n<td>super<\/td>\n<td><img loading=\"lazy\" decoding=\"async\" class=\"alignnone size-full wp-image-160\" src=\"http:\/\/amd-incontinence.com\/wp-content\/uploads\/sites\/3\/2017\/10\/ico-absorb.png\" alt=\"\" width=\"18\" height=\"23\" \/><img loading=\"lazy\" decoding=\"async\" class=\"alignnone size-full wp-image-160\" src=\"http:\/\/amd-incontinence.com\/wp-content\/uploads\/sites\/3\/2017\/10\/ico-absorb.png\" alt=\"\" width=\"18\" height=\"23\" \/><img loading=\"lazy\" decoding=\"async\" class=\"alignnone size-full wp-image-160\" src=\"http:\/\/amd-incontinence.com\/wp-content\/uploads\/sites\/3\/2017\/10\/ico-absorb.png\" alt=\"\" width=\"18\" height=\"23\" \/><img loading=\"lazy\" decoding=\"async\" class=\"alignnone size-full wp-image-160\" src=\"http:\/\/amd-incontinence.com\/wp-content\/uploads\/sites\/3\/2017\/10\/ico-absorb.png\" alt=\"\" width=\"18\" height=\"23\" \/><img loading=\"lazy\" decoding=\"async\" class=\"alignnone size-full wp-image-160\" src=\"http:\/\/amd-incontinence.com\/wp-content\/uploads\/sites\/3\/2017\/10\/ico-absorb-vide.png\" alt=\"\" width=\"18\" height=\"23\" \/><\/td>\n<td><b class=\"cercle vert\">.<\/b><\/td>\n<\/tr>\n<tr>\n<td>maxi<\/td>\n<td><img loading=\"lazy\" decoding=\"async\" class=\"alignnone size-full wp-image-160\" src=\"http:\/\/amd-incontinence.com\/wp-content\/uploads\/sites\/3\/2017\/10\/ico-absorb.png\" alt=\"\" width=\"18\" height=\"23\" \/><img loading=\"lazy\" decoding=\"async\" class=\"alignnone size-full wp-image-160\" src=\"http:\/\/amd-incontinence.com\/wp-content\/uploads\/sites\/3\/2017\/10\/ico-absorb.png\" alt=\"\" width=\"18\" height=\"23\" \/><img loading=\"lazy\" decoding=\"async\" class=\"alignnone size-full wp-image-160\" src=\"http:\/\/amd-incontinence.com\/wp-content\/uploads\/sites\/3\/2017\/10\/ico-absorb.png\" alt=\"\" width=\"18\" height=\"23\" \/><img loading=\"lazy\" decoding=\"async\" class=\"alignnone size-full wp-image-160\" src=\"http:\/\/amd-incontinence.com\/wp-content\/uploads\/sites\/3\/2017\/10\/ico-absorb.png\" alt=\"\" width=\"18\" height=\"23\" \/><img loading=\"lazy\" decoding=\"async\" class=\"alignnone size-full wp-image-160\" src=\"http:\/\/amd-incontinence.com\/wp-content\/uploads\/sites\/3\/2017\/10\/ico-absorb.png\" alt=\"\" width=\"18\" height=\"23\" \/><\/td>\n<td><b class=\"cercle violet\">.<\/b><\/td>\n<\/tr>\n<\/tbody>\n<\/table>\n[\/vc_column_text][\/tab][tab icon_family=&#8220;none&#8220; title=&#8220;Technologie +&#8220; id=&#8220;1508757758-2-50&#8243; tab_id=&#8220;1508758065749-0&#8243;][vc_column_text]\n<div class=\"undemi\">\n<table class=\"tab-techno\">\n<tbody>\n<tr>\n<td><img loading=\"lazy\" decoding=\"async\" class=\"alignnone\" src=\"http:\/\/amd-incontinence.com\/wp-content\/uploads\/sites\/3\/2017\/11\/picto-discreet-100x100.png\" alt=\"Absolute Diskretion\" width=\"58\" height=\"58\" \/><\/td>\n<td>DISCREET<br \/>\nD\u00fcnnes, sehr saugstarkes Saugkissen. Optimale Sicherheit, absolute Diskretion.<\/td>\n<\/tr>\n<tr>\n<td><img loading=\"lazy\" decoding=\"async\" class=\"alignnone\" src=\"http:\/\/amd-incontinence.com\/wp-content\/uploads\/sites\/3\/2017\/11\/picto-anatomic-fit-100x100.png\" alt=\"Anatomische Form\" width=\"58\" height=\"58\" \/><\/td>\n<td>ANATOMIC FIT<br \/>\nAnatomische Form: Passt sich den K\u00f6performen an. F\u00fcr Komfort und Bewegungsfreiheit.<\/td>\n<\/tr>\n<tr>\n<td><img loading=\"lazy\" decoding=\"async\" class=\"alignnone\" src=\"http:\/\/amd-incontinence.com\/wp-content\/uploads\/sites\/3\/2017\/11\/picto-odour-free-100x100.png\" alt=\"Geruchsbindend\" width=\"58\" height=\"58\" \/><\/td>\n<td>ODOUR FREE<br \/>\nLeistungsstarker Geruchsbinder. Verhindert die Bildung von Ger\u00fcchen. Erh\u00e4lt den pH-Wert der Haut.<\/td>\n<\/tr>\n<\/tbody>\n<\/table>\n<\/div>\n<div class=\"undemi\">\n<table class=\"tab-techno\">\n<tbody>\n<tr>\n<td><img loading=\"lazy\" decoding=\"async\" class=\"alignnone\" src=\"http:\/\/amd-incontinence.com\/wp-content\/uploads\/sites\/3\/2017\/11\/picto-softness-100x100.png\" alt=\"Zartheit\" width=\"58\" height=\"58\" \/><\/td>\n<td>ZARTHEIT<br \/>\nUltraweicher hypoallergener Vliesstoff auf der Innenseite f\u00fcr h\u00f6chsten Komfort und h\u00f6chstes Wohlbefinden.<\/td>\n<\/tr>\n<tr>\n<td><img loading=\"lazy\" decoding=\"async\" class=\"alignnone\" src=\"http:\/\/amd-incontinence.com\/wp-content\/uploads\/sites\/3\/2017\/11\/picto-pochette-individuelle-100x100.png\" alt=\"Einzelverpackungen\" width=\"58\" height=\"58\" \/><\/td>\n<td>EINZELVERPACKUNGEN<br \/>\nPraktisch und hygienisch in der unauff\u00e4lligen Einzelverpackung.<\/td>\n<\/tr>\n<tr>\n<td><img loading=\"lazy\" decoding=\"async\" class=\"alignnone\" src=\"http:\/\/amd-incontinence.com\/wp-content\/uploads\/sites\/3\/2017\/10\/picto-dermatologique-100x100.png\" alt=\"Dermatologisch getestet\" width=\"58\" height=\"58\" \/><\/td>\n<td>DERMATOLOGISCH GETESTET<br \/>\nUnsere gesamten Schutzprodukte tragen das Label \u201eDermatologisch getestet\u201c, um Ihr Wohlbefinden zu garantieren.<\/td>\n<\/tr>\n<\/tbody>\n<\/table>\n<\/div>\n[\/vc_column_text][\/tab][tab icon_family=&#8220;none&#8220; title=&#8220;Anwendung&#8220; id=&#8220;1508758088522-0-10&#8243; tab_id=&#8220;1508758088523-2&#8243;][vc_column_text]\n<div class=\"col span_6\">\n<div class=\"row\">\n<div class=\"col span_2\"><b class=\"cerclenum\">1<\/b><\/div>\n<div class=\"col span_5\"><img loading=\"lazy\" decoding=\"async\" class=\"alignnone size-full wp-image-171\" src=\"http:\/\/amd-incontinence.com\/wp-content\/uploads\/sites\/3\/2017\/10\/deplier-protection-lady.png\" alt=\"Die Einlage Lady entfalten\" width=\"90\" height=\"72\" \/><\/div>\n<div class=\"col span_5\">Die Einlage entfalten<\/div>\n<\/div>\n<\/div>\n<div class=\"col span_6 last\">\n<div class=\"row\">\n<div class=\"col span_2\"><b class=\"cerclenum\">2<\/b><\/div>\n<div class=\"col span_5\"><img loading=\"lazy\" decoding=\"async\" class=\"alignnone size-full wp-image-173\" src=\"http:\/\/amd-incontinence.com\/wp-content\/uploads\/sites\/3\/2017\/10\/oter-protection-lady.png\" alt=\"Einlage Lady entfernen\" width=\"90\" height=\"72\" \/><\/div>\n<div class=\"col span_5\">Klebestreifen entfernen<\/div>\n<\/div>\n<\/div>\n<div class=\"col span_6\">\n<div class=\"row\">\n<div class=\"col span_2\"><b class=\"cerclenum\">3<\/b><\/div>\n<div class=\"col span_5\"><img loading=\"lazy\" decoding=\"async\" class=\"alignnone size-full wp-image-172\" src=\"http:\/\/amd-incontinence.com\/wp-content\/uploads\/sites\/3\/2017\/10\/fixer-protection-lady.png\" alt=\"Die Einlage Lady fixieren\" width=\"90\" height=\"90\" \/><\/div>\n<div class=\"col span_5\">Die Einlage in die Unterhose einlegen und dort fixieren<\/div>\n<\/div>\n<\/div>\n<div class=\"col span_6\">\n<div class=\"row\">\n<div class=\"col span_2\"><b class=\"cerclenum\">4<\/b><\/div>\n<div class=\"col span_5\"><img loading=\"lazy\" decoding=\"async\" class=\"alignnone size-full wp-image-170\" src=\"http:\/\/amd-incontinence.com\/wp-content\/uploads\/sites\/3\/2017\/10\/ajuster-lady.png\" alt=\"Sitz der Unterhose anpassen\" width=\"90\" height=\"100\" \/><\/div>\n<div class=\"col span_5\">Sitz der Unterhose anpassen und<br \/>\nUnterhose hochziehen<\/div>\n<\/div>\n<\/div>\n[\/vc_column_text][\/tab][\/tabbed_section][\/vc_column][\/vc_row]\n","protected":false},"excerpt":{"rendered":"<p>Einlagen f\u00fcr Frauen.<br \/>\nSehr d\u00fcnn und saugstark.<br \/>\n<span>Bei leichter Blasenschw\u00e4che<\/span><\/p>\n","protected":false},"featured_media":1105,"template":"","meta":[],"product_brand":[],"product_cat":[33],"product_tag":[],"class_list":{"0":"post-126","1":"product","2":"type-product","3":"status-publish","4":"has-post-thumbnail","6":"product_cat-amd-produkte","8":"first","9":"instock","10":"shipping-taxable","11":"product-type-simple"},"yoast_head":"<!-- This site is optimized with the Yoast SEO plugin v27.3 - https:\/\/yoast.com\/product\/yoast-seo-wordpress\/ -->\n<title>amd Lady - AMD - Activ Medical Disposable<\/title>\n<meta name=\"robots\" content=\"index, follow, max-snippet:-1, max-image-preview:large, max-video-preview:-1\" \/>\n<link rel=\"canonical\" href=\"https:\/\/amd-incontinence.com\/deutsch\/produkte\/amd-lady\/\" \/>\n<meta property=\"og:locale\" content=\"de_DE\" \/>\n<meta property=\"og:type\" content=\"article\" \/>\n<meta property=\"og:title\" content=\"amd Lady - AMD - Activ Medical Disposable\" \/>\n<meta property=\"og:description\" content=\"Einlagen f\u00fcr Frauen. Sehr d\u00fcnn und saugstark. Bei leichter Blasenschw\u00e4che\" \/>\n<meta property=\"og:url\" content=\"https:\/\/amd-incontinence.com\/deutsch\/produkte\/amd-lady\/\" \/>\n<meta property=\"og:site_name\" content=\"AMD - Activ Medical Disposable\" \/>\n<meta property=\"article:modified_time\" content=\"2023-01-03T11:07:17+00:00\" \/>\n<meta property=\"og:image\" content=\"https:\/\/amd-incontinence.com\/deutsch\/wp-content\/uploads\/sites\/3\/2017\/10\/AMD-LADY-neutre.jpg\" \/>\n\t<meta property=\"og:image:width\" content=\"678\" \/>\n\t<meta property=\"og:image:height\" content=\"678\" \/>\n\t<meta property=\"og:image:type\" content=\"image\/jpeg\" \/>\n<meta name=\"twitter:card\" content=\"summary_large_image\" \/>\n<meta name=\"twitter:label1\" content=\"Gesch\u00e4tzte Lesezeit\" \/>\n\t<meta name=\"twitter:data1\" content=\"2\u00a0Minuten\" \/>\n<script type=\"application\/ld+json\" class=\"yoast-schema-graph\">{\"@context\":\"https:\\\/\\\/schema.org\",\"@graph\":[{\"@type\":\"WebPage\",\"@id\":\"https:\\\/\\\/amd-incontinence.com\\\/deutsch\\\/produkte\\\/amd-lady\\\/\",\"url\":\"https:\\\/\\\/amd-incontinence.com\\\/deutsch\\\/produkte\\\/amd-lady\\\/\",\"name\":\"amd Lady - AMD - Activ Medical Disposable\",\"isPartOf\":{\"@id\":\"https:\\\/\\\/amd-incontinence.com\\\/deutsch\\\/#website\"},\"primaryImageOfPage\":{\"@id\":\"https:\\\/\\\/amd-incontinence.com\\\/deutsch\\\/produkte\\\/amd-lady\\\/#primaryimage\"},\"image\":{\"@id\":\"https:\\\/\\\/amd-incontinence.com\\\/deutsch\\\/produkte\\\/amd-lady\\\/#primaryimage\"},\"thumbnailUrl\":\"https:\\\/\\\/amd-incontinence.com\\\/deutsch\\\/wp-content\\\/uploads\\\/sites\\\/3\\\/2017\\\/10\\\/AMD-LADY-neutre.jpg\",\"datePublished\":\"2017-10-23T11:38:31+00:00\",\"dateModified\":\"2023-01-03T11:07:17+00:00\",\"breadcrumb\":{\"@id\":\"https:\\\/\\\/amd-incontinence.com\\\/deutsch\\\/produkte\\\/amd-lady\\\/#breadcrumb\"},\"inLanguage\":\"de\",\"potentialAction\":[{\"@type\":\"ReadAction\",\"target\":[\"https:\\\/\\\/amd-incontinence.com\\\/deutsch\\\/produkte\\\/amd-lady\\\/\"]}]},{\"@type\":\"ImageObject\",\"inLanguage\":\"de\",\"@id\":\"https:\\\/\\\/amd-incontinence.com\\\/deutsch\\\/produkte\\\/amd-lady\\\/#primaryimage\",\"url\":\"https:\\\/\\\/amd-incontinence.com\\\/deutsch\\\/wp-content\\\/uploads\\\/sites\\\/3\\\/2017\\\/10\\\/AMD-LADY-neutre.jpg\",\"contentUrl\":\"https:\\\/\\\/amd-incontinence.com\\\/deutsch\\\/wp-content\\\/uploads\\\/sites\\\/3\\\/2017\\\/10\\\/AMD-LADY-neutre.jpg\",\"width\":678,\"height\":678},{\"@type\":\"BreadcrumbList\",\"@id\":\"https:\\\/\\\/amd-incontinence.com\\\/deutsch\\\/produkte\\\/amd-lady\\\/#breadcrumb\",\"itemListElement\":[{\"@type\":\"ListItem\",\"position\":1,\"name\":\"Accueil\",\"item\":\"https:\\\/\\\/amd-incontinence.com\\\/deutsch\\\/\"},{\"@type\":\"ListItem\",\"position\":2,\"name\":\"Produkte\",\"item\":\"https:\\\/\\\/amd-incontinence.com\\\/deutsch\\\/shop\\\/\"},{\"@type\":\"ListItem\",\"position\":3,\"name\":\"amd Lady\"}]},{\"@type\":\"WebSite\",\"@id\":\"https:\\\/\\\/amd-incontinence.com\\\/deutsch\\\/#website\",\"url\":\"https:\\\/\\\/amd-incontinence.com\\\/deutsch\\\/\",\"name\":\"AMD - Activ Medical Disposable\",\"description\":\"\",\"potentialAction\":[{\"@type\":\"SearchAction\",\"target\":{\"@type\":\"EntryPoint\",\"urlTemplate\":\"https:\\\/\\\/amd-incontinence.com\\\/deutsch\\\/?s={search_term_string}\"},\"query-input\":{\"@type\":\"PropertyValueSpecification\",\"valueRequired\":true,\"valueName\":\"search_term_string\"}}],\"inLanguage\":\"de\"}]}<\/script>\n<!-- \/ Yoast SEO plugin. -->","yoast_head_json":{"title":"amd Lady - AMD - Activ Medical Disposable","robots":{"index":"index","follow":"follow","max-snippet":"max-snippet:-1","max-image-preview":"max-image-preview:large","max-video-preview":"max-video-preview:-1"},"canonical":"https:\/\/amd-incontinence.com\/deutsch\/produkte\/amd-lady\/","og_locale":"de_DE","og_type":"article","og_title":"amd Lady - AMD - Activ Medical Disposable","og_description":"Einlagen f\u00fcr Frauen. Sehr d\u00fcnn und saugstark. Bei leichter Blasenschw\u00e4che","og_url":"https:\/\/amd-incontinence.com\/deutsch\/produkte\/amd-lady\/","og_site_name":"AMD - Activ Medical Disposable","article_modified_time":"2023-01-03T11:07:17+00:00","og_image":[{"width":678,"height":678,"url":"https:\/\/amd-incontinence.com\/deutsch\/wp-content\/uploads\/sites\/3\/2017\/10\/AMD-LADY-neutre.jpg","type":"image\/jpeg"}],"twitter_card":"summary_large_image","twitter_misc":{"Gesch\u00e4tzte Lesezeit":"2\u00a0Minuten"},"schema":{"@context":"https:\/\/schema.org","@graph":[{"@type":"WebPage","@id":"https:\/\/amd-incontinence.com\/deutsch\/produkte\/amd-lady\/","url":"https:\/\/amd-incontinence.com\/deutsch\/produkte\/amd-lady\/","name":"amd Lady - AMD - Activ Medical Disposable","isPartOf":{"@id":"https:\/\/amd-incontinence.com\/deutsch\/#website"},"primaryImageOfPage":{"@id":"https:\/\/amd-incontinence.com\/deutsch\/produkte\/amd-lady\/#primaryimage"},"image":{"@id":"https:\/\/amd-incontinence.com\/deutsch\/produkte\/amd-lady\/#primaryimage"},"thumbnailUrl":"https:\/\/amd-incontinence.com\/deutsch\/wp-content\/uploads\/sites\/3\/2017\/10\/AMD-LADY-neutre.jpg","datePublished":"2017-10-23T11:38:31+00:00","dateModified":"2023-01-03T11:07:17+00:00","breadcrumb":{"@id":"https:\/\/amd-incontinence.com\/deutsch\/produkte\/amd-lady\/#breadcrumb"},"inLanguage":"de","potentialAction":[{"@type":"ReadAction","target":["https:\/\/amd-incontinence.com\/deutsch\/produkte\/amd-lady\/"]}]},{"@type":"ImageObject","inLanguage":"de","@id":"https:\/\/amd-incontinence.com\/deutsch\/produkte\/amd-lady\/#primaryimage","url":"https:\/\/amd-incontinence.com\/deutsch\/wp-content\/uploads\/sites\/3\/2017\/10\/AMD-LADY-neutre.jpg","contentUrl":"https:\/\/amd-incontinence.com\/deutsch\/wp-content\/uploads\/sites\/3\/2017\/10\/AMD-LADY-neutre.jpg","width":678,"height":678},{"@type":"BreadcrumbList","@id":"https:\/\/amd-incontinence.com\/deutsch\/produkte\/amd-lady\/#breadcrumb","itemListElement":[{"@type":"ListItem","position":1,"name":"Accueil","item":"https:\/\/amd-incontinence.com\/deutsch\/"},{"@type":"ListItem","position":2,"name":"Produkte","item":"https:\/\/amd-incontinence.com\/deutsch\/shop\/"},{"@type":"ListItem","position":3,"name":"amd Lady"}]},{"@type":"WebSite","@id":"https:\/\/amd-incontinence.com\/deutsch\/#website","url":"https:\/\/amd-incontinence.com\/deutsch\/","name":"AMD - Activ Medical Disposable","description":"","potentialAction":[{"@type":"SearchAction","target":{"@type":"EntryPoint","urlTemplate":"https:\/\/amd-incontinence.com\/deutsch\/?s={search_term_string}"},"query-input":{"@type":"PropertyValueSpecification","valueRequired":true,"valueName":"search_term_string"}}],"inLanguage":"de"}]}},"_links":{"self":[{"href":"https:\/\/amd-incontinence.com\/deutsch\/wp-json\/wp\/v2\/product\/126","targetHints":{"allow":["GET"]}}],"collection":[{"href":"https:\/\/amd-incontinence.com\/deutsch\/wp-json\/wp\/v2\/product"}],"about":[{"href":"https:\/\/amd-incontinence.com\/deutsch\/wp-json\/wp\/v2\/types\/product"}],"wp:featuredmedia":[{"embeddable":true,"href":"https:\/\/amd-incontinence.com\/deutsch\/wp-json\/wp\/v2\/media\/1105"}],"wp:attachment":[{"href":"https:\/\/amd-incontinence.com\/deutsch\/wp-json\/wp\/v2\/media?parent=126"}],"wp:term":[{"taxonomy":"product_brand","embeddable":true,"href":"https:\/\/amd-incontinence.com\/deutsch\/wp-json\/wp\/v2\/product_brand?post=126"},{"taxonomy":"product_cat","embeddable":true,"href":"https:\/\/amd-incontinence.com\/deutsch\/wp-json\/wp\/v2\/product_cat?post=126"},{"taxonomy":"product_tag","embeddable":true,"href":"https:\/\/amd-incontinence.com\/deutsch\/wp-json\/wp\/v2\/product_tag?post=126"}],"curies":[{"name":"wp","href":"https:\/\/api.w.org\/{rel}","templated":true}]}}