{"id":130,"date":"2017-10-23T14:16:01","date_gmt":"2017-10-23T12:16:01","guid":{"rendered":"http:\/\/amd-incontinence.com\/deutsch\/?post_type=product&#038;p=130"},"modified":"2019-02-07T11:25:02","modified_gmt":"2019-02-07T10:25:02","slug":"amd-pant","status":"publish","type":"product","link":"https:\/\/amd-incontinence.com\/deutsch\/produkte\/amd-pant\/","title":{"rendered":"amd Pant"},"content":{"rendered":"[vc_row type=&#8220;full_width_content&#8220; full_screen_row_position=&#8220;middle&#8220; scene_position=&#8220;center&#8220; text_color=&#8220;dark&#8220; text_align=&#8220;left&#8220; overlay_strength=&#8220;0.3&#8243; shape_divider_position=&#8220;bottom&#8220;][vc_column column_padding=&#8220;no-extra-padding&#8220; column_padding_position=&#8220;all&#8220; background_color_opacity=&#8220;1&#8243; background_hover_color_opacity=&#8220;1&#8243; column_shadow=&#8220;none&#8220; column_border_radius=&#8220;none&#8220; width=&#8220;1\/1&#8243; tablet_text_alignment=&#8220;default&#8220; phone_text_alignment=&#8220;default&#8220; column_border_width=&#8220;none&#8220; column_border_style=&#8220;solid&#8220;][vc_column_text]Ultrakomfortabler und sicherer absorbierender Slip, der wie eine normale Unterhose getragen wird. Er ist in mehreren Gr\u00f6\u00dfen erh\u00e4ltlich, passt sich perfekt der K\u00f6rperform an und l\u00e4sst sich einfach und schnell anziehen.<br \/>\nEr ist in vier Saugst\u00e4rken erh\u00e4ltlich, um wirksam bei mittlerer bis starker Blasenschw\u00e4che zu sch\u00fctzen. Der amd pant, der f\u00fcr einen Rundum-Schutz, eine angenehme und ger\u00e4uscharme Beschaffenheit und Geruchsbinder steht, ist das ideale Produkt f\u00fcr M\u00e4nner und Frauen mit sehr aktivem Lebensstil.<\/p>\n<ul>\n<li>Passt sich perfekt der K\u00f6rperform an<\/li>\n<li>Schnelles Aufsagen und N\u00e4sseschutzsystem<\/li>\n<li>Textil\u00e4hnlicher Au\u00dfenvlies, weich und ger\u00e4uscharm<\/li>\n<li>&#8222;Odour free&#8220;-System verhindert Ger\u00fcche<\/li>\n<li>Anschmiegsam und zuverl\u00e4ssig mit Auslaufschutz<\/li>\n<li>Atmungsaktiver Bund<\/li>\n<li>Wird mit dem Klebestreifen eingerollt und l\u00e4sst sich so unauff\u00e4llig entsorgen<\/li>\n<\/ul>\n[\/vc_column_text][tabbed_section style=&#8220;default&#8220; alignment=&#8220;left&#8220; spacing=&#8220;default&#8220; tab_color=&#8220;Accent-Color&#8220;][tab icon_family=&#8220;none&#8220; title=&#8220;Produktsortiment&#8220; id=&#8220;1508758065673-5306a-a389&#8243; tab_id=&#8220;1510758194880-7&#8243;][vc_column_text]\n<div class=\"col-gam2\">\n<div class=\"cont-gam2\">\n<p class=\"titre-gam2\">Saugkraft<\/p>\n<p class=\"titre-gam2\">Gr\u00f6\u00dfe<\/p>\n<\/div>\n<div class=\"cont-gam2\">\n<p><img loading=\"lazy\" decoding=\"async\" class=\"alignnone size-full wp-image-233\" src=\"http:\/\/amd-incontinence.com\/wp-content\/uploads\/sites\/3\/2017\/10\/ico-normal.png\" alt=\"normal Saugkraft\" width=\"110\" height=\"112\" \/><\/p>\n<div class=\"tab-gam2\">\n<table>\n<tbody>\n<tr>\n<td>medium<\/td>\n<\/tr>\n<tr>\n<td>large<\/td>\n<\/tr>\n<\/tbody>\n<\/table>\n<\/div>\n<\/div>\n<div class=\"cont-gam2\">\n<p><img loading=\"lazy\" decoding=\"async\" class=\"alignnone size-full wp-image-230\" src=\"http:\/\/amd-incontinence.com\/wp-content\/uploads\/sites\/3\/2017\/10\/ico-extra.png\" alt=\"extra Saugkraft\" width=\"110\" height=\"112\" \/><\/p>\n<div class=\"tab-gam2\">\n<table>\n<tbody>\n<tr>\n<td>medium<\/td>\n<\/tr>\n<tr>\n<td>large<\/td>\n<\/tr>\n<tr>\n<td>x large<\/td>\n<\/tr>\n<\/tbody>\n<\/table>\n<\/div>\n<\/div>\n<\/div>\n<div class=\"col-gam2\">\n<div class=\"cont-gam2\">\n<p class=\"titre-gam2\">Saugkraft<\/p>\n<p class=\"titre-gam2\">Gr\u00f6\u00dfe<\/p>\n<\/div>\n<div class=\"cont-gam2\">\n<p><img loading=\"lazy\" decoding=\"async\" class=\"alignnone size-full wp-image-234\" src=\"http:\/\/amd-incontinence.com\/wp-content\/uploads\/sites\/3\/2017\/10\/ico-super.png\" alt=\"super Saugkraft\" width=\"110\" height=\"112\" \/><\/p>\n<div class=\"tab-gam2\">\n<table>\n<tbody>\n<tr>\n<td>small<\/td>\n<\/tr>\n<tr>\n<td>medium<\/td>\n<\/tr>\n<tr>\n<td>large<\/td>\n<\/tr>\n<\/tbody>\n<\/table>\n<\/div>\n<\/div>\n<div class=\"cont-gam2\">\n<p><img loading=\"lazy\" decoding=\"async\" class=\"aligncenter size-full wp-image-231\" src=\"http:\/\/amd-incontinence.com\/wp-content\/uploads\/sites\/3\/2017\/10\/ico-maxi.png\" alt=\"maxi Saugkraft\" width=\"110\" height=\"112\" \/><\/p>\n<div class=\"tab-gam2\">\n<table>\n<tbody>\n<tr>\n<td>medium<\/td>\n<\/tr>\n<tr>\n<td>large<\/td>\n<\/tr>\n<tr>\n<td>x large<\/td>\n<\/tr>\n<\/tbody>\n<\/table>\n<\/div>\n<\/div>\n<\/div>\n[\/vc_column_text][\/tab][tab icon_family=&#8220;none&#8220; title=&#8220;Technologie +&#8220; id=&#8220;1508758065749-0306a-a389&#8243; tab_id=&#8220;1510758194958-10&#8243;][vc_column_text]\n<div class=\"undemi\">\n<table class=\"tab-techno\">\n<tbody>\n<tr>\n<td><img loading=\"lazy\" decoding=\"async\" class=\"alignnone\" src=\"http:\/\/amd-incontinence.com\/wp-content\/uploads\/sites\/3\/2017\/11\/picto-breathable-100x100.png\" alt=\"Atmungsaktiv\" width=\"58\" height=\"58\" \/><\/td>\n<td>ATMUNGSAKTIV<br \/>\nAtmungsaktiver Vliesstoff. Der luftdurchl\u00e4ssige Stoff beg\u00fcnstigt die Hautatmung. Sch\u00fctzt vor Hautirritationen.<\/td>\n<\/tr>\n<tr>\n<td><img loading=\"lazy\" decoding=\"async\" class=\"alignnone\" src=\"http:\/\/amd-incontinence.com\/wp-content\/uploads\/sites\/3\/2017\/11\/picto-new-core-concept-100x100.png\" alt=\"new core Konzept\" width=\"58\" height=\"58\" \/><\/td>\n<td>KONZEPT MIT NEUEM SAUGKERN<br \/>\nNeue Technologie: optimal gesicherte Absorptionszone. Schnelle und vollst\u00e4ndige Weiterleitung der Fl\u00fcssigkeiten zum Saugkissen. Leistungsgarantie: N\u00e4sseschutz.<\/td>\n<\/tr>\n<tr>\n<td><img loading=\"lazy\" decoding=\"async\" class=\"alignnone\" src=\"http:\/\/amd-incontinence.com\/wp-content\/uploads\/sites\/3\/2017\/11\/picto-leakage-barrier-100x100.png\" alt=\"Auslaufschutz\" width=\"58\" height=\"58\" \/><\/td>\n<td>AUSLAUFSCHUTZ<br \/>\nIntegraler, n\u00e4sseabweisender Auslaufschutz. Der hohe Auslaufschutz garantiert eine optimale Sicherheit.<\/td>\n<\/tr>\n<tr>\n<td><img loading=\"lazy\" decoding=\"async\" class=\"alignnone\" src=\"http:\/\/amd-incontinence.com\/wp-content\/uploads\/sites\/3\/2017\/11\/picto-odour-free-100x100.png\" alt=\"Geruchsbindend\" width=\"58\" height=\"58\" \/><\/td>\n<td>ODOUR FREE<br \/>\nLeistungsstarker Geruchsbinder. Verhindert die Freisetzung von Ger\u00fcchen. Erh\u00e4lt den pH-Wert der Haut.<\/td>\n<\/tr>\n<tr>\n<td><img loading=\"lazy\" decoding=\"async\" class=\"alignnone\" src=\"http:\/\/amd-incontinence.com\/wp-content\/uploads\/sites\/3\/2017\/11\/picto-cotton-feel-100x100.png\" alt=\"Textilgef\u00fchl\" width=\"58\" height=\"58\" \/><\/td>\n<td>COTTON FEEL<br \/>\nUltraweiche Au\u00dfenseite aus Vliesstoff. Echtes Textilgef\u00fchl. Leichter und ger\u00e4uscharmer Schutz.<\/td>\n<\/tr>\n<\/tbody>\n<\/table>\n<\/div>\n<div class=\"undemi\">\n<table class=\"tab-techno\">\n<tbody>\n<tr>\n<td><img loading=\"lazy\" decoding=\"async\" class=\"alignnone\" src=\"http:\/\/amd-incontinence.com\/wp-content\/uploads\/sites\/3\/2017\/11\/picto-anatomic-fit-100x100.png\" alt=\"Anatomische Form\" width=\"58\" height=\"58\" \/><\/td>\n<td>ANATOMIC FIT<br \/>\nAnatomische Form: Passt sich den K\u00f6rperformen an. F\u00fcr Komfort und Bewegungsfreiheit.<\/td>\n<\/tr>\n<tr>\n<td><img loading=\"lazy\" decoding=\"async\" class=\"alignnone\" src=\"http:\/\/amd-incontinence.com\/wp-content\/uploads\/sites\/3\/2017\/11\/picto-elastic-100x100.png\" alt=\"Elastisch\" width=\"58\" height=\"58\" \/><\/td>\n<td>ELASTISCH<br \/>\nUltraweicher, hypoallergener elastischer Bund ausschlie\u00dflich aus Lycraf\u00e4den. Leistungsstarkes, dehnbares Band, passt sich perfekt der K\u00f6rperform an, sorgt f\u00fcr einen perfekten Sitz. Latexfrei.<\/td>\n<\/tr>\n<tr>\n<td><img loading=\"lazy\" decoding=\"async\" class=\"alignnone\" src=\"http:\/\/amd-incontinence.com\/wp-content\/uploads\/sites\/3\/2017\/11\/picto-z-tape-100x100.png\" alt=\"Klebestreifen\" width=\"58\" height=\"58\" \/><\/td>\n<td>KLEBESTREIFEN HINTEN<br \/>\nPraktische Entsorgung durch Klebestreifen hinten zum Einrollen des Schutzes.<\/td>\n<\/tr>\n<tr>\n<td><img loading=\"lazy\" decoding=\"async\" class=\"alignnone\" src=\"http:\/\/amd-incontinence.com\/wp-content\/uploads\/sites\/3\/2017\/10\/picto-dermatologique-100x100.png\" alt=\"Dermatologisch getestet\" width=\"58\" height=\"58\" \/><\/td>\n<td>DERMATOLOGISCH GETESTET<br \/>\nUnsere gesamten Schutzprodukte tragen das Label &#8222;Dermatologisch getestet&#8220;, um Ihr Wohlbefinden zu garantieren.<\/td>\n<\/tr>\n<\/tbody>\n<\/table>\n<\/div>\n[\/vc_column_text][\/tab][tab icon_family=&#8220;none&#8220; title=&#8220;Anwendung&#8220; id=&#8220;1508758088523-2306a-a389&#8243; tab_id=&#8220;1510758195051-9&#8243;][vc_column_text]\n<div class=\"col span_6\">\n<div class=\"row\">\n<div class=\"col span_2\"><b class=\"cerclenum\">1<\/b><\/div>\n<div class=\"col span_5\"><img loading=\"lazy\" decoding=\"async\" class=\"alignnone size-full wp-image-223\" src=\"http:\/\/amd-incontinence.com\/wp-content\/uploads\/sites\/3\/2017\/11\/enfiler-amd-pant.png\" alt=\"amd pant anziehen\" width=\"90\" height=\"90\" \/><\/div>\n<div class=\"col span_5\">Den amd pant wie eine normale Unterhose anziehen<\/div>\n<\/div>\n<\/div>\n<div class=\"col span_6 last\">\n<div class=\"row\">\n<div class=\"col span_2\"><b class=\"cerclenum\">2<\/b><\/div>\n<div class=\"col span_5\"><img loading=\"lazy\" decoding=\"async\" class=\"alignnone size-full wp-image-222\" src=\"http:\/\/amd-incontinence.com\/wp-content\/uploads\/sites\/3\/2017\/11\/dechirer-cote-amd-pant.png\" alt=\"amd pant an der Seite aufrei\u00dfen\" width=\"90\" height=\"90\" \/><\/div>\n<div class=\"col span_5\">Nach Gebrauch die Seiten des Hygieneschutzes aufrei\u00dfen<\/div>\n<\/div>\n<\/div>\n<div class=\"col span_6\">\n<div class=\"row\">\n<div class=\"col span_2\"><b class=\"cerclenum\">3<\/b><\/div>\n<div class=\"col span_5\"><img loading=\"lazy\" decoding=\"async\" class=\"alignnone size-full wp-image-225\" src=\"http:\/\/amd-incontinence.com\/wp-content\/uploads\/sites\/3\/2017\/11\/rouler-amd-pant.png\" alt=\"amd pant einrollen\" width=\"90\" height=\"90\" \/><\/div>\n<div class=\"col span_5\">Den Hygieneschutz einrollen<\/div>\n<\/div>\n<\/div>\n<div class=\"col span_6\">\n<div class=\"row\">\n<div class=\"col span_2\"><b class=\"cerclenum\">4<\/b><\/div>\n<div class=\"col span_5\"><img loading=\"lazy\" decoding=\"async\" class=\"alignnone size-full wp-image-224\" src=\"http:\/\/amd-incontinence.com\/wp-content\/uploads\/sites\/3\/2017\/11\/jeter-amd-pant.png\" alt=\"amd pant wegwerfen\" width=\"90\" height=\"90\" \/><\/div>\n<div class=\"col span_5\">Den gebrauchten Hygieneschutz in einem Abfallbeh\u00e4lter entsorgen<\/div>\n<\/div>\n<\/div>\n[\/vc_column_text][\/tab][\/tabbed_section][\/vc_column][\/vc_row]\n","protected":false},"excerpt":{"rendered":"<p>Sehr komfortable und absolut sichere absorbierende Unterhose.<br \/>\nIdeal f\u00fcr aktive M\u00e4nner und Frauen.<br \/>\n<span>Bei mittlerer bis starker Blasenschw\u00e4che.<\/span><\/p>\n","protected":false},"featured_media":147,"template":"","meta":[],"product_brand":[],"product_cat":[33],"product_tag":[],"class_list":{"0":"post-130","1":"product","2":"type-product","3":"status-publish","4":"has-post-thumbnail","6":"product_cat-amd-produkte","8":"first","9":"instock","10":"shipping-taxable","11":"product-type-simple"},"yoast_head":"<!-- This site is optimized with the Yoast SEO plugin v27.3 - https:\/\/yoast.com\/product\/yoast-seo-wordpress\/ -->\n<title>amd Pant - AMD - Activ Medical Disposable<\/title>\n<meta name=\"robots\" content=\"index, follow, max-snippet:-1, max-image-preview:large, max-video-preview:-1\" \/>\n<link rel=\"canonical\" href=\"https:\/\/amd-incontinence.com\/deutsch\/produkte\/amd-pant\/\" \/>\n<meta property=\"og:locale\" content=\"de_DE\" \/>\n<meta property=\"og:type\" content=\"article\" \/>\n<meta property=\"og:title\" content=\"amd Pant - AMD - Activ Medical Disposable\" \/>\n<meta property=\"og:description\" content=\"Sehr komfortable und absolut sichere absorbierende Unterhose. Ideal f\u00fcr aktive M\u00e4nner und Frauen. Bei mittlerer bis starker Blasenschw\u00e4che.\" \/>\n<meta property=\"og:url\" content=\"https:\/\/amd-incontinence.com\/deutsch\/produkte\/amd-pant\/\" \/>\n<meta property=\"og:site_name\" content=\"AMD - Activ Medical Disposable\" \/>\n<meta property=\"article:modified_time\" content=\"2019-02-07T10:25:02+00:00\" \/>\n<meta property=\"og:image\" content=\"https:\/\/amd-incontinence.com\/deutsch\/wp-content\/uploads\/sites\/3\/2017\/10\/amd-pants.jpg\" \/>\n\t<meta property=\"og:image:width\" content=\"678\" \/>\n\t<meta property=\"og:image:height\" content=\"678\" \/>\n\t<meta property=\"og:image:type\" content=\"image\/jpeg\" \/>\n<meta name=\"twitter:card\" content=\"summary_large_image\" \/>\n<meta name=\"twitter:label1\" content=\"Gesch\u00e4tzte Lesezeit\" \/>\n\t<meta name=\"twitter:data1\" content=\"2\u00a0Minuten\" \/>\n<script type=\"application\/ld+json\" class=\"yoast-schema-graph\">{\"@context\":\"https:\\\/\\\/schema.org\",\"@graph\":[{\"@type\":\"WebPage\",\"@id\":\"https:\\\/\\\/amd-incontinence.com\\\/deutsch\\\/produkte\\\/amd-pant\\\/\",\"url\":\"https:\\\/\\\/amd-incontinence.com\\\/deutsch\\\/produkte\\\/amd-pant\\\/\",\"name\":\"amd Pant - AMD - Activ Medical Disposable\",\"isPartOf\":{\"@id\":\"https:\\\/\\\/amd-incontinence.com\\\/deutsch\\\/#website\"},\"primaryImageOfPage\":{\"@id\":\"https:\\\/\\\/amd-incontinence.com\\\/deutsch\\\/produkte\\\/amd-pant\\\/#primaryimage\"},\"image\":{\"@id\":\"https:\\\/\\\/amd-incontinence.com\\\/deutsch\\\/produkte\\\/amd-pant\\\/#primaryimage\"},\"thumbnailUrl\":\"https:\\\/\\\/amd-incontinence.com\\\/deutsch\\\/wp-content\\\/uploads\\\/sites\\\/3\\\/2017\\\/10\\\/amd-pants.jpg\",\"datePublished\":\"2017-10-23T12:16:01+00:00\",\"dateModified\":\"2019-02-07T10:25:02+00:00\",\"breadcrumb\":{\"@id\":\"https:\\\/\\\/amd-incontinence.com\\\/deutsch\\\/produkte\\\/amd-pant\\\/#breadcrumb\"},\"inLanguage\":\"de\",\"potentialAction\":[{\"@type\":\"ReadAction\",\"target\":[\"https:\\\/\\\/amd-incontinence.com\\\/deutsch\\\/produkte\\\/amd-pant\\\/\"]}]},{\"@type\":\"ImageObject\",\"inLanguage\":\"de\",\"@id\":\"https:\\\/\\\/amd-incontinence.com\\\/deutsch\\\/produkte\\\/amd-pant\\\/#primaryimage\",\"url\":\"https:\\\/\\\/amd-incontinence.com\\\/deutsch\\\/wp-content\\\/uploads\\\/sites\\\/3\\\/2017\\\/10\\\/amd-pants.jpg\",\"contentUrl\":\"https:\\\/\\\/amd-incontinence.com\\\/deutsch\\\/wp-content\\\/uploads\\\/sites\\\/3\\\/2017\\\/10\\\/amd-pants.jpg\",\"width\":678,\"height\":678,\"caption\":\"amd Pants\"},{\"@type\":\"BreadcrumbList\",\"@id\":\"https:\\\/\\\/amd-incontinence.com\\\/deutsch\\\/produkte\\\/amd-pant\\\/#breadcrumb\",\"itemListElement\":[{\"@type\":\"ListItem\",\"position\":1,\"name\":\"Accueil\",\"item\":\"https:\\\/\\\/amd-incontinence.com\\\/deutsch\\\/\"},{\"@type\":\"ListItem\",\"position\":2,\"name\":\"Produkte\",\"item\":\"https:\\\/\\\/amd-incontinence.com\\\/deutsch\\\/shop\\\/\"},{\"@type\":\"ListItem\",\"position\":3,\"name\":\"amd Pant\"}]},{\"@type\":\"WebSite\",\"@id\":\"https:\\\/\\\/amd-incontinence.com\\\/deutsch\\\/#website\",\"url\":\"https:\\\/\\\/amd-incontinence.com\\\/deutsch\\\/\",\"name\":\"AMD - Activ Medical Disposable\",\"description\":\"\",\"potentialAction\":[{\"@type\":\"SearchAction\",\"target\":{\"@type\":\"EntryPoint\",\"urlTemplate\":\"https:\\\/\\\/amd-incontinence.com\\\/deutsch\\\/?s={search_term_string}\"},\"query-input\":{\"@type\":\"PropertyValueSpecification\",\"valueRequired\":true,\"valueName\":\"search_term_string\"}}],\"inLanguage\":\"de\"}]}<\/script>\n<!-- \/ Yoast SEO plugin. -->","yoast_head_json":{"title":"amd Pant - AMD - Activ Medical Disposable","robots":{"index":"index","follow":"follow","max-snippet":"max-snippet:-1","max-image-preview":"max-image-preview:large","max-video-preview":"max-video-preview:-1"},"canonical":"https:\/\/amd-incontinence.com\/deutsch\/produkte\/amd-pant\/","og_locale":"de_DE","og_type":"article","og_title":"amd Pant - AMD - Activ Medical Disposable","og_description":"Sehr komfortable und absolut sichere absorbierende Unterhose. Ideal f\u00fcr aktive M\u00e4nner und Frauen. Bei mittlerer bis starker Blasenschw\u00e4che.","og_url":"https:\/\/amd-incontinence.com\/deutsch\/produkte\/amd-pant\/","og_site_name":"AMD - Activ Medical Disposable","article_modified_time":"2019-02-07T10:25:02+00:00","og_image":[{"width":678,"height":678,"url":"https:\/\/amd-incontinence.com\/deutsch\/wp-content\/uploads\/sites\/3\/2017\/10\/amd-pants.jpg","type":"image\/jpeg"}],"twitter_card":"summary_large_image","twitter_misc":{"Gesch\u00e4tzte Lesezeit":"2\u00a0Minuten"},"schema":{"@context":"https:\/\/schema.org","@graph":[{"@type":"WebPage","@id":"https:\/\/amd-incontinence.com\/deutsch\/produkte\/amd-pant\/","url":"https:\/\/amd-incontinence.com\/deutsch\/produkte\/amd-pant\/","name":"amd Pant - AMD - Activ Medical Disposable","isPartOf":{"@id":"https:\/\/amd-incontinence.com\/deutsch\/#website"},"primaryImageOfPage":{"@id":"https:\/\/amd-incontinence.com\/deutsch\/produkte\/amd-pant\/#primaryimage"},"image":{"@id":"https:\/\/amd-incontinence.com\/deutsch\/produkte\/amd-pant\/#primaryimage"},"thumbnailUrl":"https:\/\/amd-incontinence.com\/deutsch\/wp-content\/uploads\/sites\/3\/2017\/10\/amd-pants.jpg","datePublished":"2017-10-23T12:16:01+00:00","dateModified":"2019-02-07T10:25:02+00:00","breadcrumb":{"@id":"https:\/\/amd-incontinence.com\/deutsch\/produkte\/amd-pant\/#breadcrumb"},"inLanguage":"de","potentialAction":[{"@type":"ReadAction","target":["https:\/\/amd-incontinence.com\/deutsch\/produkte\/amd-pant\/"]}]},{"@type":"ImageObject","inLanguage":"de","@id":"https:\/\/amd-incontinence.com\/deutsch\/produkte\/amd-pant\/#primaryimage","url":"https:\/\/amd-incontinence.com\/deutsch\/wp-content\/uploads\/sites\/3\/2017\/10\/amd-pants.jpg","contentUrl":"https:\/\/amd-incontinence.com\/deutsch\/wp-content\/uploads\/sites\/3\/2017\/10\/amd-pants.jpg","width":678,"height":678,"caption":"amd Pants"},{"@type":"BreadcrumbList","@id":"https:\/\/amd-incontinence.com\/deutsch\/produkte\/amd-pant\/#breadcrumb","itemListElement":[{"@type":"ListItem","position":1,"name":"Accueil","item":"https:\/\/amd-incontinence.com\/deutsch\/"},{"@type":"ListItem","position":2,"name":"Produkte","item":"https:\/\/amd-incontinence.com\/deutsch\/shop\/"},{"@type":"ListItem","position":3,"name":"amd Pant"}]},{"@type":"WebSite","@id":"https:\/\/amd-incontinence.com\/deutsch\/#website","url":"https:\/\/amd-incontinence.com\/deutsch\/","name":"AMD - Activ Medical Disposable","description":"","potentialAction":[{"@type":"SearchAction","target":{"@type":"EntryPoint","urlTemplate":"https:\/\/amd-incontinence.com\/deutsch\/?s={search_term_string}"},"query-input":{"@type":"PropertyValueSpecification","valueRequired":true,"valueName":"search_term_string"}}],"inLanguage":"de"}]}},"_links":{"self":[{"href":"https:\/\/amd-incontinence.com\/deutsch\/wp-json\/wp\/v2\/product\/130","targetHints":{"allow":["GET"]}}],"collection":[{"href":"https:\/\/amd-incontinence.com\/deutsch\/wp-json\/wp\/v2\/product"}],"about":[{"href":"https:\/\/amd-incontinence.com\/deutsch\/wp-json\/wp\/v2\/types\/product"}],"wp:featuredmedia":[{"embeddable":true,"href":"https:\/\/amd-incontinence.com\/deutsch\/wp-json\/wp\/v2\/media\/147"}],"wp:attachment":[{"href":"https:\/\/amd-incontinence.com\/deutsch\/wp-json\/wp\/v2\/media?parent=130"}],"wp:term":[{"taxonomy":"product_brand","embeddable":true,"href":"https:\/\/amd-incontinence.com\/deutsch\/wp-json\/wp\/v2\/product_brand?post=130"},{"taxonomy":"product_cat","embeddable":true,"href":"https:\/\/amd-incontinence.com\/deutsch\/wp-json\/wp\/v2\/product_cat?post=130"},{"taxonomy":"product_tag","embeddable":true,"href":"https:\/\/amd-incontinence.com\/deutsch\/wp-json\/wp\/v2\/product_tag?post=130"}],"curies":[{"name":"wp","href":"https:\/\/api.w.org\/{rel}","templated":true}]}}