{"id":131,"date":"2017-10-23T14:16:47","date_gmt":"2017-10-23T12:16:47","guid":{"rendered":"http:\/\/amd-incontinence.com\/deutsch\/?post_type=product&#038;p=131"},"modified":"2018-06-05T11:58:06","modified_gmt":"2018-06-05T09:58:06","slug":"amd-form","status":"publish","type":"product","link":"https:\/\/amd-incontinence.com\/deutsch\/produkte\/amd-form\/","title":{"rendered":"amd Form"},"content":{"rendered":"[vc_row type=&#8220;full_width_content&#8220; full_screen_row_position=&#8220;middle&#8220; scene_position=&#8220;center&#8220; text_color=&#8220;dark&#8220; text_align=&#8220;left&#8220; overlay_strength=&#8220;0.3&#8243; shape_divider_position=&#8220;bottom&#8220;][vc_column column_padding=&#8220;no-extra-padding&#8220; column_padding_position=&#8220;all&#8220; background_color_opacity=&#8220;1&#8243; background_hover_color_opacity=&#8220;1&#8243; column_shadow=&#8220;none&#8220; column_border_radius=&#8220;none&#8220; width=&#8220;1\/1&#8243; tablet_text_alignment=&#8220;default&#8220; phone_text_alignment=&#8220;default&#8220; column_border_width=&#8220;none&#8220; column_border_style=&#8220;solid&#8220;][vc_column_text]Die anatomische Vorlage amd form eignet sich ideal bei mittlerer bis sehr starker Blasenschw\u00e4che. Dieses Produktsortiment ist in 7 Saugst\u00e4rken erh\u00e4ltlich. Die komfortable Vorlage passt sich perfekt der K\u00f6rperform von M\u00e4nnern und Frauen an, wobei wenig Haut abgedeckt wird f\u00fcr eine bessere Hautatmung. Dank ihres integralen Auslaufschutzes bietet die Vorlage amd form eine optimale Sicherheit und ist ebenfalls f\u00fcr geh- und mobilit\u00e4tsbehinderte Personen geeignet. F\u00fcr einen perfekten Sitz wird empfohlen, dieses Produkt mit einer Netz-Fixierhose amd cotton fix oder amd fix disposable zu tragen.<\/p>\n<ul>\n<li>Schnelle Fl\u00fcssigkeitsverteilung mit Feuchtigkeitsschutz<\/li>\n<li>Weiches Au\u00dfenvlies mit Textilgef\u00fchl<\/li>\n<li>Zuverl\u00e4ssige und pr\u00e4zise Feuchtigkeitsanzeige<\/li>\n<\/ul>\n[\/vc_column_text][tabbed_section style=&#8220;default&#8220; alignment=&#8220;left&#8220; spacing=&#8220;default&#8220; tab_color=&#8220;Accent-Color&#8220;][tab icon_family=&#8220;none&#8220; title=&#8220;Produktsortiment&#8220; id=&#8220;1508758065673-52c6a-2a15&#8243; tab_id=&#8220;1510840639532-0&#8243;][vc_column_text]\n<table class=\"tab-gamme\">\n<tbody>\n<tr>\n<td>light<\/td>\n<td><img loading=\"lazy\" decoding=\"async\" class=\"alignnone size-full wp-image-236\" src=\"http:\/\/amd-incontinence.com\/wp-content\/uploads\/sites\/3\/2017\/10\/ico-absorb-half.png\" alt=\"\" width=\"18\" height=\"23\" \/><img loading=\"lazy\" decoding=\"async\" class=\"alignnone size-full wp-image-160\" src=\"http:\/\/amd-incontinence.com\/wp-content\/uploads\/sites\/3\/2017\/10\/ico-absorb-vide.png\" alt=\"\" width=\"18\" height=\"23\" \/><img loading=\"lazy\" decoding=\"async\" class=\"alignnone size-full wp-image-160\" src=\"http:\/\/amd-incontinence.com\/wp-content\/uploads\/sites\/3\/2017\/10\/ico-absorb-vide.png\" alt=\"\" width=\"18\" height=\"23\" \/><img loading=\"lazy\" decoding=\"async\" class=\"alignnone size-full wp-image-160\" src=\"http:\/\/amd-incontinence.com\/wp-content\/uploads\/sites\/3\/2017\/10\/ico-absorb-vide.png\" alt=\"\" width=\"18\" height=\"23\" \/><img loading=\"lazy\" decoding=\"async\" class=\"alignnone size-full wp-image-160\" src=\"http:\/\/amd-incontinence.com\/wp-content\/uploads\/sites\/3\/2017\/10\/ico-absorb-vide.png\" alt=\"\" width=\"18\" height=\"23\" \/><\/td>\n<td><b class=\"cercle blanc\"><\/b><\/td>\n<\/tr>\n<tr>\n<td>mini<\/td>\n<td><img loading=\"lazy\" decoding=\"async\" class=\"alignnone size-full wp-image-160\" src=\"http:\/\/amd-incontinence.com\/wp-content\/uploads\/sites\/3\/2017\/10\/ico-absorb.png\" alt=\"\" width=\"18\" height=\"23\" \/><img loading=\"lazy\" decoding=\"async\" class=\"alignnone size-full wp-image-160\" src=\"http:\/\/amd-incontinence.com\/wp-content\/uploads\/sites\/3\/2017\/10\/ico-absorb-vide.png\" alt=\"\" width=\"18\" height=\"23\" \/><img loading=\"lazy\" decoding=\"async\" class=\"alignnone size-full wp-image-160\" src=\"http:\/\/amd-incontinence.com\/wp-content\/uploads\/sites\/3\/2017\/10\/ico-absorb-vide.png\" alt=\"\" width=\"18\" height=\"23\" \/><img loading=\"lazy\" decoding=\"async\" class=\"alignnone size-full wp-image-160\" src=\"http:\/\/amd-incontinence.com\/wp-content\/uploads\/sites\/3\/2017\/10\/ico-absorb-vide.png\" alt=\"\" width=\"18\" height=\"23\" \/><img loading=\"lazy\" decoding=\"async\" class=\"alignnone size-full wp-image-160\" src=\"http:\/\/amd-incontinence.com\/wp-content\/uploads\/sites\/3\/2017\/10\/ico-absorb-vide.png\" alt=\"\" width=\"18\" height=\"23\" \/><\/td>\n<td><b class=\"cercle grisclair\"><\/b><\/td>\n<\/tr>\n<tr>\n<td>normal<\/td>\n<td><img loading=\"lazy\" decoding=\"async\" class=\"alignnone size-full wp-image-160\" src=\"http:\/\/amd-incontinence.com\/wp-content\/uploads\/sites\/3\/2017\/10\/ico-absorb.png\" alt=\"\" width=\"18\" height=\"23\" \/><img loading=\"lazy\" decoding=\"async\" class=\"alignnone size-full wp-image-160\" src=\"http:\/\/amd-incontinence.com\/wp-content\/uploads\/sites\/3\/2017\/10\/ico-absorb.png\" alt=\"\" width=\"18\" height=\"23\" \/><img loading=\"lazy\" decoding=\"async\" class=\"alignnone size-full wp-image-160\" src=\"http:\/\/amd-incontinence.com\/wp-content\/uploads\/sites\/3\/2017\/10\/ico-absorb-vide.png\" alt=\"\" width=\"18\" height=\"23\" \/><img loading=\"lazy\" decoding=\"async\" class=\"alignnone size-full wp-image-160\" src=\"http:\/\/amd-incontinence.com\/wp-content\/uploads\/sites\/3\/2017\/10\/ico-absorb-vide.png\" alt=\"\" width=\"18\" height=\"23\" \/><img loading=\"lazy\" decoding=\"async\" class=\"alignnone size-full wp-image-160\" src=\"http:\/\/amd-incontinence.com\/wp-content\/uploads\/sites\/3\/2017\/10\/ico-absorb-vide.png\" alt=\"\" width=\"18\" height=\"23\" \/><\/td>\n<td><b class=\"cercle bleu\">.<\/b><\/td>\n<\/tr>\n<tr>\n<td>extra<\/td>\n<td><img loading=\"lazy\" decoding=\"async\" class=\"alignnone size-full wp-image-160\" src=\"http:\/\/amd-incontinence.com\/wp-content\/uploads\/sites\/3\/2017\/10\/ico-absorb.png\" alt=\"\" width=\"18\" height=\"23\" \/><img loading=\"lazy\" decoding=\"async\" class=\"alignnone size-full wp-image-160\" src=\"http:\/\/amd-incontinence.com\/wp-content\/uploads\/sites\/3\/2017\/10\/ico-absorb.png\" alt=\"\" width=\"18\" height=\"23\" \/><img loading=\"lazy\" decoding=\"async\" class=\"alignnone size-full wp-image-160\" src=\"http:\/\/amd-incontinence.com\/wp-content\/uploads\/sites\/3\/2017\/10\/ico-absorb.png\" alt=\"\" width=\"18\" height=\"23\" \/><img loading=\"lazy\" decoding=\"async\" class=\"alignnone size-full wp-image-160\" src=\"http:\/\/amd-incontinence.com\/wp-content\/uploads\/sites\/3\/2017\/10\/ico-absorb-vide.png\" alt=\"\" width=\"18\" height=\"23\" \/><img loading=\"lazy\" decoding=\"async\" class=\"alignnone size-full wp-image-160\" src=\"http:\/\/amd-incontinence.com\/wp-content\/uploads\/sites\/3\/2017\/10\/ico-absorb-vide.png\" alt=\"\" width=\"18\" height=\"23\" \/><\/td>\n<td><b class=\"cercle jaune\">.<\/b><\/td>\n<\/tr>\n<tr>\n<td>super<\/td>\n<td><img loading=\"lazy\" decoding=\"async\" class=\"alignnone size-full wp-image-160\" src=\"http:\/\/amd-incontinence.com\/wp-content\/uploads\/sites\/3\/2017\/10\/ico-absorb.png\" alt=\"\" width=\"18\" height=\"23\" \/><img loading=\"lazy\" decoding=\"async\" class=\"alignnone size-full wp-image-160\" src=\"http:\/\/amd-incontinence.com\/wp-content\/uploads\/sites\/3\/2017\/10\/ico-absorb.png\" alt=\"\" width=\"18\" height=\"23\" \/><img loading=\"lazy\" decoding=\"async\" class=\"alignnone size-full wp-image-160\" src=\"http:\/\/amd-incontinence.com\/wp-content\/uploads\/sites\/3\/2017\/10\/ico-absorb.png\" alt=\"\" width=\"18\" height=\"23\" \/><img loading=\"lazy\" decoding=\"async\" class=\"alignnone size-full wp-image-160\" src=\"http:\/\/amd-incontinence.com\/wp-content\/uploads\/sites\/3\/2017\/10\/ico-absorb.png\" alt=\"\" width=\"18\" height=\"23\" \/><img loading=\"lazy\" decoding=\"async\" class=\"alignnone size-full wp-image-160\" src=\"http:\/\/amd-incontinence.com\/wp-content\/uploads\/sites\/3\/2017\/10\/ico-absorb-vide.png\" alt=\"\" width=\"18\" height=\"23\" \/><\/td>\n<td><b class=\"cercle vert\">.<\/b><\/td>\n<\/tr>\n<tr>\n<td>maxi<\/td>\n<td><img loading=\"lazy\" decoding=\"async\" class=\"alignnone size-full wp-image-160\" src=\"http:\/\/amd-incontinence.com\/wp-content\/uploads\/sites\/3\/2017\/10\/ico-absorb.png\" alt=\"\" width=\"18\" height=\"23\" \/><img loading=\"lazy\" decoding=\"async\" class=\"alignnone size-full wp-image-160\" src=\"http:\/\/amd-incontinence.com\/wp-content\/uploads\/sites\/3\/2017\/10\/ico-absorb.png\" alt=\"\" width=\"18\" height=\"23\" \/><img loading=\"lazy\" decoding=\"async\" class=\"alignnone size-full wp-image-160\" src=\"http:\/\/amd-incontinence.com\/wp-content\/uploads\/sites\/3\/2017\/10\/ico-absorb.png\" alt=\"\" width=\"18\" height=\"23\" \/><img loading=\"lazy\" decoding=\"async\" class=\"alignnone size-full wp-image-160\" src=\"http:\/\/amd-incontinence.com\/wp-content\/uploads\/sites\/3\/2017\/10\/ico-absorb.png\" alt=\"\" width=\"18\" height=\"23\" \/><img loading=\"lazy\" decoding=\"async\" class=\"alignnone size-full wp-image-160\" src=\"http:\/\/amd-incontinence.com\/wp-content\/uploads\/sites\/3\/2017\/10\/ico-absorb.png\" alt=\"\" width=\"18\" height=\"23\" \/><\/td>\n<td><b class=\"cercle violet\">.<\/b><\/td>\n<\/tr>\n<tr>\n<td>maxi +<\/td>\n<td><img loading=\"lazy\" decoding=\"async\" class=\"alignnone size-full wp-image-160\" src=\"http:\/\/amd-incontinence.com\/wp-content\/uploads\/sites\/3\/2017\/10\/ico-absorb.png\" alt=\"\" width=\"18\" height=\"23\" \/><img loading=\"lazy\" decoding=\"async\" class=\"alignnone size-full wp-image-160\" src=\"http:\/\/amd-incontinence.com\/wp-content\/uploads\/sites\/3\/2017\/10\/ico-absorb.png\" alt=\"\" width=\"18\" height=\"23\" \/><img loading=\"lazy\" decoding=\"async\" class=\"alignnone size-full wp-image-160\" src=\"http:\/\/amd-incontinence.com\/wp-content\/uploads\/sites\/3\/2017\/10\/ico-absorb.png\" alt=\"\" width=\"18\" height=\"23\" \/><img loading=\"lazy\" decoding=\"async\" class=\"alignnone size-full wp-image-160\" src=\"http:\/\/amd-incontinence.com\/wp-content\/uploads\/sites\/3\/2017\/10\/ico-absorb.png\" alt=\"\" width=\"18\" height=\"23\" \/><img loading=\"lazy\" decoding=\"async\" class=\"alignnone size-full wp-image-160\" src=\"http:\/\/amd-incontinence.com\/wp-content\/uploads\/sites\/3\/2017\/10\/ico-absorb.png\" alt=\"\" width=\"18\" height=\"23\" \/>+<\/td>\n<td><b class=\"cercle gris\">.<\/b><\/td>\n<\/tr>\n<\/tbody>\n<\/table>\n[\/vc_column_text][\/tab][tab icon_family=&#8220;none&#8220; title=&#8220;Technologie +&#8220; id=&#8220;1508758065749-02c6a-2a15&#8243; tab_id=&#8220;1510840639574-4&#8243;][vc_column_text]\n<div class=\"undemi\">\n<table class=\"tab-techno\">\n<tbody>\n<tr>\n<td><img loading=\"lazy\" decoding=\"async\" class=\"alignnone\" src=\"http:\/\/amd-incontinence.com\/wp-content\/uploads\/sites\/3\/2017\/11\/picto-anatomic-fit-100x100.png\" alt=\"Anatomische Form\" width=\"58\" height=\"58\" \/><\/td>\n<td>ANATOMIC FIT<br \/>\nAnatomische Form: Passt sich den K\u00f6rperformen an. F\u00fcr Komfort und Bewegungsfreiheit.<\/td>\n<\/tr>\n<tr>\n<td><img loading=\"lazy\" decoding=\"async\" class=\"alignnone\" src=\"http:\/\/amd-incontinence.com\/wp-content\/uploads\/sites\/3\/2017\/11\/picto-new-core-concept-100x100.png\" alt=\"New core concept\" width=\"58\" height=\"58\" \/><\/td>\n<td>KONZEPT MIT NEUEM SAUGKERN<br \/>\nNeue Technologie: optimal gesicherte Absorptionszone. Schnelle und vollst\u00e4ndige Weiterleitung der Fl\u00fcssigkeiten zum Saugkissen. Leistungsgarantie: N\u00e4sseschutz.<\/td>\n<\/tr>\n<tr>\n<td><img loading=\"lazy\" decoding=\"async\" class=\"alignnone\" src=\"http:\/\/amd-incontinence.com\/wp-content\/uploads\/sites\/3\/2017\/11\/picto-leakage-barrier-100x100.png\" alt=\"Auslaufschutz\" width=\"58\" height=\"58\" \/><\/td>\n<td>AUSLAUFSCHUTZ<br \/>\nIntegraler, n\u00e4sseabweisender Auslaufschutz. Der hohe Auslaufschutz garantiert eine optimale Sicherheit.<\/td>\n<\/tr>\n<tr>\n<td><img loading=\"lazy\" decoding=\"async\" class=\"alignnone\" src=\"http:\/\/amd-incontinence.com\/wp-content\/uploads\/sites\/3\/2017\/11\/picto-odour-free-100x100.png\" alt=\"Geruchsbindend\" width=\"58\" height=\"58\" \/><\/td>\n<td>ODOUR FREE<br \/>\nUltraweiche Au\u00dfenseite aus Vliesstoff.<br \/>\nEchtes Textilgef\u00fchl. Leichter und ger\u00e4uscharmer Schutz.<\/td>\n<\/tr>\n<\/tbody>\n<\/table>\n<\/div>\n<div class=\"undemi\">\n<table class=\"tab-techno\">\n<tbody>\n<tr>\n<td><img loading=\"lazy\" decoding=\"async\" class=\"alignnone\" src=\"http:\/\/amd-incontinence.com\/wp-content\/uploads\/sites\/3\/2017\/11\/picto-cotton-feel-100x100.png\" alt=\"Cotton feel\" width=\"58\" height=\"58\" \/><\/td>\n<td>COTTON FEEL<br \/>\nUltraweiche Au\u00dfenseite aus Vliesstoff. Echtes Textilgef\u00fchl. Leichter und ger\u00e4uscharmer Schutz.<\/td>\n<\/tr>\n<tr>\n<td><img loading=\"lazy\" decoding=\"async\" class=\"alignnone\" src=\"http:\/\/amd-incontinence.com\/wp-content\/uploads\/sites\/3\/2017\/11\/picto-softness-100x100.png\" alt=\"Zartheit\" width=\"58\" height=\"58\" \/><\/td>\n<td>ZARTHEIT<br \/>\nWeicher hypoallergener Vliesstoff auf der Innenseite f\u00fcr einen maximalen Schutz der Haut.<\/td>\n<\/tr>\n<tr>\n<td><img loading=\"lazy\" decoding=\"async\" class=\"alignnone\" src=\"http:\/\/amd-incontinence.com\/wp-content\/uploads\/sites\/3\/2017\/10\/picto-dermatologique-100x100.png\" alt=\"Dermatologisch getestet\" width=\"58\" height=\"58\" \/><\/td>\n<td>DERMATOLOGISCH GETESTET<br \/>\nUnsere gesamten Schutzprodukte tragen das Label &#8222;Dermatologisch getestet&#8220;, um Ihr Wohlbefinden zu garantieren.<\/td>\n<\/tr>\n<\/tbody>\n<\/table>\n<\/div>\n[\/vc_column_text][\/tab][tab icon_family=&#8220;none&#8220; title=&#8220;Anwendung&#8220; id=&#8220;1508758088523-22c6a-2a15&#8243; tab_id=&#8220;1510840639644-2&#8243;][vc_column_text]\n<div class=\"techpos col span_12\">\n<div class=\"row\">\n<div class=\"col span_1\"><b class=\"cerclenum\">1<\/b><\/div>\n<div class=\"col span_5\">Das Produkt auseinanderfalten und dann der L\u00e4nge nach falten. Eine Schalenform entsteht und die Auslaufbarrieren richten sich auf; das Produkt bildet seine anatomische Form.<\/div>\n<div class=\"col span_6\"><img loading=\"lazy\" decoding=\"async\" src=\"http:\/\/amd-incontinence.com\/wp-content\/uploads\/sites\/3\/2017\/10\/ouvrir-protection-amd-form.png\" alt=\"ouvrir la protection amd form\" width=\"90\" height=\"90\" class=\"aligncenter size-full wp-image-250\" \/><\/div>\n<\/div>\n<div class=\"row\">\n<div class=\"col span_1\"><b class=\"cerclenum\">2<\/b><\/div>\n<div class=\"col span_5\">Legen Sie die Vorlage von vorne nach hinten zwischen die Beine an.<\/div>\n<div class=\"col span_6\"><img loading=\"lazy\" decoding=\"async\" src=\"https:\/\/amd-incontinence.com\/deutsch\/wp-content\/uploads\/sites\/3\/2018\/05\/anwendung-1-amd-form.png\" alt=\"Glisser la protection amd form\" width=\"220\" height=\"110\" class=\"alignnone size-full wp-image-249\" \/><\/div>\n<\/div>\n<div class=\"row\">\n<div class=\"col span_1\"><b class=\"cerclenum\">3<\/b><\/div>\n<div class=\"col span_5\">Ziehen Sie die Netzhose und Vorlage auf halbe H\u00f6he der Beine. Passen Sie die Vorlage vorne und zwischen die Beine an.<\/div>\n<div class=\"col span_6\"><img loading=\"lazy\" decoding=\"async\" src=\"https:\/\/amd-incontinence.com\/deutsch\/wp-content\/uploads\/sites\/3\/2018\/05\/anwendung-2-amd-form.png\" alt=\"Enfiler le slip filet de maintien\" width=\"220\" height=\"110\" class=\"alignnone size-full wp-image-252\" \/><\/div>\n<\/div>\n<div class=\"row\">\n<div class=\"col span_1\"><b class=\"cerclenum\">4<\/b><\/div>\n<div class=\"col span_5\">Ziehen Sie die Netzhose hoch und korrigieren Sie die Vorlage in dem Schrittbereich.<\/div>\n<div class=\"col span_6\"><img loading=\"lazy\" decoding=\"async\" src=\"https:\/\/amd-incontinence.com\/deutsch\/wp-content\/uploads\/sites\/3\/2018\/05\/anwendung-3-amd-form.png\" alt=\"Ajuster la protection amd form\" width=\"220\" height=\"110\" class=\"alignnone size-full wp-image-247\" \/><\/div>\n<\/div>\n<\/div>\n[\/vc_column_text][\/tab][\/tabbed_section][\/vc_column][\/vc_row]\n","protected":false},"excerpt":{"rendered":"<p>Anatomisch geformter Schutz.<br \/>\nAtmungsaktiv.<br \/>\nWird mit einer Fixierhose getragen, <span>bei mittlerer bis starker Blasenschw\u00e4che<\/span>.<\/p>\n","protected":false},"featured_media":153,"template":"","meta":[],"product_brand":[],"product_cat":[33],"product_tag":[],"class_list":{"0":"post-131","1":"product","2":"type-product","3":"status-publish","4":"has-post-thumbnail","6":"product_cat-amd-produkte","8":"first","9":"instock","10":"shipping-taxable","11":"product-type-simple"},"yoast_head":"<!-- This site is optimized with the Yoast SEO plugin v27.3 - https:\/\/yoast.com\/product\/yoast-seo-wordpress\/ -->\n<title>amd Form - AMD - Activ Medical Disposable<\/title>\n<meta name=\"robots\" content=\"index, follow, max-snippet:-1, max-image-preview:large, max-video-preview:-1\" \/>\n<link rel=\"canonical\" href=\"https:\/\/amd-incontinence.com\/deutsch\/produkte\/amd-form\/\" \/>\n<meta property=\"og:locale\" content=\"de_DE\" \/>\n<meta property=\"og:type\" content=\"article\" \/>\n<meta property=\"og:title\" content=\"amd Form - AMD - Activ Medical Disposable\" \/>\n<meta property=\"og:description\" content=\"Anatomisch geformter Schutz. Atmungsaktiv. Wird mit einer Fixierhose getragen, bei mittlerer bis starker Blasenschw\u00e4che.\" \/>\n<meta property=\"og:url\" content=\"https:\/\/amd-incontinence.com\/deutsch\/produkte\/amd-form\/\" \/>\n<meta property=\"og:site_name\" content=\"AMD - Activ Medical Disposable\" \/>\n<meta property=\"article:modified_time\" content=\"2018-06-05T09:58:06+00:00\" \/>\n<meta property=\"og:image\" content=\"https:\/\/amd-incontinence.com\/deutsch\/wp-content\/uploads\/sites\/3\/2017\/10\/amd-form.jpg\" \/>\n\t<meta property=\"og:image:width\" content=\"678\" \/>\n\t<meta property=\"og:image:height\" content=\"678\" \/>\n\t<meta property=\"og:image:type\" content=\"image\/jpeg\" \/>\n<meta name=\"twitter:card\" content=\"summary_large_image\" \/>\n<meta name=\"twitter:label1\" content=\"Gesch\u00e4tzte Lesezeit\" \/>\n\t<meta name=\"twitter:data1\" content=\"2\u00a0Minuten\" \/>\n<script type=\"application\/ld+json\" class=\"yoast-schema-graph\">{\"@context\":\"https:\\\/\\\/schema.org\",\"@graph\":[{\"@type\":\"WebPage\",\"@id\":\"https:\\\/\\\/amd-incontinence.com\\\/deutsch\\\/produkte\\\/amd-form\\\/\",\"url\":\"https:\\\/\\\/amd-incontinence.com\\\/deutsch\\\/produkte\\\/amd-form\\\/\",\"name\":\"amd Form - AMD - Activ Medical Disposable\",\"isPartOf\":{\"@id\":\"https:\\\/\\\/amd-incontinence.com\\\/deutsch\\\/#website\"},\"primaryImageOfPage\":{\"@id\":\"https:\\\/\\\/amd-incontinence.com\\\/deutsch\\\/produkte\\\/amd-form\\\/#primaryimage\"},\"image\":{\"@id\":\"https:\\\/\\\/amd-incontinence.com\\\/deutsch\\\/produkte\\\/amd-form\\\/#primaryimage\"},\"thumbnailUrl\":\"https:\\\/\\\/amd-incontinence.com\\\/deutsch\\\/wp-content\\\/uploads\\\/sites\\\/3\\\/2017\\\/10\\\/amd-form.jpg\",\"datePublished\":\"2017-10-23T12:16:47+00:00\",\"dateModified\":\"2018-06-05T09:58:06+00:00\",\"breadcrumb\":{\"@id\":\"https:\\\/\\\/amd-incontinence.com\\\/deutsch\\\/produkte\\\/amd-form\\\/#breadcrumb\"},\"inLanguage\":\"de\",\"potentialAction\":[{\"@type\":\"ReadAction\",\"target\":[\"https:\\\/\\\/amd-incontinence.com\\\/deutsch\\\/produkte\\\/amd-form\\\/\"]}]},{\"@type\":\"ImageObject\",\"inLanguage\":\"de\",\"@id\":\"https:\\\/\\\/amd-incontinence.com\\\/deutsch\\\/produkte\\\/amd-form\\\/#primaryimage\",\"url\":\"https:\\\/\\\/amd-incontinence.com\\\/deutsch\\\/wp-content\\\/uploads\\\/sites\\\/3\\\/2017\\\/10\\\/amd-form.jpg\",\"contentUrl\":\"https:\\\/\\\/amd-incontinence.com\\\/deutsch\\\/wp-content\\\/uploads\\\/sites\\\/3\\\/2017\\\/10\\\/amd-form.jpg\",\"width\":678,\"height\":678,\"caption\":\"amd Form\"},{\"@type\":\"BreadcrumbList\",\"@id\":\"https:\\\/\\\/amd-incontinence.com\\\/deutsch\\\/produkte\\\/amd-form\\\/#breadcrumb\",\"itemListElement\":[{\"@type\":\"ListItem\",\"position\":1,\"name\":\"Accueil\",\"item\":\"https:\\\/\\\/amd-incontinence.com\\\/deutsch\\\/\"},{\"@type\":\"ListItem\",\"position\":2,\"name\":\"Produkte\",\"item\":\"https:\\\/\\\/amd-incontinence.com\\\/deutsch\\\/shop\\\/\"},{\"@type\":\"ListItem\",\"position\":3,\"name\":\"amd Form\"}]},{\"@type\":\"WebSite\",\"@id\":\"https:\\\/\\\/amd-incontinence.com\\\/deutsch\\\/#website\",\"url\":\"https:\\\/\\\/amd-incontinence.com\\\/deutsch\\\/\",\"name\":\"AMD - Activ Medical Disposable\",\"description\":\"\",\"potentialAction\":[{\"@type\":\"SearchAction\",\"target\":{\"@type\":\"EntryPoint\",\"urlTemplate\":\"https:\\\/\\\/amd-incontinence.com\\\/deutsch\\\/?s={search_term_string}\"},\"query-input\":{\"@type\":\"PropertyValueSpecification\",\"valueRequired\":true,\"valueName\":\"search_term_string\"}}],\"inLanguage\":\"de\"}]}<\/script>\n<!-- \/ Yoast SEO plugin. -->","yoast_head_json":{"title":"amd Form - AMD - Activ Medical Disposable","robots":{"index":"index","follow":"follow","max-snippet":"max-snippet:-1","max-image-preview":"max-image-preview:large","max-video-preview":"max-video-preview:-1"},"canonical":"https:\/\/amd-incontinence.com\/deutsch\/produkte\/amd-form\/","og_locale":"de_DE","og_type":"article","og_title":"amd Form - AMD - Activ Medical Disposable","og_description":"Anatomisch geformter Schutz. Atmungsaktiv. Wird mit einer Fixierhose getragen, bei mittlerer bis starker Blasenschw\u00e4che.","og_url":"https:\/\/amd-incontinence.com\/deutsch\/produkte\/amd-form\/","og_site_name":"AMD - Activ Medical Disposable","article_modified_time":"2018-06-05T09:58:06+00:00","og_image":[{"width":678,"height":678,"url":"https:\/\/amd-incontinence.com\/deutsch\/wp-content\/uploads\/sites\/3\/2017\/10\/amd-form.jpg","type":"image\/jpeg"}],"twitter_card":"summary_large_image","twitter_misc":{"Gesch\u00e4tzte Lesezeit":"2\u00a0Minuten"},"schema":{"@context":"https:\/\/schema.org","@graph":[{"@type":"WebPage","@id":"https:\/\/amd-incontinence.com\/deutsch\/produkte\/amd-form\/","url":"https:\/\/amd-incontinence.com\/deutsch\/produkte\/amd-form\/","name":"amd Form - AMD - Activ Medical Disposable","isPartOf":{"@id":"https:\/\/amd-incontinence.com\/deutsch\/#website"},"primaryImageOfPage":{"@id":"https:\/\/amd-incontinence.com\/deutsch\/produkte\/amd-form\/#primaryimage"},"image":{"@id":"https:\/\/amd-incontinence.com\/deutsch\/produkte\/amd-form\/#primaryimage"},"thumbnailUrl":"https:\/\/amd-incontinence.com\/deutsch\/wp-content\/uploads\/sites\/3\/2017\/10\/amd-form.jpg","datePublished":"2017-10-23T12:16:47+00:00","dateModified":"2018-06-05T09:58:06+00:00","breadcrumb":{"@id":"https:\/\/amd-incontinence.com\/deutsch\/produkte\/amd-form\/#breadcrumb"},"inLanguage":"de","potentialAction":[{"@type":"ReadAction","target":["https:\/\/amd-incontinence.com\/deutsch\/produkte\/amd-form\/"]}]},{"@type":"ImageObject","inLanguage":"de","@id":"https:\/\/amd-incontinence.com\/deutsch\/produkte\/amd-form\/#primaryimage","url":"https:\/\/amd-incontinence.com\/deutsch\/wp-content\/uploads\/sites\/3\/2017\/10\/amd-form.jpg","contentUrl":"https:\/\/amd-incontinence.com\/deutsch\/wp-content\/uploads\/sites\/3\/2017\/10\/amd-form.jpg","width":678,"height":678,"caption":"amd Form"},{"@type":"BreadcrumbList","@id":"https:\/\/amd-incontinence.com\/deutsch\/produkte\/amd-form\/#breadcrumb","itemListElement":[{"@type":"ListItem","position":1,"name":"Accueil","item":"https:\/\/amd-incontinence.com\/deutsch\/"},{"@type":"ListItem","position":2,"name":"Produkte","item":"https:\/\/amd-incontinence.com\/deutsch\/shop\/"},{"@type":"ListItem","position":3,"name":"amd Form"}]},{"@type":"WebSite","@id":"https:\/\/amd-incontinence.com\/deutsch\/#website","url":"https:\/\/amd-incontinence.com\/deutsch\/","name":"AMD - Activ Medical Disposable","description":"","potentialAction":[{"@type":"SearchAction","target":{"@type":"EntryPoint","urlTemplate":"https:\/\/amd-incontinence.com\/deutsch\/?s={search_term_string}"},"query-input":{"@type":"PropertyValueSpecification","valueRequired":true,"valueName":"search_term_string"}}],"inLanguage":"de"}]}},"_links":{"self":[{"href":"https:\/\/amd-incontinence.com\/deutsch\/wp-json\/wp\/v2\/product\/131","targetHints":{"allow":["GET"]}}],"collection":[{"href":"https:\/\/amd-incontinence.com\/deutsch\/wp-json\/wp\/v2\/product"}],"about":[{"href":"https:\/\/amd-incontinence.com\/deutsch\/wp-json\/wp\/v2\/types\/product"}],"wp:featuredmedia":[{"embeddable":true,"href":"https:\/\/amd-incontinence.com\/deutsch\/wp-json\/wp\/v2\/media\/153"}],"wp:attachment":[{"href":"https:\/\/amd-incontinence.com\/deutsch\/wp-json\/wp\/v2\/media?parent=131"}],"wp:term":[{"taxonomy":"product_brand","embeddable":true,"href":"https:\/\/amd-incontinence.com\/deutsch\/wp-json\/wp\/v2\/product_brand?post=131"},{"taxonomy":"product_cat","embeddable":true,"href":"https:\/\/amd-incontinence.com\/deutsch\/wp-json\/wp\/v2\/product_cat?post=131"},{"taxonomy":"product_tag","embeddable":true,"href":"https:\/\/amd-incontinence.com\/deutsch\/wp-json\/wp\/v2\/product_tag?post=131"}],"curies":[{"name":"wp","href":"https:\/\/api.w.org\/{rel}","templated":true}]}}