{"id":132,"date":"2017-10-23T14:17:31","date_gmt":"2017-10-23T12:17:31","guid":{"rendered":"http:\/\/amd-incontinence.com\/deutsch\/?post_type=product&#038;p=132"},"modified":"2018-06-05T11:59:01","modified_gmt":"2018-06-05T09:59:01","slug":"amd-slip","status":"publish","type":"product","link":"https:\/\/amd-incontinence.com\/deutsch\/produkte\/amd-slip\/","title":{"rendered":"amd Slip"},"content":{"rendered":"[vc_row type=&#8220;full_width_content&#8220; full_screen_row_position=&#8220;middle&#8220; scene_position=&#8220;center&#8220; text_color=&#8220;dark&#8220; text_align=&#8220;left&#8220; overlay_strength=&#8220;0.3&#8243; shape_divider_position=&#8220;bottom&#8220;][vc_column column_padding=&#8220;no-extra-padding&#8220; column_padding_position=&#8220;all&#8220; background_color_opacity=&#8220;1&#8243; background_hover_color_opacity=&#8220;1&#8243; column_shadow=&#8220;none&#8220; column_border_radius=&#8220;none&#8220; width=&#8220;1\/1&#8243; tablet_text_alignment=&#8220;default&#8220; phone_text_alignment=&#8220;default&#8220; column_border_width=&#8220;none&#8220; column_border_style=&#8220;solid&#8220;][vc_column_text]Die Schutzhose amd slip ist f\u00fcr Personen mit eingeschr\u00e4nkter Mobilit\u00e4t geeignet, die unter starker bis sehr starker Inkontinenz leiden.<br \/>\nDieser anschmiegsame Schutz besitzt ein dreifaches, sehr leistungsstarkes Saugkissen f\u00fcr eine schnelle Verteilung des Harns und ein sofortiges Gef\u00fchl der Trockenheit. Ein ultrabreites Saugkissen. Es sch\u00fctzt die Haut vor Reizstoffen aus dem Harn. Ein ultrabreites Saugkissen, ein feuchtigkeitsabweisender integraler Auslaufschutz bei Stuhlinkontinenz garantieren maximale Sicherheit. Das \u201eOdour free\u201c-System neutralisiert Ger\u00fcche.<br \/>\nSein &#8222;atmungsaktives&#8220; Seitenvlies, seine geschmeidige und weiche Au\u00dfenseite aus undurchl\u00e4ssigem Vliesstoff mit Textilgef\u00fchl sorgen f\u00fcr Komfort und Wohlbefinden und sch\u00fctzen die Haut.<br \/>\nElastischer Bund vorne und hinten, 4 frei positionierbare Klettverschl\u00fcsse, ergonomischer Schnitt: das Anziehen ist einfach und erm\u00f6glicht eine perfekte Anpassung an die Morphologie der unter Inkontinenz leidenden Person.<\/p>\n<ul>\n<li>Integraler Schutz, schnelles Aufsaugen und umfassende Sicherheit<\/li>\n<li>Einfaches Anziehen und perfekte Anpassung<\/li>\n<li>Einfache Erkennung: Gr\u00f6\u00dfe und Saugkraft<\/li>\n<li>Feuchtigkeitsanzeige: sofortige Beurteilung des S\u00e4ttigungsgrads der Schutzhose<\/li>\n<\/ul>\n[\/vc_column_text][tabbed_section style=&#8220;default&#8220; alignment=&#8220;left&#8220; spacing=&#8220;default&#8220; tab_color=&#8220;Accent-Color&#8220;][tab icon_family=&#8220;none&#8220; title=&#8220;Produktsortiment&#8220; id=&#8220;1510758194880-707eb-b84b&#8220; tab_id=&#8220;1510854226529-10&#8243;][vc_column_text]\n<div class=\"col-gam2\">\n<div class=\"cont-gam2\">\n<p class=\"titre-gam2\">Saugkraft<\/p>\n<p class=\"titre-gam2\">Gr\u00f6\u00dfe<\/p>\n<\/div>\n<div class=\"cont-gam2\">\n<p><img loading=\"lazy\" decoding=\"async\" class=\"alignnone size-full wp-image-233\" src=\"http:\/\/amd-incontinence.com\/wp-content\/uploads\/sites\/3\/2017\/10\/ico-normal.png\" alt=\"Absorption normal\" width=\"110\" height=\"112\" \/><\/p>\n<div class=\"tab-gam2\">\n<table>\n<tbody>\n<tr>\n<td>medium<\/td>\n<\/tr>\n<tr>\n<td>large<\/td>\n<\/tr>\n<\/tbody>\n<\/table>\n<\/div>\n<\/div>\n<div class=\"cont-gam2\">\n<p><img loading=\"lazy\" decoding=\"async\" class=\"alignnone size-full wp-image-230\" src=\"http:\/\/amd-incontinence.com\/wp-content\/uploads\/sites\/3\/2017\/10\/ico-extra.png\" alt=\"Absorption extra\" width=\"110\" height=\"112\" \/><\/p>\n<div class=\"tab-gam2\">\n<table>\n<tbody>\n<tr>\n<td>small<\/td>\n<\/tr>\n<tr>\n<td>medium<\/td>\n<\/tr>\n<tr>\n<td>large<\/td>\n<\/tr>\n<tr>\n<td>x large<\/td>\n<\/tr>\n<\/tbody>\n<\/table>\n<\/div>\n<\/div>\n<div class=\"cont-gam2\">\n<p><img loading=\"lazy\" decoding=\"async\" class=\"alignnone size-full wp-image-234\" src=\"http:\/\/amd-incontinence.com\/wp-content\/uploads\/sites\/3\/2017\/10\/ico-super.png\" alt=\"Absorption super\" width=\"110\" height=\"112\" \/><\/p>\n<div class=\"tab-gam2\">\n<table>\n<tbody>\n<tr>\n<td>medium<\/td>\n<\/tr>\n<tr>\n<td>large<\/td>\n<\/tr>\n<\/tbody>\n<\/table>\n<\/div>\n<\/div>\n<\/div>\n<div class=\"col-gam2\">\n<div class=\"cont-gam2\">\n<p class=\"titre-gam2\">Saugkraft<\/p>\n<p class=\"titre-gam2\">Gr\u00f6\u00dfe<\/p>\n<\/div>\n<div class=\"cont-gam2\">\n<p><img loading=\"lazy\" decoding=\"async\" class=\"aligncenter size-full wp-image-231\" src=\"http:\/\/amd-incontinence.com\/wp-content\/uploads\/sites\/3\/2017\/10\/ico-maxi.png\" alt=\"Absorption maxi\" width=\"110\" height=\"112\" \/><\/p>\n<div class=\"tab-gam2\">\n<table>\n<tbody>\n<tr>\n<td>small<\/td>\n<\/tr>\n<tr>\n<td>medium<\/td>\n<\/tr>\n<tr>\n<td>large<\/td>\n<\/tr>\n<tr>\n<td>x large<\/td>\n<\/tr>\n<\/tbody>\n<\/table>\n<\/div>\n<\/div>\n<div class=\"cont-gam2\">\n<p><img loading=\"lazy\" decoding=\"async\" class=\"alignnone size-full wp-image-232\" src=\"http:\/\/amd-incontinence.com\/wp-content\/uploads\/sites\/3\/2017\/10\/ico-maxi-plus.png\" alt=\"Absorption maxi +\" width=\"110\" height=\"112\" \/><\/p>\n<div class=\"tab-gam2\">\n<table>\n<tbody>\n<tr>\n<td>medium<\/td>\n<\/tr>\n<tr>\n<td>large<\/td>\n<\/tr>\n<tr>\n<td>x large<\/td>\n<\/tr>\n<\/tbody>\n<\/table>\n<\/div>\n<\/div>\n<\/div>\n[\/vc_column_text][\/tab][tab icon_family=&#8220;none&#8220; title=&#8220;Technologie +&#8220; id=&#8220;1510758194958-1007eb-b84b&#8220; tab_id=&#8220;1510854226586-7&#8243;][vc_column_text]\n<div class=\"undemi\">\n<table class=\"tab-techno\">\n<tbody>\n<tr>\n<td><img loading=\"lazy\" decoding=\"async\" class=\"alignnone\" src=\"http:\/\/amd-incontinence.com\/wp-content\/uploads\/sites\/3\/2017\/11\/picto-new-core-concept-100x100.png\" alt=\"New core concept\" width=\"58\" height=\"58\" \/><\/td>\n<td>KONZEPT MIT NEUEM SAUGKERN<br \/>\nNeue Technologie: optimal gesicherte Absorptionszone. Schnelle und vollst\u00e4ndige Weiterleitung der Fl\u00fcssigkeiten zum Saugkissen. Leistungsgarantie: N\u00e4sseschutz.<\/td>\n<\/tr>\n<tr>\n<td><img loading=\"lazy\" decoding=\"async\" class=\"alignnone\" src=\"http:\/\/amd-incontinence.com\/wp-content\/uploads\/sites\/3\/2017\/11\/picto-leakage-barrier-100x100.png\" alt=\"Auslaufschutz\" width=\"58\" height=\"58\" \/><\/td>\n<td>AUSLAUFSCHUTZ<br \/>\nIntegraler, n\u00e4sseabweisender Auslaufschutz. Der hohe Auslaufschutz garantiert eine optimale Sicherheit.<\/td>\n<\/tr>\n<tr>\n<td><img loading=\"lazy\" decoding=\"async\" class=\"alignnone\" src=\"http:\/\/amd-incontinence.com\/wp-content\/uploads\/sites\/3\/2017\/11\/picto-breathable-100x100.png\" alt=\"Atmungsaktiv\" width=\"58\" height=\"58\" \/><\/td>\n<td>ATMUNGSAKTIV<br \/>\nAtmungsaktiver Vliesstoff. Der luftdurchl\u00e4ssige Stoff beg\u00fcnstigt die Atmung der Haut. Sch\u00fctzt vor Hautirritationen.<\/td>\n<\/tr>\n<tr>\n<td><img loading=\"lazy\" decoding=\"async\" class=\"alignnone\" src=\"http:\/\/amd-incontinence.com\/wp-content\/uploads\/sites\/3\/2017\/11\/picto-odour-free-100x100.png\" alt=\"Geruchsbindend\" width=\"58\" height=\"58\" \/><\/td>\n<td>ODOUR FREE<br \/>\nLeistungsstarker Geruchsbinder. Verhindert die Freisetzung von Ger\u00fcchen. Erh\u00e4lt den pH-Wert der Haut.<\/td>\n<\/tr>\n<\/tbody>\n<\/table>\n<\/div>\n<div class=\"undemi\">\n<table class=\"tab-techno\">\n<tbody>\n<tr>\n<td><img loading=\"lazy\" decoding=\"async\" class=\"alignnone\" src=\"http:\/\/amd-incontinence.com\/wp-content\/uploads\/sites\/3\/2017\/11\/picto-cotton-feel-100x100.png\" alt=\"Cotton feel\" width=\"58\" height=\"58\" \/><\/td>\n<td>COTTON FEEL<br \/>\nUltraweiche Au\u00dfenseite aus Vliesstoff. Echtes Textilgef\u00fchl. Leichter und ger\u00e4uscharmer Schutz.<\/td>\n<\/tr>\n<tr>\n<td><img loading=\"lazy\" decoding=\"async\" class=\"alignnone\" src=\"http:\/\/amd-incontinence.com\/wp-content\/uploads\/sites\/3\/2017\/11\/picto-elastic-100x100.png\" alt=\"Elastisch\" width=\"58\" height=\"58\" \/><\/td>\n<td>ELASTISCH<br \/>\nUltraweicher, hypoallergener elastischer Bund ausschlie\u00dflich aus Lycraf\u00e4den. Leistungsstarkes, dehnbares Band, passt sich perfekt der K\u00f6rperform an, sorgt f\u00fcr einen perfekten Sitz. Latexfrei.<\/td>\n<\/tr>\n<tr>\n<td><img loading=\"lazy\" decoding=\"async\" class=\"alignnone\" src=\"http:\/\/amd-incontinence.com\/wp-content\/uploads\/sites\/3\/2017\/10\/picto-dermatologique-100x100.png\" alt=\"Dermatologisch getestet\" width=\"58\" height=\"58\" \/><\/td>\n<td>DERMATOLOGISCH GETESTET<br \/>\nUnsere gesamten Schutzprodukte tragen das Label &#8222;Dermatologisch getestet&#8220;, um Ihr Wohlbefinden zu garantieren.<\/td>\n<\/tr>\n<\/tbody>\n<\/table>\n<\/div>\n[\/vc_column_text][\/tab][tab icon_family=&#8220;none&#8220; title=&#8220;Anwendung&#8220; id=&#8220;1510758195051-907eb-b84b&#8220; tab_id=&#8220;1510854226659-7&#8243;][vc_column_text]\n<div class=\"techpos col span_12\">\n<div class=\"row\">\n<div class=\"col span_1\"><b class=\"cerclenum\">1<\/b><\/div>\n<div class=\"col span_5\">Die Schutzhose amd slip \u00f6ffnen und der L\u00e4nge nach in der Mitte falten. Die Schalenform bildet sich automatisch, der Auslaufschutz stellt sich auf, das Produkt nimmt seine anatomische Form an.<\/div>\n<div class=\"col span_6\"><img loading=\"lazy\" decoding=\"async\" src=\"http:\/\/amd-incontinence.com\/wp-content\/uploads\/sites\/3\/2017\/11\/ouvrir-protection-amd-slip\" alt=\"Die Schutzhose amd slip \u00f6ffnen\" width=\"90\" height=\"90\" class=\"aligncenter size-full wp-image-250\" \/><\/div>\n<\/div>\n<div class=\"row\">\n<div class=\"col span_1\"><b class=\"cerclenum\">2<\/b><\/div>\n<div class=\"col span_5\">Positionieren Sie die Klebestreifen hinten. Schieben Sie die Schutzhose von vorne nach hinten zwischen die Beine<\/div>\n<div class=\"col span_6\"><img loading=\"lazy\" decoding=\"async\" src=\"https:\/\/amd-incontinence.com\/deutsch\/wp-content\/uploads\/sites\/3\/2018\/05\/Anwendung-1-amd-slip.png\" alt=\"Positionieren Sie die Klebestreifen hinten\" width=\"220\" height=\"110\" class=\"alignnone size-full wp-image-249\" \/><\/div>\n<\/div>\n<div class=\"row\">\n<div class=\"col span_1\"><b class=\"cerclenum\">3<\/b><\/div>\n<div class=\"col span_5\">Ziehen Sie die Schutzhose zurecht und klappen Sie die Seitenfl\u00fcgel nach vorne um.<\/div>\n<div class=\"col span_6\"><img loading=\"lazy\" decoding=\"async\" src=\"https:\/\/amd-incontinence.com\/deutsch\/wp-content\/uploads\/sites\/3\/2018\/05\/Anwendung-2-amd-slip.png\" alt=\"Ziehen Sie die Schutzhose zurecht\" width=\"220\" height=\"110\" class=\"alignnone size-full wp-image-252\" \/><\/div>\n<\/div>\n<div class=\"row\">\n<div class=\"col span_1\"><b class=\"cerclenum\">4<\/b><\/div>\n<div class=\"col span_5\">Kleben Sie die doppelten Klebestreifen fest.<br \/>\n1) Untere Klebestreifen = horizontal oder leicht schr\u00e4g nach oben<br \/>\n2) Obere Klebestreifen = schr\u00e4g nach unten.<\/div>\n<div class=\"col span_6\"><img loading=\"lazy\" decoding=\"async\" src=\"https:\/\/amd-incontinence.com\/deutsch\/wp-content\/uploads\/sites\/3\/2018\/05\/Anwendung-3-amd-slip.png\" alt=\"Kleben Sie die doppelten Klebestreifen fest\" width=\"220\" height=\"110\" class=\"alignnone size-full wp-image-247\" \/><\/div>\n<\/div>\n<\/div>\n[\/vc_column_text][\/tab][\/tabbed_section][\/vc_column][\/vc_row]\n","protected":false},"excerpt":{"rendered":"<p>Schutzhose f\u00fcr Erwachsene. Optimaler Rundum-Schutz.<br \/>\nGeeignet f\u00fcr die Pflege von Personen mit eingeschr\u00e4nkter Mobilit\u00e4t.<br \/>\n<span>Bei starker bis sehr starker Blasenschw\u00e4che.<\/span><\/p>\n","protected":false},"featured_media":148,"template":"","meta":[],"product_brand":[],"product_cat":[33],"product_tag":[],"class_list":{"0":"post-132","1":"product","2":"type-product","3":"status-publish","4":"has-post-thumbnail","6":"product_cat-amd-produkte","8":"first","9":"instock","10":"shipping-taxable","11":"product-type-simple"},"yoast_head":"<!-- This site is optimized with the Yoast SEO plugin v27.3 - https:\/\/yoast.com\/product\/yoast-seo-wordpress\/ -->\n<title>amd Slip - AMD - Activ Medical Disposable<\/title>\n<meta name=\"robots\" content=\"index, follow, max-snippet:-1, max-image-preview:large, max-video-preview:-1\" \/>\n<link rel=\"canonical\" href=\"https:\/\/amd-incontinence.com\/deutsch\/produkte\/amd-slip\/\" \/>\n<meta property=\"og:locale\" content=\"de_DE\" \/>\n<meta property=\"og:type\" content=\"article\" \/>\n<meta property=\"og:title\" content=\"amd Slip - AMD - Activ Medical Disposable\" \/>\n<meta property=\"og:description\" content=\"Schutzhose f\u00fcr Erwachsene. Optimaler Rundum-Schutz. Geeignet f\u00fcr die Pflege von Personen mit eingeschr\u00e4nkter Mobilit\u00e4t. Bei starker bis sehr starker Blasenschw\u00e4che.\" \/>\n<meta property=\"og:url\" content=\"https:\/\/amd-incontinence.com\/deutsch\/produkte\/amd-slip\/\" \/>\n<meta property=\"og:site_name\" content=\"AMD - Activ Medical Disposable\" \/>\n<meta property=\"article:modified_time\" content=\"2018-06-05T09:59:01+00:00\" \/>\n<meta property=\"og:image\" content=\"https:\/\/amd-incontinence.com\/deutsch\/wp-content\/uploads\/sites\/3\/2017\/10\/amd-slip.jpg\" \/>\n\t<meta property=\"og:image:width\" content=\"678\" \/>\n\t<meta property=\"og:image:height\" content=\"678\" \/>\n\t<meta property=\"og:image:type\" content=\"image\/jpeg\" \/>\n<meta name=\"twitter:card\" content=\"summary_large_image\" \/>\n<meta name=\"twitter:label1\" content=\"Gesch\u00e4tzte Lesezeit\" \/>\n\t<meta name=\"twitter:data1\" content=\"3\u00a0Minuten\" \/>\n<script type=\"application\/ld+json\" class=\"yoast-schema-graph\">{\"@context\":\"https:\\\/\\\/schema.org\",\"@graph\":[{\"@type\":\"WebPage\",\"@id\":\"https:\\\/\\\/amd-incontinence.com\\\/deutsch\\\/produkte\\\/amd-slip\\\/\",\"url\":\"https:\\\/\\\/amd-incontinence.com\\\/deutsch\\\/produkte\\\/amd-slip\\\/\",\"name\":\"amd Slip - AMD - Activ Medical Disposable\",\"isPartOf\":{\"@id\":\"https:\\\/\\\/amd-incontinence.com\\\/deutsch\\\/#website\"},\"primaryImageOfPage\":{\"@id\":\"https:\\\/\\\/amd-incontinence.com\\\/deutsch\\\/produkte\\\/amd-slip\\\/#primaryimage\"},\"image\":{\"@id\":\"https:\\\/\\\/amd-incontinence.com\\\/deutsch\\\/produkte\\\/amd-slip\\\/#primaryimage\"},\"thumbnailUrl\":\"https:\\\/\\\/amd-incontinence.com\\\/deutsch\\\/wp-content\\\/uploads\\\/sites\\\/3\\\/2017\\\/10\\\/amd-slip.jpg\",\"datePublished\":\"2017-10-23T12:17:31+00:00\",\"dateModified\":\"2018-06-05T09:59:01+00:00\",\"breadcrumb\":{\"@id\":\"https:\\\/\\\/amd-incontinence.com\\\/deutsch\\\/produkte\\\/amd-slip\\\/#breadcrumb\"},\"inLanguage\":\"de\",\"potentialAction\":[{\"@type\":\"ReadAction\",\"target\":[\"https:\\\/\\\/amd-incontinence.com\\\/deutsch\\\/produkte\\\/amd-slip\\\/\"]}]},{\"@type\":\"ImageObject\",\"inLanguage\":\"de\",\"@id\":\"https:\\\/\\\/amd-incontinence.com\\\/deutsch\\\/produkte\\\/amd-slip\\\/#primaryimage\",\"url\":\"https:\\\/\\\/amd-incontinence.com\\\/deutsch\\\/wp-content\\\/uploads\\\/sites\\\/3\\\/2017\\\/10\\\/amd-slip.jpg\",\"contentUrl\":\"https:\\\/\\\/amd-incontinence.com\\\/deutsch\\\/wp-content\\\/uploads\\\/sites\\\/3\\\/2017\\\/10\\\/amd-slip.jpg\",\"width\":678,\"height\":678,\"caption\":\"amd Slip\"},{\"@type\":\"BreadcrumbList\",\"@id\":\"https:\\\/\\\/amd-incontinence.com\\\/deutsch\\\/produkte\\\/amd-slip\\\/#breadcrumb\",\"itemListElement\":[{\"@type\":\"ListItem\",\"position\":1,\"name\":\"Accueil\",\"item\":\"https:\\\/\\\/amd-incontinence.com\\\/deutsch\\\/\"},{\"@type\":\"ListItem\",\"position\":2,\"name\":\"Produkte\",\"item\":\"https:\\\/\\\/amd-incontinence.com\\\/deutsch\\\/shop\\\/\"},{\"@type\":\"ListItem\",\"position\":3,\"name\":\"amd Slip\"}]},{\"@type\":\"WebSite\",\"@id\":\"https:\\\/\\\/amd-incontinence.com\\\/deutsch\\\/#website\",\"url\":\"https:\\\/\\\/amd-incontinence.com\\\/deutsch\\\/\",\"name\":\"AMD - Activ Medical Disposable\",\"description\":\"\",\"potentialAction\":[{\"@type\":\"SearchAction\",\"target\":{\"@type\":\"EntryPoint\",\"urlTemplate\":\"https:\\\/\\\/amd-incontinence.com\\\/deutsch\\\/?s={search_term_string}\"},\"query-input\":{\"@type\":\"PropertyValueSpecification\",\"valueRequired\":true,\"valueName\":\"search_term_string\"}}],\"inLanguage\":\"de\"}]}<\/script>\n<!-- \/ Yoast SEO plugin. -->","yoast_head_json":{"title":"amd Slip - AMD - Activ Medical Disposable","robots":{"index":"index","follow":"follow","max-snippet":"max-snippet:-1","max-image-preview":"max-image-preview:large","max-video-preview":"max-video-preview:-1"},"canonical":"https:\/\/amd-incontinence.com\/deutsch\/produkte\/amd-slip\/","og_locale":"de_DE","og_type":"article","og_title":"amd Slip - AMD - Activ Medical Disposable","og_description":"Schutzhose f\u00fcr Erwachsene. Optimaler Rundum-Schutz. Geeignet f\u00fcr die Pflege von Personen mit eingeschr\u00e4nkter Mobilit\u00e4t. Bei starker bis sehr starker Blasenschw\u00e4che.","og_url":"https:\/\/amd-incontinence.com\/deutsch\/produkte\/amd-slip\/","og_site_name":"AMD - Activ Medical Disposable","article_modified_time":"2018-06-05T09:59:01+00:00","og_image":[{"width":678,"height":678,"url":"https:\/\/amd-incontinence.com\/deutsch\/wp-content\/uploads\/sites\/3\/2017\/10\/amd-slip.jpg","type":"image\/jpeg"}],"twitter_card":"summary_large_image","twitter_misc":{"Gesch\u00e4tzte Lesezeit":"3\u00a0Minuten"},"schema":{"@context":"https:\/\/schema.org","@graph":[{"@type":"WebPage","@id":"https:\/\/amd-incontinence.com\/deutsch\/produkte\/amd-slip\/","url":"https:\/\/amd-incontinence.com\/deutsch\/produkte\/amd-slip\/","name":"amd Slip - AMD - Activ Medical Disposable","isPartOf":{"@id":"https:\/\/amd-incontinence.com\/deutsch\/#website"},"primaryImageOfPage":{"@id":"https:\/\/amd-incontinence.com\/deutsch\/produkte\/amd-slip\/#primaryimage"},"image":{"@id":"https:\/\/amd-incontinence.com\/deutsch\/produkte\/amd-slip\/#primaryimage"},"thumbnailUrl":"https:\/\/amd-incontinence.com\/deutsch\/wp-content\/uploads\/sites\/3\/2017\/10\/amd-slip.jpg","datePublished":"2017-10-23T12:17:31+00:00","dateModified":"2018-06-05T09:59:01+00:00","breadcrumb":{"@id":"https:\/\/amd-incontinence.com\/deutsch\/produkte\/amd-slip\/#breadcrumb"},"inLanguage":"de","potentialAction":[{"@type":"ReadAction","target":["https:\/\/amd-incontinence.com\/deutsch\/produkte\/amd-slip\/"]}]},{"@type":"ImageObject","inLanguage":"de","@id":"https:\/\/amd-incontinence.com\/deutsch\/produkte\/amd-slip\/#primaryimage","url":"https:\/\/amd-incontinence.com\/deutsch\/wp-content\/uploads\/sites\/3\/2017\/10\/amd-slip.jpg","contentUrl":"https:\/\/amd-incontinence.com\/deutsch\/wp-content\/uploads\/sites\/3\/2017\/10\/amd-slip.jpg","width":678,"height":678,"caption":"amd Slip"},{"@type":"BreadcrumbList","@id":"https:\/\/amd-incontinence.com\/deutsch\/produkte\/amd-slip\/#breadcrumb","itemListElement":[{"@type":"ListItem","position":1,"name":"Accueil","item":"https:\/\/amd-incontinence.com\/deutsch\/"},{"@type":"ListItem","position":2,"name":"Produkte","item":"https:\/\/amd-incontinence.com\/deutsch\/shop\/"},{"@type":"ListItem","position":3,"name":"amd Slip"}]},{"@type":"WebSite","@id":"https:\/\/amd-incontinence.com\/deutsch\/#website","url":"https:\/\/amd-incontinence.com\/deutsch\/","name":"AMD - Activ Medical Disposable","description":"","potentialAction":[{"@type":"SearchAction","target":{"@type":"EntryPoint","urlTemplate":"https:\/\/amd-incontinence.com\/deutsch\/?s={search_term_string}"},"query-input":{"@type":"PropertyValueSpecification","valueRequired":true,"valueName":"search_term_string"}}],"inLanguage":"de"}]}},"_links":{"self":[{"href":"https:\/\/amd-incontinence.com\/deutsch\/wp-json\/wp\/v2\/product\/132","targetHints":{"allow":["GET"]}}],"collection":[{"href":"https:\/\/amd-incontinence.com\/deutsch\/wp-json\/wp\/v2\/product"}],"about":[{"href":"https:\/\/amd-incontinence.com\/deutsch\/wp-json\/wp\/v2\/types\/product"}],"wp:featuredmedia":[{"embeddable":true,"href":"https:\/\/amd-incontinence.com\/deutsch\/wp-json\/wp\/v2\/media\/148"}],"wp:attachment":[{"href":"https:\/\/amd-incontinence.com\/deutsch\/wp-json\/wp\/v2\/media?parent=132"}],"wp:term":[{"taxonomy":"product_brand","embeddable":true,"href":"https:\/\/amd-incontinence.com\/deutsch\/wp-json\/wp\/v2\/product_brand?post=132"},{"taxonomy":"product_cat","embeddable":true,"href":"https:\/\/amd-incontinence.com\/deutsch\/wp-json\/wp\/v2\/product_cat?post=132"},{"taxonomy":"product_tag","embeddable":true,"href":"https:\/\/amd-incontinence.com\/deutsch\/wp-json\/wp\/v2\/product_tag?post=132"}],"curies":[{"name":"wp","href":"https:\/\/api.w.org\/{rel}","templated":true}]}}