{"id":133,"date":"2017-10-23T14:18:23","date_gmt":"2017-10-23T12:18:23","guid":{"rendered":"http:\/\/amd-incontinence.com\/deutsch\/?post_type=product&#038;p=133"},"modified":"2024-06-27T14:50:47","modified_gmt":"2024-06-27T12:50:47","slug":"amd-pad","status":"publish","type":"product","link":"https:\/\/amd-incontinence.com\/deutsch\/produkte\/amd-pad\/","title":{"rendered":"amd Pad"},"content":{"rendered":"[vc_row type=&#8220;full_width_content&#8220; full_screen_row_position=&#8220;middle&#8220; column_margin=&#8220;default&#8220; column_direction=&#8220;default&#8220; column_direction_tablet=&#8220;default&#8220; column_direction_phone=&#8220;default&#8220; scene_position=&#8220;center&#8220; text_color=&#8220;dark&#8220; text_align=&#8220;left&#8220; row_border_radius=&#8220;none&#8220; row_border_radius_applies=&#8220;bg&#8220; overflow=&#8220;visible&#8220; overlay_strength=&#8220;0.3&#8243; gradient_direction=&#8220;left_to_right&#8220; shape_divider_position=&#8220;bottom&#8220; bg_image_animation=&#8220;none&#8220;][vc_column column_padding=&#8220;no-extra-padding&#8220; column_padding_tablet=&#8220;inherit&#8220; column_padding_phone=&#8220;inherit&#8220; column_padding_position=&#8220;all&#8220; column_element_direction_desktop=&#8220;default&#8220; column_element_spacing=&#8220;default&#8220; desktop_text_alignment=&#8220;default&#8220; tablet_text_alignment=&#8220;default&#8220; phone_text_alignment=&#8220;default&#8220; background_color_opacity=&#8220;1&#8243; background_hover_color_opacity=&#8220;1&#8243; column_backdrop_filter=&#8220;none&#8220; column_shadow=&#8220;none&#8220; column_border_radius=&#8220;none&#8220; column_link_target=&#8220;_self&#8220; column_position=&#8220;default&#8220; gradient_direction=&#8220;left_to_right&#8220; overlay_strength=&#8220;0.3&#8243; width=&#8220;1\/1&#8243; tablet_width_inherit=&#8220;default&#8220; animation_type=&#8220;default&#8220; bg_image_animation=&#8220;none&#8220; border_type=&#8220;simple&#8220; column_border_width=&#8220;none&#8220; column_border_style=&#8220;solid&#8220;][vc_column_text]AMD PAD bietet ein umfassendes Sortiment an Einmalunterlagen zum Schutz von Betten oder St\u00fchlen.<br \/>\nDiese hypoallergenen, weichen und mit einem undurchl\u00e4ssigen Vlies ausgestatteten Unterlagen eignen sich f\u00fcr inkontinente bettl\u00e4gerige Personen oder Personen im Rollstuhl. Sie sind in verschiedenen Gr\u00f6\u00dfen und Saugst\u00e4rken erh\u00e4ltlich.[\/vc_column_text][tabbed_section style=&#8220;default&#8220; tab_change_animation=&#8220;fade&#8220; alignment=&#8220;left&#8220; spacing=&#8220;default&#8220; tab_color=&#8220;Accent-Color&#8220; vs_content_animation=&#8220;fade&#8220; vs_link_animation=&#8220;opacity&#8220; vs_navigation_alignment=&#8220;left&#8220; vs_navigation_width_2=&#8220;25%&#8220; vs_navigation_func=&#8220;default&#8220; vs_navigation_width=&#8220;regular&#8220; vs_navigation_spacing=&#8220;15px&#8220; vs_navigation_mobile_display=&#8220;visible&#8220; vs_tab_spacing=&#8220;5%&#8220;][tab icon_family=&#8220;none&#8220; title=&#8220;Produktsortiment&#8220; id=&#8220;1719492518705-7&#8243; tab_id=&#8220;1719492518705-6&#8243;][vc_column_text text_direction=&#8220;default&#8220;]\n<div class=\"cont-gam2\">\n<p class=\"titre-gam2\">Gr\u00f6\u00dfe (cm)<\/p>\n<p class=\"titre-gam2\">Saugkraft<\/p>\n<\/div>\n<table class=\"tab-gamme gammepad\">\n<tbody>\n<tr>\n<td>60 x 40 extra<\/td>\n<td><img loading=\"lazy\" decoding=\"async\" src=\"https:\/\/amd-incontinence.com\/deutsch\/wp-content\/uploads\/sites\/3\/2017\/10\/AMDPAD-GOUTTES_EXTRA.png\" alt=\"\" width=\"90\" height=\"46\" class=\"alignnone size-full wp-image-1125\" \/><\/td>\n<td><b class=\"cercle vert\">.<\/b><\/td>\n<\/tr>\n<tr>\n<td>60 x 60 extra<\/td>\n<td><img loading=\"lazy\" decoding=\"async\" src=\"https:\/\/amd-incontinence.com\/deutsch\/wp-content\/uploads\/sites\/3\/2017\/10\/AMDPAD-GOUTTES_EXTRA.png\" alt=\"\" width=\"90\" height=\"46\" class=\"alignnone size-full wp-image-1125\" \/><\/td>\n<td><b class=\"cercle vert\">.<\/b><\/td>\n<\/tr>\n<tr>\n<td>60 x 90 extra<\/td>\n<td><img loading=\"lazy\" decoding=\"async\" src=\"https:\/\/amd-incontinence.com\/deutsch\/wp-content\/uploads\/sites\/3\/2017\/10\/AMDPAD-GOUTTES_EXTRA.png\" alt=\"\" width=\"90\" height=\"46\" class=\"alignnone size-full wp-image-1125\" \/><\/td>\n<td><b class=\"cercle vert\">.<\/b><\/td>\n<\/tr>\n<tr>\n<td>60 x 40 super<\/td>\n<td><img loading=\"lazy\" decoding=\"async\" src=\"https:\/\/amd-incontinence.com\/deutsch\/wp-content\/uploads\/sites\/3\/2017\/10\/AMDPAD-GOUTTES_SUPER.png\" alt=\"\" width=\"90\" height=\"46\" class=\"alignnone size-full wp-image-1126\" \/><\/td>\n<td><b class=\"cercle bleu\">.<\/b><\/td>\n<\/tr>\n<tr>\n<td>60 x 60 super<\/td>\n<td><img loading=\"lazy\" decoding=\"async\" src=\"https:\/\/amd-incontinence.com\/deutsch\/wp-content\/uploads\/sites\/3\/2017\/10\/AMDPAD-GOUTTES_SUPER.png\" alt=\"\" width=\"90\" height=\"46\" class=\"alignnone size-full wp-image-1126\" \/><\/td>\n<td><b class=\"cercle bleu\">.<\/b><\/td>\n<\/tr>\n<tr>\n<td>60 x 75 super<\/td>\n<td><img loading=\"lazy\" decoding=\"async\" src=\"https:\/\/amd-incontinence.com\/deutsch\/wp-content\/uploads\/sites\/3\/2017\/10\/AMDPAD-GOUTTES_SUPER.png\" alt=\"\" width=\"90\" height=\"46\" class=\"alignnone size-full wp-image-1126\" \/><\/td>\n<td><b class=\"cercle bleu\">.<\/b><\/td>\n<\/tr>\n<tr>\n<td>60 x 90 super<\/td>\n<td><img loading=\"lazy\" decoding=\"async\" src=\"https:\/\/amd-incontinence.com\/deutsch\/wp-content\/uploads\/sites\/3\/2017\/10\/AMDPAD-GOUTTES_SUPER.png\" alt=\"\" width=\"90\" height=\"46\" class=\"alignnone size-full wp-image-1126\" \/><\/td>\n<td><b class=\"cercle bleu\">.<\/b><\/td>\n<\/tr>\n<tr>\n<td>180 x 90 super (fixierbar)<\/td>\n<td><img loading=\"lazy\" decoding=\"async\" src=\"https:\/\/amd-incontinence.com\/deutsch\/wp-content\/uploads\/sites\/3\/2017\/10\/AMDPAD-GOUTTES_SUPER.png\" alt=\"\" width=\"90\" height=\"46\" class=\"alignnone size-full wp-image-1126\" \/><\/td>\n<td><b class=\"cercle blanc\"><\/b><\/td>\n<\/tr>\n<\/tbody>\n<\/table>\n[\/vc_column_text][\/tab][tab icon_family=&#8220;none&#8220; title=&#8220;Technologie +&#8220; id=&#8220;1719492518728-1&#8243; tab_id=&#8220;1719492518728-5&#8243;][vc_column_text]\n<div class=\"undemi\">\n<table class=\"tab-techno\">\n<tbody>\n<tr>\n<td><img loading=\"lazy\" decoding=\"async\" class=\"alignnone\" src=\"http:\/\/amd-incontinence.com\/wp-content\/uploads\/sites\/3\/2017\/11\/picto-softness-100x100.png\" alt=\"Zartheit\" width=\"58\" height=\"58\" \/><\/td>\n<td>ZARTHEIT<br \/>\nWeicher hypoallergener Vliesstoff auf der Innenseite f\u00fcr einen maximalen Schutz der Haut.<\/td>\n<\/tr>\n<tr>\n<td><img loading=\"lazy\" decoding=\"async\" class=\"alignnone\" src=\"http:\/\/amd-incontinence.com\/wp-content\/uploads\/sites\/3\/2018\/03\/picto-hygiene-100x100.png\" alt=\"Hygienisch\" width=\"58\" height=\"58\" \/><\/td>\n<td>HYGIENE<br \/>\nUndurchl\u00e4ssig und f\u00fcr den Einmalgebrauch.<\/td>\n<\/tr>\n<\/tbody>\n<\/table>\n<\/div>\n<div class=\"undemi\">\n<table class=\"tab-techno\">\n<tbody>\n<tr>\n<td><img loading=\"lazy\" decoding=\"async\" class=\"alignnone\" src=\"http:\/\/amd-incontinence.com\/wp-content\/uploads\/sites\/3\/2017\/10\/picto-dermatologique-100x100.png\" alt=\"Dermatologisch getestet\" width=\"58\" height=\"58\" \/><\/td>\n<td>DERMATOLOGISCH GETESTET<br \/>\nUnsere gesamten Schutzprodukte tragen das Label \u201eDermatologisch getestet\u201c, um Ihr Wohlbefinden zu garantieren.<\/td>\n<\/tr>\n<\/tbody>\n<\/table>\n<\/div>\n[\/vc_column_text][\/tab][tab icon_family=&#8220;none&#8220; title=&#8220;Anwendung&#8220; id=&#8220;1719492518739-5&#8243; tab_id=&#8220;1719492518739-4&#8243;][vc_column_text]F\u00fcr dieses Produktsortiment gibt es keine Anlegetechnik.[\/vc_column_text][\/tab][\/tabbed_section][\/vc_column][\/vc_row]\n","protected":false},"excerpt":{"rendered":"<p>Einweg-Unterlagen, zum Schutz von Betten und St\u00fchlen.<\/p>\n","protected":false},"featured_media":146,"template":"","meta":[],"product_brand":[],"product_cat":[33],"product_tag":[],"class_list":{"0":"post-133","1":"product","2":"type-product","3":"status-publish","4":"has-post-thumbnail","6":"product_cat-amd-produkte","8":"first","9":"instock","10":"shipping-taxable","11":"product-type-simple"},"yoast_head":"<!-- This site is optimized with the Yoast SEO plugin v27.3 - https:\/\/yoast.com\/product\/yoast-seo-wordpress\/ -->\n<title>amd Pad - AMD - Activ Medical Disposable<\/title>\n<meta name=\"robots\" content=\"index, follow, max-snippet:-1, max-image-preview:large, max-video-preview:-1\" \/>\n<link rel=\"canonical\" href=\"https:\/\/amd-incontinence.com\/deutsch\/produkte\/amd-pad\/\" \/>\n<meta property=\"og:locale\" content=\"de_DE\" \/>\n<meta property=\"og:type\" content=\"article\" \/>\n<meta property=\"og:title\" content=\"amd Pad - AMD - Activ Medical Disposable\" \/>\n<meta property=\"og:description\" content=\"Einweg-Unterlagen, zum Schutz von Betten und St\u00fchlen.\" \/>\n<meta property=\"og:url\" content=\"https:\/\/amd-incontinence.com\/deutsch\/produkte\/amd-pad\/\" \/>\n<meta property=\"og:site_name\" content=\"AMD - Activ Medical Disposable\" \/>\n<meta property=\"article:modified_time\" content=\"2024-06-27T12:50:47+00:00\" \/>\n<meta property=\"og:image\" content=\"https:\/\/amd-incontinence.com\/deutsch\/wp-content\/uploads\/sites\/3\/2017\/10\/amd-pad.jpg\" \/>\n\t<meta property=\"og:image:width\" content=\"678\" \/>\n\t<meta property=\"og:image:height\" content=\"678\" \/>\n\t<meta property=\"og:image:type\" content=\"image\/jpeg\" \/>\n<meta name=\"twitter:card\" content=\"summary_large_image\" \/>\n<meta name=\"twitter:label1\" content=\"Gesch\u00e4tzte Lesezeit\" \/>\n\t<meta name=\"twitter:data1\" content=\"4\u00a0Minuten\" \/>\n<script type=\"application\/ld+json\" class=\"yoast-schema-graph\">{\"@context\":\"https:\\\/\\\/schema.org\",\"@graph\":[{\"@type\":\"WebPage\",\"@id\":\"https:\\\/\\\/amd-incontinence.com\\\/deutsch\\\/produkte\\\/amd-pad\\\/\",\"url\":\"https:\\\/\\\/amd-incontinence.com\\\/deutsch\\\/produkte\\\/amd-pad\\\/\",\"name\":\"amd Pad - AMD - Activ Medical Disposable\",\"isPartOf\":{\"@id\":\"https:\\\/\\\/amd-incontinence.com\\\/deutsch\\\/#website\"},\"primaryImageOfPage\":{\"@id\":\"https:\\\/\\\/amd-incontinence.com\\\/deutsch\\\/produkte\\\/amd-pad\\\/#primaryimage\"},\"image\":{\"@id\":\"https:\\\/\\\/amd-incontinence.com\\\/deutsch\\\/produkte\\\/amd-pad\\\/#primaryimage\"},\"thumbnailUrl\":\"https:\\\/\\\/amd-incontinence.com\\\/deutsch\\\/wp-content\\\/uploads\\\/sites\\\/3\\\/2017\\\/10\\\/amd-pad.jpg\",\"datePublished\":\"2017-10-23T12:18:23+00:00\",\"dateModified\":\"2024-06-27T12:50:47+00:00\",\"breadcrumb\":{\"@id\":\"https:\\\/\\\/amd-incontinence.com\\\/deutsch\\\/produkte\\\/amd-pad\\\/#breadcrumb\"},\"inLanguage\":\"de\",\"potentialAction\":[{\"@type\":\"ReadAction\",\"target\":[\"https:\\\/\\\/amd-incontinence.com\\\/deutsch\\\/produkte\\\/amd-pad\\\/\"]}]},{\"@type\":\"ImageObject\",\"inLanguage\":\"de\",\"@id\":\"https:\\\/\\\/amd-incontinence.com\\\/deutsch\\\/produkte\\\/amd-pad\\\/#primaryimage\",\"url\":\"https:\\\/\\\/amd-incontinence.com\\\/deutsch\\\/wp-content\\\/uploads\\\/sites\\\/3\\\/2017\\\/10\\\/amd-pad.jpg\",\"contentUrl\":\"https:\\\/\\\/amd-incontinence.com\\\/deutsch\\\/wp-content\\\/uploads\\\/sites\\\/3\\\/2017\\\/10\\\/amd-pad.jpg\",\"width\":678,\"height\":678,\"caption\":\"amd Pad\"},{\"@type\":\"BreadcrumbList\",\"@id\":\"https:\\\/\\\/amd-incontinence.com\\\/deutsch\\\/produkte\\\/amd-pad\\\/#breadcrumb\",\"itemListElement\":[{\"@type\":\"ListItem\",\"position\":1,\"name\":\"Accueil\",\"item\":\"https:\\\/\\\/amd-incontinence.com\\\/deutsch\\\/\"},{\"@type\":\"ListItem\",\"position\":2,\"name\":\"Produkte\",\"item\":\"https:\\\/\\\/amd-incontinence.com\\\/deutsch\\\/shop\\\/\"},{\"@type\":\"ListItem\",\"position\":3,\"name\":\"amd Pad\"}]},{\"@type\":\"WebSite\",\"@id\":\"https:\\\/\\\/amd-incontinence.com\\\/deutsch\\\/#website\",\"url\":\"https:\\\/\\\/amd-incontinence.com\\\/deutsch\\\/\",\"name\":\"AMD - Activ Medical Disposable\",\"description\":\"\",\"potentialAction\":[{\"@type\":\"SearchAction\",\"target\":{\"@type\":\"EntryPoint\",\"urlTemplate\":\"https:\\\/\\\/amd-incontinence.com\\\/deutsch\\\/?s={search_term_string}\"},\"query-input\":{\"@type\":\"PropertyValueSpecification\",\"valueRequired\":true,\"valueName\":\"search_term_string\"}}],\"inLanguage\":\"de\"}]}<\/script>\n<!-- \/ Yoast SEO plugin. -->","yoast_head_json":{"title":"amd Pad - AMD - Activ Medical Disposable","robots":{"index":"index","follow":"follow","max-snippet":"max-snippet:-1","max-image-preview":"max-image-preview:large","max-video-preview":"max-video-preview:-1"},"canonical":"https:\/\/amd-incontinence.com\/deutsch\/produkte\/amd-pad\/","og_locale":"de_DE","og_type":"article","og_title":"amd Pad - AMD - Activ Medical Disposable","og_description":"Einweg-Unterlagen, zum Schutz von Betten und St\u00fchlen.","og_url":"https:\/\/amd-incontinence.com\/deutsch\/produkte\/amd-pad\/","og_site_name":"AMD - Activ Medical Disposable","article_modified_time":"2024-06-27T12:50:47+00:00","og_image":[{"width":678,"height":678,"url":"https:\/\/amd-incontinence.com\/deutsch\/wp-content\/uploads\/sites\/3\/2017\/10\/amd-pad.jpg","type":"image\/jpeg"}],"twitter_card":"summary_large_image","twitter_misc":{"Gesch\u00e4tzte Lesezeit":"4\u00a0Minuten"},"schema":{"@context":"https:\/\/schema.org","@graph":[{"@type":"WebPage","@id":"https:\/\/amd-incontinence.com\/deutsch\/produkte\/amd-pad\/","url":"https:\/\/amd-incontinence.com\/deutsch\/produkte\/amd-pad\/","name":"amd Pad - AMD - Activ Medical Disposable","isPartOf":{"@id":"https:\/\/amd-incontinence.com\/deutsch\/#website"},"primaryImageOfPage":{"@id":"https:\/\/amd-incontinence.com\/deutsch\/produkte\/amd-pad\/#primaryimage"},"image":{"@id":"https:\/\/amd-incontinence.com\/deutsch\/produkte\/amd-pad\/#primaryimage"},"thumbnailUrl":"https:\/\/amd-incontinence.com\/deutsch\/wp-content\/uploads\/sites\/3\/2017\/10\/amd-pad.jpg","datePublished":"2017-10-23T12:18:23+00:00","dateModified":"2024-06-27T12:50:47+00:00","breadcrumb":{"@id":"https:\/\/amd-incontinence.com\/deutsch\/produkte\/amd-pad\/#breadcrumb"},"inLanguage":"de","potentialAction":[{"@type":"ReadAction","target":["https:\/\/amd-incontinence.com\/deutsch\/produkte\/amd-pad\/"]}]},{"@type":"ImageObject","inLanguage":"de","@id":"https:\/\/amd-incontinence.com\/deutsch\/produkte\/amd-pad\/#primaryimage","url":"https:\/\/amd-incontinence.com\/deutsch\/wp-content\/uploads\/sites\/3\/2017\/10\/amd-pad.jpg","contentUrl":"https:\/\/amd-incontinence.com\/deutsch\/wp-content\/uploads\/sites\/3\/2017\/10\/amd-pad.jpg","width":678,"height":678,"caption":"amd Pad"},{"@type":"BreadcrumbList","@id":"https:\/\/amd-incontinence.com\/deutsch\/produkte\/amd-pad\/#breadcrumb","itemListElement":[{"@type":"ListItem","position":1,"name":"Accueil","item":"https:\/\/amd-incontinence.com\/deutsch\/"},{"@type":"ListItem","position":2,"name":"Produkte","item":"https:\/\/amd-incontinence.com\/deutsch\/shop\/"},{"@type":"ListItem","position":3,"name":"amd Pad"}]},{"@type":"WebSite","@id":"https:\/\/amd-incontinence.com\/deutsch\/#website","url":"https:\/\/amd-incontinence.com\/deutsch\/","name":"AMD - Activ Medical Disposable","description":"","potentialAction":[{"@type":"SearchAction","target":{"@type":"EntryPoint","urlTemplate":"https:\/\/amd-incontinence.com\/deutsch\/?s={search_term_string}"},"query-input":{"@type":"PropertyValueSpecification","valueRequired":true,"valueName":"search_term_string"}}],"inLanguage":"de"}]}},"_links":{"self":[{"href":"https:\/\/amd-incontinence.com\/deutsch\/wp-json\/wp\/v2\/product\/133","targetHints":{"allow":["GET"]}}],"collection":[{"href":"https:\/\/amd-incontinence.com\/deutsch\/wp-json\/wp\/v2\/product"}],"about":[{"href":"https:\/\/amd-incontinence.com\/deutsch\/wp-json\/wp\/v2\/types\/product"}],"wp:featuredmedia":[{"embeddable":true,"href":"https:\/\/amd-incontinence.com\/deutsch\/wp-json\/wp\/v2\/media\/146"}],"wp:attachment":[{"href":"https:\/\/amd-incontinence.com\/deutsch\/wp-json\/wp\/v2\/media?parent=133"}],"wp:term":[{"taxonomy":"product_brand","embeddable":true,"href":"https:\/\/amd-incontinence.com\/deutsch\/wp-json\/wp\/v2\/product_brand?post=133"},{"taxonomy":"product_cat","embeddable":true,"href":"https:\/\/amd-incontinence.com\/deutsch\/wp-json\/wp\/v2\/product_cat?post=133"},{"taxonomy":"product_tag","embeddable":true,"href":"https:\/\/amd-incontinence.com\/deutsch\/wp-json\/wp\/v2\/product_tag?post=133"}],"curies":[{"name":"wp","href":"https:\/\/api.w.org\/{rel}","templated":true}]}}