{"id":285,"date":"2018-01-03T17:14:57","date_gmt":"2018-01-03T16:14:57","guid":{"rendered":"http:\/\/amd-incontinence.com\/deutsch\/?post_type=product&#038;p=285"},"modified":"2018-05-13T20:51:53","modified_gmt":"2018-05-13T18:51:53","slug":"amd-disposable-fix","status":"publish","type":"product","link":"https:\/\/amd-incontinence.com\/deutsch\/produkte\/amd-disposable-fix\/","title":{"rendered":"amd Disposable Fix"},"content":{"rendered":"[vc_row type=&#8220;full_width_content&#8220; full_screen_row_position=&#8220;middle&#8220; scene_position=&#8220;center&#8220; text_color=&#8220;dark&#8220; text_align=&#8220;left&#8220; overlay_strength=&#8220;0.3&#8243; shape_divider_position=&#8220;bottom&#8220;][vc_column column_padding=&#8220;no-extra-padding&#8220; column_padding_position=&#8220;all&#8220; background_color_opacity=&#8220;1&#8243; background_hover_color_opacity=&#8220;1&#8243; column_shadow=&#8220;none&#8220; column_border_radius=&#8220;none&#8220; width=&#8220;1\/1&#8243; tablet_text_alignment=&#8220;default&#8220; phone_text_alignment=&#8220;default&#8220; column_border_width=&#8220;none&#8220; column_border_style=&#8220;solid&#8220;][vc_column_text]Netzhose, die den perfekten Halt von anatomisch geformten Einlagen gew\u00e4hrleistet, sich dank ihres elastischen Sitzes perfekt an die K\u00f6rperform anpasst und die Haut atmen l\u00e4sst.<br \/>\nZusammensetzung: 87\u00a0% Polyester, 13\u00a0% Elasthan. Latexfrei[\/vc_column_text][tabbed_section style=&#8220;default&#8220; alignment=&#8220;left&#8220; spacing=&#8220;default&#8220; tab_color=&#8220;Accent-Color&#8220;][tab icon_family=&#8220;none&#8220; title=&#8220;Produktsortiment&#8220; id=&#8220;1514994453578-96139-a37c&#8220; tab_id=&#8220;1514995901137-9&#8243;][vc_column_text]\n<div class=\"cont-gam2\">\n<p class=\"titre-gam2\">Gr\u00f6\u00dfe<\/p>\n<p class=\"titre-gam2\">H\u00fcftumfang<\/p>\n<\/div>\n<table class=\"tab-gamme gammepad\">\n<tbody>\n<tr>\n<td>small<\/td>\n<td>60-100 cm<\/td>\n<td><b class=\"cercle jaune\">.<\/b><\/td>\n<\/tr>\n<tr>\n<td>medium<\/td>\n<td>70-110 cm<\/td>\n<td><b class=\"cercle bleu\">.<\/b><\/td>\n<\/tr>\n<tr>\n<td>large<\/td>\n<td>80-130 cm<\/td>\n<td><b class=\"cercle marron\">.<\/b><\/td>\n<\/tr>\n<tr>\n<td>xl<\/td>\n<td>90-140 cm<\/td>\n<td><b class=\"cercle vert\">.<\/b><\/td>\n<\/tr>\n<tr>\n<td>xxl<\/td>\n<td>100-150 cm<\/td>\n<td><b class=\"cercle violet\">.<\/b><\/td>\n<\/tr>\n<tr>\n<td>xxxl<\/td>\n<td>110-165 cm<\/td>\n<td><b class=\"cercle bleuroi\">.<\/b><\/td>\n<\/tr>\n<\/tbody>\n<\/table>\n[\/vc_column_text][\/tab][\/tabbed_section][\/vc_column][\/vc_row]\n","protected":false},"excerpt":{"rendered":"<p>Netzhose f\u00fcr den perfekten Halt anatomisch geformter Einlagen<\/p>\n","protected":false},"featured_media":445,"template":"","meta":[],"product_brand":[],"product_cat":[19],"product_tag":[],"class_list":{"0":"post-285","1":"product","2":"type-product","3":"status-publish","4":"has-post-thumbnail","6":"product_cat-erganzende-artikel","8":"first","9":"instock","10":"shipping-taxable","11":"product-type-simple"},"yoast_head":"<!-- This site is optimized with the Yoast SEO plugin v27.3 - https:\/\/yoast.com\/product\/yoast-seo-wordpress\/ -->\n<title>amd Disposable Fix - AMD - Activ Medical Disposable<\/title>\n<meta name=\"robots\" content=\"index, follow, max-snippet:-1, max-image-preview:large, max-video-preview:-1\" \/>\n<link rel=\"canonical\" href=\"https:\/\/amd-incontinence.com\/deutsch\/produkte\/amd-disposable-fix\/\" \/>\n<meta property=\"og:locale\" content=\"de_DE\" \/>\n<meta property=\"og:type\" content=\"article\" \/>\n<meta property=\"og:title\" content=\"amd Disposable Fix - AMD - Activ Medical Disposable\" \/>\n<meta property=\"og:description\" content=\"Netzhose f\u00fcr den perfekten Halt anatomisch geformter Einlagen\" \/>\n<meta property=\"og:url\" content=\"https:\/\/amd-incontinence.com\/deutsch\/produkte\/amd-disposable-fix\/\" \/>\n<meta property=\"og:site_name\" content=\"AMD - Activ Medical Disposable\" \/>\n<meta property=\"article:modified_time\" content=\"2018-05-13T18:51:53+00:00\" \/>\n<meta property=\"og:image\" content=\"https:\/\/amd-incontinence.com\/deutsch\/wp-content\/uploads\/sites\/3\/2018\/01\/amd-disposable-fix-1.jpg\" \/>\n\t<meta property=\"og:image:width\" content=\"600\" \/>\n\t<meta property=\"og:image:height\" content=\"600\" \/>\n\t<meta property=\"og:image:type\" content=\"image\/jpeg\" \/>\n<meta name=\"twitter:card\" content=\"summary_large_image\" \/>\n<meta name=\"twitter:label1\" content=\"Gesch\u00e4tzte Lesezeit\" \/>\n\t<meta name=\"twitter:data1\" content=\"1\u00a0Minute\" \/>\n<script type=\"application\/ld+json\" class=\"yoast-schema-graph\">{\"@context\":\"https:\\\/\\\/schema.org\",\"@graph\":[{\"@type\":\"WebPage\",\"@id\":\"https:\\\/\\\/amd-incontinence.com\\\/deutsch\\\/produkte\\\/amd-disposable-fix\\\/\",\"url\":\"https:\\\/\\\/amd-incontinence.com\\\/deutsch\\\/produkte\\\/amd-disposable-fix\\\/\",\"name\":\"amd Disposable Fix - AMD - Activ Medical Disposable\",\"isPartOf\":{\"@id\":\"https:\\\/\\\/amd-incontinence.com\\\/deutsch\\\/#website\"},\"primaryImageOfPage\":{\"@id\":\"https:\\\/\\\/amd-incontinence.com\\\/deutsch\\\/produkte\\\/amd-disposable-fix\\\/#primaryimage\"},\"image\":{\"@id\":\"https:\\\/\\\/amd-incontinence.com\\\/deutsch\\\/produkte\\\/amd-disposable-fix\\\/#primaryimage\"},\"thumbnailUrl\":\"https:\\\/\\\/amd-incontinence.com\\\/deutsch\\\/wp-content\\\/uploads\\\/sites\\\/3\\\/2018\\\/01\\\/amd-disposable-fix-1.jpg\",\"datePublished\":\"2018-01-03T16:14:57+00:00\",\"dateModified\":\"2018-05-13T18:51:53+00:00\",\"breadcrumb\":{\"@id\":\"https:\\\/\\\/amd-incontinence.com\\\/deutsch\\\/produkte\\\/amd-disposable-fix\\\/#breadcrumb\"},\"inLanguage\":\"de\",\"potentialAction\":[{\"@type\":\"ReadAction\",\"target\":[\"https:\\\/\\\/amd-incontinence.com\\\/deutsch\\\/produkte\\\/amd-disposable-fix\\\/\"]}]},{\"@type\":\"ImageObject\",\"inLanguage\":\"de\",\"@id\":\"https:\\\/\\\/amd-incontinence.com\\\/deutsch\\\/produkte\\\/amd-disposable-fix\\\/#primaryimage\",\"url\":\"https:\\\/\\\/amd-incontinence.com\\\/deutsch\\\/wp-content\\\/uploads\\\/sites\\\/3\\\/2018\\\/01\\\/amd-disposable-fix-1.jpg\",\"contentUrl\":\"https:\\\/\\\/amd-incontinence.com\\\/deutsch\\\/wp-content\\\/uploads\\\/sites\\\/3\\\/2018\\\/01\\\/amd-disposable-fix-1.jpg\",\"width\":600,\"height\":600,\"caption\":\"amd disposable fix\"},{\"@type\":\"BreadcrumbList\",\"@id\":\"https:\\\/\\\/amd-incontinence.com\\\/deutsch\\\/produkte\\\/amd-disposable-fix\\\/#breadcrumb\",\"itemListElement\":[{\"@type\":\"ListItem\",\"position\":1,\"name\":\"Accueil\",\"item\":\"https:\\\/\\\/amd-incontinence.com\\\/deutsch\\\/\"},{\"@type\":\"ListItem\",\"position\":2,\"name\":\"Produkte\",\"item\":\"https:\\\/\\\/amd-incontinence.com\\\/deutsch\\\/shop\\\/\"},{\"@type\":\"ListItem\",\"position\":3,\"name\":\"amd Disposable Fix\"}]},{\"@type\":\"WebSite\",\"@id\":\"https:\\\/\\\/amd-incontinence.com\\\/deutsch\\\/#website\",\"url\":\"https:\\\/\\\/amd-incontinence.com\\\/deutsch\\\/\",\"name\":\"AMD - Activ Medical Disposable\",\"description\":\"\",\"potentialAction\":[{\"@type\":\"SearchAction\",\"target\":{\"@type\":\"EntryPoint\",\"urlTemplate\":\"https:\\\/\\\/amd-incontinence.com\\\/deutsch\\\/?s={search_term_string}\"},\"query-input\":{\"@type\":\"PropertyValueSpecification\",\"valueRequired\":true,\"valueName\":\"search_term_string\"}}],\"inLanguage\":\"de\"}]}<\/script>\n<!-- \/ Yoast SEO plugin. -->","yoast_head_json":{"title":"amd Disposable Fix - AMD - Activ Medical Disposable","robots":{"index":"index","follow":"follow","max-snippet":"max-snippet:-1","max-image-preview":"max-image-preview:large","max-video-preview":"max-video-preview:-1"},"canonical":"https:\/\/amd-incontinence.com\/deutsch\/produkte\/amd-disposable-fix\/","og_locale":"de_DE","og_type":"article","og_title":"amd Disposable Fix - AMD - Activ Medical Disposable","og_description":"Netzhose f\u00fcr den perfekten Halt anatomisch geformter Einlagen","og_url":"https:\/\/amd-incontinence.com\/deutsch\/produkte\/amd-disposable-fix\/","og_site_name":"AMD - Activ Medical Disposable","article_modified_time":"2018-05-13T18:51:53+00:00","og_image":[{"width":600,"height":600,"url":"https:\/\/amd-incontinence.com\/deutsch\/wp-content\/uploads\/sites\/3\/2018\/01\/amd-disposable-fix-1.jpg","type":"image\/jpeg"}],"twitter_card":"summary_large_image","twitter_misc":{"Gesch\u00e4tzte Lesezeit":"1\u00a0Minute"},"schema":{"@context":"https:\/\/schema.org","@graph":[{"@type":"WebPage","@id":"https:\/\/amd-incontinence.com\/deutsch\/produkte\/amd-disposable-fix\/","url":"https:\/\/amd-incontinence.com\/deutsch\/produkte\/amd-disposable-fix\/","name":"amd Disposable Fix - AMD - Activ Medical Disposable","isPartOf":{"@id":"https:\/\/amd-incontinence.com\/deutsch\/#website"},"primaryImageOfPage":{"@id":"https:\/\/amd-incontinence.com\/deutsch\/produkte\/amd-disposable-fix\/#primaryimage"},"image":{"@id":"https:\/\/amd-incontinence.com\/deutsch\/produkte\/amd-disposable-fix\/#primaryimage"},"thumbnailUrl":"https:\/\/amd-incontinence.com\/deutsch\/wp-content\/uploads\/sites\/3\/2018\/01\/amd-disposable-fix-1.jpg","datePublished":"2018-01-03T16:14:57+00:00","dateModified":"2018-05-13T18:51:53+00:00","breadcrumb":{"@id":"https:\/\/amd-incontinence.com\/deutsch\/produkte\/amd-disposable-fix\/#breadcrumb"},"inLanguage":"de","potentialAction":[{"@type":"ReadAction","target":["https:\/\/amd-incontinence.com\/deutsch\/produkte\/amd-disposable-fix\/"]}]},{"@type":"ImageObject","inLanguage":"de","@id":"https:\/\/amd-incontinence.com\/deutsch\/produkte\/amd-disposable-fix\/#primaryimage","url":"https:\/\/amd-incontinence.com\/deutsch\/wp-content\/uploads\/sites\/3\/2018\/01\/amd-disposable-fix-1.jpg","contentUrl":"https:\/\/amd-incontinence.com\/deutsch\/wp-content\/uploads\/sites\/3\/2018\/01\/amd-disposable-fix-1.jpg","width":600,"height":600,"caption":"amd disposable fix"},{"@type":"BreadcrumbList","@id":"https:\/\/amd-incontinence.com\/deutsch\/produkte\/amd-disposable-fix\/#breadcrumb","itemListElement":[{"@type":"ListItem","position":1,"name":"Accueil","item":"https:\/\/amd-incontinence.com\/deutsch\/"},{"@type":"ListItem","position":2,"name":"Produkte","item":"https:\/\/amd-incontinence.com\/deutsch\/shop\/"},{"@type":"ListItem","position":3,"name":"amd Disposable Fix"}]},{"@type":"WebSite","@id":"https:\/\/amd-incontinence.com\/deutsch\/#website","url":"https:\/\/amd-incontinence.com\/deutsch\/","name":"AMD - Activ Medical Disposable","description":"","potentialAction":[{"@type":"SearchAction","target":{"@type":"EntryPoint","urlTemplate":"https:\/\/amd-incontinence.com\/deutsch\/?s={search_term_string}"},"query-input":{"@type":"PropertyValueSpecification","valueRequired":true,"valueName":"search_term_string"}}],"inLanguage":"de"}]}},"_links":{"self":[{"href":"https:\/\/amd-incontinence.com\/deutsch\/wp-json\/wp\/v2\/product\/285","targetHints":{"allow":["GET"]}}],"collection":[{"href":"https:\/\/amd-incontinence.com\/deutsch\/wp-json\/wp\/v2\/product"}],"about":[{"href":"https:\/\/amd-incontinence.com\/deutsch\/wp-json\/wp\/v2\/types\/product"}],"wp:featuredmedia":[{"embeddable":true,"href":"https:\/\/amd-incontinence.com\/deutsch\/wp-json\/wp\/v2\/media\/445"}],"wp:attachment":[{"href":"https:\/\/amd-incontinence.com\/deutsch\/wp-json\/wp\/v2\/media?parent=285"}],"wp:term":[{"taxonomy":"product_brand","embeddable":true,"href":"https:\/\/amd-incontinence.com\/deutsch\/wp-json\/wp\/v2\/product_brand?post=285"},{"taxonomy":"product_cat","embeddable":true,"href":"https:\/\/amd-incontinence.com\/deutsch\/wp-json\/wp\/v2\/product_cat?post=285"},{"taxonomy":"product_tag","embeddable":true,"href":"https:\/\/amd-incontinence.com\/deutsch\/wp-json\/wp\/v2\/product_tag?post=285"}],"curies":[{"name":"wp","href":"https:\/\/api.w.org\/{rel}","templated":true}]}}