{"id":294,"date":"2018-01-05T14:57:49","date_gmt":"2018-01-05T13:57:49","guid":{"rendered":"http:\/\/amd-incontinence.com\/deutsch\/?post_type=product&#038;p=294"},"modified":"2018-05-13T20:56:32","modified_gmt":"2018-05-13T18:56:32","slug":"feuchttucher-xl","status":"publish","type":"product","link":"https:\/\/amd-incontinence.com\/deutsch\/produkte\/feuchttucher-xl\/","title":{"rendered":"Feuchtt\u00fccher XL"},"content":{"rendered":"[vc_row type=&#8220;full_width_content&#8220; full_screen_row_position=&#8220;middle&#8220; scene_position=&#8220;center&#8220; text_color=&#8220;dark&#8220; text_align=&#8220;left&#8220; overlay_strength=&#8220;0.3&#8243; shape_divider_position=&#8220;bottom&#8220;][vc_column column_padding=&#8220;no-extra-padding&#8220; column_padding_position=&#8220;all&#8220; background_color_opacity=&#8220;1&#8243; background_hover_color_opacity=&#8220;1&#8243; column_shadow=&#8220;none&#8220; column_border_radius=&#8220;none&#8220; width=&#8220;1\/1&#8243; tablet_text_alignment=&#8220;default&#8220; phone_text_alignment=&#8220;default&#8220; column_border_width=&#8220;none&#8220; column_border_style=&#8220;solid&#8220;][vc_column_text]Diese Feuchtt\u00fccher wurden speziell f\u00fcr die Pflege der empfindlichen Haut von Benutzern von Inkontinenzartikeln entwickelt. Sie enthalten Glycerin, Panthenol, Kamille und Aloe vera. Frischer, leicht seifiger Duft mit verschlie\u00dfbarem Deckel, um die Feuchtigkeit der Feuchtt\u00fccher zu bewahren. Dermatologisch getestet ohne PARABEN pH 4,7 \u2013 5,5.[\/vc_column_text][\/vc_column][\/vc_row]\n","protected":false},"excerpt":{"rendered":"<p>Feuchtt\u00fccher f\u00fcr empfindliche Haut<\/p>\n","protected":false},"featured_media":295,"template":"","meta":[],"product_brand":[],"product_cat":[19],"product_tag":[],"class_list":{"0":"post-294","1":"product","2":"type-product","3":"status-publish","4":"has-post-thumbnail","6":"product_cat-erganzende-artikel","8":"first","9":"instock","10":"shipping-taxable","11":"product-type-simple"},"yoast_head":"<!-- This site is optimized with the Yoast SEO plugin v27.3 - https:\/\/yoast.com\/product\/yoast-seo-wordpress\/ -->\n<title>Feuchtt\u00fccher XL - AMD - Activ Medical Disposable<\/title>\n<meta name=\"robots\" content=\"index, follow, max-snippet:-1, max-image-preview:large, max-video-preview:-1\" \/>\n<link rel=\"canonical\" href=\"https:\/\/amd-incontinence.com\/deutsch\/produkte\/feuchttucher-xl\/\" \/>\n<meta property=\"og:locale\" content=\"de_DE\" \/>\n<meta property=\"og:type\" content=\"article\" \/>\n<meta property=\"og:title\" content=\"Feuchtt\u00fccher XL - AMD - Activ Medical Disposable\" \/>\n<meta property=\"og:description\" content=\"Feuchtt\u00fccher f\u00fcr empfindliche Haut\" \/>\n<meta property=\"og:url\" content=\"https:\/\/amd-incontinence.com\/deutsch\/produkte\/feuchttucher-xl\/\" \/>\n<meta property=\"og:site_name\" content=\"AMD - Activ Medical Disposable\" \/>\n<meta property=\"article:modified_time\" content=\"2018-05-13T18:56:32+00:00\" \/>\n<meta property=\"og:image\" content=\"https:\/\/amd-incontinence.com\/deutsch\/wp-content\/uploads\/sites\/3\/2018\/01\/amd-lingette-impregnees-xl.jpg\" \/>\n\t<meta property=\"og:image:width\" content=\"450\" \/>\n\t<meta property=\"og:image:height\" content=\"450\" \/>\n\t<meta property=\"og:image:type\" content=\"image\/jpeg\" \/>\n<meta name=\"twitter:card\" content=\"summary_large_image\" \/>\n<meta name=\"twitter:label1\" content=\"Gesch\u00e4tzte Lesezeit\" \/>\n\t<meta name=\"twitter:data1\" content=\"1\u00a0Minute\" \/>\n<script type=\"application\/ld+json\" class=\"yoast-schema-graph\">{\"@context\":\"https:\\\/\\\/schema.org\",\"@graph\":[{\"@type\":\"WebPage\",\"@id\":\"https:\\\/\\\/amd-incontinence.com\\\/deutsch\\\/produkte\\\/feuchttucher-xl\\\/\",\"url\":\"https:\\\/\\\/amd-incontinence.com\\\/deutsch\\\/produkte\\\/feuchttucher-xl\\\/\",\"name\":\"Feuchtt\u00fccher XL - AMD - Activ Medical Disposable\",\"isPartOf\":{\"@id\":\"https:\\\/\\\/amd-incontinence.com\\\/deutsch\\\/#website\"},\"primaryImageOfPage\":{\"@id\":\"https:\\\/\\\/amd-incontinence.com\\\/deutsch\\\/produkte\\\/feuchttucher-xl\\\/#primaryimage\"},\"image\":{\"@id\":\"https:\\\/\\\/amd-incontinence.com\\\/deutsch\\\/produkte\\\/feuchttucher-xl\\\/#primaryimage\"},\"thumbnailUrl\":\"https:\\\/\\\/amd-incontinence.com\\\/deutsch\\\/wp-content\\\/uploads\\\/sites\\\/3\\\/2018\\\/01\\\/amd-lingette-impregnees-xl.jpg\",\"datePublished\":\"2018-01-05T13:57:49+00:00\",\"dateModified\":\"2018-05-13T18:56:32+00:00\",\"breadcrumb\":{\"@id\":\"https:\\\/\\\/amd-incontinence.com\\\/deutsch\\\/produkte\\\/feuchttucher-xl\\\/#breadcrumb\"},\"inLanguage\":\"de\",\"potentialAction\":[{\"@type\":\"ReadAction\",\"target\":[\"https:\\\/\\\/amd-incontinence.com\\\/deutsch\\\/produkte\\\/feuchttucher-xl\\\/\"]}]},{\"@type\":\"ImageObject\",\"inLanguage\":\"de\",\"@id\":\"https:\\\/\\\/amd-incontinence.com\\\/deutsch\\\/produkte\\\/feuchttucher-xl\\\/#primaryimage\",\"url\":\"https:\\\/\\\/amd-incontinence.com\\\/deutsch\\\/wp-content\\\/uploads\\\/sites\\\/3\\\/2018\\\/01\\\/amd-lingette-impregnees-xl.jpg\",\"contentUrl\":\"https:\\\/\\\/amd-incontinence.com\\\/deutsch\\\/wp-content\\\/uploads\\\/sites\\\/3\\\/2018\\\/01\\\/amd-lingette-impregnees-xl.jpg\",\"width\":450,\"height\":450,\"caption\":\"Lingette impr\u00e9gn\u00e9es XL amd\"},{\"@type\":\"BreadcrumbList\",\"@id\":\"https:\\\/\\\/amd-incontinence.com\\\/deutsch\\\/produkte\\\/feuchttucher-xl\\\/#breadcrumb\",\"itemListElement\":[{\"@type\":\"ListItem\",\"position\":1,\"name\":\"Accueil\",\"item\":\"https:\\\/\\\/amd-incontinence.com\\\/deutsch\\\/\"},{\"@type\":\"ListItem\",\"position\":2,\"name\":\"Produkte\",\"item\":\"https:\\\/\\\/amd-incontinence.com\\\/deutsch\\\/shop\\\/\"},{\"@type\":\"ListItem\",\"position\":3,\"name\":\"Feuchtt\u00fccher XL\"}]},{\"@type\":\"WebSite\",\"@id\":\"https:\\\/\\\/amd-incontinence.com\\\/deutsch\\\/#website\",\"url\":\"https:\\\/\\\/amd-incontinence.com\\\/deutsch\\\/\",\"name\":\"AMD - Activ Medical Disposable\",\"description\":\"\",\"potentialAction\":[{\"@type\":\"SearchAction\",\"target\":{\"@type\":\"EntryPoint\",\"urlTemplate\":\"https:\\\/\\\/amd-incontinence.com\\\/deutsch\\\/?s={search_term_string}\"},\"query-input\":{\"@type\":\"PropertyValueSpecification\",\"valueRequired\":true,\"valueName\":\"search_term_string\"}}],\"inLanguage\":\"de\"}]}<\/script>\n<!-- \/ Yoast SEO plugin. -->","yoast_head_json":{"title":"Feuchtt\u00fccher XL - AMD - Activ Medical Disposable","robots":{"index":"index","follow":"follow","max-snippet":"max-snippet:-1","max-image-preview":"max-image-preview:large","max-video-preview":"max-video-preview:-1"},"canonical":"https:\/\/amd-incontinence.com\/deutsch\/produkte\/feuchttucher-xl\/","og_locale":"de_DE","og_type":"article","og_title":"Feuchtt\u00fccher XL - AMD - Activ Medical Disposable","og_description":"Feuchtt\u00fccher f\u00fcr empfindliche Haut","og_url":"https:\/\/amd-incontinence.com\/deutsch\/produkte\/feuchttucher-xl\/","og_site_name":"AMD - Activ Medical Disposable","article_modified_time":"2018-05-13T18:56:32+00:00","og_image":[{"width":450,"height":450,"url":"https:\/\/amd-incontinence.com\/deutsch\/wp-content\/uploads\/sites\/3\/2018\/01\/amd-lingette-impregnees-xl.jpg","type":"image\/jpeg"}],"twitter_card":"summary_large_image","twitter_misc":{"Gesch\u00e4tzte Lesezeit":"1\u00a0Minute"},"schema":{"@context":"https:\/\/schema.org","@graph":[{"@type":"WebPage","@id":"https:\/\/amd-incontinence.com\/deutsch\/produkte\/feuchttucher-xl\/","url":"https:\/\/amd-incontinence.com\/deutsch\/produkte\/feuchttucher-xl\/","name":"Feuchtt\u00fccher XL - AMD - Activ Medical Disposable","isPartOf":{"@id":"https:\/\/amd-incontinence.com\/deutsch\/#website"},"primaryImageOfPage":{"@id":"https:\/\/amd-incontinence.com\/deutsch\/produkte\/feuchttucher-xl\/#primaryimage"},"image":{"@id":"https:\/\/amd-incontinence.com\/deutsch\/produkte\/feuchttucher-xl\/#primaryimage"},"thumbnailUrl":"https:\/\/amd-incontinence.com\/deutsch\/wp-content\/uploads\/sites\/3\/2018\/01\/amd-lingette-impregnees-xl.jpg","datePublished":"2018-01-05T13:57:49+00:00","dateModified":"2018-05-13T18:56:32+00:00","breadcrumb":{"@id":"https:\/\/amd-incontinence.com\/deutsch\/produkte\/feuchttucher-xl\/#breadcrumb"},"inLanguage":"de","potentialAction":[{"@type":"ReadAction","target":["https:\/\/amd-incontinence.com\/deutsch\/produkte\/feuchttucher-xl\/"]}]},{"@type":"ImageObject","inLanguage":"de","@id":"https:\/\/amd-incontinence.com\/deutsch\/produkte\/feuchttucher-xl\/#primaryimage","url":"https:\/\/amd-incontinence.com\/deutsch\/wp-content\/uploads\/sites\/3\/2018\/01\/amd-lingette-impregnees-xl.jpg","contentUrl":"https:\/\/amd-incontinence.com\/deutsch\/wp-content\/uploads\/sites\/3\/2018\/01\/amd-lingette-impregnees-xl.jpg","width":450,"height":450,"caption":"Lingette impr\u00e9gn\u00e9es XL amd"},{"@type":"BreadcrumbList","@id":"https:\/\/amd-incontinence.com\/deutsch\/produkte\/feuchttucher-xl\/#breadcrumb","itemListElement":[{"@type":"ListItem","position":1,"name":"Accueil","item":"https:\/\/amd-incontinence.com\/deutsch\/"},{"@type":"ListItem","position":2,"name":"Produkte","item":"https:\/\/amd-incontinence.com\/deutsch\/shop\/"},{"@type":"ListItem","position":3,"name":"Feuchtt\u00fccher XL"}]},{"@type":"WebSite","@id":"https:\/\/amd-incontinence.com\/deutsch\/#website","url":"https:\/\/amd-incontinence.com\/deutsch\/","name":"AMD - Activ Medical Disposable","description":"","potentialAction":[{"@type":"SearchAction","target":{"@type":"EntryPoint","urlTemplate":"https:\/\/amd-incontinence.com\/deutsch\/?s={search_term_string}"},"query-input":{"@type":"PropertyValueSpecification","valueRequired":true,"valueName":"search_term_string"}}],"inLanguage":"de"}]}},"_links":{"self":[{"href":"https:\/\/amd-incontinence.com\/deutsch\/wp-json\/wp\/v2\/product\/294","targetHints":{"allow":["GET"]}}],"collection":[{"href":"https:\/\/amd-incontinence.com\/deutsch\/wp-json\/wp\/v2\/product"}],"about":[{"href":"https:\/\/amd-incontinence.com\/deutsch\/wp-json\/wp\/v2\/types\/product"}],"wp:featuredmedia":[{"embeddable":true,"href":"https:\/\/amd-incontinence.com\/deutsch\/wp-json\/wp\/v2\/media\/295"}],"wp:attachment":[{"href":"https:\/\/amd-incontinence.com\/deutsch\/wp-json\/wp\/v2\/media?parent=294"}],"wp:term":[{"taxonomy":"product_brand","embeddable":true,"href":"https:\/\/amd-incontinence.com\/deutsch\/wp-json\/wp\/v2\/product_brand?post=294"},{"taxonomy":"product_cat","embeddable":true,"href":"https:\/\/amd-incontinence.com\/deutsch\/wp-json\/wp\/v2\/product_cat?post=294"},{"taxonomy":"product_tag","embeddable":true,"href":"https:\/\/amd-incontinence.com\/deutsch\/wp-json\/wp\/v2\/product_tag?post=294"}],"curies":[{"name":"wp","href":"https:\/\/api.w.org\/{rel}","templated":true}]}}