{"id":167,"date":"2017-10-25T15:19:44","date_gmt":"2017-10-25T13:19:44","guid":{"rendered":"http:\/\/amd-incontinence.com\/espanol\/?page_id=167"},"modified":"2018-06-22T10:12:55","modified_gmt":"2018-06-22T08:12:55","slug":"crea-tu-propia-marca","status":"publish","type":"page","link":"https:\/\/amd-incontinence.com\/espanol\/crea-tu-propia-marca\/","title":{"rendered":"Crea tu propia marca"},"content":{"rendered":"[vc_row type=\u00bbin_container\u00bb full_screen_row_position=\u00bbmiddle\u00bb scene_position=\u00bbcenter\u00bb text_color=\u00bbdark\u00bb text_align=\u00bbleft\u00bb class=\u00bbsliderrow\u00bb overlay_strength=\u00bb0.3&#8243; shape_divider_position=\u00bbbottom\u00bb shape_type=\u00bb\u00bb][vc_column column_padding=\u00bbno-extra-padding\u00bb column_padding_position=\u00bball\u00bb background_color_opacity=\u00bb1&#8243; background_hover_color_opacity=\u00bb1&#8243; column_shadow=\u00bbnone\u00bb column_border_radius=\u00bbnone\u00bb width=\u00bb1\/1&#8243; tablet_text_alignment=\u00bbdefault\u00bb phone_text_alignment=\u00bbdefault\u00bb column_border_width=\u00bbnone\u00bb column_border_style=\u00bbsolid\u00bb]<div  data-transition=\"slide\" data-overall_style=\"classic\" data-flexible-height=\"\" data-animate-in-effect=\"none\" data-fullscreen=\"false\" data-button-sizing=\"regular\" data-button-styling=\"btn_with_count\" data-autorotate=\"\" data-parallax=\"false\" data-parallax-disable-mobile=\"\" data-caption-trans=\"fade_in_from_bottom\" data-parallax-style=\"bg_only\" data-bg-animation=\"none\" data-full-width=\"false\" class=\"nectar-slider-wrap \" id=\"nectar-slider-instance-1\"><div class=\"swiper-container\"  data-tho=\"auto\" data-tco=\"auto\" data-pho=\"auto\" data-pco=\"auto\" data-loop=\"false\" data-height=\"300\" data-min-height=\"\" data-arrows=\"false\" data-bullets=\"false\" data-bullet_style=\"see_through\" data-bullet_position=\"bottom\" data-desktop-swipe=\"false\" data-settings=\"\"> <div class=\"swiper-wrapper\"><div class=\"swiper-slide slider-nohome\" data-desktop-content-width=\"\" data-tablet-content-width=\"\" data-bg-alignment=\"center\" data-color-scheme=\"light\" data-x-pos=\"centered\" data-y-pos=\"middle\" ><div class=\"slide-bg-wrap\"><div class=\"image-bg\" style=\"background-image: url(https:\/\/amd-incontinence.com\/espanol\/wp-content\/uploads\/sites\/4\/2018\/03\/amd-votre-marque-header.jpg);\"> &nbsp; <\/div><\/div><div class=\"container\">\n\t\t\t\t\t\t<div class=\"content\"><h2 class=\"ns-heading-el\">Crea tu propia marca<\/h2><p  ><span>Un proceso personalizado<\/span><\/p><\/div>\n\t\t\t\t\t\t\t\t<\/div><!--\/container--><div class=\"video-texture \"> <span class=\"ie-fix\"><\/span> <\/div><\/div> <!--\/swiper-slide--><\/div><div class=\"nectar-slider-loading \"> <span class=\"loading-icon none\">   <\/span> <\/div> <\/div> \n\t\t\t\t\t\n\t\t\t\t\t<\/div>[vc_row_inner column_margin=\u00bbdefault\u00bb top_padding=\u00bb75&#8243; text_align=\u00bbleft\u00bb][vc_column_inner column_padding=\u00bbpadding-15-percent\u00bb column_padding_position=\u00bbleft-right\u00bb background_color_opacity=\u00bb1&#8243; background_hover_color_opacity=\u00bb1&#8243; column_shadow=\u00bbnone\u00bb column_border_radius=\u00bbnone\u00bb width=\u00bb1\/1&#8243; column_border_width=\u00bbnone\u00bb column_border_style=\u00bbsolid\u00bb][vc_custom_heading text=\u00bbLa protecci\u00f3n al servicio del bienestar<br \/>\nNuestra experiencia al servicio de tus necesidades\u00bb font_container=\u00bbtag:h2|font_size:36|text_align:left|color:%2300a0e0|line_height:44px\u00bb google_fonts=\u00bbfont_family:Roboto%3A100%2C100italic%2C300%2C300italic%2Cregular%2Citalic%2C500%2C500italic%2C700%2C700italic%2C900%2C900italic|font_style:400%20regular%3A400%3Anormal\u00bb css=\u00bb.vc_custom_1526630580375{margin-bottom: 22px !important;}\u00bb][vc_custom_heading text=\u00bbExperto en la concepci\u00f3n y la fabricaci\u00f3n de art\u00edculos de higiene para adultos, amd pone todo su conocimiento a disposici\u00f3n de tu marca y de tu \u00e9xito\u00bb font_container=\u00bbtag:h3|font_size:20|text_align:left|line_height:24px\u00bb google_fonts=\u00bbfont_family:Roboto%3A100%2C100italic%2C300%2C300italic%2Cregular%2Citalic%2C500%2C500italic%2C700%2C700italic%2C900%2C900italic|font_style:400%20regular%3A400%3Anormal\u00bb][vc_column_text css=\u00bb.vc_custom_1529655025963{margin-top: 22px !important;}\u00bb]Siempre en fuerte crecimiento, el sector de la Marca de la distribuci\u00f3n (Marca Privada) tiene sus propias caracter\u00edsticas, necesidades espec\u00edficas, objetivos ambiciosos.<br \/>\nEl creciente mercado de la higiene para adultos tiene un gran valor para los fabricantes .<\/p>\n<p>Aprovecha nuestra experiencia y un proceso personalizado para crear tu marca de absorbentes de un solo uso para incontinencia.[\/vc_column_text][vc_custom_heading text=\u00bbIncontinencia: Aceptamos tus desaf\u00edos!\u00bb font_container=\u00bbtag:h2|font_size:36|text_align:left|color:%2300a0e0|line_height:44px\u00bb google_fonts=\u00bbfont_family:Roboto%3A100%2C100italic%2C300%2C300italic%2Cregular%2Citalic%2C500%2C500italic%2C700%2C700italic%2C900%2C900italic|font_style:400%20regular%3A400%3Anormal\u00bb css=\u00bb.vc_custom_1529655054775{margin-top: 45px !important;margin-bottom: 22px !important;}\u00bb][vc_column_text]El enfoque permanente en la <u>calidad<\/u>, el compromiso activo con un <a href=\"https:\/\/amd-incontinence.com\/espanol\/amd\/desarrollo-sostenible\/\" title=\"enfoque medioambiental responsable\">enfoque medioambiental responsable<\/a>, la colaboraci\u00f3n continua con los principales actores en el campo de la salud, son la clave para garantizar la satisfacci\u00f3n de nuestros clientes.<br \/>\nActive Medical Disposable acepta el desaf\u00edo de los distribuidores de marcas privadas en higiene para adultos en toda Europa.[\/vc_column_text][vc_custom_heading text=\u00bbAlgunos puntos claves:\u00bb font_container=\u00bbtag:p|font_size:14|text_align:left|line_height:20px\u00bb google_fonts=\u00bbfont_family:Roboto%3A100%2C100italic%2C300%2C300italic%2Cregular%2Citalic%2C500%2C500italic%2C700%2C700italic%2C900%2C900italic|font_style:500%20bold%20regular%3A500%3Anormal\u00bb css=\u00bb.vc_custom_1526630734835{margin-top: 25px !important;}\u00bb][\/vc_column_inner][\/vc_row_inner][\/vc_column][\/vc_row][vc_row type=\u00bbin_container\u00bb full_screen_row_position=\u00bbmiddle\u00bb scene_position=\u00bbcenter\u00bb text_color=\u00bbdark\u00bb text_align=\u00bbleft\u00bb overlay_strength=\u00bb0.3&#8243; shape_divider_position=\u00bbbottom\u00bb shape_type=\u00bb\u00bb][vc_column column_padding=\u00bbpadding-17-percent\u00bb column_padding_position=\u00bbleft-right\u00bb background_color_opacity=\u00bb1&#8243; background_hover_color_opacity=\u00bb1&#8243; column_shadow=\u00bbnone\u00bb column_border_radius=\u00bbnone\u00bb width=\u00bb1\/1&#8243; tablet_text_alignment=\u00bbdefault\u00bb phone_text_alignment=\u00bbdefault\u00bb column_border_width=\u00bbnone\u00bb column_border_style=\u00bbsolid\u00bb][vc_custom_heading text=\u00bbInnovaci\u00f3n\u00bb font_container=\u00bbtag:h3|font_size:18|text_align:left|color:%2300a0e0|line_height:22px\u00bb google_fonts=\u00bbfont_family:Roboto%3A100%2C100italic%2C300%2C300italic%2Cregular%2Citalic%2C500%2C500italic%2C700%2C700italic%2C900%2C900italic|font_style:500%20bold%20regular%3A500%3Anormal\u00bb css=\u00bb.vc_custom_1526630743963{margin-bottom: 25px !important;}\u00bb][vc_row_inner column_margin=\u00bbdefault\u00bb text_align=\u00bbleft\u00bb][vc_column_inner column_padding=\u00bbno-extra-padding\u00bb column_padding_position=\u00bball\u00bb background_color_opacity=\u00bb1&#8243; background_hover_color_opacity=\u00bb1&#8243; column_shadow=\u00bbnone\u00bb column_border_radius=\u00bbnone\u00bb width=\u00bb2\/3&#8243; column_border_width=\u00bbnone\u00bb column_border_style=\u00bbsolid\u00bb][vc_column_text]Un producto de marca de la distribuci\u00f3n siempre debe estar a la vanguardia de la tecnolog\u00eda a la vez que debe ser competitivo.<\/p>\n<p>Nuestra fortaleza es analizar constantemente la evoluci\u00f3n del mercado y las expectativas de los consumidores y ofrecer una gama de productos atractiva y eficiente.<\/p>\n<ul>\n<li>An\u00e1lisis de producto<\/li>\n<li>Paneles de consumidores<\/li>\n<li>Estudios de mercado<\/li>\n<li>Sugerencias del personal de hospitales y profesionales de la salud<\/li>\n<\/ul>\n<p>Un proyecto de inversiones constante, de maquinaria ultra-moderna y un equipo profesional hacen de amd el partner ideal.[\/vc_column_text][\/vc_column_inner][vc_column_inner column_padding=\u00bbno-extra-padding\u00bb column_padding_position=\u00bball\u00bb background_color_opacity=\u00bb1&#8243; background_hover_color_opacity=\u00bb1&#8243; column_shadow=\u00bbnone\u00bb column_border_radius=\u00bbnone\u00bb width=\u00bb1\/3&#8243; column_border_width=\u00bbnone\u00bb column_border_style=\u00bbsolid\u00bb][image_with_animation image_url=\u00bb641&#8243; alignment=\u00bbcenter\u00bb animation=\u00bbFade In\u00bb border_radius=\u00bbnone\u00bb box_shadow=\u00bbnone\u00bb max_width=\u00bb100%\u00bb][\/vc_column_inner][\/vc_row_inner][\/vc_column][\/vc_row][vc_row type=\u00bbin_container\u00bb full_screen_row_position=\u00bbmiddle\u00bb scene_position=\u00bbcenter\u00bb text_color=\u00bbdark\u00bb text_align=\u00bbleft\u00bb overlay_strength=\u00bb0.3&#8243; shape_divider_position=\u00bbbottom\u00bb shape_type=\u00bb\u00bb][vc_column column_padding=\u00bbpadding-17-percent\u00bb column_padding_position=\u00bbleft-right\u00bb background_color_opacity=\u00bb1&#8243; background_hover_color_opacity=\u00bb1&#8243; column_shadow=\u00bbnone\u00bb column_border_radius=\u00bbnone\u00bb width=\u00bb1\/1&#8243; tablet_text_alignment=\u00bbdefault\u00bb phone_text_alignment=\u00bbdefault\u00bb column_border_width=\u00bbnone\u00bb column_border_style=\u00bbsolid\u00bb][vc_row_inner column_margin=\u00bbdefault\u00bb text_align=\u00bbleft\u00bb css=\u00bb.vc_custom_1521649672010{margin-bottom: 40px !important;}\u00bb][vc_column_inner column_padding=\u00bbno-extra-padding\u00bb column_padding_position=\u00bball\u00bb background_color_opacity=\u00bb1&#8243; background_hover_color_opacity=\u00bb1&#8243; column_shadow=\u00bbnone\u00bb column_border_radius=\u00bbnone\u00bb width=\u00bb1\/1&#8243; column_border_width=\u00bbnone\u00bb column_border_style=\u00bbsolid\u00bb][vc_custom_heading text=\u00bbServicio garantizado\u00bb font_container=\u00bbtag:h3|font_size:18|text_align:left|color:%2300a0e0|line_height:22px\u00bb google_fonts=\u00bbfont_family:Roboto%3A100%2C100italic%2C300%2C300italic%2Cregular%2Citalic%2C500%2C500italic%2C700%2C700italic%2C900%2C900italic|font_style:500%20bold%20regular%3A500%3Anormal\u00bb el_class=\u00bbtauxservice\u00bb][vc_column_text css=\u00bb.vc_custom_1528204842833{margin-top: 25px !important;}\u00bb]Una organizaci\u00f3n profesional internacional y rigurosa, nos permite atender y demostrar un alto porcentaje de servicio irreprochable que cumple con las exigencias de los distribuidores.<br \/>\nUn departamento de administraci\u00f3n de ventas capacitado para responder y atender las necesidades de nuestros clientes.[\/vc_column_text][\/vc_column_inner][\/vc_row_inner][\/vc_column][\/vc_row][vc_row type=\u00bbfull_width_background\u00bb full_screen_row_position=\u00bbmiddle\u00bb scene_position=\u00bbcenter\u00bb text_color=\u00bbdark\u00bb text_align=\u00bbleft\u00bb overlay_strength=\u00bb0.3&#8243; shape_divider_position=\u00bbbottom\u00bb shape_type=\u00bb\u00bb][vc_column centered_text=\u00bbtrue\u00bb column_padding=\u00bbno-extra-padding\u00bb column_padding_position=\u00bball\u00bb background_color=\u00bb#e8f4f8&#8243; background_color_opacity=\u00bb1&#8243; background_hover_color_opacity=\u00bb1&#8243; column_shadow=\u00bbnone\u00bb column_border_radius=\u00bbnone\u00bb el_class=\u00bbobjectifFR\u00bb width=\u00bb1\/1&#8243; tablet_text_alignment=\u00bbdefault\u00bb phone_text_alignment=\u00bbdefault\u00bb column_border_width=\u00bbnone\u00bb column_border_style=\u00bbsolid\u00bb offset=\u00bbvc_col-lg-offset-0&#8243;][vc_column_text el_class=\u00bbobectif100&#8243;][divider line_type=\u00bbSmall Line\u00bb custom_height=\u00bb\u00bb]\n<p style=\"text-align: center;\">Nuestro objetivo:<br \/>\n100% de satisfacci\u00f3n del cliente<\/p>\n[divider line_type=\u00bbSmall Line\u00bb custom_height=\u00bb\u00bb][\/vc_column_text][\/vc_column][\/vc_row][vc_row type=\u00bbin_container\u00bb full_screen_row_position=\u00bbmiddle\u00bb scene_position=\u00bbcenter\u00bb text_color=\u00bbdark\u00bb text_align=\u00bbleft\u00bb top_padding=\u00bb45&#8243; bottom_padding=\u00bb40&#8243; overlay_strength=\u00bb0.3&#8243; shape_divider_position=\u00bbbottom\u00bb shape_type=\u00bb\u00bb][vc_column column_padding=\u00bbpadding-17-percent\u00bb column_padding_position=\u00bbleft-right\u00bb background_color_opacity=\u00bb1&#8243; background_hover_color_opacity=\u00bb1&#8243; column_shadow=\u00bbnone\u00bb column_border_radius=\u00bbnone\u00bb width=\u00bb1\/1&#8243; tablet_text_alignment=\u00bbdefault\u00bb phone_text_alignment=\u00bbdefault\u00bb column_border_width=\u00bbnone\u00bb column_border_style=\u00bbsolid\u00bb][vc_custom_heading text=\u00bbLa calidad es el foco de los productos amd\u00bb font_container=\u00bbtag:h3|font_size:18|text_align:left|color:%2300a0e0|line_height:22px\u00bb google_fonts=\u00bbfont_family:Roboto%3A100%2C100italic%2C300%2C300italic%2Cregular%2Citalic%2C500%2C500italic%2C700%2C700italic%2C900%2C900italic|font_style:500%20bold%20regular%3A500%3Anormal\u00bb css=\u00bb.vc_custom_1529655138562{margin-bottom: 25px !important;}\u00bb][vc_row_inner column_margin=\u00bbdefault\u00bb text_align=\u00bbleft\u00bb css=\u00bb.vc_custom_1521649672010{margin-bottom: 40px !important;}\u00bb][vc_column_inner column_padding=\u00bbno-extra-padding\u00bb column_padding_position=\u00bball\u00bb background_color_opacity=\u00bb1&#8243; background_hover_color_opacity=\u00bb1&#8243; column_shadow=\u00bbnone\u00bb column_border_radius=\u00bbnone\u00bb width=\u00bb2\/3&#8243; column_border_width=\u00bbnone\u00bb column_border_style=\u00bbsolid\u00bb][vc_column_text]La <a href=\"https:\/\/amd-incontinence.com\/espanol\/amd\/plantas-de-produccion\/?tab=etiquetas-de-calidad\" title=\"Labels qualit\u00e9\">calidad<\/a> ocupa siempre un lugar importante en amd. Es el objetivo cotidiano de nuestros equipos.<\/p>\n<p>Calidad tanto a nivel de rendimiento como en t\u00e9rminos de seguridad del producto.<br \/>\nEs por ello que adem\u00e1s de obtener todos los est\u00e1ndares necesarios para la fabricaci\u00f3n de nuestros productos de higiene (ISO, IFS &#8230;), nuestro laboratorio y laboratorios independientes realizan pruebas constantemente : desarrollo de productos, control de calidad, investigaci\u00f3n de posibles sustancias indeseables y an\u00e1lisis bacteriol\u00f3gicos.<\/p>\n<p>La inteligencia tecnol\u00f3gica es una parte integral de la experiencia que ponemos a tu servicio.<\/p>\n<p>Hoy, amd cuenta con + de 30 marcas privadas de higiene de adulto.[\/vc_column_text][\/vc_column_inner][vc_column_inner column_padding=\u00bbno-extra-padding\u00bb column_padding_position=\u00bball\u00bb background_color_opacity=\u00bb1&#8243; background_hover_color_opacity=\u00bb1&#8243; column_shadow=\u00bbnone\u00bb column_border_radius=\u00bbnone\u00bb width=\u00bb1\/3&#8243; column_border_width=\u00bbnone\u00bb column_border_style=\u00bbsolid\u00bb][image_with_animation image_url=\u00bb663&#8243; alignment=\u00bbcenter\u00bb animation=\u00bbFade In\u00bb border_radius=\u00bbnone\u00bb box_shadow=\u00bbnone\u00bb max_width=\u00bb100%\u00bb][\/vc_column_inner][\/vc_row_inner][\/vc_column][\/vc_row][vc_row type=\u00bbin_container\u00bb full_screen_row_position=\u00bbmiddle\u00bb scene_position=\u00bbcenter\u00bb text_color=\u00bbdark\u00bb text_align=\u00bbleft\u00bb overlay_strength=\u00bb0.3&#8243; shape_divider_position=\u00bbbottom\u00bb shape_type=\u00bb\u00bb][vc_column column_padding=\u00bbno-extra-padding\u00bb column_padding_position=\u00bball\u00bb background_color=\u00bb#e8f4f8&#8243; background_color_opacity=\u00bb1&#8243; background_hover_color_opacity=\u00bb1&#8243; column_shadow=\u00bbnone\u00bb column_border_radius=\u00bbnone\u00bb width=\u00bb1\/1&#8243; tablet_text_alignment=\u00bbdefault\u00bb phone_text_alignment=\u00bbdefault\u00bb column_border_width=\u00bbnone\u00bb column_border_style=\u00bbsolid\u00bb][vc_column_text css=\u00bb.vc_custom_1526631254749{margin-top: 48px !important;margin-bottom: 52px !important;}\u00bb el_class=\u00bbcontact-private\u00bb]\n<p style=\"text-align: center;\">\u00bfQuieres fabricar tu propia marca?<br \/>\n<a href=\"http:\/\/amd-incontinence.com\/espanol\/contacto\/\">Ponte en contacto con nuestro servicio de Marcas privadas<\/a><\/p>\n[\/vc_column_text][\/vc_column][\/vc_row]\n","protected":false},"excerpt":{"rendered":"<p>[vc_row type=\u00bbin_container\u00bb full_screen_row_position=\u00bbmiddle\u00bb scene_position=\u00bbcenter\u00bb text_color=\u00bbdark\u00bb text_align=\u00bbleft\u00bb class=\u00bbsliderrow\u00bb overlay_strength=\u00bb0.3&#8243; shape_divider_position=\u00bbbottom\u00bb shape_type=\u00bb\u00bb][vc_column column_padding=\u00bbno-extra-padding\u00bb column_padding_position=\u00bball\u00bb background_color_opacity=\u00bb1&#8243; background_hover_color_opacity=\u00bb1&#8243; column_shadow=\u00bbnone\u00bb column_border_radius=\u00bbnone\u00bb width=\u00bb1\/1&#8243; tablet_text_alignment=\u00bbdefault\u00bb phone_text_alignment=\u00bbdefault\u00bb column_border_width=\u00bbnone\u00bb column_border_style=\u00bbsolid\u00bb][vc_row_inner column_margin=\u00bbdefault\u00bb top_padding=\u00bb75&#8243; text_align=\u00bbleft\u00bb][vc_column_inner column_padding=\u00bbpadding-15-percent\u00bb column_padding_position=\u00bbleft-right\u00bb background_color_opacity=\u00bb1&#8243; background_hover_color_opacity=\u00bb1&#8243; column_shadow=\u00bbnone\u00bb column_border_radius=\u00bbnone\u00bb&#8230;<\/p>\n","protected":false},"author":1,"featured_media":0,"parent":0,"menu_order":0,"comment_status":"closed","ping_status":"closed","template":"","meta":{"footnotes":""},"class_list":["post-167","page","type-page","status-publish"],"yoast_head":"<!-- This site is optimized with the Yoast SEO plugin v27.3 - https:\/\/yoast.com\/product\/yoast-seo-wordpress\/ -->\n<title>Crea tu propia marca - AMD - Activ Medical Disposable<\/title>\n<meta name=\"robots\" content=\"index, follow, max-snippet:-1, max-image-preview:large, max-video-preview:-1\" \/>\n<link rel=\"canonical\" href=\"https:\/\/amd-incontinence.com\/espanol\/crea-tu-propia-marca\/\" \/>\n<meta property=\"og:locale\" content=\"es_ES\" \/>\n<meta property=\"og:type\" content=\"article\" \/>\n<meta property=\"og:title\" content=\"Crea tu propia marca - AMD - Activ Medical Disposable\" \/>\n<meta property=\"og:description\" content=\"[vc_row type=\u00bbin_container\u00bb full_screen_row_position=\u00bbmiddle\u00bb scene_position=\u00bbcenter\u00bb text_color=\u00bbdark\u00bb text_align=\u00bbleft\u00bb class=\u00bbsliderrow\u00bb overlay_strength=\u00bb0.3&#8243; shape_divider_position=\u00bbbottom\u00bb shape_type=\u00bb\u00bb][vc_column column_padding=\u00bbno-extra-padding\u00bb column_padding_position=\u00bball\u00bb background_color_opacity=\u00bb1&#8243; background_hover_color_opacity=\u00bb1&#8243; column_shadow=\u00bbnone\u00bb column_border_radius=\u00bbnone\u00bb width=\u00bb1\/1&#8243; tablet_text_alignment=\u00bbdefault\u00bb phone_text_alignment=\u00bbdefault\u00bb column_border_width=\u00bbnone\u00bb column_border_style=\u00bbsolid\u00bb][vc_row_inner column_margin=\u00bbdefault\u00bb top_padding=\u00bb75&#8243; text_align=\u00bbleft\u00bb][vc_column_inner column_padding=\u00bbpadding-15-percent\u00bb column_padding_position=\u00bbleft-right\u00bb background_color_opacity=\u00bb1&#8243; background_hover_color_opacity=\u00bb1&#8243; column_shadow=\u00bbnone\u00bb column_border_radius=\u00bbnone\u00bb...\" \/>\n<meta property=\"og:url\" content=\"https:\/\/amd-incontinence.com\/espanol\/crea-tu-propia-marca\/\" \/>\n<meta property=\"og:site_name\" content=\"AMD - Activ Medical Disposable\" \/>\n<meta property=\"article:modified_time\" content=\"2018-06-22T08:12:55+00:00\" \/>\n<meta name=\"twitter:card\" content=\"summary_large_image\" \/>\n<meta name=\"twitter:label1\" content=\"Tiempo de lectura\" \/>\n\t<meta name=\"twitter:data1\" content=\"8 minutos\" \/>\n<script type=\"application\/ld+json\" class=\"yoast-schema-graph\">{\"@context\":\"https:\\\/\\\/schema.org\",\"@graph\":[{\"@type\":\"WebPage\",\"@id\":\"https:\\\/\\\/amd-incontinence.com\\\/espanol\\\/crea-tu-propia-marca\\\/\",\"url\":\"https:\\\/\\\/amd-incontinence.com\\\/espanol\\\/crea-tu-propia-marca\\\/\",\"name\":\"Crea tu propia marca - AMD - Activ Medical Disposable\",\"isPartOf\":{\"@id\":\"https:\\\/\\\/amd-incontinence.com\\\/espanol\\\/#website\"},\"datePublished\":\"2017-10-25T13:19:44+00:00\",\"dateModified\":\"2018-06-22T08:12:55+00:00\",\"breadcrumb\":{\"@id\":\"https:\\\/\\\/amd-incontinence.com\\\/espanol\\\/crea-tu-propia-marca\\\/#breadcrumb\"},\"inLanguage\":\"es\",\"potentialAction\":[{\"@type\":\"ReadAction\",\"target\":[\"https:\\\/\\\/amd-incontinence.com\\\/espanol\\\/crea-tu-propia-marca\\\/\"]}]},{\"@type\":\"BreadcrumbList\",\"@id\":\"https:\\\/\\\/amd-incontinence.com\\\/espanol\\\/crea-tu-propia-marca\\\/#breadcrumb\",\"itemListElement\":[{\"@type\":\"ListItem\",\"position\":1,\"name\":\"Accueil\",\"item\":\"https:\\\/\\\/amd-incontinence.com\\\/espanol\\\/\"},{\"@type\":\"ListItem\",\"position\":2,\"name\":\"Crea tu propia marca\"}]},{\"@type\":\"WebSite\",\"@id\":\"https:\\\/\\\/amd-incontinence.com\\\/espanol\\\/#website\",\"url\":\"https:\\\/\\\/amd-incontinence.com\\\/espanol\\\/\",\"name\":\"AMD - Activ Medical Disposable\",\"description\":\"\",\"potentialAction\":[{\"@type\":\"SearchAction\",\"target\":{\"@type\":\"EntryPoint\",\"urlTemplate\":\"https:\\\/\\\/amd-incontinence.com\\\/espanol\\\/?s={search_term_string}\"},\"query-input\":{\"@type\":\"PropertyValueSpecification\",\"valueRequired\":true,\"valueName\":\"search_term_string\"}}],\"inLanguage\":\"es\"}]}<\/script>\n<!-- \/ Yoast SEO plugin. -->","yoast_head_json":{"title":"Crea tu propia marca - AMD - Activ Medical Disposable","robots":{"index":"index","follow":"follow","max-snippet":"max-snippet:-1","max-image-preview":"max-image-preview:large","max-video-preview":"max-video-preview:-1"},"canonical":"https:\/\/amd-incontinence.com\/espanol\/crea-tu-propia-marca\/","og_locale":"es_ES","og_type":"article","og_title":"Crea tu propia marca - AMD - Activ Medical Disposable","og_description":"[vc_row type=\u00bbin_container\u00bb full_screen_row_position=\u00bbmiddle\u00bb scene_position=\u00bbcenter\u00bb text_color=\u00bbdark\u00bb text_align=\u00bbleft\u00bb class=\u00bbsliderrow\u00bb overlay_strength=\u00bb0.3&#8243; shape_divider_position=\u00bbbottom\u00bb shape_type=\u00bb\u00bb][vc_column column_padding=\u00bbno-extra-padding\u00bb column_padding_position=\u00bball\u00bb background_color_opacity=\u00bb1&#8243; background_hover_color_opacity=\u00bb1&#8243; column_shadow=\u00bbnone\u00bb column_border_radius=\u00bbnone\u00bb width=\u00bb1\/1&#8243; tablet_text_alignment=\u00bbdefault\u00bb phone_text_alignment=\u00bbdefault\u00bb column_border_width=\u00bbnone\u00bb column_border_style=\u00bbsolid\u00bb][vc_row_inner column_margin=\u00bbdefault\u00bb top_padding=\u00bb75&#8243; text_align=\u00bbleft\u00bb][vc_column_inner column_padding=\u00bbpadding-15-percent\u00bb column_padding_position=\u00bbleft-right\u00bb background_color_opacity=\u00bb1&#8243; background_hover_color_opacity=\u00bb1&#8243; column_shadow=\u00bbnone\u00bb column_border_radius=\u00bbnone\u00bb...","og_url":"https:\/\/amd-incontinence.com\/espanol\/crea-tu-propia-marca\/","og_site_name":"AMD - Activ Medical Disposable","article_modified_time":"2018-06-22T08:12:55+00:00","twitter_card":"summary_large_image","twitter_misc":{"Tiempo de lectura":"8 minutos"},"schema":{"@context":"https:\/\/schema.org","@graph":[{"@type":"WebPage","@id":"https:\/\/amd-incontinence.com\/espanol\/crea-tu-propia-marca\/","url":"https:\/\/amd-incontinence.com\/espanol\/crea-tu-propia-marca\/","name":"Crea tu propia marca - AMD - Activ Medical Disposable","isPartOf":{"@id":"https:\/\/amd-incontinence.com\/espanol\/#website"},"datePublished":"2017-10-25T13:19:44+00:00","dateModified":"2018-06-22T08:12:55+00:00","breadcrumb":{"@id":"https:\/\/amd-incontinence.com\/espanol\/crea-tu-propia-marca\/#breadcrumb"},"inLanguage":"es","potentialAction":[{"@type":"ReadAction","target":["https:\/\/amd-incontinence.com\/espanol\/crea-tu-propia-marca\/"]}]},{"@type":"BreadcrumbList","@id":"https:\/\/amd-incontinence.com\/espanol\/crea-tu-propia-marca\/#breadcrumb","itemListElement":[{"@type":"ListItem","position":1,"name":"Accueil","item":"https:\/\/amd-incontinence.com\/espanol\/"},{"@type":"ListItem","position":2,"name":"Crea tu propia marca"}]},{"@type":"WebSite","@id":"https:\/\/amd-incontinence.com\/espanol\/#website","url":"https:\/\/amd-incontinence.com\/espanol\/","name":"AMD - Activ Medical Disposable","description":"","potentialAction":[{"@type":"SearchAction","target":{"@type":"EntryPoint","urlTemplate":"https:\/\/amd-incontinence.com\/espanol\/?s={search_term_string}"},"query-input":{"@type":"PropertyValueSpecification","valueRequired":true,"valueName":"search_term_string"}}],"inLanguage":"es"}]}},"_links":{"self":[{"href":"https:\/\/amd-incontinence.com\/espanol\/wp-json\/wp\/v2\/pages\/167","targetHints":{"allow":["GET"]}}],"collection":[{"href":"https:\/\/amd-incontinence.com\/espanol\/wp-json\/wp\/v2\/pages"}],"about":[{"href":"https:\/\/amd-incontinence.com\/espanol\/wp-json\/wp\/v2\/types\/page"}],"author":[{"embeddable":true,"href":"https:\/\/amd-incontinence.com\/espanol\/wp-json\/wp\/v2\/users\/1"}],"replies":[{"embeddable":true,"href":"https:\/\/amd-incontinence.com\/espanol\/wp-json\/wp\/v2\/comments?post=167"}],"version-history":[{"count":5,"href":"https:\/\/amd-incontinence.com\/espanol\/wp-json\/wp\/v2\/pages\/167\/revisions"}],"predecessor-version":[{"id":1026,"href":"https:\/\/amd-incontinence.com\/espanol\/wp-json\/wp\/v2\/pages\/167\/revisions\/1026"}],"wp:attachment":[{"href":"https:\/\/amd-incontinence.com\/espanol\/wp-json\/wp\/v2\/media?parent=167"}],"curies":[{"name":"wp","href":"https:\/\/api.w.org\/{rel}","templated":true}]}}