{"id":348,"date":"2018-03-14T10:39:07","date_gmt":"2018-03-14T09:39:07","guid":{"rendered":"http:\/\/amd-incontinence.com\/espanol\/?page_id=348"},"modified":"2018-06-05T14:52:02","modified_gmt":"2018-06-05T12:52:02","slug":"presencia-internacional","status":"publish","type":"page","link":"https:\/\/amd-incontinence.com\/espanol\/amd\/presencia-internacional\/","title":{"rendered":"Presencia internacional"},"content":{"rendered":"[vc_row type=\u00bbin_container\u00bb full_screen_row_position=\u00bbmiddle\u00bb scene_position=\u00bbcenter\u00bb text_color=\u00bbdark\u00bb text_align=\u00bbleft\u00bb class=\u00bbsliderrow\u00bb overlay_strength=\u00bb0.3&#8243; shape_divider_position=\u00bbbottom\u00bb shape_type=\u00bb\u00bb][vc_column column_padding=\u00bbno-extra-padding\u00bb column_padding_position=\u00bball\u00bb background_color_opacity=\u00bb1&#8243; background_hover_color_opacity=\u00bb1&#8243; column_shadow=\u00bbnone\u00bb column_border_radius=\u00bbnone\u00bb width=\u00bb1\/1&#8243; tablet_text_alignment=\u00bbdefault\u00bb phone_text_alignment=\u00bbdefault\u00bb column_border_width=\u00bbnone\u00bb column_border_style=\u00bbsolid\u00bb]<div  data-transition=\"slide\" data-overall_style=\"classic\" data-flexible-height=\"\" data-animate-in-effect=\"none\" data-fullscreen=\"false\" data-button-sizing=\"regular\" data-button-styling=\"btn_with_count\" data-autorotate=\"\" data-parallax=\"false\" data-parallax-disable-mobile=\"\" data-caption-trans=\"fade_in_from_bottom\" data-parallax-style=\"bg_only\" data-bg-animation=\"none\" data-full-width=\"false\" class=\"nectar-slider-wrap \" id=\"nectar-slider-instance-1\"><div class=\"swiper-container\"  data-tho=\"auto\" data-tco=\"auto\" data-pho=\"auto\" data-pco=\"auto\" data-loop=\"false\" data-height=\"300\" data-min-height=\"\" data-arrows=\"false\" data-bullets=\"false\" data-bullet_style=\"see_through\" data-bullet_position=\"bottom\" data-desktop-swipe=\"false\" data-settings=\"\"> <div class=\"swiper-wrapper\"><div class=\"swiper-slide slider-nohome\" data-desktop-content-width=\"\" data-tablet-content-width=\"\" data-bg-alignment=\"center\" data-color-scheme=\"light\" data-x-pos=\"centered\" data-y-pos=\"middle\" ><div class=\"slide-bg-wrap\"><div class=\"image-bg\" style=\"background-image: url(https:\/\/amd-incontinence.com\/espanol\/wp-content\/uploads\/sites\/4\/2018\/03\/amd-international-header.jpg);\"> &nbsp; <\/div><\/div><div class=\"container\">\n\t\t\t\t\t\t<div class=\"content\"><h2 class=\"ns-heading-el\">activ medical disposable<\/h2><p  ><span>Presencia internacional<\/span><\/p><\/div>\n\t\t\t\t\t\t\t\t<\/div><!--\/container--><div class=\"video-texture \"> <span class=\"ie-fix\"><\/span> <\/div><\/div> <!--\/swiper-slide--><\/div><div class=\"nectar-slider-loading \"> <span class=\"loading-icon none\">   <\/span> <\/div> <\/div> \n\t\t\t\t\t\n\t\t\t\t\t<\/div>[\/vc_column][\/vc_row][vc_row type=\u00bbin_container\u00bb full_screen_row_position=\u00bbmiddle\u00bb scene_position=\u00bbcenter\u00bb text_color=\u00bbdark\u00bb text_align=\u00bbleft\u00bb top_padding=\u00bb25&#8243; overlay_strength=\u00bb0.3&#8243; shape_divider_position=\u00bbbottom\u00bb shape_type=\u00bb\u00bb][vc_column column_padding=\u00bbpadding-10-percent\u00bb column_padding_position=\u00bbleft\u00bb background_color_opacity=\u00bb1&#8243; background_hover_color_opacity=\u00bb1&#8243; column_shadow=\u00bbnone\u00bb column_border_radius=\u00bbnone\u00bb top_margin=\u00bb60&#8243; el_class=\u00bbmargeR\u00bb width=\u00bb1\/2&#8243; tablet_text_alignment=\u00bbdefault\u00bb phone_text_alignment=\u00bbdefault\u00bb column_border_width=\u00bbnone\u00bb column_border_style=\u00bbsolid\u00bb][vc_custom_heading text=\u00bbEl experto a nivel internacional\u00bb font_container=\u00bbtag:h2|font_size:36|text_align:left|color:%2300a0e0|line_height:44px\u00bb google_fonts=\u00bbfont_family:Roboto%3A100%2C100italic%2C300%2C300italic%2Cregular%2Citalic%2C500%2C500italic%2C700%2C700italic%2C900%2C900italic|font_style:400%20regular%3A400%3Anormal\u00bb][vc_custom_heading text=\u00bbamd, una amplia gama de productos y<br \/>\nservicios cerca de ti\u00bb font_container=\u00bbtag:h3|font_size:20|text_align:left|line_height:24px\u00bb google_fonts=\u00bbfont_family:Roboto%3A100%2C100italic%2C300%2C300italic%2Cregular%2Citalic%2C500%2C500italic%2C700%2C700italic%2C900%2C900italic|font_style:400%20regular%3A400%3Anormal\u00bb][divider line_type=\u00bbNo Line\u00bb custom_height=\u00bb10&#8243;][vc_column_text]Desde su creaci\u00f3n, AMD organiza su expansi\u00f3n geogr\u00e1fica para garantizarte calidad y proximidad. Expertos en el campo de la salud, estamos comprometidos contigo para brindarte soluciones relevantes, seg\u00fan las peculiaridades de tu mercado, y respaldar tus proyectos sobre el terreno.[\/vc_column_text][\/vc_column][vc_column column_padding=\u00bbpadding-10-percent\u00bb column_padding_position=\u00bbright\u00bb background_color_opacity=\u00bb1&#8243; background_hover_color_opacity=\u00bb1&#8243; column_shadow=\u00bbnone\u00bb column_border_radius=\u00bbnone\u00bb width=\u00bb1\/2&#8243; tablet_text_alignment=\u00bbdefault\u00bb phone_text_alignment=\u00bbdefault\u00bb column_border_width=\u00bbnone\u00bb column_border_style=\u00bbsolid\u00bb][image_with_animation image_url=\u00bb1011&#8243; alignment=\u00bb\u00bb animation=\u00bbFade In\u00bb border_radius=\u00bbnone\u00bb box_shadow=\u00bbnone\u00bb max_width=\u00bb100%\u00bb][\/vc_column][\/vc_row][vc_row type=\u00bbin_container\u00bb full_screen_row_position=\u00bbmiddle\u00bb scene_position=\u00bbcenter\u00bb text_color=\u00bbdark\u00bb text_align=\u00bbleft\u00bb top_padding=\u00bb60&#8243; bottom_padding=\u00bb45&#8243; overlay_strength=\u00bb0.3&#8243; shape_divider_position=\u00bbbottom\u00bb shape_type=\u00bb\u00bb][vc_column column_padding=\u00bbpadding-10-percent\u00bb column_padding_position=\u00bbleft\u00bb background_color_opacity=\u00bb1&#8243; background_hover_color_opacity=\u00bb1&#8243; column_shadow=\u00bbnone\u00bb column_border_radius=\u00bbnone\u00bb el_class=\u00bbmargeR\u00bb width=\u00bb1\/2&#8243; tablet_text_alignment=\u00bbdefault\u00bb phone_text_alignment=\u00bbdefault\u00bb column_border_width=\u00bbnone\u00bb column_border_style=\u00bbsolid\u00bb][vc_column_text]En Espa\u00f1a, amd entr\u00f3 en el mercado internacional con el establecimiento de su primera filial en Barcelona. Para responder a la singularidad del mercado espa\u00f1ol, amd Espa\u00f1a adapt\u00f3 sus procesos y se rode\u00f3 de los mejores empleados.<\/p>\n<p>En cumplimiento de los estatutos de calidad, vigentes en el territorio nacional, m\u00e1s de 26 delegados brindan a los usuarios productos de excelencia y servicios de proximidad.<\/p>\n<p>En 2018 se estima que vamos a distribuir anualmente m\u00e1s de 1 mill\u00f3n de cajas. La implantaci\u00f3n de la planta de producci\u00f3n en Calatayud promete seguir mejorando este potencial.[\/vc_column_text][\/vc_column][vc_column column_padding=\u00bbpadding-10-percent\u00bb column_padding_position=\u00bbright\u00bb background_color_opacity=\u00bb1&#8243; background_hover_color_opacity=\u00bb1&#8243; column_shadow=\u00bbnone\u00bb column_border_radius=\u00bbnone\u00bb el_class=\u00bbmargeL\u00bb width=\u00bb1\/2&#8243; tablet_text_alignment=\u00bbdefault\u00bb phone_text_alignment=\u00bbdefault\u00bb column_border_width=\u00bbnone\u00bb column_border_style=\u00bbsolid\u00bb][vc_column_text]Es en este mismo dinamismo comprometido que activ medical disposable pretende desarrollar su actividad en el mundo. Con m\u00e1s del 55% de nuestro negocio llevado a cabo internacionalmente, ya garantizamos la distribuci\u00f3n de nuestros productos en m\u00e1s de 30 pa\u00edses en todo el mundo.<\/p>\n<p>Amd es el proveedor de referencia en toda Europa para hospitales, geri\u00e1tricos, farmacias, mayoristas y distribuidores.<\/p>\n<p>A continuaci\u00f3n encontrar\u00e1s informaci\u00f3n sobre tu pa\u00eds. Nuestro equipo est\u00e1 a tu disposici\u00f3n para resolver tus consultas.[\/vc_column_text][\/vc_column][\/vc_row][vc_row type=\u00bbin_container\u00bb full_screen_row_position=\u00bbmiddle\u00bb bg_color=\u00bb#edf5f9&#8243; scene_position=\u00bbcenter\u00bb text_color=\u00bbdark\u00bb text_align=\u00bbleft\u00bb top_padding=\u00bb45&#8243; bottom_padding=\u00bb145&#8243; class=\u00bbblocInter\u00bb overlay_strength=\u00bb0.3&#8243; shape_divider_position=\u00bbbottom\u00bb shape_type=\u00bb\u00bb][vc_column column_padding=\u00bbpadding-10-percent\u00bb column_padding_position=\u00bbleft\u00bb background_color_opacity=\u00bb1&#8243; background_hover_color_opacity=\u00bb1&#8243; column_shadow=\u00bbnone\u00bb column_border_radius=\u00bbnone\u00bb el_class=\u00bbmargeR\u00bb width=\u00bb1\/2&#8243; tablet_text_alignment=\u00bbdefault\u00bb phone_text_alignment=\u00bbdefault\u00bb column_border_width=\u00bbnone\u00bb column_border_style=\u00bbsolid\u00bb][vc_custom_heading text=\u00bbTe encuentras<br \/>\n<span>en Espa\u00f1a<\/span>,\u00bb font_container=\u00bbtag:h2|font_size:20|text_align:left|line_height:22px\u00bb google_fonts=\u00bbfont_family:Roboto%3A100%2C100italic%2C300%2C300italic%2Cregular%2Citalic%2C500%2C500italic%2C700%2C700italic%2C900%2C900italic|font_style:400%20regular%3A400%3Anormal\u00bb][vc_column_text]\u00bfC\u00f3mo podemos ayudarte?<br \/>\nContacta con nuestra filial.<\/p>\n<p>Departamento comercial AMD Espa\u00f1a<br \/>\nActiv Medical Disposable,SAU<br \/>\nAvda. Ernest Lluch, 32<br \/>\n08302 Matar\u00f3 (Barcelona)<br \/>\nESPA\u00d1A<\/p>\n<p>Contacto:<br \/>\nMail\u00a0: <a href=\"mailto:amd.es@activmed.eu\">amd.es@activmed.eu<\/a><br \/>\nT. 937 530\u00a0227[\/vc_column_text][divider line_type=\u00bbNo Line\u00bb custom_height=\u00bb60&#8243;][vc_custom_heading text=\u00bbTe encuentras<br \/>\n<span>en Reino Unido<\/span>,\u00bb font_container=\u00bbtag:h2|font_size:20|text_align:left|line_height:22px\u00bb google_fonts=\u00bbfont_family:Roboto%3A100%2C100italic%2C300%2C300italic%2Cregular%2Citalic%2C500%2C500italic%2C700%2C700italic%2C900%2C900italic|font_style:400%20regular%3A400%3Anormal\u00bb][vc_column_text]\u00bfC\u00f3mo podemos ayudarte?<br \/>\nContacta con nuestra filial<\/p>\n<p>Contacto:<br \/>\nMail\u00a0: <a href=\"mailto:amd.uk@activmed.eu\">amd.uk@activmed.eu<\/a><br \/>\nT. 937 530 227[\/vc_column_text][\/vc_column][vc_column column_padding=\u00bbpadding-10-percent\u00bb column_padding_position=\u00bbright\u00bb background_color_opacity=\u00bb1&#8243; background_hover_color_opacity=\u00bb1&#8243; column_shadow=\u00bbnone\u00bb column_border_radius=\u00bbnone\u00bb el_class=\u00bbmargeL\u00bb width=\u00bb1\/2&#8243; tablet_text_alignment=\u00bbdefault\u00bb phone_text_alignment=\u00bbdefault\u00bb column_border_width=\u00bbnone\u00bb column_border_style=\u00bbsolid\u00bb][vc_custom_heading text=\u00bbTe encuentras<br \/>\n<span>en Alemania<\/span>,\u00bb font_container=\u00bbtag:h2|font_size:20|text_align:left|line_height:22px\u00bb google_fonts=\u00bbfont_family:Roboto%3A100%2C100italic%2C300%2C300italic%2Cregular%2Citalic%2C500%2C500italic%2C700%2C700italic%2C900%2C900italic|font_style:400%20regular%3A400%3Anormal\u00bb][vc_column_text]\u00bfC\u00f3mo podemos ayudarte?<br \/>\nContacta con nuestra filial.<\/p>\n<p>Departamento comercial AMD Alemania<br \/>\nAMD Deutschland GmbH<br \/>\nRheinparkallee 9,<br \/>\n40789 Monheim am Rhein,<br \/>\nALEMANIA<\/p>\n<p>Contacto:<br \/>\nMail\u00a0: <a href=\"mailto:amd.de@activmed.eu\">amd.de@activmed.eu<\/a>[\/vc_column_text][divider line_type=\u00bbNo Line\u00bb custom_height=\u00bb80&#8243;][vc_custom_heading text=\u00bbTe encuentras<br \/>\n<span>en otro lugar del mundo<\/span>,\u00bb font_container=\u00bbtag:h2|font_size:20|text_align:left|line_height:22px\u00bb google_fonts=\u00bbfont_family:Roboto%3A100%2C100italic%2C300%2C300italic%2Cregular%2Citalic%2C500%2C500italic%2C700%2C700italic%2C900%2C900italic|font_style:400%20regular%3A400%3Anormal\u00bb][vc_column_text]\u00bfC\u00f3mo podemos ayudarte?<br \/>\nContacta con nuestro servicio exportaci\u00f3n por mail o por tel\u00e9fono<\/p>\n<p>Contacto:<br \/>\nMail\u00a0: <a href=\"mailto:info@activmed.eu\">info@activmed.eu<\/a><br \/>\nT. +33 04 66 80 89 20[\/vc_column_text][\/vc_column][\/vc_row]\n","protected":false},"excerpt":{"rendered":"<p>[vc_row type=\u00bbin_container\u00bb full_screen_row_position=\u00bbmiddle\u00bb scene_position=\u00bbcenter\u00bb text_color=\u00bbdark\u00bb text_align=\u00bbleft\u00bb class=\u00bbsliderrow\u00bb overlay_strength=\u00bb0.3&#8243; shape_divider_position=\u00bbbottom\u00bb shape_type=\u00bb\u00bb][vc_column column_padding=\u00bbno-extra-padding\u00bb column_padding_position=\u00bball\u00bb background_color_opacity=\u00bb1&#8243; background_hover_color_opacity=\u00bb1&#8243; column_shadow=\u00bbnone\u00bb column_border_radius=\u00bbnone\u00bb width=\u00bb1\/1&#8243; tablet_text_alignment=\u00bbdefault\u00bb phone_text_alignment=\u00bbdefault\u00bb column_border_width=\u00bbnone\u00bb column_border_style=\u00bbsolid\u00bb][\/vc_column][\/vc_row][vc_row type=\u00bbin_container\u00bb full_screen_row_position=\u00bbmiddle\u00bb scene_position=\u00bbcenter\u00bb text_color=\u00bbdark\u00bb text_align=\u00bbleft\u00bb top_padding=\u00bb25&#8243; overlay_strength=\u00bb0.3&#8243; shape_divider_position=\u00bbbottom\u00bb shape_type=\u00bb\u00bb][vc_column&#8230;<\/p>\n","protected":false},"author":1,"featured_media":0,"parent":41,"menu_order":0,"comment_status":"closed","ping_status":"closed","template":"","meta":{"footnotes":""},"class_list":["post-348","page","type-page","status-publish"],"yoast_head":"<!-- This site is optimized with the Yoast SEO plugin v27.3 - https:\/\/yoast.com\/product\/yoast-seo-wordpress\/ -->\n<title>Presencia internacional - AMD - Activ Medical Disposable<\/title>\n<meta name=\"robots\" content=\"index, follow, max-snippet:-1, max-image-preview:large, max-video-preview:-1\" \/>\n<link rel=\"canonical\" href=\"https:\/\/amd-incontinence.com\/espanol\/amd\/presencia-internacional\/\" \/>\n<meta property=\"og:locale\" content=\"es_ES\" \/>\n<meta property=\"og:type\" content=\"article\" \/>\n<meta property=\"og:title\" content=\"Presencia internacional - AMD - Activ Medical Disposable\" \/>\n<meta property=\"og:description\" content=\"[vc_row type=\u00bbin_container\u00bb full_screen_row_position=\u00bbmiddle\u00bb scene_position=\u00bbcenter\u00bb text_color=\u00bbdark\u00bb text_align=\u00bbleft\u00bb class=\u00bbsliderrow\u00bb overlay_strength=\u00bb0.3&#8243; shape_divider_position=\u00bbbottom\u00bb shape_type=\u00bb\u00bb][vc_column column_padding=\u00bbno-extra-padding\u00bb column_padding_position=\u00bball\u00bb background_color_opacity=\u00bb1&#8243; background_hover_color_opacity=\u00bb1&#8243; column_shadow=\u00bbnone\u00bb column_border_radius=\u00bbnone\u00bb width=\u00bb1\/1&#8243; tablet_text_alignment=\u00bbdefault\u00bb phone_text_alignment=\u00bbdefault\u00bb column_border_width=\u00bbnone\u00bb column_border_style=\u00bbsolid\u00bb][\/vc_column][\/vc_row][vc_row type=\u00bbin_container\u00bb full_screen_row_position=\u00bbmiddle\u00bb scene_position=\u00bbcenter\u00bb text_color=\u00bbdark\u00bb text_align=\u00bbleft\u00bb top_padding=\u00bb25&#8243; overlay_strength=\u00bb0.3&#8243; shape_divider_position=\u00bbbottom\u00bb shape_type=\u00bb\u00bb][vc_column...\" \/>\n<meta property=\"og:url\" content=\"https:\/\/amd-incontinence.com\/espanol\/amd\/presencia-internacional\/\" \/>\n<meta property=\"og:site_name\" content=\"AMD - Activ Medical Disposable\" \/>\n<meta property=\"article:modified_time\" content=\"2018-06-05T12:52:02+00:00\" \/>\n<meta name=\"twitter:card\" content=\"summary_large_image\" \/>\n<meta name=\"twitter:label1\" content=\"Tiempo de lectura\" \/>\n\t<meta name=\"twitter:data1\" content=\"6 minutos\" \/>\n<script type=\"application\/ld+json\" class=\"yoast-schema-graph\">{\"@context\":\"https:\\\/\\\/schema.org\",\"@graph\":[{\"@type\":\"WebPage\",\"@id\":\"https:\\\/\\\/amd-incontinence.com\\\/espanol\\\/amd\\\/presencia-internacional\\\/\",\"url\":\"https:\\\/\\\/amd-incontinence.com\\\/espanol\\\/amd\\\/presencia-internacional\\\/\",\"name\":\"Presencia internacional - AMD - Activ Medical Disposable\",\"isPartOf\":{\"@id\":\"https:\\\/\\\/amd-incontinence.com\\\/espanol\\\/#website\"},\"datePublished\":\"2018-03-14T09:39:07+00:00\",\"dateModified\":\"2018-06-05T12:52:02+00:00\",\"breadcrumb\":{\"@id\":\"https:\\\/\\\/amd-incontinence.com\\\/espanol\\\/amd\\\/presencia-internacional\\\/#breadcrumb\"},\"inLanguage\":\"es\",\"potentialAction\":[{\"@type\":\"ReadAction\",\"target\":[\"https:\\\/\\\/amd-incontinence.com\\\/espanol\\\/amd\\\/presencia-internacional\\\/\"]}]},{\"@type\":\"BreadcrumbList\",\"@id\":\"https:\\\/\\\/amd-incontinence.com\\\/espanol\\\/amd\\\/presencia-internacional\\\/#breadcrumb\",\"itemListElement\":[{\"@type\":\"ListItem\",\"position\":1,\"name\":\"Accueil\",\"item\":\"https:\\\/\\\/amd-incontinence.com\\\/espanol\\\/\"},{\"@type\":\"ListItem\",\"position\":2,\"name\":\"Amd\",\"item\":\"https:\\\/\\\/amd-incontinence.com\\\/espanol\\\/amd\\\/\"},{\"@type\":\"ListItem\",\"position\":3,\"name\":\"Presencia internacional\"}]},{\"@type\":\"WebSite\",\"@id\":\"https:\\\/\\\/amd-incontinence.com\\\/espanol\\\/#website\",\"url\":\"https:\\\/\\\/amd-incontinence.com\\\/espanol\\\/\",\"name\":\"AMD - Activ Medical Disposable\",\"description\":\"\",\"potentialAction\":[{\"@type\":\"SearchAction\",\"target\":{\"@type\":\"EntryPoint\",\"urlTemplate\":\"https:\\\/\\\/amd-incontinence.com\\\/espanol\\\/?s={search_term_string}\"},\"query-input\":{\"@type\":\"PropertyValueSpecification\",\"valueRequired\":true,\"valueName\":\"search_term_string\"}}],\"inLanguage\":\"es\"}]}<\/script>\n<!-- \/ Yoast SEO plugin. -->","yoast_head_json":{"title":"Presencia internacional - AMD - Activ Medical Disposable","robots":{"index":"index","follow":"follow","max-snippet":"max-snippet:-1","max-image-preview":"max-image-preview:large","max-video-preview":"max-video-preview:-1"},"canonical":"https:\/\/amd-incontinence.com\/espanol\/amd\/presencia-internacional\/","og_locale":"es_ES","og_type":"article","og_title":"Presencia internacional - AMD - Activ Medical Disposable","og_description":"[vc_row type=\u00bbin_container\u00bb full_screen_row_position=\u00bbmiddle\u00bb scene_position=\u00bbcenter\u00bb text_color=\u00bbdark\u00bb text_align=\u00bbleft\u00bb class=\u00bbsliderrow\u00bb overlay_strength=\u00bb0.3&#8243; shape_divider_position=\u00bbbottom\u00bb shape_type=\u00bb\u00bb][vc_column column_padding=\u00bbno-extra-padding\u00bb column_padding_position=\u00bball\u00bb background_color_opacity=\u00bb1&#8243; background_hover_color_opacity=\u00bb1&#8243; column_shadow=\u00bbnone\u00bb column_border_radius=\u00bbnone\u00bb width=\u00bb1\/1&#8243; tablet_text_alignment=\u00bbdefault\u00bb phone_text_alignment=\u00bbdefault\u00bb column_border_width=\u00bbnone\u00bb column_border_style=\u00bbsolid\u00bb][\/vc_column][\/vc_row][vc_row type=\u00bbin_container\u00bb full_screen_row_position=\u00bbmiddle\u00bb scene_position=\u00bbcenter\u00bb text_color=\u00bbdark\u00bb text_align=\u00bbleft\u00bb top_padding=\u00bb25&#8243; overlay_strength=\u00bb0.3&#8243; shape_divider_position=\u00bbbottom\u00bb shape_type=\u00bb\u00bb][vc_column...","og_url":"https:\/\/amd-incontinence.com\/espanol\/amd\/presencia-internacional\/","og_site_name":"AMD - Activ Medical Disposable","article_modified_time":"2018-06-05T12:52:02+00:00","twitter_card":"summary_large_image","twitter_misc":{"Tiempo de lectura":"6 minutos"},"schema":{"@context":"https:\/\/schema.org","@graph":[{"@type":"WebPage","@id":"https:\/\/amd-incontinence.com\/espanol\/amd\/presencia-internacional\/","url":"https:\/\/amd-incontinence.com\/espanol\/amd\/presencia-internacional\/","name":"Presencia internacional - AMD - Activ Medical Disposable","isPartOf":{"@id":"https:\/\/amd-incontinence.com\/espanol\/#website"},"datePublished":"2018-03-14T09:39:07+00:00","dateModified":"2018-06-05T12:52:02+00:00","breadcrumb":{"@id":"https:\/\/amd-incontinence.com\/espanol\/amd\/presencia-internacional\/#breadcrumb"},"inLanguage":"es","potentialAction":[{"@type":"ReadAction","target":["https:\/\/amd-incontinence.com\/espanol\/amd\/presencia-internacional\/"]}]},{"@type":"BreadcrumbList","@id":"https:\/\/amd-incontinence.com\/espanol\/amd\/presencia-internacional\/#breadcrumb","itemListElement":[{"@type":"ListItem","position":1,"name":"Accueil","item":"https:\/\/amd-incontinence.com\/espanol\/"},{"@type":"ListItem","position":2,"name":"Amd","item":"https:\/\/amd-incontinence.com\/espanol\/amd\/"},{"@type":"ListItem","position":3,"name":"Presencia internacional"}]},{"@type":"WebSite","@id":"https:\/\/amd-incontinence.com\/espanol\/#website","url":"https:\/\/amd-incontinence.com\/espanol\/","name":"AMD - Activ Medical Disposable","description":"","potentialAction":[{"@type":"SearchAction","target":{"@type":"EntryPoint","urlTemplate":"https:\/\/amd-incontinence.com\/espanol\/?s={search_term_string}"},"query-input":{"@type":"PropertyValueSpecification","valueRequired":true,"valueName":"search_term_string"}}],"inLanguage":"es"}]}},"_links":{"self":[{"href":"https:\/\/amd-incontinence.com\/espanol\/wp-json\/wp\/v2\/pages\/348","targetHints":{"allow":["GET"]}}],"collection":[{"href":"https:\/\/amd-incontinence.com\/espanol\/wp-json\/wp\/v2\/pages"}],"about":[{"href":"https:\/\/amd-incontinence.com\/espanol\/wp-json\/wp\/v2\/types\/page"}],"author":[{"embeddable":true,"href":"https:\/\/amd-incontinence.com\/espanol\/wp-json\/wp\/v2\/users\/1"}],"replies":[{"embeddable":true,"href":"https:\/\/amd-incontinence.com\/espanol\/wp-json\/wp\/v2\/comments?post=348"}],"version-history":[{"count":5,"href":"https:\/\/amd-incontinence.com\/espanol\/wp-json\/wp\/v2\/pages\/348\/revisions"}],"predecessor-version":[{"id":1012,"href":"https:\/\/amd-incontinence.com\/espanol\/wp-json\/wp\/v2\/pages\/348\/revisions\/1012"}],"up":[{"embeddable":true,"href":"https:\/\/amd-incontinence.com\/espanol\/wp-json\/wp\/v2\/pages\/41"}],"wp:attachment":[{"href":"https:\/\/amd-incontinence.com\/espanol\/wp-json\/wp\/v2\/media?parent=348"}],"curies":[{"name":"wp","href":"https:\/\/api.w.org\/{rel}","templated":true}]}}