{"id":50,"date":"2017-10-19T22:29:24","date_gmt":"2017-10-19T20:29:24","guid":{"rendered":"http:\/\/amd-incontinence.com\/espanol\/?page_id=50"},"modified":"2018-06-22T09:41:46","modified_gmt":"2018-06-22T07:41:46","slug":"compania","status":"publish","type":"page","link":"https:\/\/amd-incontinence.com\/espanol\/amd\/compania\/","title":{"rendered":"Compa\u00f1\u00eda"},"content":{"rendered":"[vc_row type=\u00bbin_container\u00bb full_screen_row_position=\u00bbmiddle\u00bb scene_position=\u00bbcenter\u00bb text_color=\u00bbdark\u00bb text_align=\u00bbleft\u00bb class=\u00bbsliderrow\u00bb overlay_strength=\u00bb0.3&#8243; shape_divider_position=\u00bbbottom\u00bb shape_type=\u00bb\u00bb][vc_column column_padding=\u00bbno-extra-padding\u00bb column_padding_position=\u00bball\u00bb background_color_opacity=\u00bb1&#8243; background_hover_color_opacity=\u00bb1&#8243; column_shadow=\u00bbnone\u00bb column_border_radius=\u00bbnone\u00bb width=\u00bb1\/1&#8243; tablet_text_alignment=\u00bbdefault\u00bb phone_text_alignment=\u00bbdefault\u00bb column_border_width=\u00bbnone\u00bb column_border_style=\u00bbsolid\u00bb]<style type=\"text\/css\">#nectar-slider-instance-1, #nectar-slider-instance-1 .swiper-container { min-height: 80px; } <\/style><div  data-transition=\"slide\" data-overall_style=\"classic\" data-flexible-height=\"true\" data-animate-in-effect=\"none\" data-fullscreen=\"false\" data-button-sizing=\"regular\" data-button-styling=\"btn_with_count\" data-autorotate=\"\" data-parallax=\"false\" data-parallax-disable-mobile=\"\" data-caption-trans=\"fade_in_from_bottom\" data-parallax-style=\"bg_only\" data-bg-animation=\"none\" data-full-width=\"false\" class=\"nectar-slider-wrap \" id=\"nectar-slider-instance-1\"><div class=\"swiper-container\"  data-tho=\"auto\" data-tco=\"auto\" data-pho=\"auto\" data-pco=\"auto\" data-loop=\"false\" data-height=\"300\" data-min-height=\"80\" data-arrows=\"false\" data-bullets=\"false\" data-bullet_style=\"see_through\" data-bullet_position=\"bottom\" data-desktop-swipe=\"false\" data-settings=\"\"> <div class=\"swiper-wrapper\"><div class=\"swiper-slide slider-nohome\" data-desktop-content-width=\"\" data-tablet-content-width=\"\" data-bg-alignment=\"center\" data-color-scheme=\"light\" data-x-pos=\"centered\" data-y-pos=\"middle\" ><div class=\"slide-bg-wrap\"><div class=\"image-bg\" style=\"background-image: url(https:\/\/amd-incontinence.com\/espanol\/wp-content\/uploads\/sites\/4\/2018\/03\/amd-la-societe-header.jpg);\"> &nbsp; <\/div><\/div><div class=\"container\">\n\t\t\t\t\t\t<div class=\"content\"><h2 class=\"ns-heading-el\">activ medical disposable<\/h2><p  ><span>La compa\u00f1\u00eda<\/span><\/p><\/div>\n\t\t\t\t\t\t\t\t<\/div><!--\/container--><div class=\"video-texture \"> <span class=\"ie-fix\"><\/span> <\/div><\/div> <!--\/swiper-slide--><\/div><div class=\"nectar-slider-loading \"> <span class=\"loading-icon none\">   <\/span> <\/div> <\/div> \n\t\t\t\t\t\n\t\t\t\t\t<\/div>[vc_row_inner column_margin=\u00bbdefault\u00bb top_padding=\u00bb75&#8243; text_align=\u00bbleft\u00bb][vc_column_inner column_padding=\u00bbpadding-15-percent\u00bb column_padding_position=\u00bbleft-right\u00bb background_color_opacity=\u00bb1&#8243; background_hover_color_opacity=\u00bb1&#8243; column_shadow=\u00bbnone\u00bb column_border_radius=\u00bbnone\u00bb width=\u00bb1\/1&#8243; column_border_width=\u00bbnone\u00bb column_border_style=\u00bbsolid\u00bb][vc_custom_heading text=\u00bbNuestra vocaci\u00f3n\u00bb font_container=\u00bbtag:h2|font_size:36|text_align:left|color:%2300a0e0|line_height:44px\u00bb google_fonts=\u00bbfont_family:Roboto%3A100%2C100italic%2C300%2C300italic%2Cregular%2Citalic%2C500%2C500italic%2C700%2C700italic%2C900%2C900italic|font_style:400%20regular%3A400%3Anormal\u00bb css=\u00bb.vc_custom_1526556183754{margin-bottom: 22px !important;}\u00bb][vc_custom_heading text=\u00bbMejorar la vida de las personas que sufren de incontinencia.<br \/>\n<span>Queremos compartir nuestra pasi\u00f3n y conocer tus desaf\u00edos<\/span>\u00bb font_container=\u00bbtag:h3|font_size:20|text_align:left|line_height:24px\u00bb google_fonts=\u00bbfont_family:Roboto%3A100%2C100italic%2C300%2C300italic%2Cregular%2Citalic%2C500%2C500italic%2C700%2C700italic%2C900%2C900italic|font_style:400%20regular%3A400%3Anormal\u00bb el_class=\u00bbtitre-soc-blue\u00bb][vc_column_text css=\u00bb.vc_custom_1526556232770{margin-top: 22px !important;}\u00bb]Desde su creaci\u00f3n, AMD, fabricante experto en dise\u00f1o y producci\u00f3n de absorbentes para incontinencia urinaria, dedica toda su energ\u00eda a cumplir con un requisito de salud p\u00fablica: mejorar la vida cotidiana de quienes padecen incontinencia.<\/p>\n<p>Compartir una relaci\u00f3n aut\u00e9ntica con nuestros clientes, proponer una absorci\u00f3n de calidad excelente: materias que respetan la piel, los absorbentes m\u00e1s y m\u00e1s discretos que se adaptan a la ergonom\u00eda de los hombres y las mujeres, etc\u2026cada d\u00eda, el equipo de amd trabaja para responder no solo las expectativas leg\u00edtimas de las personas que sufren incontinencia sino tambi\u00e9n la de todos los profesionales que les acompa\u00f1an.[\/vc_column_text][vc_custom_heading text=\u00bbNuestra historia\u2026\u00bb font_container=\u00bbtag:h2|font_size:36|text_align:left|color:%2300a0e0|line_height:44px\u00bb google_fonts=\u00bbfont_family:Roboto%3A100%2C100italic%2C300%2C300italic%2Cregular%2Citalic%2C500%2C500italic%2C700%2C700italic%2C900%2C900italic|font_style:400%20regular%3A400%3Anormal\u00bb css=\u00bb.vc_custom_1526556242600{margin-top: 45px !important;margin-bottom: 22px !important;}\u00bb][vc_column_text]En el a\u00f1o 2006, Philippe Pages, farmac\u00e9utico de profesi\u00f3n, y Fr\u00e9d\u00e9rick Requier, decidieron crear amd \u00abactiv medical disposable\u00bb, una compa\u00f1\u00eda especializada en el dise\u00f1o, fabricaci\u00f3n y distribuci\u00f3n de absorbentes de un solo uso para adultos.<br \/>\nReconocidos en el sector de la higiene durante m\u00e1s de 30 a\u00f1os, los dirigentes han invertido de forma considerable y han impulsado a la compa\u00f1\u00eda francesa entre los l\u00edderes del mercado.[\/vc_column_text][vc_custom_heading text=\u00bbNuestra ambici\u00f3n: contribuir al desaf\u00edo social relacionado con el envejecimiento\u00bb font_container=\u00bbtag:h2|font_size:36|text_align:left|color:%2300a0e0|line_height:44px\u00bb google_fonts=\u00bbfont_family:Roboto%3A100%2C100italic%2C300%2C300italic%2Cregular%2Citalic%2C500%2C500italic%2C700%2C700italic%2C900%2C900italic|font_style:400%20regular%3A400%3Anormal\u00bb css=\u00bb.vc_custom_1526556271878{margin-top: 45px !important;margin-bottom: 22px !important;}\u00bb][vc_column_text]\n<ul>\n<li>Hacer accesible la mayor cantidad de productos relacionados con la incontinencia de adultos inspirados por profesionales de la salud.<\/li>\n<li>Compartir una relaci\u00f3n genuina y duradera con nuestros clientes: brindar nuestra experiencia en el mercado, con un soporte personalizado, claro y eficiente y servicios verdaderos de proximidad.<\/li>\n<li>Conocer tus desaf\u00edos: dise\u00f1ar y fabricar para vosotros una gama completa de marcas propias que satisfaga las expectativas de vuestros clientes.<\/li>\n<\/ul>\n[\/vc_column_text][vc_custom_heading text=\u00bbamd, es hoy\u00bb font_container=\u00bbtag:h2|font_size:36|text_align:left|color:%2300a0e0|line_height:44px\u00bb google_fonts=\u00bbfont_family:Roboto%3A100%2C100italic%2C300%2C300italic%2Cregular%2Citalic%2C500%2C500italic%2C700%2C700italic%2C900%2C900italic|font_style:400%20regular%3A400%3Anormal\u00bb css=\u00bb.vc_custom_1526556330359{margin-top: 45px !important;margin-bottom: 22px !important;}\u00bb][vc_column_text]\n<ul>\n<li>Una sociedad con un capital de 4 millones de euros, con sede social en Salinelles (Francia)<\/li>\n<li>Dos plantas de producci\u00f3n: Rouvroy (Francia) y Calatayud (Espa\u00f1a). A la vanguardia de la tecnolog\u00eda, estas f\u00e1bricas combinan rendimiento y rigor para garantizar tres compromisos esenciales para la satisfacci\u00f3n de nuestros clientes:<\/li>\n<\/ul>\n[\/vc_column_text][\/vc_column_inner][\/vc_row_inner][\/vc_column][\/vc_row][vc_row type=\u00bbin_container\u00bb full_screen_row_position=\u00bbmiddle\u00bb scene_position=\u00bbcenter\u00bb text_color=\u00bbdark\u00bb text_align=\u00bbleft\u00bb top_padding=\u00bb45&#8243; bottom_padding=\u00bb40&#8243; overlay_strength=\u00bb0.3&#8243; shape_divider_position=\u00bbbottom\u00bb shape_type=\u00bb\u00bb][vc_column column_padding=\u00bbpadding-15-percent\u00bb column_padding_position=\u00bbleft-right\u00bb background_color_opacity=\u00bb1&#8243; background_hover_color_opacity=\u00bb1&#8243; column_shadow=\u00bbnone\u00bb column_border_radius=\u00bbnone\u00bb width=\u00bb1\/1&#8243; tablet_text_alignment=\u00bbdefault\u00bb phone_text_alignment=\u00bbdefault\u00bb column_border_width=\u00bbnone\u00bb column_border_style=\u00bbsolid\u00bb][vc_row_inner column_margin=\u00bbdefault\u00bb text_align=\u00bbleft\u00bb css=\u00bb.vc_custom_1521649672010{margin-bottom: 40px !important;}\u00bb][vc_column_inner column_padding=\u00bbno-extra-padding\u00bb column_padding_position=\u00bball\u00bb background_color_opacity=\u00bb1&#8243; background_hover_color_opacity=\u00bb1&#8243; column_shadow=\u00bbnone\u00bb column_border_radius=\u00bbnone\u00bb width=\u00bb1\/3&#8243; column_border_width=\u00bbnone\u00bb column_border_style=\u00bbsolid\u00bb][image_with_animation image_url=\u00bb609&#8243; alignment=\u00bbcenter\u00bb animation=\u00bbFade In\u00bb border_radius=\u00bbnone\u00bb box_shadow=\u00bbnone\u00bb max_width=\u00bb100%\u00bb][vc_column_text css=\u00bb.vc_custom_1529569966128{margin-top: 25px !important;}\u00bb]<b>1-Control de calidad del producto<\/b><\/p>\n<p>Los medios invertidos:<\/p>\n<ul>\n<li>Un <a href=\"https:\/\/amd-incontinence.com\/espanol\/amd\/plantas-de-produccion\/?tab=laboratorio-de-calidad\" target=\"_blank\" title=\"Laboratorio de calidad\" rel=\"noopener\">laboratorio de calidad<\/a> integrado (y nuestro equipo de ingenieros experimentados)<\/li>\n<li>La<a href=\"https:\/\/amd-incontinence.com\/espanol\/amd\/plantas-de-produccion\/?tab=maquinaria-de-alta-tecnologia\" target=\"_blank\" title=\"maquinaria m\u00e1s moderna de Europa\" rel=\"noopener\"> maquinaria<\/a> m\u00e1s moderna de Europa<\/li>\n<li>Los m\u00e1s altos <a href=\"https:\/\/amd-incontinence.com\/espanol\/amd\/plantas-de-produccion\/?tab=etiquetas-de-calidad\" target=\"_blank\" title=\"Est\u00e1ndares de calidad\" rel=\"noopener\">est\u00e1ndares de calidad<\/a> y ambientales<\/li>\n<\/ul>\n<p>amd se beneficia del dominio total de su cadena de producci\u00f3n, desde el dise\u00f1o hasta la fabricaci\u00f3n.[\/vc_column_text][\/vc_column_inner][vc_column_inner column_padding=\u00bbno-extra-padding\u00bb column_padding_position=\u00bball\u00bb background_color_opacity=\u00bb1&#8243; background_hover_color_opacity=\u00bb1&#8243; column_shadow=\u00bbnone\u00bb column_border_radius=\u00bbnone\u00bb width=\u00bb1\/3&#8243; column_border_width=\u00bbnone\u00bb column_border_style=\u00bbsolid\u00bb][image_with_animation image_url=\u00bb610&#8243; alignment=\u00bbcenter\u00bb animation=\u00bbFade In\u00bb border_radius=\u00bbnone\u00bb box_shadow=\u00bbnone\u00bb max_width=\u00bb100%\u00bb][vc_column_text css=\u00bb.vc_custom_1529569953620{margin-top: 25px !important;}\u00bb]<b>2-Servicio de proximidad<\/b><\/p>\n<p>Los medios invertidos:<\/p>\n<ul>\n<li>M\u00e1s de 200 empleados experimentados y entregados<\/li>\n<li>4 filiales internacionales\u00a0:<br \/>\nFrancia, Espa\u00f1a, Reino Unido y Alemania<\/li>\n<li>Log\u00edstica integrada<\/li>\n<li>Un equipo profesional de asesores t\u00e9cnicos<\/li>\n<\/ul>\n[\/vc_column_text][\/vc_column_inner][vc_column_inner column_padding=\u00bbno-extra-padding\u00bb column_padding_position=\u00bball\u00bb background_color_opacity=\u00bb1&#8243; background_hover_color_opacity=\u00bb1&#8243; column_shadow=\u00bbnone\u00bb column_border_radius=\u00bbnone\u00bb width=\u00bb1\/3&#8243; column_border_width=\u00bbnone\u00bb column_border_style=\u00bbsolid\u00bb][image_with_animation image_url=\u00bb611&#8243; alignment=\u00bbcenter\u00bb animation=\u00bbFade In\u00bb border_radius=\u00bbnone\u00bb box_shadow=\u00bbnone\u00bb max_width=\u00bb100%\u00bb][vc_column_text css=\u00bb.vc_custom_1529569922887{margin-top: 25px !important;}\u00bb]<b>3-Reactividad: dominio de la distribuci\u00f3n<\/b><\/p>\n<p>Los medios invertidos:<\/p>\n<ul>\n<li>Log\u00edstica integrada<\/li>\n<li>2 <a href=\"https:\/\/amd-incontinence.com\/espanol\/amd\/presencia-internacional\/\" title=\"Plataformas de distribuci\u00f3n\">Plataformas de distribuci\u00f3n<\/a>: una en Francia y otra en Espa\u00f1a<\/li>\n<li>La gama amd se distribuye en 23 pa\u00edses y 4 continentes\n<ul>\n<li>Europa (incluida Francia y pa\u00edses de ultramar)<\/li>\n<li>Asia<\/li>\n<li>\u00c1frica<\/li>\n<li>Ocean\u00eda<\/li>\n<\/ul>\n<\/li>\n<\/ul>\n[\/vc_column_text][\/vc_column_inner][\/vc_row_inner][vc_custom_heading text=\u00bbamd, el colaborador sanitario\u00bb font_container=\u00bbtag:h2|font_size:36|text_align:left|color:%2300a0e0|line_height:44px\u00bb google_fonts=\u00bbfont_family:Roboto%3A100%2C100italic%2C300%2C300italic%2Cregular%2Citalic%2C500%2C500italic%2C700%2C700italic%2C900%2C900italic|font_style:400%20regular%3A400%3Anormal\u00bb css=\u00bb.vc_custom_1528195183787{margin-top: 45px !important;margin-bottom: 22px !important;}\u00bb][vc_column_text]ACTIV MEDICAL DISPOSABLE es hoy el fabricante y proveedor de referencia en hospitales, geri\u00e1tricos, mayoristas y distribuidores en todos los pa\u00edses de Europa.<\/p>\n<p>+ de 1700 establecimientos de salud<br \/>\n+ de 400 almacenes especializados<br \/>\n+ de 3000 farmacias<br \/>\n<a href=\"https:\/\/amd-incontinence.com\/espanol\/crea-tu-propia-marca\/\">+ de 30 marcas privadas<\/a><br \/>\n<a href=\"https:\/\/amd-incontinence.com\/espanol\/amd\/presencia-internacional\/\">+ de 23 pa\u00edses distribuidores<\/a>[\/vc_column_text][\/vc_column][\/vc_row]\n","protected":false},"excerpt":{"rendered":"<p>[vc_row type=\u00bbin_container\u00bb full_screen_row_position=\u00bbmiddle\u00bb scene_position=\u00bbcenter\u00bb text_color=\u00bbdark\u00bb text_align=\u00bbleft\u00bb class=\u00bbsliderrow\u00bb overlay_strength=\u00bb0.3&#8243; shape_divider_position=\u00bbbottom\u00bb shape_type=\u00bb\u00bb][vc_column column_padding=\u00bbno-extra-padding\u00bb column_padding_position=\u00bball\u00bb background_color_opacity=\u00bb1&#8243; background_hover_color_opacity=\u00bb1&#8243; column_shadow=\u00bbnone\u00bb column_border_radius=\u00bbnone\u00bb width=\u00bb1\/1&#8243; tablet_text_alignment=\u00bbdefault\u00bb phone_text_alignment=\u00bbdefault\u00bb column_border_width=\u00bbnone\u00bb column_border_style=\u00bbsolid\u00bb][vc_row_inner column_margin=\u00bbdefault\u00bb top_padding=\u00bb75&#8243; text_align=\u00bbleft\u00bb][vc_column_inner column_padding=\u00bbpadding-15-percent\u00bb column_padding_position=\u00bbleft-right\u00bb background_color_opacity=\u00bb1&#8243; background_hover_color_opacity=\u00bb1&#8243; column_shadow=\u00bbnone\u00bb column_border_radius=\u00bbnone\u00bb&#8230;<\/p>\n","protected":false},"author":1,"featured_media":0,"parent":41,"menu_order":0,"comment_status":"closed","ping_status":"closed","template":"","meta":{"footnotes":""},"class_list":["post-50","page","type-page","status-publish"],"yoast_head":"<!-- This site is optimized with the Yoast SEO plugin v27.3 - https:\/\/yoast.com\/product\/yoast-seo-wordpress\/ -->\n<title>Compa\u00f1\u00eda - AMD - Activ Medical Disposable<\/title>\n<meta name=\"robots\" content=\"index, follow, max-snippet:-1, max-image-preview:large, max-video-preview:-1\" \/>\n<link rel=\"canonical\" href=\"https:\/\/amd-incontinence.com\/espanol\/amd\/compania\/\" \/>\n<meta property=\"og:locale\" content=\"es_ES\" \/>\n<meta property=\"og:type\" content=\"article\" \/>\n<meta property=\"og:title\" content=\"Compa\u00f1\u00eda - AMD - Activ Medical Disposable\" \/>\n<meta property=\"og:description\" content=\"[vc_row type=\u00bbin_container\u00bb full_screen_row_position=\u00bbmiddle\u00bb scene_position=\u00bbcenter\u00bb text_color=\u00bbdark\u00bb text_align=\u00bbleft\u00bb class=\u00bbsliderrow\u00bb overlay_strength=\u00bb0.3&#8243; shape_divider_position=\u00bbbottom\u00bb shape_type=\u00bb\u00bb][vc_column column_padding=\u00bbno-extra-padding\u00bb column_padding_position=\u00bball\u00bb background_color_opacity=\u00bb1&#8243; background_hover_color_opacity=\u00bb1&#8243; column_shadow=\u00bbnone\u00bb column_border_radius=\u00bbnone\u00bb width=\u00bb1\/1&#8243; tablet_text_alignment=\u00bbdefault\u00bb phone_text_alignment=\u00bbdefault\u00bb column_border_width=\u00bbnone\u00bb column_border_style=\u00bbsolid\u00bb][vc_row_inner column_margin=\u00bbdefault\u00bb top_padding=\u00bb75&#8243; text_align=\u00bbleft\u00bb][vc_column_inner column_padding=\u00bbpadding-15-percent\u00bb column_padding_position=\u00bbleft-right\u00bb background_color_opacity=\u00bb1&#8243; background_hover_color_opacity=\u00bb1&#8243; column_shadow=\u00bbnone\u00bb column_border_radius=\u00bbnone\u00bb...\" \/>\n<meta property=\"og:url\" content=\"https:\/\/amd-incontinence.com\/espanol\/amd\/compania\/\" \/>\n<meta property=\"og:site_name\" content=\"AMD - Activ Medical Disposable\" \/>\n<meta property=\"article:modified_time\" content=\"2018-06-22T07:41:46+00:00\" \/>\n<meta name=\"twitter:card\" content=\"summary_large_image\" \/>\n<meta name=\"twitter:label1\" content=\"Tiempo de lectura\" \/>\n\t<meta name=\"twitter:data1\" content=\"7 minutos\" \/>\n<script type=\"application\/ld+json\" class=\"yoast-schema-graph\">{\"@context\":\"https:\\\/\\\/schema.org\",\"@graph\":[{\"@type\":\"WebPage\",\"@id\":\"https:\\\/\\\/amd-incontinence.com\\\/espanol\\\/amd\\\/compania\\\/\",\"url\":\"https:\\\/\\\/amd-incontinence.com\\\/espanol\\\/amd\\\/compania\\\/\",\"name\":\"Compa\u00f1\u00eda - AMD - Activ Medical Disposable\",\"isPartOf\":{\"@id\":\"https:\\\/\\\/amd-incontinence.com\\\/espanol\\\/#website\"},\"datePublished\":\"2017-10-19T20:29:24+00:00\",\"dateModified\":\"2018-06-22T07:41:46+00:00\",\"breadcrumb\":{\"@id\":\"https:\\\/\\\/amd-incontinence.com\\\/espanol\\\/amd\\\/compania\\\/#breadcrumb\"},\"inLanguage\":\"es\",\"potentialAction\":[{\"@type\":\"ReadAction\",\"target\":[\"https:\\\/\\\/amd-incontinence.com\\\/espanol\\\/amd\\\/compania\\\/\"]}]},{\"@type\":\"BreadcrumbList\",\"@id\":\"https:\\\/\\\/amd-incontinence.com\\\/espanol\\\/amd\\\/compania\\\/#breadcrumb\",\"itemListElement\":[{\"@type\":\"ListItem\",\"position\":1,\"name\":\"Accueil\",\"item\":\"https:\\\/\\\/amd-incontinence.com\\\/espanol\\\/\"},{\"@type\":\"ListItem\",\"position\":2,\"name\":\"Amd\",\"item\":\"https:\\\/\\\/amd-incontinence.com\\\/espanol\\\/amd\\\/\"},{\"@type\":\"ListItem\",\"position\":3,\"name\":\"Compa\u00f1\u00eda\"}]},{\"@type\":\"WebSite\",\"@id\":\"https:\\\/\\\/amd-incontinence.com\\\/espanol\\\/#website\",\"url\":\"https:\\\/\\\/amd-incontinence.com\\\/espanol\\\/\",\"name\":\"AMD - Activ Medical Disposable\",\"description\":\"\",\"potentialAction\":[{\"@type\":\"SearchAction\",\"target\":{\"@type\":\"EntryPoint\",\"urlTemplate\":\"https:\\\/\\\/amd-incontinence.com\\\/espanol\\\/?s={search_term_string}\"},\"query-input\":{\"@type\":\"PropertyValueSpecification\",\"valueRequired\":true,\"valueName\":\"search_term_string\"}}],\"inLanguage\":\"es\"}]}<\/script>\n<!-- \/ Yoast SEO plugin. -->","yoast_head_json":{"title":"Compa\u00f1\u00eda - AMD - Activ Medical Disposable","robots":{"index":"index","follow":"follow","max-snippet":"max-snippet:-1","max-image-preview":"max-image-preview:large","max-video-preview":"max-video-preview:-1"},"canonical":"https:\/\/amd-incontinence.com\/espanol\/amd\/compania\/","og_locale":"es_ES","og_type":"article","og_title":"Compa\u00f1\u00eda - AMD - Activ Medical Disposable","og_description":"[vc_row type=\u00bbin_container\u00bb full_screen_row_position=\u00bbmiddle\u00bb scene_position=\u00bbcenter\u00bb text_color=\u00bbdark\u00bb text_align=\u00bbleft\u00bb class=\u00bbsliderrow\u00bb overlay_strength=\u00bb0.3&#8243; shape_divider_position=\u00bbbottom\u00bb shape_type=\u00bb\u00bb][vc_column column_padding=\u00bbno-extra-padding\u00bb column_padding_position=\u00bball\u00bb background_color_opacity=\u00bb1&#8243; background_hover_color_opacity=\u00bb1&#8243; column_shadow=\u00bbnone\u00bb column_border_radius=\u00bbnone\u00bb width=\u00bb1\/1&#8243; tablet_text_alignment=\u00bbdefault\u00bb phone_text_alignment=\u00bbdefault\u00bb column_border_width=\u00bbnone\u00bb column_border_style=\u00bbsolid\u00bb][vc_row_inner column_margin=\u00bbdefault\u00bb top_padding=\u00bb75&#8243; text_align=\u00bbleft\u00bb][vc_column_inner column_padding=\u00bbpadding-15-percent\u00bb column_padding_position=\u00bbleft-right\u00bb background_color_opacity=\u00bb1&#8243; background_hover_color_opacity=\u00bb1&#8243; column_shadow=\u00bbnone\u00bb column_border_radius=\u00bbnone\u00bb...","og_url":"https:\/\/amd-incontinence.com\/espanol\/amd\/compania\/","og_site_name":"AMD - Activ Medical Disposable","article_modified_time":"2018-06-22T07:41:46+00:00","twitter_card":"summary_large_image","twitter_misc":{"Tiempo de lectura":"7 minutos"},"schema":{"@context":"https:\/\/schema.org","@graph":[{"@type":"WebPage","@id":"https:\/\/amd-incontinence.com\/espanol\/amd\/compania\/","url":"https:\/\/amd-incontinence.com\/espanol\/amd\/compania\/","name":"Compa\u00f1\u00eda - AMD - Activ Medical Disposable","isPartOf":{"@id":"https:\/\/amd-incontinence.com\/espanol\/#website"},"datePublished":"2017-10-19T20:29:24+00:00","dateModified":"2018-06-22T07:41:46+00:00","breadcrumb":{"@id":"https:\/\/amd-incontinence.com\/espanol\/amd\/compania\/#breadcrumb"},"inLanguage":"es","potentialAction":[{"@type":"ReadAction","target":["https:\/\/amd-incontinence.com\/espanol\/amd\/compania\/"]}]},{"@type":"BreadcrumbList","@id":"https:\/\/amd-incontinence.com\/espanol\/amd\/compania\/#breadcrumb","itemListElement":[{"@type":"ListItem","position":1,"name":"Accueil","item":"https:\/\/amd-incontinence.com\/espanol\/"},{"@type":"ListItem","position":2,"name":"Amd","item":"https:\/\/amd-incontinence.com\/espanol\/amd\/"},{"@type":"ListItem","position":3,"name":"Compa\u00f1\u00eda"}]},{"@type":"WebSite","@id":"https:\/\/amd-incontinence.com\/espanol\/#website","url":"https:\/\/amd-incontinence.com\/espanol\/","name":"AMD - Activ Medical Disposable","description":"","potentialAction":[{"@type":"SearchAction","target":{"@type":"EntryPoint","urlTemplate":"https:\/\/amd-incontinence.com\/espanol\/?s={search_term_string}"},"query-input":{"@type":"PropertyValueSpecification","valueRequired":true,"valueName":"search_term_string"}}],"inLanguage":"es"}]}},"_links":{"self":[{"href":"https:\/\/amd-incontinence.com\/espanol\/wp-json\/wp\/v2\/pages\/50","targetHints":{"allow":["GET"]}}],"collection":[{"href":"https:\/\/amd-incontinence.com\/espanol\/wp-json\/wp\/v2\/pages"}],"about":[{"href":"https:\/\/amd-incontinence.com\/espanol\/wp-json\/wp\/v2\/types\/page"}],"author":[{"embeddable":true,"href":"https:\/\/amd-incontinence.com\/espanol\/wp-json\/wp\/v2\/users\/1"}],"replies":[{"embeddable":true,"href":"https:\/\/amd-incontinence.com\/espanol\/wp-json\/wp\/v2\/comments?post=50"}],"version-history":[{"count":5,"href":"https:\/\/amd-incontinence.com\/espanol\/wp-json\/wp\/v2\/pages\/50\/revisions"}],"predecessor-version":[{"id":1021,"href":"https:\/\/amd-incontinence.com\/espanol\/wp-json\/wp\/v2\/pages\/50\/revisions\/1021"}],"up":[{"embeddable":true,"href":"https:\/\/amd-incontinence.com\/espanol\/wp-json\/wp\/v2\/pages\/41"}],"wp:attachment":[{"href":"https:\/\/amd-incontinence.com\/espanol\/wp-json\/wp\/v2\/media?parent=50"}],"curies":[{"name":"wp","href":"https:\/\/api.w.org\/{rel}","templated":true}]}}