{"id":918,"date":"2018-03-30T13:06:38","date_gmt":"2018-03-30T11:06:38","guid":{"rendered":"http:\/\/amd-incontinence.com\/espanol\/?page_id=918"},"modified":"2018-05-28T14:13:19","modified_gmt":"2018-05-28T12:13:19","slug":"notas-legales","status":"publish","type":"page","link":"https:\/\/amd-incontinence.com\/espanol\/notas-legales\/","title":{"rendered":"Notas legales"},"content":{"rendered":"[vc_row type=\u00bbin_container\u00bb full_screen_row_position=\u00bbmiddle\u00bb scene_position=\u00bbcenter\u00bb text_color=\u00bbdark\u00bb text_align=\u00bbleft\u00bb top_padding=\u00bb40&#8243; bottom_padding=\u00bb40&#8243; overlay_strength=\u00bb0.3&#8243; shape_divider_position=\u00bbbottom\u00bb shape_type=\u00bb\u00bb][vc_column column_padding=\u00bbpadding-15-percent\u00bb column_padding_position=\u00bbleft-right\u00bb background_color_opacity=\u00bb1&#8243; background_hover_color_opacity=\u00bb1&#8243; column_shadow=\u00bbnone\u00bb column_border_radius=\u00bbnone\u00bb width=\u00bb1\/1&#8243; tablet_text_alignment=\u00bbdefault\u00bb phone_text_alignment=\u00bbdefault\u00bb column_border_width=\u00bbnone\u00bb column_border_style=\u00bbsolid\u00bb][vc_column_text]\n<h1>NOTAS LEGALES:<\/h1>\n<h2>1. Presentaci\u00f3n del sitio<\/h2>\n<p>De conformidad con las disposiciones de los Art\u00edculos 6-III y 19 de la Ley No. 2004-575 del 21 de junio de 2004 para la Confianza en la Econom\u00eda Digital, conocida como LCEN, llamamos la atenci\u00f3n de los usuarios y visitantes del sitio: <a href=\"http:\/\/www.amd-incontinence.com\" target=\"_blank\" rel=\"noopener\">www.amd-incontinence.com<\/a> la siguiente informaci\u00f3n:<\/p>\n<p><b>Informaciones legales\u00a0: <\/b><\/p>\n<p>Estado del propietario: empresa<br \/>\nPrefijo: SAS<br \/>\nNombre de la empresa: Activ Medical disposable<br \/>\nDirecci\u00f3n: Domaine de la Clotte 30250 Salinelles<br \/>\nTel: 04 66 80 77 01<br \/>\nCapital de: \u20ac 4,000,000<br \/>\nSIRET: 490 199 577 00019 R.C.S : Nimes B 490 199 577<br \/>\nN\u00famero de IVA intracomunitario: FR 76 490199577<br \/>\nDirecci\u00f3n de correo electr\u00f3nico: amdfrance@activmed.eu<\/p>\n<p>Agencia de comunicaci\u00f3n : <a href=\"https:\/\/www.effet-papillon-lagence.com\/\" title=\"Agencia de comunicaci\u00f3n Effet Papillon\" target=\"_blank\" rel=\"noopener\">Nadia Belhabchi Effet Papillon<\/a><br \/>\nDirecci\u00f3n de arte y dise\u00f1o interactivo : <a href=\"http:\/\/www.elephant-interactive.com\/\" title=\"Elephant Interactive, Direcci\u00f3n de arte y dise\u00f1o interactivo\" target=\"_blank\" rel=\"noopener\">Elephant Interactive<\/a><br \/>\nIntegraci\u00f3n y web desarrollo : <a href=\"http:\/\/marion-dunais.fr\" title=\"\" target=\"_blank\" rel=\"noopener\">Marion Dunais<\/a><br \/>\nResponsable de la publicaci\u00f3n : Emmanuelle Bernard<br \/>\nPara contactar con el responsable de la publicaci\u00f3n: e.bernard@activmed.eu<\/p>\n<p>Webmaster : Emmanuelle Bernard <a href=\"mailto:e.bernard@activmed.eu?subject=Contact \u00e0 partir des mentions l\u00e9gales via le site www.amd-incontinence.com\">e.bernard@activmed.eu<\/a><br \/>\nAlojamiento web: 1&amp;1 Internet SARL 7, place de la Gare BP 70109 57201 Sarreguemines Cedex<\/p>\n<h2>2. Descripci\u00f3n de los servicios ofrecidos:<\/h2>\n<p>El prop\u00f3sito del sitio <a href=\"http:\/\/www.amd-incontinence.com\" target=\"_blank\" rel=\"noopener\">www.amd-incontinence.com<\/a> es proporcionar informaci\u00f3n sobre todas las actividades de la empresa.<br \/>\nEl propietario del sitio se esfuerza por proporcionar en el sitio <a href=\"http:\/\/www.amd-incontinence.com\" target=\"_blank\" rel=\"noopener\">www.amd-incontinence.com<\/a> la informaci\u00f3n m\u00e1s precisa posible. Sin embargo, no puede ser considerado responsable de omisiones, inexactitudes y deficiencias en la actualizaci\u00f3n, ya sea por \u00e9l o por terceros que brindan esta informaci\u00f3n.<br \/>\nToda la informaci\u00f3n ofrecida en el sitio <a href=\"http:\/\/www.amd-incontinence.com\" target=\"_blank\" rel=\"noopener\">www.amd-incontinence.com<\/a> se proporciona como una indicaci\u00f3n, no es exhaustiva y est\u00e1 sujeta a cambios. Se dan sujetos a modificaciones que se han realizado desde que se pusieron en l\u00ednea.<\/p>\n<h2>3. Propiedad intelectual y falsificaciones:<\/h2>\n<p>El propietario del sitio posee los derechos de propiedad intelectual o tiene los derechos para utilizar todos los elementos disponibles en el sitio, incluidos texto, im\u00e1genes, gr\u00e1ficos, logotipos, iconos, sonidos, software &#8230;<\/p>\n<p>Se proh\u00edbe cualquier reproducci\u00f3n, representaci\u00f3n, modificaci\u00f3n, publicaci\u00f3n, adaptaci\u00f3n total o parcial de los elementos del sitio, cualesquiera que sean los medios o el proceso utilizado, excepto autorizaci\u00f3n previa por escrito al correo electr\u00f3nico: <a href=\"mailto:e.bernard@activmed.eu?subject=Contact \u00e0 partir des mentions l\u00e9gales via le site www.amd-incontinence.com\">e.bernard@activmed.eu<\/a><\/p>\n<p>Cualquier uso no autorizado del sitio o cualquiera de estos elementos que contiene se considerar\u00e1 como una infracci\u00f3n y procesado de acuerdo con las disposiciones de los Art\u00edculos L.335-2 y siguientes del C\u00f3digo de Propiedad Intelectual.<\/p>\n<h2>4. Enlaces de hipertexto y cookies:<\/h2>\n<p>El sitio <a href=\"http:\/\/www.amd-incontinence.com\" target=\"_blank\" rel=\"noopener\">www.amd-incontinence.com<\/a> contiene una serie de enlaces de hipertexto a otros sitios (socios, informaci\u00f3n &#8230;) configurados con el permiso del propietario del sitio. Sin embargo, el propietario del sitio no tiene la oportunidad de verificar el contenido de los sitios visitados y, por lo tanto, declina cualquier responsabilidad por este hecho cuando existan riesgos potenciales de contenido ilegal.<\/p>\n<p>Se informa al usuario que durante sus visitas al sitio <a href=\"http:\/\/www.amd-incontinence.com\" target=\"_blank\" rel=\"noopener\">www.amd-incontinence.com<\/a>, una o m\u00e1s cookies pueden instalarse autom\u00e1ticamente en su ordenador. Una cookie es un archivo peque\u00f1o, que no permite la identificaci\u00f3n del usuario, pero que registra informaci\u00f3n relacionada con la navegaci\u00f3n de un ordenador en un sitio. Los datos as\u00ed obtenidos est\u00e1n destinados a facilitar la navegaci\u00f3n posterior en el sitio, y tambi\u00e9n est\u00e1n destinados a permitir diversas medidas de asistencia.<\/p>\n<p>La configuraci\u00f3n del software del navegador permite informar de la presencia de una cookie y posiblemente rechazarla de la manera descrita en la siguiente direcci\u00f3n: www.cnil.fr<\/p>\n<p>La negativa a instalar una cookie puede imposibilitar el acceso a ciertos servicios. Sin embargo, el usuario puede configurar su ordenador de la siguiente manera para rechazar la instalaci\u00f3n de cookies:<\/p>\n<p>En Internet Explorer: pesta\u00f1a de herramienta \/ opciones de Internet. Haga clic en Privacidad y elija Bloquear todas las cookies. Validar en Ok.<\/p>\n<p>En Netscape: pesta\u00f1a Editar \/ Preferencias. Haga clic en Avanzado y seleccione Deshabilitar cookies. Validar en Ok.<\/p>\n<h2>5. Protecci\u00f3n de bienes y personas &#8211; gesti\u00f3n de datos personales:<\/h2>\n<p>Usuario: usuario de Internet que se conecta, usando el sitio antes mencionado:<a href=\"http:\/\/www.amd-incontinence.com\" target=\"_blank\" rel=\"noopener\">www.amd-incontinence.com<\/a><\/p>\n<p>En Francia, los datos personales est\u00e1n protegidos en particular por la ley n \u00b0 78-87 del 6 de enero de 1978, la ley n \u00b0 2004-801 del 6 de agosto de 2004, el art\u00edculo L. 226-13 del C\u00f3digo Penal y la Directiva Europea del 24 de octubre de 1995.<\/p>\n<p>En el sitio <a href=\"http:\/\/www.amd-incontinence.com\" target=\"_blank\" rel=\"noopener\">www.amd-incontinence.com<\/a>, el propietario del sitio recopila informaci\u00f3n personal sobre el usuario solo para la necesidad de ciertos servicios ofrecidos por el sitio <a href=\"http:\/\/www.amd-incontinence.com\" target=\"_blank\" rel=\"noopener\">www.amd-incontinence.com<\/a>. El usuario proporciona esta informaci\u00f3n con pleno conocimiento de los hechos, en particular cuando procede por su cuenta. Luego se especifica al usuario del sitio <a href=\"http:\/\/www.amd-incontinence.com\" target=\"_blank\" rel=\"noopener\">www.amd-incontinence.com<\/a> la obligaci\u00f3n o no de proporcionar esta informaci\u00f3n.<\/p>\n<p>De conformidad con lo dispuesto en los art\u00edculos 38 y siguientes de la Ley 78-17 de 6 de enero de 1978 relativa a datos, archivos y libertades, todos los usuarios tienen derecho de acceso, rectificaci\u00f3n, cancelaci\u00f3n y oposici\u00f3n a los datos personales que lo conciernen. Para ejercer este derecho, env\u00ede su solicitud a <a href=\"http:\/\/www.amd-incontinence.com\" target=\"_blank\" rel=\"noopener\">www.amd-incontinence.com<\/a> por correo electr\u00f3nico: correo electr\u00f3nico del webmaster o mediante una solicitud escrita y firmada, acompa\u00f1ada de una copia del documento de identidad con la firma del titular del documento, especificando la direcci\u00f3n a la que se debe enviar la respuesta.<\/p>\n<p>Ninguna informaci\u00f3n personal del usuario del sitio web <a href=\"http:\/\/www.amd-incontinence.com\" target=\"_blank\" rel=\"noopener\">www.amd-incontinence.com<\/a> se publica sin el conocimiento del usuario, intercambiada, transferida, cedida o vendida a ning\u00fan soporte a terceros. Solo la asunci\u00f3n de la redenci\u00f3n del sitio <a href=\"http:\/\/www.amd-incontinence.com\" target=\"_blank\" rel=\"noopener\">www.amd-incontinence.com<\/a> al propietario del sitio y sus derechos permitir\u00eda la transmisi\u00f3n de dicha informaci\u00f3n al posible comprador que a su vez tendr\u00eda la misma obligaci\u00f3n de almacenar y modificar la informaci\u00f3n y los datos con respecto al usuario del sitio www.amd-incontinence.com.<\/p>\n<p>No hay declaraci\u00f3n CNIL porque no hay recopilaci\u00f3n de datos personales.<\/p>\n<p>Las bases de datos est\u00e1n protegidas por las disposiciones de la Ley de 1 de julio de 1998 por la que se transpone la Directiva 96\/9, de 11 de marzo de 1996, sobre la protecci\u00f3n jur\u00eddica de las bases de datos.[\/vc_column_text][\/vc_column][\/vc_row]\n","protected":false},"excerpt":{"rendered":"<p>[vc_row type=\u00bbin_container\u00bb full_screen_row_position=\u00bbmiddle\u00bb scene_position=\u00bbcenter\u00bb text_color=\u00bbdark\u00bb text_align=\u00bbleft\u00bb top_padding=\u00bb40&#8243; bottom_padding=\u00bb40&#8243; overlay_strength=\u00bb0.3&#8243; shape_divider_position=\u00bbbottom\u00bb shape_type=\u00bb\u00bb][vc_column column_padding=\u00bbpadding-15-percent\u00bb column_padding_position=\u00bbleft-right\u00bb background_color_opacity=\u00bb1&#8243; background_hover_color_opacity=\u00bb1&#8243; column_shadow=\u00bbnone\u00bb column_border_radius=\u00bbnone\u00bb width=\u00bb1\/1&#8243; tablet_text_alignment=\u00bbdefault\u00bb phone_text_alignment=\u00bbdefault\u00bb column_border_width=\u00bbnone\u00bb column_border_style=\u00bbsolid\u00bb][vc_column_text] NOTAS LEGALES: 1. Presentaci\u00f3n del sitio De conformidad&#8230;<\/p>\n","protected":false},"author":1,"featured_media":0,"parent":0,"menu_order":0,"comment_status":"closed","ping_status":"closed","template":"","meta":{"footnotes":""},"class_list":["post-918","page","type-page","status-publish"],"yoast_head":"<!-- This site is optimized with the Yoast SEO plugin v27.3 - https:\/\/yoast.com\/product\/yoast-seo-wordpress\/ -->\n<title>Notas legales - AMD - Activ Medical Disposable<\/title>\n<meta name=\"robots\" content=\"index, follow, max-snippet:-1, max-image-preview:large, max-video-preview:-1\" \/>\n<link rel=\"canonical\" href=\"https:\/\/amd-incontinence.com\/espanol\/notas-legales\/\" \/>\n<meta property=\"og:locale\" content=\"es_ES\" \/>\n<meta property=\"og:type\" content=\"article\" \/>\n<meta property=\"og:title\" content=\"Notas legales - AMD - Activ Medical Disposable\" \/>\n<meta property=\"og:description\" content=\"[vc_row type=\u00bbin_container\u00bb full_screen_row_position=\u00bbmiddle\u00bb scene_position=\u00bbcenter\u00bb text_color=\u00bbdark\u00bb text_align=\u00bbleft\u00bb top_padding=\u00bb40&#8243; bottom_padding=\u00bb40&#8243; overlay_strength=\u00bb0.3&#8243; shape_divider_position=\u00bbbottom\u00bb shape_type=\u00bb\u00bb][vc_column column_padding=\u00bbpadding-15-percent\u00bb column_padding_position=\u00bbleft-right\u00bb background_color_opacity=\u00bb1&#8243; background_hover_color_opacity=\u00bb1&#8243; column_shadow=\u00bbnone\u00bb column_border_radius=\u00bbnone\u00bb width=\u00bb1\/1&#8243; tablet_text_alignment=\u00bbdefault\u00bb phone_text_alignment=\u00bbdefault\u00bb column_border_width=\u00bbnone\u00bb column_border_style=\u00bbsolid\u00bb][vc_column_text] NOTAS LEGALES: 1. Presentaci\u00f3n del sitio De conformidad...\" \/>\n<meta property=\"og:url\" content=\"https:\/\/amd-incontinence.com\/espanol\/notas-legales\/\" \/>\n<meta property=\"og:site_name\" content=\"AMD - Activ Medical Disposable\" \/>\n<meta property=\"article:modified_time\" content=\"2018-05-28T12:13:19+00:00\" \/>\n<meta name=\"twitter:card\" content=\"summary_large_image\" \/>\n<meta name=\"twitter:label1\" content=\"Tiempo de lectura\" \/>\n\t<meta name=\"twitter:data1\" content=\"6 minutos\" \/>\n<script type=\"application\/ld+json\" class=\"yoast-schema-graph\">{\"@context\":\"https:\\\/\\\/schema.org\",\"@graph\":[{\"@type\":\"WebPage\",\"@id\":\"https:\\\/\\\/amd-incontinence.com\\\/espanol\\\/notas-legales\\\/\",\"url\":\"https:\\\/\\\/amd-incontinence.com\\\/espanol\\\/notas-legales\\\/\",\"name\":\"Notas legales - AMD - Activ Medical Disposable\",\"isPartOf\":{\"@id\":\"https:\\\/\\\/amd-incontinence.com\\\/espanol\\\/#website\"},\"datePublished\":\"2018-03-30T11:06:38+00:00\",\"dateModified\":\"2018-05-28T12:13:19+00:00\",\"breadcrumb\":{\"@id\":\"https:\\\/\\\/amd-incontinence.com\\\/espanol\\\/notas-legales\\\/#breadcrumb\"},\"inLanguage\":\"es\",\"potentialAction\":[{\"@type\":\"ReadAction\",\"target\":[\"https:\\\/\\\/amd-incontinence.com\\\/espanol\\\/notas-legales\\\/\"]}]},{\"@type\":\"BreadcrumbList\",\"@id\":\"https:\\\/\\\/amd-incontinence.com\\\/espanol\\\/notas-legales\\\/#breadcrumb\",\"itemListElement\":[{\"@type\":\"ListItem\",\"position\":1,\"name\":\"Accueil\",\"item\":\"https:\\\/\\\/amd-incontinence.com\\\/espanol\\\/\"},{\"@type\":\"ListItem\",\"position\":2,\"name\":\"Notas legales\"}]},{\"@type\":\"WebSite\",\"@id\":\"https:\\\/\\\/amd-incontinence.com\\\/espanol\\\/#website\",\"url\":\"https:\\\/\\\/amd-incontinence.com\\\/espanol\\\/\",\"name\":\"AMD - Activ Medical Disposable\",\"description\":\"\",\"potentialAction\":[{\"@type\":\"SearchAction\",\"target\":{\"@type\":\"EntryPoint\",\"urlTemplate\":\"https:\\\/\\\/amd-incontinence.com\\\/espanol\\\/?s={search_term_string}\"},\"query-input\":{\"@type\":\"PropertyValueSpecification\",\"valueRequired\":true,\"valueName\":\"search_term_string\"}}],\"inLanguage\":\"es\"}]}<\/script>\n<!-- \/ Yoast SEO plugin. -->","yoast_head_json":{"title":"Notas legales - AMD - Activ Medical Disposable","robots":{"index":"index","follow":"follow","max-snippet":"max-snippet:-1","max-image-preview":"max-image-preview:large","max-video-preview":"max-video-preview:-1"},"canonical":"https:\/\/amd-incontinence.com\/espanol\/notas-legales\/","og_locale":"es_ES","og_type":"article","og_title":"Notas legales - AMD - Activ Medical Disposable","og_description":"[vc_row type=\u00bbin_container\u00bb full_screen_row_position=\u00bbmiddle\u00bb scene_position=\u00bbcenter\u00bb text_color=\u00bbdark\u00bb text_align=\u00bbleft\u00bb top_padding=\u00bb40&#8243; bottom_padding=\u00bb40&#8243; overlay_strength=\u00bb0.3&#8243; shape_divider_position=\u00bbbottom\u00bb shape_type=\u00bb\u00bb][vc_column column_padding=\u00bbpadding-15-percent\u00bb column_padding_position=\u00bbleft-right\u00bb background_color_opacity=\u00bb1&#8243; background_hover_color_opacity=\u00bb1&#8243; column_shadow=\u00bbnone\u00bb column_border_radius=\u00bbnone\u00bb width=\u00bb1\/1&#8243; tablet_text_alignment=\u00bbdefault\u00bb phone_text_alignment=\u00bbdefault\u00bb column_border_width=\u00bbnone\u00bb column_border_style=\u00bbsolid\u00bb][vc_column_text] NOTAS LEGALES: 1. Presentaci\u00f3n del sitio De conformidad...","og_url":"https:\/\/amd-incontinence.com\/espanol\/notas-legales\/","og_site_name":"AMD - Activ Medical Disposable","article_modified_time":"2018-05-28T12:13:19+00:00","twitter_card":"summary_large_image","twitter_misc":{"Tiempo de lectura":"6 minutos"},"schema":{"@context":"https:\/\/schema.org","@graph":[{"@type":"WebPage","@id":"https:\/\/amd-incontinence.com\/espanol\/notas-legales\/","url":"https:\/\/amd-incontinence.com\/espanol\/notas-legales\/","name":"Notas legales - AMD - Activ Medical Disposable","isPartOf":{"@id":"https:\/\/amd-incontinence.com\/espanol\/#website"},"datePublished":"2018-03-30T11:06:38+00:00","dateModified":"2018-05-28T12:13:19+00:00","breadcrumb":{"@id":"https:\/\/amd-incontinence.com\/espanol\/notas-legales\/#breadcrumb"},"inLanguage":"es","potentialAction":[{"@type":"ReadAction","target":["https:\/\/amd-incontinence.com\/espanol\/notas-legales\/"]}]},{"@type":"BreadcrumbList","@id":"https:\/\/amd-incontinence.com\/espanol\/notas-legales\/#breadcrumb","itemListElement":[{"@type":"ListItem","position":1,"name":"Accueil","item":"https:\/\/amd-incontinence.com\/espanol\/"},{"@type":"ListItem","position":2,"name":"Notas legales"}]},{"@type":"WebSite","@id":"https:\/\/amd-incontinence.com\/espanol\/#website","url":"https:\/\/amd-incontinence.com\/espanol\/","name":"AMD - Activ Medical Disposable","description":"","potentialAction":[{"@type":"SearchAction","target":{"@type":"EntryPoint","urlTemplate":"https:\/\/amd-incontinence.com\/espanol\/?s={search_term_string}"},"query-input":{"@type":"PropertyValueSpecification","valueRequired":true,"valueName":"search_term_string"}}],"inLanguage":"es"}]}},"_links":{"self":[{"href":"https:\/\/amd-incontinence.com\/espanol\/wp-json\/wp\/v2\/pages\/918","targetHints":{"allow":["GET"]}}],"collection":[{"href":"https:\/\/amd-incontinence.com\/espanol\/wp-json\/wp\/v2\/pages"}],"about":[{"href":"https:\/\/amd-incontinence.com\/espanol\/wp-json\/wp\/v2\/types\/page"}],"author":[{"embeddable":true,"href":"https:\/\/amd-incontinence.com\/espanol\/wp-json\/wp\/v2\/users\/1"}],"replies":[{"embeddable":true,"href":"https:\/\/amd-incontinence.com\/espanol\/wp-json\/wp\/v2\/comments?post=918"}],"version-history":[{"count":5,"href":"https:\/\/amd-incontinence.com\/espanol\/wp-json\/wp\/v2\/pages\/918\/revisions"}],"predecessor-version":[{"id":990,"href":"https:\/\/amd-incontinence.com\/espanol\/wp-json\/wp\/v2\/pages\/918\/revisions\/990"}],"wp:attachment":[{"href":"https:\/\/amd-incontinence.com\/espanol\/wp-json\/wp\/v2\/media?parent=918"}],"curies":[{"name":"wp","href":"https:\/\/api.w.org\/{rel}","templated":true}]}}