{"id":126,"date":"2017-10-23T13:38:31","date_gmt":"2017-10-23T11:38:31","guid":{"rendered":"http:\/\/amd-incontinence.com\/espanol\/?post_type=product&#038;p=126"},"modified":"2023-01-03T12:08:26","modified_gmt":"2023-01-03T11:08:26","slug":"amd-lady","status":"publish","type":"product","link":"https:\/\/amd-incontinence.com\/espanol\/productos\/amd-lady\/","title":{"rendered":"amd Lady"},"content":{"rendered":"[vc_row type=\u00bbfull_width_content\u00bb full_screen_row_position=\u00bbmiddle\u00bb scene_position=\u00bbcenter\u00bb text_color=\u00bbdark\u00bb text_align=\u00bbleft\u00bb overlay_strength=\u00bb0.3&#8243; shape_divider_position=\u00bbbottom\u00bb][vc_column column_padding=\u00bbno-extra-padding\u00bb column_padding_position=\u00bball\u00bb background_color_opacity=\u00bb1&#8243; background_hover_color_opacity=\u00bb1&#8243; column_shadow=\u00bbnone\u00bb column_border_radius=\u00bbnone\u00bb width=\u00bb1\/1&#8243; tablet_text_alignment=\u00bbdefault\u00bb phone_text_alignment=\u00bbdefault\u00bb column_border_width=\u00bbnone\u00bb column_border_style=\u00bbsolid\u00bb][vc_column_text]Ergon\u00f3micas y extra finas, las compresa amy Lady son mucho m\u00e1s efectivas que una compresa higi\u00e9nica convencional. Espec\u00edficamente dise\u00f1adas para p\u00e9rdidas ligeras de orina, son tan discretas como absorbentes. Gracias al sistema anti olor y a su envase individual , amd lady es la protecci\u00f3n ideal para preservar la seguridad de las mujeres activas.<\/p>\n<ul>\n<li>N\u00facleo ultra absorbente extra fino<\/li>\n<li>L\u00e1mina adhesiva que mantiene y asegura la fijaci\u00f3n del absorbente<\/li>\n<li>Capa interior ultra suave y anti retorno de humedad<\/li>\n<li>Nueva sensaci\u00f3n de frescor<\/li>\n<li>Bolsitas individuales<\/li>\n<\/ul>\n[\/vc_column_text][tabbed_section style=\u00bbdefault\u00bb alignment=\u00bbleft\u00bb spacing=\u00bbdefault\u00bb tab_color=\u00bbAccent-Color\u00bb][tab icon_family=\u00bbnone\u00bb title=\u00bbLa gama\u00bb id=\u00bb1508757758-1-44&#8243; tab_id=\u00bb1508758065673-5&#8243;][vc_column_text]\n<table class=\"tab-gamme\">\n<tbody>\n<tr>\n<td>normal<\/td>\n<td><img loading=\"lazy\" decoding=\"async\" class=\"alignnone size-full wp-image-160\" src=\"http:\/\/amd-incontinence.com\/wp-content\/uploads\/2017\/10\/ico-absorb.png\" alt=\"\" width=\"18\" height=\"23\" \/><img loading=\"lazy\" decoding=\"async\" class=\"alignnone size-full wp-image-160\" src=\"http:\/\/amd-incontinence.com\/wp-content\/uploads\/2017\/10\/ico-absorb.png\" alt=\"\" width=\"18\" height=\"23\" \/><img loading=\"lazy\" decoding=\"async\" class=\"alignnone size-full wp-image-160\" src=\"http:\/\/amd-incontinence.com\/wp-content\/uploads\/2017\/10\/ico-absorb-vide.png\" alt=\"\" width=\"18\" height=\"23\" \/><img loading=\"lazy\" decoding=\"async\" class=\"alignnone size-full wp-image-160\" src=\"http:\/\/amd-incontinence.com\/wp-content\/uploads\/2017\/10\/ico-absorb-vide.png\" alt=\"\" width=\"18\" height=\"23\" \/><img loading=\"lazy\" decoding=\"async\" class=\"alignnone size-full wp-image-160\" src=\"http:\/\/amd-incontinence.com\/wp-content\/uploads\/2017\/10\/ico-absorb-vide.png\" alt=\"\" width=\"18\" height=\"23\" \/><\/td>\n<td><b class=\"cercle bleu\">.<\/b><\/td>\n<\/tr>\n<tr>\n<td>extra<\/td>\n<td><img loading=\"lazy\" decoding=\"async\" class=\"alignnone size-full wp-image-160\" src=\"http:\/\/amd-incontinence.com\/wp-content\/uploads\/sites\/4\/2017\/10\/ico-absorb.png\" alt=\"\" width=\"18\" height=\"23\" \/><img loading=\"lazy\" decoding=\"async\" class=\"alignnone size-full wp-image-160\" src=\"http:\/\/amd-incontinence.com\/wp-content\/uploads\/sites\/4\/2017\/10\/ico-absorb.png\" alt=\"\" width=\"18\" height=\"23\" \/><img loading=\"lazy\" decoding=\"async\" class=\"alignnone size-full wp-image-160\" src=\"http:\/\/amd-incontinence.com\/wp-content\/uploads\/sites\/4\/2017\/10\/ico-absorb.png\" alt=\"\" width=\"18\" height=\"23\" \/><img loading=\"lazy\" decoding=\"async\" class=\"alignnone size-full wp-image-160\" src=\"http:\/\/amd-incontinence.com\/wp-content\/uploads\/sites\/4\/2017\/10\/ico-absorb-vide.png\" alt=\"\" width=\"18\" height=\"23\" \/><img loading=\"lazy\" decoding=\"async\" class=\"alignnone size-full wp-image-160\" src=\"http:\/\/amd-incontinence.com\/wp-content\/uploads\/sites\/4\/2017\/10\/ico-absorb-vide.png\" alt=\"\" width=\"18\" height=\"23\" \/><\/td>\n<td><b class=\"cercle jaune\">.<\/b><\/td>\n<\/tr>\n<tr>\n<td>super<\/td>\n<td><img loading=\"lazy\" decoding=\"async\" class=\"alignnone size-full wp-image-160\" src=\"http:\/\/amd-incontinence.com\/wp-content\/uploads\/sites\/4\/2017\/10\/ico-absorb.png\" alt=\"\" width=\"18\" height=\"23\" \/><img loading=\"lazy\" decoding=\"async\" class=\"alignnone size-full wp-image-160\" src=\"http:\/\/amd-incontinence.com\/wp-content\/uploads\/sites\/4\/2017\/10\/ico-absorb.png\" alt=\"\" width=\"18\" height=\"23\" \/><img loading=\"lazy\" decoding=\"async\" class=\"alignnone size-full wp-image-160\" src=\"http:\/\/amd-incontinence.com\/wp-content\/uploads\/sites\/4\/2017\/10\/ico-absorb.png\" alt=\"\" width=\"18\" height=\"23\" \/><img loading=\"lazy\" decoding=\"async\" class=\"alignnone size-full wp-image-160\" src=\"http:\/\/amd-incontinence.com\/wp-content\/uploads\/sites\/4\/2017\/10\/ico-absorb.png\" alt=\"\" width=\"18\" height=\"23\" \/><img loading=\"lazy\" decoding=\"async\" class=\"alignnone size-full wp-image-160\" src=\"http:\/\/amd-incontinence.com\/wp-content\/uploads\/sites\/4\/2017\/10\/ico-absorb-vide.png\" alt=\"\" width=\"18\" height=\"23\" \/><\/td>\n<td><b class=\"cercle vert\">.<\/b><\/td>\n<\/tr>\n<tr>\n<td>maxi<\/td>\n<td><img loading=\"lazy\" decoding=\"async\" class=\"alignnone size-full wp-image-160\" src=\"http:\/\/amd-incontinence.com\/wp-content\/uploads\/sites\/4\/2017\/10\/ico-absorb.png\" alt=\"\" width=\"18\" height=\"23\" \/><img loading=\"lazy\" decoding=\"async\" class=\"alignnone size-full wp-image-160\" src=\"http:\/\/amd-incontinence.com\/wp-content\/uploads\/sites\/4\/2017\/10\/ico-absorb.png\" alt=\"\" width=\"18\" height=\"23\" \/><img loading=\"lazy\" decoding=\"async\" class=\"alignnone size-full wp-image-160\" src=\"http:\/\/amd-incontinence.com\/wp-content\/uploads\/sites\/4\/2017\/10\/ico-absorb.png\" alt=\"\" width=\"18\" height=\"23\" \/><img loading=\"lazy\" decoding=\"async\" class=\"alignnone size-full wp-image-160\" src=\"http:\/\/amd-incontinence.com\/wp-content\/uploads\/sites\/4\/2017\/10\/ico-absorb.png\" alt=\"\" width=\"18\" height=\"23\" \/><img loading=\"lazy\" decoding=\"async\" class=\"alignnone size-full wp-image-160\" src=\"http:\/\/amd-incontinence.com\/wp-content\/uploads\/sites\/4\/2017\/10\/ico-absorb.png\" alt=\"\" width=\"18\" height=\"23\" \/><\/td>\n<td><b class=\"cercle violet\">.<\/b><\/td>\n<\/tr>\n<\/tbody>\n<\/table>\n[\/vc_column_text][\/tab][tab icon_family=\u00bbnone\u00bb title=\u00bbTecnolog\u00eda +\u00bb id=\u00bb1508757758-2-50&#8243; tab_id=\u00bb1508758065749-0&#8243;][vc_column_text]\n<div class=\"undemi\">\n<table class=\"tab-techno\">\n<tbody>\n<tr>\n<td><img decoding=\"async\" class=\"alignnone\" src=\"http:\/\/amd-incontinence.com\/wp-content\/uploads\/sites\/4\/2017\/11\/picto-discreet-100x100.png\" alt=\"Discreci\u00f3n absoluta\" \/><\/td>\n<td>DISCRECION<br \/>\nN\u00facleo fino ultra absorbente. Seguridad \u00f3ptima, discreci\u00f3n absoluta.<\/td>\n<\/tr>\n<tr>\n<td><img loading=\"lazy\" decoding=\"async\" class=\"alignnone\" src=\"http:\/\/amd-incontinence.com\/wp-content\/uploads\/sites\/4\/2017\/11\/picto-anatomic-fit-100x100.png\" alt=\"Forma anat\u00f3mica\" width=\"58\" height=\"58\" \/><\/td>\n<td>AJUSTE ANATOMICO<br \/>\nForma anat\u00f3mica: se adapta a la anatom\u00eda. Garantiza la comodidad y la libertad de movimiento.<\/td>\n<\/tr>\n<tr>\n<td><img loading=\"lazy\" decoding=\"async\" class=\"alignnone\" src=\"http:\/\/amd-incontinence.com\/wp-content\/uploads\/sites\/4\/2017\/11\/picto-odour-free-100x100.png\" alt=\"Anti olor\" width=\"58\" height=\"58\" \/><\/td>\n<td>ODOUR FREE<br \/>\nSistema de acci\u00f3n anti-olor. Evita la formaci\u00f3n de los olores. Mantienen el pH neutro de la piel.<\/td>\n<\/tr>\n<\/tbody>\n<\/table>\n<\/div>\n<div class=\"undemi\">\n<table class=\"tab-techno\">\n<tbody>\n<tr>\n<td><img loading=\"lazy\" decoding=\"async\" class=\"alignnone\" src=\"http:\/\/amd-incontinence.com\/wp-content\/uploads\/sites\/4\/2017\/11\/picto-softness-100x100.png\" alt=\"Suavidad\" width=\"58\" height=\"58\" \/><\/td>\n<td>SUAVIDAD<br \/>\nCapa interna ultra suave hipoalerg\u00e9nica para un m\u00e1ximo confort y bienestar.<\/td>\n<\/tr>\n<tr>\n<td><img loading=\"lazy\" decoding=\"async\" class=\"alignnone\" src=\"http:\/\/amd-incontinence.com\/wp-content\/uploads\/sites\/4\/2017\/11\/picto-pochette-individuelle-100x100.png\" alt=\"Bolsitas individuales\" width=\"58\" height=\"58\" \/><\/td>\n<td>BOLSITAS INDIVIDUALES<br \/>\nPr\u00e1cticas e higi\u00e9nicas, en embalaje individual y discreto.<\/td>\n<\/tr>\n<tr>\n<td><img loading=\"lazy\" decoding=\"async\" class=\"alignnone\" src=\"http:\/\/amd-incontinence.com\/wp-content\/uploads\/sites\/4\/2017\/10\/picto-dermatologique-100x100.png\" alt=\"Testado dermatol\u00f3gicamente\" width=\"58\" height=\"58\" \/><\/td>\n<td>TESTADO DERMATOLOGICAMENTE<br \/>\nTodos nuestros absorbentes llevan el membrete \u00ab\u00a0testado bajo control dermatol\u00f3gico\u00a0\u00bb para garantizar su bienestar.<\/td>\n<\/tr>\n<\/tbody>\n<\/table>\n<\/div>\n[\/vc_column_text][\/tab][tab icon_family=\u00bbnone\u00bb title=\u00bbUtilizaci\u00f3n\u00bb id=\u00bb1508758088522-0-10&#8243; tab_id=\u00bb1508758088523-2&#8243;][vc_column_text]\n<div class=\"col span_6\">\n<div class=\"row\">\n<div class=\"col span_2\"><b class=\"cerclenum\">1<\/b><\/div>\n<div class=\"col span_5\"><img loading=\"lazy\" decoding=\"async\" class=\"alignnone size-full wp-image-171\" src=\"http:\/\/amd-incontinence.com\/wp-content\/uploads\/sites\/4\/2017\/10\/deplier-protection-lady.png\" alt=\"Desplegar la compresa amd lady\" width=\"90\" height=\"72\" \/><\/div>\n<div class=\"col span_5\">Desplegar la compresa<\/div>\n<\/div>\n<\/div>\n<div class=\"col span_6 last\">\n<div class=\"row\">\n<div class=\"col span_2\"><b class=\"cerclenum\">2<\/b><\/div>\n<div class=\"col span_5\"><img loading=\"lazy\" decoding=\"async\" class=\"alignnone size-full wp-image-173\" src=\"http:\/\/amd-incontinence.com\/wp-content\/uploads\/sites\/4\/2017\/10\/oter-protection-lady.png\" alt=\"Retirar la banda de papel adhesiva\" width=\"90\" height=\"72\" \/><\/div>\n<div class=\"col span_5\">Retirar la banda de papel adhesiva<\/div>\n<\/div>\n<\/div>\n<div class=\"col span_6\">\n<div class=\"row\">\n<div class=\"col span_2\"><b class=\"cerclenum\">3<\/b><\/div>\n<div class=\"col span_5\"><img loading=\"lazy\" decoding=\"async\" class=\"alignnone size-full wp-image-172\" src=\"http:\/\/amd-incontinence.com\/wp-content\/uploads\/sites\/4\/2017\/10\/fixer-protection-lady.png\" alt=\"Fijar la compresa amd Lady\" width=\"90\" height=\"90\" \/><\/div>\n<div class=\"col span_5\">Colocar y fijar la compresa en la ropa interior<\/div>\n<\/div>\n<\/div>\n<div class=\"col span_6\">\n<div class=\"row\">\n<div class=\"col span_2\"><b class=\"cerclenum\">4<\/b><\/div>\n<div class=\"col span_5\"><img loading=\"lazy\" decoding=\"async\" class=\"alignnone size-full wp-image-170\" src=\"http:\/\/amd-incontinence.com\/wp-content\/uploads\/sites\/4\/2017\/10\/ajuster-lady.png\" alt=\" Ajustar la ropa interior\" width=\"90\" height=\"100\" \/><\/div>\n<div class=\"col span_5\">Ajustar y colocar la<br \/>\nropa interior<\/div>\n<\/div>\n<\/div>\n[\/vc_column_text][\/tab][\/tabbed_section][\/vc_column][\/vc_row]\n","protected":false},"excerpt":{"rendered":"<p>Compresas absorbentes Femeninas<br \/>\nExtra finas y ultra absorbentes<br \/>\n<span>Para p\u00e9rdidas ligeras de orina<\/span><\/p>\n","protected":false},"featured_media":1294,"template":"","meta":[],"product_brand":[],"product_cat":[33],"product_tag":[],"class_list":{"0":"post-126","1":"product","2":"type-product","3":"status-publish","4":"has-post-thumbnail","6":"product_cat-los-productos-amd","8":"first","9":"instock","10":"shipping-taxable","11":"product-type-simple"},"yoast_head":"<!-- This site is optimized with the Yoast SEO plugin v27.3 - https:\/\/yoast.com\/product\/yoast-seo-wordpress\/ -->\n<title>amd Lady - AMD - Activ Medical Disposable<\/title>\n<meta name=\"robots\" content=\"index, follow, max-snippet:-1, max-image-preview:large, max-video-preview:-1\" \/>\n<link rel=\"canonical\" href=\"https:\/\/amd-incontinence.com\/espanol\/productos\/amd-lady\/\" \/>\n<meta property=\"og:locale\" content=\"es_ES\" \/>\n<meta property=\"og:type\" content=\"article\" \/>\n<meta property=\"og:title\" content=\"amd Lady - AMD - Activ Medical Disposable\" \/>\n<meta property=\"og:description\" content=\"Compresas absorbentes Femeninas Extra finas y ultra absorbentes Para p\u00e9rdidas ligeras de orina\" \/>\n<meta property=\"og:url\" content=\"https:\/\/amd-incontinence.com\/espanol\/productos\/amd-lady\/\" \/>\n<meta property=\"og:site_name\" content=\"AMD - Activ Medical Disposable\" \/>\n<meta property=\"article:modified_time\" content=\"2023-01-03T11:08:26+00:00\" \/>\n<meta property=\"og:image\" content=\"https:\/\/amd-incontinence.com\/espanol\/wp-content\/uploads\/sites\/4\/2017\/10\/AMD-LADY-neutre.jpg\" \/>\n\t<meta property=\"og:image:width\" content=\"678\" \/>\n\t<meta property=\"og:image:height\" content=\"678\" \/>\n\t<meta property=\"og:image:type\" content=\"image\/jpeg\" \/>\n<meta name=\"twitter:card\" content=\"summary_large_image\" \/>\n<meta name=\"twitter:label1\" content=\"Tiempo de lectura\" \/>\n\t<meta name=\"twitter:data1\" content=\"2 minutos\" \/>\n<script type=\"application\/ld+json\" class=\"yoast-schema-graph\">{\"@context\":\"https:\\\/\\\/schema.org\",\"@graph\":[{\"@type\":\"WebPage\",\"@id\":\"https:\\\/\\\/amd-incontinence.com\\\/espanol\\\/productos\\\/amd-lady\\\/\",\"url\":\"https:\\\/\\\/amd-incontinence.com\\\/espanol\\\/productos\\\/amd-lady\\\/\",\"name\":\"amd Lady - AMD - Activ Medical Disposable\",\"isPartOf\":{\"@id\":\"https:\\\/\\\/amd-incontinence.com\\\/espanol\\\/#website\"},\"primaryImageOfPage\":{\"@id\":\"https:\\\/\\\/amd-incontinence.com\\\/espanol\\\/productos\\\/amd-lady\\\/#primaryimage\"},\"image\":{\"@id\":\"https:\\\/\\\/amd-incontinence.com\\\/espanol\\\/productos\\\/amd-lady\\\/#primaryimage\"},\"thumbnailUrl\":\"https:\\\/\\\/amd-incontinence.com\\\/espanol\\\/wp-content\\\/uploads\\\/sites\\\/4\\\/2017\\\/10\\\/AMD-LADY-neutre.jpg\",\"datePublished\":\"2017-10-23T11:38:31+00:00\",\"dateModified\":\"2023-01-03T11:08:26+00:00\",\"breadcrumb\":{\"@id\":\"https:\\\/\\\/amd-incontinence.com\\\/espanol\\\/productos\\\/amd-lady\\\/#breadcrumb\"},\"inLanguage\":\"es\",\"potentialAction\":[{\"@type\":\"ReadAction\",\"target\":[\"https:\\\/\\\/amd-incontinence.com\\\/espanol\\\/productos\\\/amd-lady\\\/\"]}]},{\"@type\":\"ImageObject\",\"inLanguage\":\"es\",\"@id\":\"https:\\\/\\\/amd-incontinence.com\\\/espanol\\\/productos\\\/amd-lady\\\/#primaryimage\",\"url\":\"https:\\\/\\\/amd-incontinence.com\\\/espanol\\\/wp-content\\\/uploads\\\/sites\\\/4\\\/2017\\\/10\\\/AMD-LADY-neutre.jpg\",\"contentUrl\":\"https:\\\/\\\/amd-incontinence.com\\\/espanol\\\/wp-content\\\/uploads\\\/sites\\\/4\\\/2017\\\/10\\\/AMD-LADY-neutre.jpg\",\"width\":678,\"height\":678},{\"@type\":\"BreadcrumbList\",\"@id\":\"https:\\\/\\\/amd-incontinence.com\\\/espanol\\\/productos\\\/amd-lady\\\/#breadcrumb\",\"itemListElement\":[{\"@type\":\"ListItem\",\"position\":1,\"name\":\"Accueil\",\"item\":\"https:\\\/\\\/amd-incontinence.com\\\/espanol\\\/\"},{\"@type\":\"ListItem\",\"position\":2,\"name\":\"Productos\",\"item\":\"https:\\\/\\\/amd-incontinence.com\\\/espanol\\\/shop\\\/\"},{\"@type\":\"ListItem\",\"position\":3,\"name\":\"amd Lady\"}]},{\"@type\":\"WebSite\",\"@id\":\"https:\\\/\\\/amd-incontinence.com\\\/espanol\\\/#website\",\"url\":\"https:\\\/\\\/amd-incontinence.com\\\/espanol\\\/\",\"name\":\"AMD - Activ Medical Disposable\",\"description\":\"\",\"potentialAction\":[{\"@type\":\"SearchAction\",\"target\":{\"@type\":\"EntryPoint\",\"urlTemplate\":\"https:\\\/\\\/amd-incontinence.com\\\/espanol\\\/?s={search_term_string}\"},\"query-input\":{\"@type\":\"PropertyValueSpecification\",\"valueRequired\":true,\"valueName\":\"search_term_string\"}}],\"inLanguage\":\"es\"}]}<\/script>\n<!-- \/ Yoast SEO plugin. -->","yoast_head_json":{"title":"amd Lady - AMD - Activ Medical Disposable","robots":{"index":"index","follow":"follow","max-snippet":"max-snippet:-1","max-image-preview":"max-image-preview:large","max-video-preview":"max-video-preview:-1"},"canonical":"https:\/\/amd-incontinence.com\/espanol\/productos\/amd-lady\/","og_locale":"es_ES","og_type":"article","og_title":"amd Lady - AMD - Activ Medical Disposable","og_description":"Compresas absorbentes Femeninas Extra finas y ultra absorbentes Para p\u00e9rdidas ligeras de orina","og_url":"https:\/\/amd-incontinence.com\/espanol\/productos\/amd-lady\/","og_site_name":"AMD - Activ Medical Disposable","article_modified_time":"2023-01-03T11:08:26+00:00","og_image":[{"width":678,"height":678,"url":"https:\/\/amd-incontinence.com\/espanol\/wp-content\/uploads\/sites\/4\/2017\/10\/AMD-LADY-neutre.jpg","type":"image\/jpeg"}],"twitter_card":"summary_large_image","twitter_misc":{"Tiempo de lectura":"2 minutos"},"schema":{"@context":"https:\/\/schema.org","@graph":[{"@type":"WebPage","@id":"https:\/\/amd-incontinence.com\/espanol\/productos\/amd-lady\/","url":"https:\/\/amd-incontinence.com\/espanol\/productos\/amd-lady\/","name":"amd Lady - AMD - Activ Medical Disposable","isPartOf":{"@id":"https:\/\/amd-incontinence.com\/espanol\/#website"},"primaryImageOfPage":{"@id":"https:\/\/amd-incontinence.com\/espanol\/productos\/amd-lady\/#primaryimage"},"image":{"@id":"https:\/\/amd-incontinence.com\/espanol\/productos\/amd-lady\/#primaryimage"},"thumbnailUrl":"https:\/\/amd-incontinence.com\/espanol\/wp-content\/uploads\/sites\/4\/2017\/10\/AMD-LADY-neutre.jpg","datePublished":"2017-10-23T11:38:31+00:00","dateModified":"2023-01-03T11:08:26+00:00","breadcrumb":{"@id":"https:\/\/amd-incontinence.com\/espanol\/productos\/amd-lady\/#breadcrumb"},"inLanguage":"es","potentialAction":[{"@type":"ReadAction","target":["https:\/\/amd-incontinence.com\/espanol\/productos\/amd-lady\/"]}]},{"@type":"ImageObject","inLanguage":"es","@id":"https:\/\/amd-incontinence.com\/espanol\/productos\/amd-lady\/#primaryimage","url":"https:\/\/amd-incontinence.com\/espanol\/wp-content\/uploads\/sites\/4\/2017\/10\/AMD-LADY-neutre.jpg","contentUrl":"https:\/\/amd-incontinence.com\/espanol\/wp-content\/uploads\/sites\/4\/2017\/10\/AMD-LADY-neutre.jpg","width":678,"height":678},{"@type":"BreadcrumbList","@id":"https:\/\/amd-incontinence.com\/espanol\/productos\/amd-lady\/#breadcrumb","itemListElement":[{"@type":"ListItem","position":1,"name":"Accueil","item":"https:\/\/amd-incontinence.com\/espanol\/"},{"@type":"ListItem","position":2,"name":"Productos","item":"https:\/\/amd-incontinence.com\/espanol\/shop\/"},{"@type":"ListItem","position":3,"name":"amd Lady"}]},{"@type":"WebSite","@id":"https:\/\/amd-incontinence.com\/espanol\/#website","url":"https:\/\/amd-incontinence.com\/espanol\/","name":"AMD - Activ Medical Disposable","description":"","potentialAction":[{"@type":"SearchAction","target":{"@type":"EntryPoint","urlTemplate":"https:\/\/amd-incontinence.com\/espanol\/?s={search_term_string}"},"query-input":{"@type":"PropertyValueSpecification","valueRequired":true,"valueName":"search_term_string"}}],"inLanguage":"es"}]}},"_links":{"self":[{"href":"https:\/\/amd-incontinence.com\/espanol\/wp-json\/wp\/v2\/product\/126","targetHints":{"allow":["GET"]}}],"collection":[{"href":"https:\/\/amd-incontinence.com\/espanol\/wp-json\/wp\/v2\/product"}],"about":[{"href":"https:\/\/amd-incontinence.com\/espanol\/wp-json\/wp\/v2\/types\/product"}],"wp:featuredmedia":[{"embeddable":true,"href":"https:\/\/amd-incontinence.com\/espanol\/wp-json\/wp\/v2\/media\/1294"}],"wp:attachment":[{"href":"https:\/\/amd-incontinence.com\/espanol\/wp-json\/wp\/v2\/media?parent=126"}],"wp:term":[{"taxonomy":"product_brand","embeddable":true,"href":"https:\/\/amd-incontinence.com\/espanol\/wp-json\/wp\/v2\/product_brand?post=126"},{"taxonomy":"product_cat","embeddable":true,"href":"https:\/\/amd-incontinence.com\/espanol\/wp-json\/wp\/v2\/product_cat?post=126"},{"taxonomy":"product_tag","embeddable":true,"href":"https:\/\/amd-incontinence.com\/espanol\/wp-json\/wp\/v2\/product_tag?post=126"}],"curies":[{"name":"wp","href":"https:\/\/api.w.org\/{rel}","templated":true}]}}