{"id":129,"date":"2017-10-23T14:14:55","date_gmt":"2017-10-23T12:14:55","guid":{"rendered":"http:\/\/amd-incontinence.com\/espanol\/?post_type=product&#038;p=129"},"modified":"2018-06-05T13:34:13","modified_gmt":"2018-06-05T11:34:13","slug":"amd-men","status":"publish","type":"product","link":"https:\/\/amd-incontinence.com\/espanol\/productos\/amd-men\/","title":{"rendered":"amd Men"},"content":{"rendered":"[vc_row type=\u00bbfull_width_content\u00bb full_screen_row_position=\u00bbmiddle\u00bb scene_position=\u00bbcenter\u00bb text_color=\u00bbdark\u00bb text_align=\u00bbleft\u00bb overlay_strength=\u00bb0.3&#8243; shape_divider_position=\u00bbbottom\u00bb][vc_column column_padding=\u00bbno-extra-padding\u00bb column_padding_position=\u00bball\u00bb background_color_opacity=\u00bb1&#8243; background_hover_color_opacity=\u00bb1&#8243; column_shadow=\u00bbnone\u00bb column_border_radius=\u00bbnone\u00bb width=\u00bb1\/1&#8243; tablet_text_alignment=\u00bbdefault\u00bb phone_text_alignment=\u00bbdefault\u00bb column_border_width=\u00bbnone\u00bb column_border_style=\u00bbsolid\u00bb][vc_column_text]Espec\u00edficamente adaptado a la anatom\u00eda masculina, el protector amd men ofrece protecci\u00f3n, comodidad y discreci\u00f3n.<br \/>\nCon una excelente sujeci\u00f3n, zona de absorci\u00f3n ultra segura y sistema antiolor, amd men es la soluci\u00f3n ideal para las p\u00e9rdidas de orina en hombres activos.<\/p>\n<ul>\n<li>N\u00facleo anat\u00f3mico ultra absorbente y perfectamente ergon\u00f3mico<\/li>\n<li>Banda adhesiva que asegura la libertad de movimientos<\/li>\n<li>Capa interior ultra suave y sin retorno de humedad, para conservar la piel seca<\/li>\n<li>Sistema \u201codour free\u201d que impide la proliferaci\u00f3n del olor<\/li>\n<li>Barreras laterales antifugas<\/li>\n<li>Bolsitas individuales<\/li>\n<\/ul>\n[\/vc_column_text][tabbed_section style=\u00bbdefault\u00bb alignment=\u00bbleft\u00bb spacing=\u00bbdefault\u00bb tab_color=\u00bbAccent-Color\u00bb][tab icon_family=\u00bbnone\u00bb title=\u00bbLa gama\u00bb id=\u00bb1508758065673-5e4d6-32c8&#8243; tab_id=\u00bb1510668411946-2&#8243;][vc_column_text]\n<table class=\"tab-gamme\">\n<tbody>\n<tr>\n<td>super<\/td>\n<td><img loading=\"lazy\" decoding=\"async\" class=\"alignnone size-full wp-image-160\" src=\"http:\/\/amd-incontinence.com\/wp-content\/uploads\/sites\/4\/2017\/10\/ico-absorb.png\" alt=\"\" width=\"18\" height=\"23\" \/><img loading=\"lazy\" decoding=\"async\" class=\"alignnone size-full wp-image-160\" src=\"http:\/\/amd-incontinence.com\/wp-content\/uploads\/sites\/4\/2017\/10\/ico-absorb.png\" alt=\"\" width=\"18\" height=\"23\" \/><img loading=\"lazy\" decoding=\"async\" class=\"alignnone size-full wp-image-160\" src=\"http:\/\/amd-incontinence.com\/wp-content\/uploads\/sites\/4\/2017\/10\/ico-absorb.png\" alt=\"\" width=\"18\" height=\"23\" \/><img loading=\"lazy\" decoding=\"async\" class=\"alignnone size-full wp-image-160\" src=\"http:\/\/amd-incontinence.com\/wp-content\/uploads\/sites\/4\/2017\/10\/ico-absorb.png\" alt=\"\" width=\"18\" height=\"23\" \/><img loading=\"lazy\" decoding=\"async\" class=\"alignnone size-full wp-image-160\" src=\"http:\/\/amd-incontinence.com\/wp-content\/uploads\/sites\/4\/2017\/10\/ico-absorb-vide.png\" alt=\"\" width=\"18\" height=\"23\" \/><\/td>\n<td><b class=\"cercle vert\">.<\/b><\/td>\n<\/tr>\n<\/tbody>\n<\/table>\n[\/vc_column_text][\/tab][tab icon_family=\u00bbnone\u00bb title=\u00bbTecnolog\u00eda +\u00bb id=\u00bb1508758065749-0e4d6-32c8&#8243; tab_id=\u00bb1510668412033-3&#8243;][vc_column_text]\n<div class=\"undemi\">\n<table class=\"tab-techno\">\n<tbody>\n<tr>\n<td><img loading=\"lazy\" decoding=\"async\" class=\"alignnone\" src=\"http:\/\/amd-incontinence.com\/wp-content\/uploads\/sites\/4\/2017\/11\/picto-discreet-100x100.png\" alt=\"Discreci\u00f3n absoluta\" width=\"58\" height=\"58\" \/><\/td>\n<td>DISCRECION<br \/>\nN\u00facleo absorbente ultra fino y ligero. Un concentrado de eficacia en un m\u00ednimo espacio.<\/td>\n<\/tr>\n<tr>\n<td><img loading=\"lazy\" decoding=\"async\" class=\"alignnone\" src=\"http:\/\/amd-incontinence.com\/wp-content\/uploads\/sites\/4\/2017\/11\/picto-anatomic-fit-100x100.png\" alt=\"Forma anat\u00f3mica\" width=\"58\" height=\"58\" \/><\/td>\n<td>AJUSTE ANATOMICO<br \/>\nForma anat\u00f3mica: estudiado para adaptarse a la anatom\u00eda y facilitar los movimientos, para una mayor libertad y confort.<\/td>\n<\/tr>\n<tr>\n<td><img loading=\"lazy\" decoding=\"async\" class=\"alignnone\" src=\"http:\/\/amd-incontinence.com\/wp-content\/uploads\/sites\/4\/2017\/11\/picto-odour-free-100x100.png\" alt=\"Anti olor\" width=\"58\" height=\"58\" \/><\/td>\n<td>ODOUR FREE<br \/>\nEficaz sistema antiolor que previene su formaci\u00f3n y mantiene el pH neutro de la piel.<\/td>\n<\/tr>\n<\/tbody>\n<\/table>\n<\/div>\n<div class=\"undemi\">\n<table class=\"tab-techno\">\n<tbody>\n<tr>\n<td><img loading=\"lazy\" decoding=\"async\" class=\"alignnone\" src=\"http:\/\/amd-incontinence.com\/wp-content\/uploads\/sites\/4\/2017\/11\/picto-softness-100x100.png\" alt=\"Suavidad\" width=\"58\" height=\"58\" \/><\/td>\n<td>SUAVIDAD<br \/>\nCapa interior suave hipoalerg\u00e9nica para un m\u00e1ximo confort y bienestar.<\/td>\n<\/tr>\n<tr>\n<td><img loading=\"lazy\" decoding=\"async\" class=\"alignnone\" src=\"http:\/\/amd-incontinence.com\/wp-content\/uploads\/sites\/4\/2017\/11\/picto-pochette-individuelle-100x100.png\" alt=\"Bolsitas individuales\" width=\"58\" height=\"58\" \/><\/td>\n<td>BOLSITAS INDIVIDUALES<br \/>\nPr\u00e1cticos e hipoalerg\u00e9nicos, en envase individual y discreto.<\/td>\n<\/tr>\n<tr>\n<td><img loading=\"lazy\" decoding=\"async\" class=\"alignnone\" src=\"http:\/\/amd-incontinence.com\/wp-content\/uploads\/sites\/4\/2017\/10\/picto-dermatologique-100x100.png\" alt=\"Testado dermatol\u00f3gicamente\" width=\"58\" height=\"58\" \/><\/td>\n<td>TESTADO DERMATOLOGICAMENTE<br \/>\nTodos nuestros absorbentes llevan el membrete \u00ab\u00a0testado bajo control dermatol\u00f3gico\u00a0\u00bb para garantizar su bienestar.<\/td>\n<\/tr>\n<\/tbody>\n<\/table>\n<\/div>\n[\/vc_column_text][\/tab][tab icon_family=\u00bbnone\u00bb title=\u00bbUtilizaci\u00f3n\u00bb id=\u00bb1508758088523-2e4d6-32c8&#8243; tab_id=\u00bb1510668412135-2&#8243;][vc_column_text]\n<div class=\"col span_6\">\n<div class=\"row\">\n<div class=\"col span_2\"><b class=\"cerclenum\">1<\/b><\/div>\n<div class=\"col span_5\"><img loading=\"lazy\" decoding=\"async\" class=\"alignnone size-full wp-image-211\" src=\"http:\/\/amd-incontinence.com\/wp-content\/uploads\/sites\/4\/2017\/10\/ouvrir-protection-men.png\" alt=\"Abrir el absorbente men\" width=\"90\" height=\"90\" \/><\/div>\n<div class=\"col span_5\">Abrir el absorbente y retirar la banda de papel adhesiva<\/div>\n<\/div>\n<\/div>\n<div class=\"col span_6 last\">\n<div class=\"row\">\n<div class=\"col span_2\"><b class=\"cerclenum\">2<\/b><\/div>\n<div class=\"col span_5\"><img loading=\"lazy\" decoding=\"async\" class=\"alignnone size-full wp-image-213\" src=\"http:\/\/amd-incontinence.com\/wp-content\/uploads\/sites\/4\/2017\/10\/choix-dessous-protection-men.png\" alt=\"Elegir su protecci\u00f3n men \" width=\"90\" height=\"90\" \/><\/div>\n<div class=\"col span_5\">Colocar el absorbente en la ropa interior bien ajustado<\/div>\n<\/div>\n<\/div>\n<div class=\"col span_6\">\n<div class=\"row\">\n<div class=\"col span_2\"><b class=\"cerclenum\">3<\/b><\/div>\n<div class=\"col span_5\"><img loading=\"lazy\" decoding=\"async\" class=\"alignnone size-full wp-image-212\" src=\"http:\/\/amd-incontinence.com\/wp-content\/uploads\/sites\/4\/2017\/10\/positionner-protection-men.png\" alt=\"Colocar el protector amd men\" width=\"90\" height=\"90\" \/><\/div>\n<div class=\"col span_5\">Colocar la parte m\u00e1s ancha del absorbente anat\u00f3mico hacia arriba<\/div>\n<\/div>\n<\/div>\n<div class=\"col span_6 last\">\n<div class=\"row\">\n<div class=\"col span_2\"><b class=\"cerclenum\">4<\/b><\/div>\n<div class=\"col span_5\"><img loading=\"lazy\" decoding=\"async\" class=\"alignnone size-full wp-image-210\" src=\"http:\/\/amd-incontinence.com\/wp-content\/uploads\/sites\/4\/2017\/10\/ajuster-protection-men.png\" alt=\"Ajustar el protector amd men\" width=\"90\" height=\"90\" \/><\/div>\n<div class=\"col span_5\">Ajustar la ropa interior<\/div>\n<\/div>\n<\/div>\n[\/vc_column_text][\/tab][\/tabbed_section][\/vc_column][\/vc_row]\n","protected":false},"excerpt":{"rendered":"<p>Protecciones anat\u00f3micas especialmente dise\u00f1adas para los hombres<br \/>\nAbsorci\u00f3n segura.<br \/>\n<span>Para p\u00e9rdidas ligeras de orina<\/span><\/p>\n","protected":false},"featured_media":145,"template":"","meta":[],"product_brand":[],"product_cat":[33],"product_tag":[],"class_list":{"0":"post-129","1":"product","2":"type-product","3":"status-publish","4":"has-post-thumbnail","6":"product_cat-los-productos-amd","8":"first","9":"instock","10":"shipping-taxable","11":"product-type-simple"},"yoast_head":"<!-- This site is optimized with the Yoast SEO plugin v27.3 - https:\/\/yoast.com\/product\/yoast-seo-wordpress\/ -->\n<title>amd Men - AMD - Activ Medical Disposable<\/title>\n<meta name=\"robots\" content=\"index, follow, max-snippet:-1, max-image-preview:large, max-video-preview:-1\" \/>\n<link rel=\"canonical\" href=\"https:\/\/amd-incontinence.com\/espanol\/productos\/amd-men\/\" \/>\n<meta property=\"og:locale\" content=\"es_ES\" \/>\n<meta property=\"og:type\" content=\"article\" \/>\n<meta property=\"og:title\" content=\"amd Men - AMD - Activ Medical Disposable\" \/>\n<meta property=\"og:description\" content=\"Protecciones anat\u00f3micas especialmente dise\u00f1adas para los hombres Absorci\u00f3n segura. Para p\u00e9rdidas ligeras de orina\" \/>\n<meta property=\"og:url\" content=\"https:\/\/amd-incontinence.com\/espanol\/productos\/amd-men\/\" \/>\n<meta property=\"og:site_name\" content=\"AMD - Activ Medical Disposable\" \/>\n<meta property=\"article:modified_time\" content=\"2018-06-05T11:34:13+00:00\" \/>\n<meta property=\"og:image\" content=\"https:\/\/amd-incontinence.com\/espanol\/wp-content\/uploads\/sites\/4\/2017\/10\/amd-men.jpg\" \/>\n\t<meta property=\"og:image:width\" content=\"678\" \/>\n\t<meta property=\"og:image:height\" content=\"678\" \/>\n\t<meta property=\"og:image:type\" content=\"image\/jpeg\" \/>\n<meta name=\"twitter:card\" content=\"summary_large_image\" \/>\n<meta name=\"twitter:label1\" content=\"Tiempo de lectura\" \/>\n\t<meta name=\"twitter:data1\" content=\"2 minutos\" \/>\n<script type=\"application\/ld+json\" class=\"yoast-schema-graph\">{\"@context\":\"https:\\\/\\\/schema.org\",\"@graph\":[{\"@type\":\"WebPage\",\"@id\":\"https:\\\/\\\/amd-incontinence.com\\\/espanol\\\/productos\\\/amd-men\\\/\",\"url\":\"https:\\\/\\\/amd-incontinence.com\\\/espanol\\\/productos\\\/amd-men\\\/\",\"name\":\"amd Men - AMD - Activ Medical Disposable\",\"isPartOf\":{\"@id\":\"https:\\\/\\\/amd-incontinence.com\\\/espanol\\\/#website\"},\"primaryImageOfPage\":{\"@id\":\"https:\\\/\\\/amd-incontinence.com\\\/espanol\\\/productos\\\/amd-men\\\/#primaryimage\"},\"image\":{\"@id\":\"https:\\\/\\\/amd-incontinence.com\\\/espanol\\\/productos\\\/amd-men\\\/#primaryimage\"},\"thumbnailUrl\":\"https:\\\/\\\/amd-incontinence.com\\\/espanol\\\/wp-content\\\/uploads\\\/sites\\\/4\\\/2017\\\/10\\\/amd-men.jpg\",\"datePublished\":\"2017-10-23T12:14:55+00:00\",\"dateModified\":\"2018-06-05T11:34:13+00:00\",\"breadcrumb\":{\"@id\":\"https:\\\/\\\/amd-incontinence.com\\\/espanol\\\/productos\\\/amd-men\\\/#breadcrumb\"},\"inLanguage\":\"es\",\"potentialAction\":[{\"@type\":\"ReadAction\",\"target\":[\"https:\\\/\\\/amd-incontinence.com\\\/espanol\\\/productos\\\/amd-men\\\/\"]}]},{\"@type\":\"ImageObject\",\"inLanguage\":\"es\",\"@id\":\"https:\\\/\\\/amd-incontinence.com\\\/espanol\\\/productos\\\/amd-men\\\/#primaryimage\",\"url\":\"https:\\\/\\\/amd-incontinence.com\\\/espanol\\\/wp-content\\\/uploads\\\/sites\\\/4\\\/2017\\\/10\\\/amd-men.jpg\",\"contentUrl\":\"https:\\\/\\\/amd-incontinence.com\\\/espanol\\\/wp-content\\\/uploads\\\/sites\\\/4\\\/2017\\\/10\\\/amd-men.jpg\",\"width\":678,\"height\":678,\"caption\":\"amd Men\"},{\"@type\":\"BreadcrumbList\",\"@id\":\"https:\\\/\\\/amd-incontinence.com\\\/espanol\\\/productos\\\/amd-men\\\/#breadcrumb\",\"itemListElement\":[{\"@type\":\"ListItem\",\"position\":1,\"name\":\"Accueil\",\"item\":\"https:\\\/\\\/amd-incontinence.com\\\/espanol\\\/\"},{\"@type\":\"ListItem\",\"position\":2,\"name\":\"Productos\",\"item\":\"https:\\\/\\\/amd-incontinence.com\\\/espanol\\\/shop\\\/\"},{\"@type\":\"ListItem\",\"position\":3,\"name\":\"amd Men\"}]},{\"@type\":\"WebSite\",\"@id\":\"https:\\\/\\\/amd-incontinence.com\\\/espanol\\\/#website\",\"url\":\"https:\\\/\\\/amd-incontinence.com\\\/espanol\\\/\",\"name\":\"AMD - Activ Medical Disposable\",\"description\":\"\",\"potentialAction\":[{\"@type\":\"SearchAction\",\"target\":{\"@type\":\"EntryPoint\",\"urlTemplate\":\"https:\\\/\\\/amd-incontinence.com\\\/espanol\\\/?s={search_term_string}\"},\"query-input\":{\"@type\":\"PropertyValueSpecification\",\"valueRequired\":true,\"valueName\":\"search_term_string\"}}],\"inLanguage\":\"es\"}]}<\/script>\n<!-- \/ Yoast SEO plugin. -->","yoast_head_json":{"title":"amd Men - AMD - Activ Medical Disposable","robots":{"index":"index","follow":"follow","max-snippet":"max-snippet:-1","max-image-preview":"max-image-preview:large","max-video-preview":"max-video-preview:-1"},"canonical":"https:\/\/amd-incontinence.com\/espanol\/productos\/amd-men\/","og_locale":"es_ES","og_type":"article","og_title":"amd Men - AMD - Activ Medical Disposable","og_description":"Protecciones anat\u00f3micas especialmente dise\u00f1adas para los hombres Absorci\u00f3n segura. Para p\u00e9rdidas ligeras de orina","og_url":"https:\/\/amd-incontinence.com\/espanol\/productos\/amd-men\/","og_site_name":"AMD - Activ Medical Disposable","article_modified_time":"2018-06-05T11:34:13+00:00","og_image":[{"width":678,"height":678,"url":"https:\/\/amd-incontinence.com\/espanol\/wp-content\/uploads\/sites\/4\/2017\/10\/amd-men.jpg","type":"image\/jpeg"}],"twitter_card":"summary_large_image","twitter_misc":{"Tiempo de lectura":"2 minutos"},"schema":{"@context":"https:\/\/schema.org","@graph":[{"@type":"WebPage","@id":"https:\/\/amd-incontinence.com\/espanol\/productos\/amd-men\/","url":"https:\/\/amd-incontinence.com\/espanol\/productos\/amd-men\/","name":"amd Men - AMD - Activ Medical Disposable","isPartOf":{"@id":"https:\/\/amd-incontinence.com\/espanol\/#website"},"primaryImageOfPage":{"@id":"https:\/\/amd-incontinence.com\/espanol\/productos\/amd-men\/#primaryimage"},"image":{"@id":"https:\/\/amd-incontinence.com\/espanol\/productos\/amd-men\/#primaryimage"},"thumbnailUrl":"https:\/\/amd-incontinence.com\/espanol\/wp-content\/uploads\/sites\/4\/2017\/10\/amd-men.jpg","datePublished":"2017-10-23T12:14:55+00:00","dateModified":"2018-06-05T11:34:13+00:00","breadcrumb":{"@id":"https:\/\/amd-incontinence.com\/espanol\/productos\/amd-men\/#breadcrumb"},"inLanguage":"es","potentialAction":[{"@type":"ReadAction","target":["https:\/\/amd-incontinence.com\/espanol\/productos\/amd-men\/"]}]},{"@type":"ImageObject","inLanguage":"es","@id":"https:\/\/amd-incontinence.com\/espanol\/productos\/amd-men\/#primaryimage","url":"https:\/\/amd-incontinence.com\/espanol\/wp-content\/uploads\/sites\/4\/2017\/10\/amd-men.jpg","contentUrl":"https:\/\/amd-incontinence.com\/espanol\/wp-content\/uploads\/sites\/4\/2017\/10\/amd-men.jpg","width":678,"height":678,"caption":"amd Men"},{"@type":"BreadcrumbList","@id":"https:\/\/amd-incontinence.com\/espanol\/productos\/amd-men\/#breadcrumb","itemListElement":[{"@type":"ListItem","position":1,"name":"Accueil","item":"https:\/\/amd-incontinence.com\/espanol\/"},{"@type":"ListItem","position":2,"name":"Productos","item":"https:\/\/amd-incontinence.com\/espanol\/shop\/"},{"@type":"ListItem","position":3,"name":"amd Men"}]},{"@type":"WebSite","@id":"https:\/\/amd-incontinence.com\/espanol\/#website","url":"https:\/\/amd-incontinence.com\/espanol\/","name":"AMD - Activ Medical Disposable","description":"","potentialAction":[{"@type":"SearchAction","target":{"@type":"EntryPoint","urlTemplate":"https:\/\/amd-incontinence.com\/espanol\/?s={search_term_string}"},"query-input":{"@type":"PropertyValueSpecification","valueRequired":true,"valueName":"search_term_string"}}],"inLanguage":"es"}]}},"_links":{"self":[{"href":"https:\/\/amd-incontinence.com\/espanol\/wp-json\/wp\/v2\/product\/129","targetHints":{"allow":["GET"]}}],"collection":[{"href":"https:\/\/amd-incontinence.com\/espanol\/wp-json\/wp\/v2\/product"}],"about":[{"href":"https:\/\/amd-incontinence.com\/espanol\/wp-json\/wp\/v2\/types\/product"}],"wp:featuredmedia":[{"embeddable":true,"href":"https:\/\/amd-incontinence.com\/espanol\/wp-json\/wp\/v2\/media\/145"}],"wp:attachment":[{"href":"https:\/\/amd-incontinence.com\/espanol\/wp-json\/wp\/v2\/media?parent=129"}],"wp:term":[{"taxonomy":"product_brand","embeddable":true,"href":"https:\/\/amd-incontinence.com\/espanol\/wp-json\/wp\/v2\/product_brand?post=129"},{"taxonomy":"product_cat","embeddable":true,"href":"https:\/\/amd-incontinence.com\/espanol\/wp-json\/wp\/v2\/product_cat?post=129"},{"taxonomy":"product_tag","embeddable":true,"href":"https:\/\/amd-incontinence.com\/espanol\/wp-json\/wp\/v2\/product_tag?post=129"}],"curies":[{"name":"wp","href":"https:\/\/api.w.org\/{rel}","templated":true}]}}