{"id":130,"date":"2017-10-23T14:16:01","date_gmt":"2017-10-23T12:16:01","guid":{"rendered":"http:\/\/amd-incontinence.com\/espanol\/?post_type=product&#038;p=130"},"modified":"2023-02-02T10:35:46","modified_gmt":"2023-02-02T09:35:46","slug":"amd-ropa-interior-desechable","status":"publish","type":"product","link":"https:\/\/amd-incontinence.com\/espanol\/productos\/amd-ropa-interior-desechable\/","title":{"rendered":"amd Ropa interior desechable"},"content":{"rendered":"[vc_row type=\u00bbfull_width_content\u00bb full_screen_row_position=\u00bbmiddle\u00bb column_margin=\u00bbdefault\u00bb column_direction=\u00bbdefault\u00bb column_direction_tablet=\u00bbdefault\u00bb column_direction_phone=\u00bbdefault\u00bb scene_position=\u00bbcenter\u00bb text_color=\u00bbdark\u00bb text_align=\u00bbleft\u00bb row_border_radius=\u00bbnone\u00bb row_border_radius_applies=\u00bbbg\u00bb overflow=\u00bbvisible\u00bb overlay_strength=\u00bb0.3&#8243; gradient_direction=\u00bbleft_to_right\u00bb shape_divider_position=\u00bbbottom\u00bb bg_image_animation=\u00bbnone\u00bb][vc_column column_padding=\u00bbno-extra-padding\u00bb column_padding_tablet=\u00bbinherit\u00bb column_padding_phone=\u00bbinherit\u00bb column_padding_position=\u00bball\u00bb column_element_direction_desktop=\u00bbdefault\u00bb column_element_spacing=\u00bbdefault\u00bb desktop_text_alignment=\u00bbdefault\u00bb tablet_text_alignment=\u00bbdefault\u00bb phone_text_alignment=\u00bbdefault\u00bb background_color_opacity=\u00bb1&#8243; background_hover_color_opacity=\u00bb1&#8243; column_backdrop_filter=\u00bbnone\u00bb column_shadow=\u00bbnone\u00bb column_border_radius=\u00bbnone\u00bb column_link_target=\u00bb_self\u00bb column_position=\u00bbdefault\u00bb gradient_direction=\u00bbleft_to_right\u00bb overlay_strength=\u00bb0.3&#8243; width=\u00bb1\/1&#8243; tablet_width_inherit=\u00bbdefault\u00bb animation_type=\u00bbdefault\u00bb bg_image_animation=\u00bbnone\u00bb border_type=\u00bbsimple\u00bb column_border_width=\u00bbnone\u00bb column_border_style=\u00bbsolid\u00bb][vc_column_text]Ropa interior absorbente ultra c\u00f3moda y segura, se usa como una prenda \u00edntima. Disponible en varios tama\u00f1os, se adapta perfectamente a la silueta y se puede colocar de forma f\u00e1cil y r\u00e1pida.<br \/>\nDise\u00f1ado para combatir de manera eficaz las p\u00e9rdidas de orina de moderadas a graves, est\u00e1 disponible en 4 niveles de absorci\u00f3n. Un absorbente integral, una textura agradable y silenciosa, part\u00edculas antiolor, la ropa absorbente de amd es el producto ideal para hombres y mujeres muy activos.<\/p>\n<ul>\n<li>Se ajusta perfectamente a la silueta<\/li>\n<li>Absorci\u00f3n r\u00e1pida y sistema siempre seco<\/li>\n<li>Capa externa \u201ctacto de algod\u00f3n\u201d suave y silenciosa<\/li>\n<li>Sistema \u201codour free\u201d impide la difusi\u00f3n de los olores<\/li>\n<li>Envolvente y fiable gracias a sus barreras anti fugas<\/li>\n<li>Cintura transpirable que protege la piel<\/li>\n<li>Adhesivo para desecharlo de manera discreta<\/li>\n<\/ul>\n[\/vc_column_text][tabbed_section style=\u00bbdefault\u00bb tab_change_animation=\u00bbfade\u00bb alignment=\u00bbleft\u00bb spacing=\u00bbdefault\u00bb tab_color=\u00bbAccent-Color\u00bb vs_content_animation=\u00bbfade\u00bb vs_link_animation=\u00bbopacity\u00bb vs_navigation_alignment=\u00bbleft\u00bb vs_navigation_width_2=\u00bb25%\u00bb vs_navigation_func=\u00bbdefault\u00bb vs_navigation_width=\u00bbregular\u00bb vs_navigation_spacing=\u00bb15px\u00bb vs_navigation_mobile_display=\u00bbvisible\u00bb vs_tab_spacing=\u00bb5%\u00bb][tab icon_family=\u00bbnone\u00bb title=\u00bbLa gama\u00bb id=\u00bb1675330119502-5&#8243; tab_id=\u00bb1675330119503-0&#8243;][vc_column_text]\n<div class=\"col-gam2\">\n<div class=\"cont-gam2\">\n<p class=\"titre-gam2\">Absorci\u00f3n<\/p>\n<p class=\"titre-gam2\">Talla<\/p>\n<\/div>\n<div class=\"cont-gam2\">\n<p><img loading=\"lazy\" decoding=\"async\" class=\"alignnone size-full wp-image-233\" src=\"https:\/\/amd-incontinence.com\/wp-content\/uploads\/2017\/10\/ico-normal.png\" alt=\"Absorption normal\" width=\"110\" height=\"112\" \/><\/p>\n<div class=\"tab-gam2\">\n<table>\n<tbody>\n<tr>\n<td>peque\u00f1a<\/td>\n<\/tr>\n<tr>\n<td>mediana<\/td>\n<\/tr>\n<tr>\n<td>grande<\/td>\n<\/tr>\n<\/tbody>\n<\/table>\n<\/div>\n<\/div>\n<div class=\"cont-gam2\">\n<p><img loading=\"lazy\" decoding=\"async\" class=\"alignnone size-full wp-image-230\" src=\"https:\/\/amd-incontinence.com\/wp-content\/uploads\/2017\/10\/ico-extra.png\" alt=\"Absorption extra\" width=\"110\" height=\"112\" \/><\/p>\n<div class=\"tab-gam2\">\n<table>\n<tbody>\n<tr>\n<td>peque\u00f1a<\/td>\n<\/tr>\n<tr>\n<td>mediana<\/td>\n<\/tr>\n<tr>\n<td>grande<\/td>\n<\/tr>\n<tr>\n<td>x grande<\/td>\n<\/tr>\n<\/tbody>\n<\/table>\n<\/div>\n<\/div>\n<\/div>\n<div class=\"col-gam2\">\n<div class=\"cont-gam2\">\n<p class=\"titre-gam2\">Absorci\u00f3n<\/p>\n<p class=\"titre-gam2\">Talla<\/p>\n<\/div>\n<div class=\"cont-gam2\">\n<p><img loading=\"lazy\" decoding=\"async\" class=\"alignnone size-full wp-image-234\" src=\"https:\/\/amd-incontinence.com\/wp-content\/uploads\/2017\/10\/ico-super.png\" alt=\"Absorption super\" width=\"110\" height=\"112\" \/><\/p>\n<div class=\"tab-gam2\">\n<table>\n<tbody>\n<tr>\n<td>peque\u00f1a<\/td>\n<\/tr>\n<tr>\n<td>mediana<\/td>\n<\/tr>\n<tr>\n<td>grande<\/td>\n<\/tr>\n<\/tbody>\n<\/table>\n<\/div>\n<\/div>\n<div class=\"cont-gam2\">\n<p><img loading=\"lazy\" decoding=\"async\" class=\"aligncenter size-full wp-image-231\" src=\"https:\/\/amd-incontinence.com\/wp-content\/uploads\/2017\/10\/ico-maxi.png\" alt=\"Absorption maxi\" width=\"110\" height=\"112\" \/><\/p>\n<div class=\"tab-gam2\">\n<table>\n<tbody>\n<tr>\n<td>mediana<\/td>\n<\/tr>\n<tr>\n<td>grande<\/td>\n<\/tr>\n<tr>\n<td>x grande<\/td>\n<\/tr>\n<\/tbody>\n<\/table>\n<\/div>\n<\/div>\n<\/div>\n[\/vc_column_text][\/tab][tab icon_family=\u00bbnone\u00bb title=\u00bbTecnolog\u00eda +\u00bb id=\u00bb1675330119546-7&#8243; tab_id=\u00bb1675330119547-8&#8243;][vc_column_text]\n<div class=\"undemi\">\n<table class=\"tab-techno\">\n<tbody>\n<tr>\n<td><img loading=\"lazy\" decoding=\"async\" class=\"alignnone\" src=\"http:\/\/amd-incontinence.com\/wp-content\/uploads\/sites\/4\/2017\/11\/picto-breathable-100x100.png\" alt=\"Transpirable\" width=\"58\" height=\"58\" \/><\/td>\n<td>TRANSPIRABLE<br \/>\nCapa transpirable de tejido no tejido. Permeable al aire, favorece que la piel respire. Protege de los riesgos de irritaci\u00f3n.<\/td>\n<\/tr>\n<tr>\n<td><img loading=\"lazy\" decoding=\"async\" class=\"alignnone\" src=\"http:\/\/amd-incontinence.com\/wp-content\/uploads\/sites\/4\/2017\/11\/picto-new-core-concept-100x100.png\" alt=\"Nuevo concepto de n\u00facleo\" width=\"58\" height=\"58\" \/><\/td>\n<td>NUEVO CONCEPTO DE NUCLEO<br \/>\nNueva tecnolog\u00eda: zona de absorci\u00f3n \u00f3ptima asegurada. Difusi\u00f3n r\u00e1pida y total de los l\u00edquidos hacia el n\u00facleo principal. Rendimiento garantizado: siempre seco.<\/td>\n<\/tr>\n<tr>\n<td><img loading=\"lazy\" decoding=\"async\" class=\"alignnone\" src=\"http:\/\/amd-incontinence.com\/wp-content\/uploads\/sites\/4\/2017\/11\/picto-leakage-barrier-100x100.png\" alt=\"Barreras anti fugas\" width=\"58\" height=\"58\" \/><\/td>\n<td>BARRERAS ANTIFUGAS<br \/>\nBarreras antifugas integrales hidr\u00f3fobas. Muy altas, garantizan una seguridad \u00f3ptima.<\/td>\n<\/tr>\n<tr>\n<td><img loading=\"lazy\" decoding=\"async\" class=\"alignnone\" src=\"http:\/\/amd-incontinence.com\/wp-content\/uploads\/sites\/4\/2017\/11\/picto-odour-free-100x100.png\" alt=\" Anti olores\" width=\"58\" height=\"58\" \/><\/td>\n<td>ODOUR FREE<br \/>\nEficaz sistema antiolor que impide la difusi\u00f3n de olores. Mantiene el pH neutro de la piel.<\/td>\n<\/tr>\n<tr>\n<td><img loading=\"lazy\" decoding=\"async\" class=\"alignnone\" src=\"http:\/\/amd-incontinence.com\/wp-content\/uploads\/sites\/4\/2017\/11\/picto-cotton-feel-100x100.png\" alt=\"Cotton feel\" width=\"58\" height=\"58\" \/><\/td>\n<td>TACTO DE ALGODON<br \/>\nCapa externa de tejido no tejido suave. Verdadera sensaci\u00f3n textil. Absorbente ligero y silencioso.<\/td>\n<\/tr>\n<\/tbody>\n<\/table>\n<\/div>\n<div class=\"undemi\">\n<table class=\"tab-techno\">\n<tbody>\n<tr>\n<td><img loading=\"lazy\" decoding=\"async\" class=\"alignnone\" src=\"http:\/\/amd-incontinence.com\/wp-content\/uploads\/sites\/4\/2017\/11\/picto-anatomic-fit-100x100.png\" alt=\"Forma anat\u00f3mica\" width=\"58\" height=\"58\" \/><\/td>\n<td>FORMA ANATOMICA<br \/>\nForma anat\u00f3mica: Se adapta a la anatom\u00eda. Asegura el confort y la libertad de movimientos.<\/td>\n<\/tr>\n<tr>\n<td><img loading=\"lazy\" decoding=\"async\" class=\"alignnone\" src=\"http:\/\/amd-incontinence.com\/wp-content\/uploads\/sites\/4\/2017\/11\/picto-elastic-100x100.png\" alt=\"el\u00e1stico\" width=\"58\" height=\"58\" \/><\/td>\n<td>ELASTICO<br \/>\nCintura el\u00e1stica ultra suave, hipoalerg\u00e9nica, constituida solo de hilos de licra. Banda extensible eficaz, que se adapta perfectamente a la silueta, asegura una sujeci\u00f3n perfecta, Sin l\u00e1tex.<\/td>\n<\/tr>\n<tr>\n<td><img loading=\"lazy\" decoding=\"async\" class=\"alignnone\" src=\"http:\/\/amd-incontinence.com\/wp-content\/uploads\/sites\/4\/2017\/11\/picto-z-tape-100x100.png\" alt=\"etiquetas Z\" width=\"58\" height=\"58\" \/><\/td>\n<td>ADHESIVO POSTERIOR<br \/>\nSe pude desechar de manera pr\u00e1ctica gracias a la etiqueta adhesiva en la parte posterior.<\/td>\n<\/tr>\n<tr>\n<td><img loading=\"lazy\" decoding=\"async\" class=\"alignnone\" src=\"http:\/\/amd-incontinence.com\/wp-content\/uploads\/sites\/4\/2017\/10\/picto-dermatologique-100x100.png\" alt=\"Testado dermatol\u00f3gicamente\" width=\"58\" height=\"58\" \/><\/td>\n<td>TESTADO DERMATOLOGICAMENTE<br \/>\nTodos nuestros absorbentes llevan el membrete \u00ab\u00a0testado bajo control dermatol\u00f3gico\u00a0\u00bb para garantizar su bienestar.<\/td>\n<\/tr>\n<\/tbody>\n<\/table>\n<\/div>\n[\/vc_column_text][\/tab][tab icon_family=\u00bbnone\u00bb title=\u00bbUtilizaci\u00f3n\u00bb id=\u00bb1675330119561-0&#8243; tab_id=\u00bb1675330119562-9&#8243;][vc_column_text]\n<div class=\"col span_6\">\n<div class=\"row\">\n<div class=\"col span_2\"><b class=\"cerclenum\">1<\/b><\/div>\n<div class=\"col span_5\"><img loading=\"lazy\" decoding=\"async\" class=\"alignnone size-full wp-image-223\" src=\"http:\/\/amd-incontinence.com\/wp-content\/uploads\/sites\/4\/2017\/11\/enfiler-amd-pant.png\" alt=\"Colocar la ropa interior desechable\" width=\"90\" height=\"90\" \/><\/div>\n<div class=\"col span_5\">Subir el absorbente como la ropa interior habitual<\/div>\n<\/div>\n<\/div>\n<div class=\"col span_6 last\">\n<div class=\"row\">\n<div class=\"col span_2\"><b class=\"cerclenum\">2<\/b><\/div>\n<div class=\"col span_5\"><img loading=\"lazy\" decoding=\"async\" class=\"alignnone size-full wp-image-222\" src=\"http:\/\/amd-incontinence.com\/wp-content\/uploads\/sites\/4\/2017\/11\/dechirer-cote-amd-pant.png\" alt=\"Rasgar el lateral de la ropa interior desechable \" width=\"90\" height=\"90\" \/><\/div>\n<div class=\"col span_5\">Una vez usado, rasgar el lateral del absorbente<\/div>\n<\/div>\n<\/div>\n<div class=\"col span_6\">\n<div class=\"row\">\n<div class=\"col span_2\"><b class=\"cerclenum\">3<\/b><\/div>\n<div class=\"col span_5\"><img loading=\"lazy\" decoding=\"async\" class=\"alignnone size-full wp-image-225\" src=\"http:\/\/amd-incontinence.com\/wp-content\/uploads\/sites\/4\/2017\/11\/rouler-amd-pant.png\" alt=\"enrollar el producto\" width=\"90\" height=\"90\" \/><\/div>\n<div class=\"col span_5\">Enrollar el absorbente sobre si mismo<\/div>\n<\/div>\n<\/div>\n<div class=\"col span_6\">\n<div class=\"row\">\n<div class=\"col span_2\"><b class=\"cerclenum\">4<\/b><\/div>\n<div class=\"col span_5\"><img loading=\"lazy\" decoding=\"async\" class=\"alignnone size-full wp-image-224\" src=\"http:\/\/amd-incontinence.com\/wp-content\/uploads\/sites\/4\/2017\/11\/jeter-amd-pant.png\" alt=\"Desecharlo\" width=\"90\" height=\"90\" \/><\/div>\n<div class=\"col span_5\">Tirar el absorbente usado en una papelera<\/div>\n<\/div>\n<\/div>\n[\/vc_column_text][\/tab][\/tabbed_section][\/vc_column][\/vc_row]\n","protected":false},"excerpt":{"rendered":"<p>Ropa interior absorbente extra confortable y ultra segura<br \/>\nIdeal para hombres y mujeres activos.<br \/>\n<span>Para p\u00e9rdidas de orina de moderadas a graves.<\/span><\/p>\n","protected":false},"featured_media":147,"template":"","meta":[],"product_brand":[],"product_cat":[33],"product_tag":[],"class_list":{"0":"post-130","1":"product","2":"type-product","3":"status-publish","4":"has-post-thumbnail","6":"product_cat-los-productos-amd","8":"first","9":"instock","10":"shipping-taxable","11":"product-type-simple"},"yoast_head":"<!-- This site is optimized with the Yoast SEO plugin v27.3 - https:\/\/yoast.com\/product\/yoast-seo-wordpress\/ -->\n<title>amd Ropa interior desechable - AMD - Activ Medical Disposable<\/title>\n<meta name=\"robots\" content=\"index, follow, max-snippet:-1, max-image-preview:large, max-video-preview:-1\" \/>\n<link rel=\"canonical\" href=\"https:\/\/amd-incontinence.com\/espanol\/productos\/amd-ropa-interior-desechable\/\" \/>\n<meta property=\"og:locale\" content=\"es_ES\" \/>\n<meta property=\"og:type\" content=\"article\" \/>\n<meta property=\"og:title\" content=\"amd Ropa interior desechable - AMD - Activ Medical Disposable\" \/>\n<meta property=\"og:description\" content=\"Ropa interior absorbente extra confortable y ultra segura Ideal para hombres y mujeres activos. Para p\u00e9rdidas de orina de moderadas a graves.\" \/>\n<meta property=\"og:url\" content=\"https:\/\/amd-incontinence.com\/espanol\/productos\/amd-ropa-interior-desechable\/\" \/>\n<meta property=\"og:site_name\" content=\"AMD - Activ Medical Disposable\" \/>\n<meta property=\"article:modified_time\" content=\"2023-02-02T09:35:46+00:00\" \/>\n<meta property=\"og:image\" content=\"https:\/\/amd-incontinence.com\/espanol\/wp-content\/uploads\/sites\/4\/2017\/10\/amd-pants.jpg\" \/>\n\t<meta property=\"og:image:width\" content=\"678\" \/>\n\t<meta property=\"og:image:height\" content=\"678\" \/>\n\t<meta property=\"og:image:type\" content=\"image\/jpeg\" \/>\n<meta name=\"twitter:card\" content=\"summary_large_image\" \/>\n<meta name=\"twitter:label1\" content=\"Tiempo de lectura\" \/>\n\t<meta name=\"twitter:data1\" content=\"6 minutos\" \/>\n<script type=\"application\/ld+json\" class=\"yoast-schema-graph\">{\"@context\":\"https:\\\/\\\/schema.org\",\"@graph\":[{\"@type\":\"WebPage\",\"@id\":\"https:\\\/\\\/amd-incontinence.com\\\/espanol\\\/productos\\\/amd-ropa-interior-desechable\\\/\",\"url\":\"https:\\\/\\\/amd-incontinence.com\\\/espanol\\\/productos\\\/amd-ropa-interior-desechable\\\/\",\"name\":\"amd Ropa interior desechable - AMD - Activ Medical Disposable\",\"isPartOf\":{\"@id\":\"https:\\\/\\\/amd-incontinence.com\\\/espanol\\\/#website\"},\"primaryImageOfPage\":{\"@id\":\"https:\\\/\\\/amd-incontinence.com\\\/espanol\\\/productos\\\/amd-ropa-interior-desechable\\\/#primaryimage\"},\"image\":{\"@id\":\"https:\\\/\\\/amd-incontinence.com\\\/espanol\\\/productos\\\/amd-ropa-interior-desechable\\\/#primaryimage\"},\"thumbnailUrl\":\"https:\\\/\\\/amd-incontinence.com\\\/espanol\\\/wp-content\\\/uploads\\\/sites\\\/4\\\/2017\\\/10\\\/amd-pants.jpg\",\"datePublished\":\"2017-10-23T12:16:01+00:00\",\"dateModified\":\"2023-02-02T09:35:46+00:00\",\"breadcrumb\":{\"@id\":\"https:\\\/\\\/amd-incontinence.com\\\/espanol\\\/productos\\\/amd-ropa-interior-desechable\\\/#breadcrumb\"},\"inLanguage\":\"es\",\"potentialAction\":[{\"@type\":\"ReadAction\",\"target\":[\"https:\\\/\\\/amd-incontinence.com\\\/espanol\\\/productos\\\/amd-ropa-interior-desechable\\\/\"]}]},{\"@type\":\"ImageObject\",\"inLanguage\":\"es\",\"@id\":\"https:\\\/\\\/amd-incontinence.com\\\/espanol\\\/productos\\\/amd-ropa-interior-desechable\\\/#primaryimage\",\"url\":\"https:\\\/\\\/amd-incontinence.com\\\/espanol\\\/wp-content\\\/uploads\\\/sites\\\/4\\\/2017\\\/10\\\/amd-pants.jpg\",\"contentUrl\":\"https:\\\/\\\/amd-incontinence.com\\\/espanol\\\/wp-content\\\/uploads\\\/sites\\\/4\\\/2017\\\/10\\\/amd-pants.jpg\",\"width\":678,\"height\":678,\"caption\":\"amd Pants\"},{\"@type\":\"BreadcrumbList\",\"@id\":\"https:\\\/\\\/amd-incontinence.com\\\/espanol\\\/productos\\\/amd-ropa-interior-desechable\\\/#breadcrumb\",\"itemListElement\":[{\"@type\":\"ListItem\",\"position\":1,\"name\":\"Accueil\",\"item\":\"https:\\\/\\\/amd-incontinence.com\\\/espanol\\\/\"},{\"@type\":\"ListItem\",\"position\":2,\"name\":\"Productos\",\"item\":\"https:\\\/\\\/amd-incontinence.com\\\/espanol\\\/shop\\\/\"},{\"@type\":\"ListItem\",\"position\":3,\"name\":\"amd Ropa interior desechable\"}]},{\"@type\":\"WebSite\",\"@id\":\"https:\\\/\\\/amd-incontinence.com\\\/espanol\\\/#website\",\"url\":\"https:\\\/\\\/amd-incontinence.com\\\/espanol\\\/\",\"name\":\"AMD - Activ Medical Disposable\",\"description\":\"\",\"potentialAction\":[{\"@type\":\"SearchAction\",\"target\":{\"@type\":\"EntryPoint\",\"urlTemplate\":\"https:\\\/\\\/amd-incontinence.com\\\/espanol\\\/?s={search_term_string}\"},\"query-input\":{\"@type\":\"PropertyValueSpecification\",\"valueRequired\":true,\"valueName\":\"search_term_string\"}}],\"inLanguage\":\"es\"}]}<\/script>\n<!-- \/ Yoast SEO plugin. -->","yoast_head_json":{"title":"amd Ropa interior desechable - AMD - Activ Medical Disposable","robots":{"index":"index","follow":"follow","max-snippet":"max-snippet:-1","max-image-preview":"max-image-preview:large","max-video-preview":"max-video-preview:-1"},"canonical":"https:\/\/amd-incontinence.com\/espanol\/productos\/amd-ropa-interior-desechable\/","og_locale":"es_ES","og_type":"article","og_title":"amd Ropa interior desechable - AMD - Activ Medical Disposable","og_description":"Ropa interior absorbente extra confortable y ultra segura Ideal para hombres y mujeres activos. Para p\u00e9rdidas de orina de moderadas a graves.","og_url":"https:\/\/amd-incontinence.com\/espanol\/productos\/amd-ropa-interior-desechable\/","og_site_name":"AMD - Activ Medical Disposable","article_modified_time":"2023-02-02T09:35:46+00:00","og_image":[{"width":678,"height":678,"url":"https:\/\/amd-incontinence.com\/espanol\/wp-content\/uploads\/sites\/4\/2017\/10\/amd-pants.jpg","type":"image\/jpeg"}],"twitter_card":"summary_large_image","twitter_misc":{"Tiempo de lectura":"6 minutos"},"schema":{"@context":"https:\/\/schema.org","@graph":[{"@type":"WebPage","@id":"https:\/\/amd-incontinence.com\/espanol\/productos\/amd-ropa-interior-desechable\/","url":"https:\/\/amd-incontinence.com\/espanol\/productos\/amd-ropa-interior-desechable\/","name":"amd Ropa interior desechable - AMD - Activ Medical Disposable","isPartOf":{"@id":"https:\/\/amd-incontinence.com\/espanol\/#website"},"primaryImageOfPage":{"@id":"https:\/\/amd-incontinence.com\/espanol\/productos\/amd-ropa-interior-desechable\/#primaryimage"},"image":{"@id":"https:\/\/amd-incontinence.com\/espanol\/productos\/amd-ropa-interior-desechable\/#primaryimage"},"thumbnailUrl":"https:\/\/amd-incontinence.com\/espanol\/wp-content\/uploads\/sites\/4\/2017\/10\/amd-pants.jpg","datePublished":"2017-10-23T12:16:01+00:00","dateModified":"2023-02-02T09:35:46+00:00","breadcrumb":{"@id":"https:\/\/amd-incontinence.com\/espanol\/productos\/amd-ropa-interior-desechable\/#breadcrumb"},"inLanguage":"es","potentialAction":[{"@type":"ReadAction","target":["https:\/\/amd-incontinence.com\/espanol\/productos\/amd-ropa-interior-desechable\/"]}]},{"@type":"ImageObject","inLanguage":"es","@id":"https:\/\/amd-incontinence.com\/espanol\/productos\/amd-ropa-interior-desechable\/#primaryimage","url":"https:\/\/amd-incontinence.com\/espanol\/wp-content\/uploads\/sites\/4\/2017\/10\/amd-pants.jpg","contentUrl":"https:\/\/amd-incontinence.com\/espanol\/wp-content\/uploads\/sites\/4\/2017\/10\/amd-pants.jpg","width":678,"height":678,"caption":"amd Pants"},{"@type":"BreadcrumbList","@id":"https:\/\/amd-incontinence.com\/espanol\/productos\/amd-ropa-interior-desechable\/#breadcrumb","itemListElement":[{"@type":"ListItem","position":1,"name":"Accueil","item":"https:\/\/amd-incontinence.com\/espanol\/"},{"@type":"ListItem","position":2,"name":"Productos","item":"https:\/\/amd-incontinence.com\/espanol\/shop\/"},{"@type":"ListItem","position":3,"name":"amd Ropa interior desechable"}]},{"@type":"WebSite","@id":"https:\/\/amd-incontinence.com\/espanol\/#website","url":"https:\/\/amd-incontinence.com\/espanol\/","name":"AMD - Activ Medical Disposable","description":"","potentialAction":[{"@type":"SearchAction","target":{"@type":"EntryPoint","urlTemplate":"https:\/\/amd-incontinence.com\/espanol\/?s={search_term_string}"},"query-input":{"@type":"PropertyValueSpecification","valueRequired":true,"valueName":"search_term_string"}}],"inLanguage":"es"}]}},"_links":{"self":[{"href":"https:\/\/amd-incontinence.com\/espanol\/wp-json\/wp\/v2\/product\/130","targetHints":{"allow":["GET"]}}],"collection":[{"href":"https:\/\/amd-incontinence.com\/espanol\/wp-json\/wp\/v2\/product"}],"about":[{"href":"https:\/\/amd-incontinence.com\/espanol\/wp-json\/wp\/v2\/types\/product"}],"wp:featuredmedia":[{"embeddable":true,"href":"https:\/\/amd-incontinence.com\/espanol\/wp-json\/wp\/v2\/media\/147"}],"wp:attachment":[{"href":"https:\/\/amd-incontinence.com\/espanol\/wp-json\/wp\/v2\/media?parent=130"}],"wp:term":[{"taxonomy":"product_brand","embeddable":true,"href":"https:\/\/amd-incontinence.com\/espanol\/wp-json\/wp\/v2\/product_brand?post=130"},{"taxonomy":"product_cat","embeddable":true,"href":"https:\/\/amd-incontinence.com\/espanol\/wp-json\/wp\/v2\/product_cat?post=130"},{"taxonomy":"product_tag","embeddable":true,"href":"https:\/\/amd-incontinence.com\/espanol\/wp-json\/wp\/v2\/product_tag?post=130"}],"curies":[{"name":"wp","href":"https:\/\/api.w.org\/{rel}","templated":true}]}}