{"id":132,"date":"2017-10-23T14:17:31","date_gmt":"2017-10-23T12:17:31","guid":{"rendered":"http:\/\/amd-incontinence.com\/espanol\/?post_type=product&#038;p=132"},"modified":"2023-02-02T10:39:25","modified_gmt":"2023-02-02T09:39:25","slug":"amd-slip","status":"publish","type":"product","link":"https:\/\/amd-incontinence.com\/espanol\/productos\/amd-slip\/","title":{"rendered":"amd Slip"},"content":{"rendered":"[vc_row type=\u00bbfull_width_content\u00bb full_screen_row_position=\u00bbmiddle\u00bb column_margin=\u00bbdefault\u00bb column_direction=\u00bbdefault\u00bb column_direction_tablet=\u00bbdefault\u00bb column_direction_phone=\u00bbdefault\u00bb scene_position=\u00bbcenter\u00bb text_color=\u00bbdark\u00bb text_align=\u00bbleft\u00bb row_border_radius=\u00bbnone\u00bb row_border_radius_applies=\u00bbbg\u00bb overflow=\u00bbvisible\u00bb overlay_strength=\u00bb0.3&#8243; gradient_direction=\u00bbleft_to_right\u00bb shape_divider_position=\u00bbbottom\u00bb bg_image_animation=\u00bbnone\u00bb][vc_column column_padding=\u00bbno-extra-padding\u00bb column_padding_tablet=\u00bbinherit\u00bb column_padding_phone=\u00bbinherit\u00bb column_padding_position=\u00bball\u00bb column_element_direction_desktop=\u00bbdefault\u00bb column_element_spacing=\u00bbdefault\u00bb desktop_text_alignment=\u00bbdefault\u00bb tablet_text_alignment=\u00bbdefault\u00bb phone_text_alignment=\u00bbdefault\u00bb background_color_opacity=\u00bb1&#8243; background_hover_color_opacity=\u00bb1&#8243; column_backdrop_filter=\u00bbnone\u00bb column_shadow=\u00bbnone\u00bb column_border_radius=\u00bbnone\u00bb column_link_target=\u00bb_self\u00bb column_position=\u00bbdefault\u00bb gradient_direction=\u00bbleft_to_right\u00bb overlay_strength=\u00bb0.3&#8243; width=\u00bb1\/1&#8243; tablet_width_inherit=\u00bbdefault\u00bb animation_type=\u00bbdefault\u00bb bg_image_animation=\u00bbnone\u00bb border_type=\u00bbsimple\u00bb column_border_width=\u00bbnone\u00bb column_border_style=\u00bbsolid\u00bb][vc_column_text]El el\u00e1stico amd slip es la soluci\u00f3n adaptada al cuidado de las personas con movilidad reducida y que sufren de incontinencia de grave a severa.<br \/>\nEste absorbente cuenta con una triple capa de absorci\u00f3n altamente eficiente `para una r\u00e1pida difusi\u00f3n de la orina y una sequedad inmediata. El n\u00facleo absorbente ultra r\u00e1pido y las barreras anti fugas hidr\u00f3fobas e integrales garantizan la m\u00e1xima seguridad. El sistema\u201codour-free\u201d neutraliza los olores.<br \/>\nLos laterales transpirable y la capa exterior de tejido no tejido impermeable proporcionan una suave sensaci\u00f3n textil, aseguran el confort y protegen la piel.<br \/>\nCintura el\u00e1stica anterior y posterior, 4 cierres de velcro reposicionables, corte ergon\u00f3mico: la colocaci\u00f3n es f\u00e1cil y permite un ajuste perfecto a la morfolog\u00eda del paciente.<\/p>\n<ul>\n<li>Protecci\u00f3n integral: absorci\u00f3n r\u00e1pida y seguridad total<\/li>\n<li>Colocaci\u00f3n f\u00e1cil y ajuste perfecto<\/li>\n<li>Marcador de f\u00e1cil lectura: talla y absorci\u00f3n<\/li>\n<li>Testigo de humedad: evaluaci\u00f3n inmediata del grado de saturaci\u00f3n del absorbente<\/li>\n<\/ul>\n[\/vc_column_text][tabbed_section style=\u00bbdefault\u00bb tab_change_animation=\u00bbfade\u00bb alignment=\u00bbleft\u00bb spacing=\u00bbdefault\u00bb tab_color=\u00bbAccent-Color\u00bb vs_content_animation=\u00bbfade\u00bb vs_link_animation=\u00bbopacity\u00bb vs_navigation_alignment=\u00bbleft\u00bb vs_navigation_width_2=\u00bb25%\u00bb vs_navigation_func=\u00bbdefault\u00bb vs_navigation_width=\u00bbregular\u00bb vs_navigation_spacing=\u00bb15px\u00bb vs_navigation_mobile_display=\u00bbvisible\u00bb vs_tab_spacing=\u00bb5%\u00bb][tab icon_family=\u00bbnone\u00bb title=\u00bbLa gama\u00bb id=\u00bb1675330693039-6&#8243; tab_id=\u00bb1675330693040-7&#8243;][vc_column_text]\n<div class=\"col-gam2\">\n<div class=\"cont-gam2\">\n<p class=\"titre-gam2\">absorci\u00f3n<\/p>\n<p class=\"titre-gam2\">talla<\/p>\n<\/div>\n<div class=\"cont-gam2\">\n<p><img loading=\"lazy\" decoding=\"async\" class=\"alignnone size-full wp-image-233\" src=\"https:\/\/amd-incontinence.com\/wp-content\/uploads\/2017\/10\/ico-normal.png\" alt=\"Absorption normal\" width=\"110\" height=\"112\" \/><\/p>\n<div class=\"tab-gam2\">\n<table>\n<tbody>\n<tr>\n<td>peque\u00f1a<\/td>\n<\/tr>\n<tr>\n<td>mediana<\/td>\n<\/tr>\n<tr>\n<td>grande<\/td>\n<\/tr>\n<\/tbody>\n<\/table>\n<\/div>\n<\/div>\n<div class=\"cont-gam2\">\n<p><img loading=\"lazy\" decoding=\"async\" class=\"alignnone size-full wp-image-230\" src=\"https:\/\/amd-incontinence.com\/wp-content\/uploads\/2017\/10\/ico-extra.png\" alt=\"Absorption extra\" width=\"110\" height=\"112\" \/><\/p>\n<div class=\"tab-gam2\">\n<table>\n<tbody>\n<tr>\n<td>peque\u00f1a<\/td>\n<\/tr>\n<tr>\n<td>mediana<\/td>\n<\/tr>\n<tr>\n<td>grande<\/td>\n<\/tr>\n<\/tbody>\n<\/table>\n<\/div>\n<\/div>\n<div class=\"cont-gam2\">\n<p><img loading=\"lazy\" decoding=\"async\" class=\"alignnone size-full wp-image-234\" src=\"https:\/\/amd-incontinence.com\/wp-content\/uploads\/2017\/10\/ico-super.png\" alt=\"Absorption super\" width=\"110\" height=\"112\" \/><\/p>\n<div class=\"tab-gam2\">\n<table>\n<tbody>\n<tr>\n<td>mediana<\/td>\n<\/tr>\n<tr>\n<td>grande<\/td>\n<\/tr>\n<tr>\n<td>x grande<\/td>\n<\/tr>\n<\/tbody>\n<\/table>\n<\/div>\n<\/div>\n<\/div>\n<div class=\"col-gam2\">\n<div class=\"cont-gam2\">\n<p class=\"titre-gam2\">absorci\u00f3n<\/p>\n<p class=\"titre-gam2\">talla<\/p>\n<\/div>\n<div class=\"cont-gam2\">\n<p><img loading=\"lazy\" decoding=\"async\" class=\"aligncenter size-full wp-image-231\" src=\"https:\/\/amd-incontinence.com\/wp-content\/uploads\/2017\/10\/ico-maxi.png\" alt=\"Absorption maxi\" width=\"110\" height=\"112\" \/><\/p>\n<div class=\"tab-gam2\">\n<table>\n<tbody>\n<tr>\n<td>peque\u00f1a<\/td>\n<\/tr>\n<tr>\n<td>mediana<\/td>\n<\/tr>\n<tr>\n<td>grande<\/td>\n<\/tr>\n<tr>\n<td>x grande<\/td>\n<\/tr>\n<\/tbody>\n<\/table>\n<\/div>\n<\/div>\n<div class=\"cont-gam2\">\n<p><img loading=\"lazy\" decoding=\"async\" class=\"alignnone size-full wp-image-232\" src=\"https:\/\/amd-incontinence.com\/wp-content\/uploads\/2017\/10\/ico-maxi-plus.png\" alt=\"Absorption maxi +\" width=\"110\" height=\"112\" \/><\/p>\n<div class=\"tab-gam2\">\n<table>\n<tbody>\n<tr>\n<td>mediana<\/td>\n<\/tr>\n<tr>\n<td>grande<\/td>\n<\/tr>\n<tr>\n<td>x grande<\/td>\n<\/tr>\n<\/tbody>\n<\/table>\n<\/div>\n<\/div>\n<\/div>\n[\/vc_column_text][\/tab][tab icon_family=\u00bbnone\u00bb title=\u00bbTecnolog\u00eda +\u00bb id=\u00bb1675330693061-5&#8243; tab_id=\u00bb1675330693062-10&#8243;][vc_column_text]\n<div class=\"undemi\">\n<table class=\"tab-techno\">\n<tbody>\n<tr>\n<td><img loading=\"lazy\" decoding=\"async\" class=\"alignnone\" src=\"http:\/\/amd-incontinence.com\/wp-content\/uploads\/sites\/4\/2017\/11\/picto-new-core-concept-100x100.png\" alt=\"Nuevo concepto del n\u00facleo\" width=\"58\" height=\"58\" \/><\/td>\n<td>NUEVO CONCEPTO DEL NUCLEO<br \/>\nNueva tecnolog\u00eda: zona de absorci\u00f3n \u00f3ptima seguridad. Difusi\u00f3n r\u00e1pida y total de l\u00edquidos hacia el n\u00facleo principal. Garant\u00eda de rendimiento: siempre seco.<\/td>\n<\/tr>\n<tr>\n<td><img loading=\"lazy\" decoding=\"async\" class=\"alignnone\" src=\"http:\/\/amd-incontinence.com\/wp-content\/uploads\/sites\/4\/2017\/11\/picto-leakage-barrier-100x100.png\" alt=\"Barreras antifugas\" width=\"58\" height=\"58\" \/><\/td>\n<td>BARRERAS ANTIFUGAS<br \/>\nBarreras antifugas integrales hidr\u00f3fobas. Muy altas que garantizan una seguridad \u00f3ptima.<\/td>\n<\/tr>\n<tr>\n<td><img loading=\"lazy\" decoding=\"async\" class=\"alignnone\" src=\"http:\/\/amd-incontinence.com\/wp-content\/uploads\/sites\/4\/2017\/11\/picto-breathable-100x100.png\" alt=\"Transpirable\" width=\"58\" height=\"58\" \/><\/td>\n<td>TRANSPIRABLE<br \/>\nVelo transpirable de tejido no tejido. Permeable al aire, favorece la transpiraci\u00f3n de la piel. Preserva los riesgos de irritaci\u00f3n.<\/td>\n<\/tr>\n<tr>\n<td><img loading=\"lazy\" decoding=\"async\" class=\"alignnone\" src=\"http:\/\/amd-incontinence.com\/wp-content\/uploads\/sites\/4\/2017\/11\/picto-odour-free-100x100.png\" alt=\"anti olores\" width=\"58\" height=\"58\" \/><\/td>\n<td>ODOUR FREE<br \/>\nSistema de rendimiento anti-olor. Evita la difusi\u00f3n de olores. Mantiene el pH neutro de la piel.<\/td>\n<\/tr>\n<\/tbody>\n<\/table>\n<\/div>\n<div class=\"undemi\">\n<table class=\"tab-techno\">\n<tbody>\n<tr>\n<td><img loading=\"lazy\" decoding=\"async\" class=\"alignnone\" src=\"http:\/\/amd-incontinence.com\/wp-content\/uploads\/sites\/4\/2017\/11\/picto-cotton-feel-100x100.png\" alt=\"Tacto algod\u00f3n\" width=\"58\" height=\"58\" \/><\/td>\n<td>TACTO DE ALGODON<br \/>\nVelo externo de tejido no tejido suave. Verdadera sensaci\u00f3n textil. Protecci\u00f3n ligera y silenciosa.<\/td>\n<\/tr>\n<tr>\n<td><img loading=\"lazy\" decoding=\"async\" class=\"alignnone\" src=\"http:\/\/amd-incontinence.com\/wp-content\/uploads\/sites\/4\/2017\/11\/picto-elastic-100x100.png\" alt=\"el\u00e1stico\" width=\"58\" height=\"58\" \/><\/td>\n<td>ELASTICO<br \/>\nCintura el\u00e1stica ultra suave, hipoalerg\u00e9nica, solo hilos de Lycra. Banda el\u00e1stica efectiva, se adapta perfectamente a la silueta y asegura un ajuste perfecto. Sin l\u00e1tex.<\/td>\n<\/tr>\n<tr>\n<td><img loading=\"lazy\" decoding=\"async\" class=\"alignnone\" src=\"http:\/\/amd-incontinence.com\/wp-content\/uploads\/sites\/4\/2017\/10\/picto-dermatologique-100x100.png\" alt=\"Testado dermatol\u00f3gicamente\" width=\"58\" height=\"58\" \/><\/td>\n<td>DERMATOLOGICAMENTE TESTADO<br \/>\nTodos nuestros absorbentes llevan el sello \u00abProbado bajo control dermatol\u00f3gico\u00bb para garantizar su bienestar.<\/td>\n<\/tr>\n<\/tbody>\n<\/table>\n<\/div>\n[\/vc_column_text][\/tab][tab icon_family=\u00bbnone\u00bb title=\u00bbUtilizaci\u00f3n\u00bb id=\u00bb1675330693078-7&#8243; tab_id=\u00bb1675330693078-2&#8243;][vc_column_text]\n<div class=\"techpos col span_12\">\n<div class=\"row\">\n<div class=\"col span_1\"><b class=\"cerclenum\">1<\/b><\/div>\n<div class=\"col span_5\">Abra el amd slip y d\u00f3blelo por la mitad longitudinalmente. La forma c\u00f3ncava aparece de forma natural, las barreras antifugas se enderezan y el producto adopta su forma anat\u00f3mica.<\/div>\n<div class=\"col span_6\"><img loading=\"lazy\" decoding=\"async\" src=\"http:\/\/amd-incontinence.com\/wp-content\/uploads\/sites\/4\/2017\/11\/ouvrir-protection-amd-slip\" alt=\"Abra el amd slip\" width=\"90\" height=\"90\" class=\"aligncenter size-full wp-image-250\" \/><\/div>\n<\/div>\n<div class=\"row\">\n<div class=\"col span_1\"><b class=\"cerclenum\">2<\/b><\/div>\n<div class=\"col span_5\">Posicionar los adhesivos en la parte posterior. Deslizar el absorbente entre las piernas de delante hacia atr\u00e1s. Deslizar el absorbente amd slip.<\/div>\n<div class=\"col span_6\"><img loading=\"lazy\" decoding=\"async\" src=\"http:\/\/amd-incontinence.com\/wp-content\/uploads\/sites\/4\/2018\/05\/uso-1-amd-slip.png\" alt=\"Posicionar los adhesivos en la parte posterior\" width=\"220\" height=\"110\" class=\"alignnone size-full wp-image-249\" \/><\/div>\n<\/div>\n<div class=\"row\">\n<div class=\"col span_1\"><b class=\"cerclenum\">3<\/b><\/div>\n<div class=\"col span_5\">Ajustar el absorbente y doblar las alas de atr\u00e1s hacia delante.<\/div>\n<div class=\"col span_6\"><img loading=\"lazy\" decoding=\"async\" src=\"http:\/\/amd-incontinence.com\/wp-content\/uploads\/sites\/4\/2018\/05\/uso-2-amd-slip.png\" alt=\"Ajustar el absorbente \" width=\"220\" height=\"110\" class=\"alignnone size-full wp-image-252\" \/><\/div>\n<\/div>\n<div class=\"row\">\n<div class=\"col span_1\"><b class=\"cerclenum\">4<\/b><\/div>\n<div class=\"col span_5\">Ajustar el absorbente amd slip<br \/>\n1) Adhesivos inferiores = posici\u00f3n horizontal o ligeramente inclinada hacia arriba<br \/>\n2) Adhesivos superiores = posici\u00f3n hacia abajo<\/div>\n<div class=\"col span_6\"><img loading=\"lazy\" decoding=\"async\" src=\"http:\/\/amd-incontinence.com\/wp-content\/uploads\/sites\/4\/2018\/05\/uso-3-amd-slip.png\" alt=\"Ajuster la protection amd slip\" width=\"220\" height=\"110\" class=\"alignnone size-full wp-image-247\" \/><\/div>\n<\/div>\n<\/div>\n[\/vc_column_text][\/tab][\/tabbed_section][\/vc_column][\/vc_row]\n","protected":false},"excerpt":{"rendered":"<p>Absorbentes el\u00e1sticos. Protecci\u00f3n integral \u00f3ptima<br \/>\nAdaptada al cuidado de personas con movilidad reducida.<br \/>\n<span>Para p\u00e9rdidas de orina de graves a muy graves.<\/span><\/p>\n","protected":false},"featured_media":148,"template":"","meta":[],"product_brand":[],"product_cat":[33],"product_tag":[],"class_list":{"0":"post-132","1":"product","2":"type-product","3":"status-publish","4":"has-post-thumbnail","6":"product_cat-los-productos-amd","8":"first","9":"instock","10":"shipping-taxable","11":"product-type-simple"},"yoast_head":"<!-- This site is optimized with the Yoast SEO plugin v27.3 - https:\/\/yoast.com\/product\/yoast-seo-wordpress\/ -->\n<title>amd Slip - AMD - Activ Medical Disposable<\/title>\n<meta name=\"robots\" content=\"index, follow, max-snippet:-1, max-image-preview:large, max-video-preview:-1\" \/>\n<link rel=\"canonical\" href=\"https:\/\/amd-incontinence.com\/espanol\/productos\/amd-slip\/\" \/>\n<meta property=\"og:locale\" content=\"es_ES\" \/>\n<meta property=\"og:type\" content=\"article\" \/>\n<meta property=\"og:title\" content=\"amd Slip - AMD - Activ Medical Disposable\" \/>\n<meta property=\"og:description\" content=\"Absorbentes el\u00e1sticos. Protecci\u00f3n integral \u00f3ptima Adaptada al cuidado de personas con movilidad reducida. Para p\u00e9rdidas de orina de graves a muy graves.\" \/>\n<meta property=\"og:url\" content=\"https:\/\/amd-incontinence.com\/espanol\/productos\/amd-slip\/\" \/>\n<meta property=\"og:site_name\" content=\"AMD - Activ Medical Disposable\" \/>\n<meta property=\"article:modified_time\" content=\"2023-02-02T09:39:25+00:00\" \/>\n<meta property=\"og:image\" content=\"https:\/\/amd-incontinence.com\/espanol\/wp-content\/uploads\/sites\/4\/2017\/10\/amd-slip.jpg\" \/>\n\t<meta property=\"og:image:width\" content=\"678\" \/>\n\t<meta property=\"og:image:height\" content=\"678\" \/>\n\t<meta property=\"og:image:type\" content=\"image\/jpeg\" \/>\n<meta name=\"twitter:card\" content=\"summary_large_image\" \/>\n<meta name=\"twitter:label1\" content=\"Tiempo de lectura\" \/>\n\t<meta name=\"twitter:data1\" content=\"6 minutos\" \/>\n<script type=\"application\/ld+json\" class=\"yoast-schema-graph\">{\"@context\":\"https:\\\/\\\/schema.org\",\"@graph\":[{\"@type\":\"WebPage\",\"@id\":\"https:\\\/\\\/amd-incontinence.com\\\/espanol\\\/productos\\\/amd-slip\\\/\",\"url\":\"https:\\\/\\\/amd-incontinence.com\\\/espanol\\\/productos\\\/amd-slip\\\/\",\"name\":\"amd Slip - AMD - Activ Medical Disposable\",\"isPartOf\":{\"@id\":\"https:\\\/\\\/amd-incontinence.com\\\/espanol\\\/#website\"},\"primaryImageOfPage\":{\"@id\":\"https:\\\/\\\/amd-incontinence.com\\\/espanol\\\/productos\\\/amd-slip\\\/#primaryimage\"},\"image\":{\"@id\":\"https:\\\/\\\/amd-incontinence.com\\\/espanol\\\/productos\\\/amd-slip\\\/#primaryimage\"},\"thumbnailUrl\":\"https:\\\/\\\/amd-incontinence.com\\\/espanol\\\/wp-content\\\/uploads\\\/sites\\\/4\\\/2017\\\/10\\\/amd-slip.jpg\",\"datePublished\":\"2017-10-23T12:17:31+00:00\",\"dateModified\":\"2023-02-02T09:39:25+00:00\",\"breadcrumb\":{\"@id\":\"https:\\\/\\\/amd-incontinence.com\\\/espanol\\\/productos\\\/amd-slip\\\/#breadcrumb\"},\"inLanguage\":\"es\",\"potentialAction\":[{\"@type\":\"ReadAction\",\"target\":[\"https:\\\/\\\/amd-incontinence.com\\\/espanol\\\/productos\\\/amd-slip\\\/\"]}]},{\"@type\":\"ImageObject\",\"inLanguage\":\"es\",\"@id\":\"https:\\\/\\\/amd-incontinence.com\\\/espanol\\\/productos\\\/amd-slip\\\/#primaryimage\",\"url\":\"https:\\\/\\\/amd-incontinence.com\\\/espanol\\\/wp-content\\\/uploads\\\/sites\\\/4\\\/2017\\\/10\\\/amd-slip.jpg\",\"contentUrl\":\"https:\\\/\\\/amd-incontinence.com\\\/espanol\\\/wp-content\\\/uploads\\\/sites\\\/4\\\/2017\\\/10\\\/amd-slip.jpg\",\"width\":678,\"height\":678,\"caption\":\"amd Slip\"},{\"@type\":\"BreadcrumbList\",\"@id\":\"https:\\\/\\\/amd-incontinence.com\\\/espanol\\\/productos\\\/amd-slip\\\/#breadcrumb\",\"itemListElement\":[{\"@type\":\"ListItem\",\"position\":1,\"name\":\"Accueil\",\"item\":\"https:\\\/\\\/amd-incontinence.com\\\/espanol\\\/\"},{\"@type\":\"ListItem\",\"position\":2,\"name\":\"Productos\",\"item\":\"https:\\\/\\\/amd-incontinence.com\\\/espanol\\\/shop\\\/\"},{\"@type\":\"ListItem\",\"position\":3,\"name\":\"amd Slip\"}]},{\"@type\":\"WebSite\",\"@id\":\"https:\\\/\\\/amd-incontinence.com\\\/espanol\\\/#website\",\"url\":\"https:\\\/\\\/amd-incontinence.com\\\/espanol\\\/\",\"name\":\"AMD - Activ Medical Disposable\",\"description\":\"\",\"potentialAction\":[{\"@type\":\"SearchAction\",\"target\":{\"@type\":\"EntryPoint\",\"urlTemplate\":\"https:\\\/\\\/amd-incontinence.com\\\/espanol\\\/?s={search_term_string}\"},\"query-input\":{\"@type\":\"PropertyValueSpecification\",\"valueRequired\":true,\"valueName\":\"search_term_string\"}}],\"inLanguage\":\"es\"}]}<\/script>\n<!-- \/ Yoast SEO plugin. -->","yoast_head_json":{"title":"amd Slip - AMD - Activ Medical Disposable","robots":{"index":"index","follow":"follow","max-snippet":"max-snippet:-1","max-image-preview":"max-image-preview:large","max-video-preview":"max-video-preview:-1"},"canonical":"https:\/\/amd-incontinence.com\/espanol\/productos\/amd-slip\/","og_locale":"es_ES","og_type":"article","og_title":"amd Slip - AMD - Activ Medical Disposable","og_description":"Absorbentes el\u00e1sticos. Protecci\u00f3n integral \u00f3ptima Adaptada al cuidado de personas con movilidad reducida. Para p\u00e9rdidas de orina de graves a muy graves.","og_url":"https:\/\/amd-incontinence.com\/espanol\/productos\/amd-slip\/","og_site_name":"AMD - Activ Medical Disposable","article_modified_time":"2023-02-02T09:39:25+00:00","og_image":[{"width":678,"height":678,"url":"https:\/\/amd-incontinence.com\/espanol\/wp-content\/uploads\/sites\/4\/2017\/10\/amd-slip.jpg","type":"image\/jpeg"}],"twitter_card":"summary_large_image","twitter_misc":{"Tiempo de lectura":"6 minutos"},"schema":{"@context":"https:\/\/schema.org","@graph":[{"@type":"WebPage","@id":"https:\/\/amd-incontinence.com\/espanol\/productos\/amd-slip\/","url":"https:\/\/amd-incontinence.com\/espanol\/productos\/amd-slip\/","name":"amd Slip - AMD - Activ Medical Disposable","isPartOf":{"@id":"https:\/\/amd-incontinence.com\/espanol\/#website"},"primaryImageOfPage":{"@id":"https:\/\/amd-incontinence.com\/espanol\/productos\/amd-slip\/#primaryimage"},"image":{"@id":"https:\/\/amd-incontinence.com\/espanol\/productos\/amd-slip\/#primaryimage"},"thumbnailUrl":"https:\/\/amd-incontinence.com\/espanol\/wp-content\/uploads\/sites\/4\/2017\/10\/amd-slip.jpg","datePublished":"2017-10-23T12:17:31+00:00","dateModified":"2023-02-02T09:39:25+00:00","breadcrumb":{"@id":"https:\/\/amd-incontinence.com\/espanol\/productos\/amd-slip\/#breadcrumb"},"inLanguage":"es","potentialAction":[{"@type":"ReadAction","target":["https:\/\/amd-incontinence.com\/espanol\/productos\/amd-slip\/"]}]},{"@type":"ImageObject","inLanguage":"es","@id":"https:\/\/amd-incontinence.com\/espanol\/productos\/amd-slip\/#primaryimage","url":"https:\/\/amd-incontinence.com\/espanol\/wp-content\/uploads\/sites\/4\/2017\/10\/amd-slip.jpg","contentUrl":"https:\/\/amd-incontinence.com\/espanol\/wp-content\/uploads\/sites\/4\/2017\/10\/amd-slip.jpg","width":678,"height":678,"caption":"amd Slip"},{"@type":"BreadcrumbList","@id":"https:\/\/amd-incontinence.com\/espanol\/productos\/amd-slip\/#breadcrumb","itemListElement":[{"@type":"ListItem","position":1,"name":"Accueil","item":"https:\/\/amd-incontinence.com\/espanol\/"},{"@type":"ListItem","position":2,"name":"Productos","item":"https:\/\/amd-incontinence.com\/espanol\/shop\/"},{"@type":"ListItem","position":3,"name":"amd Slip"}]},{"@type":"WebSite","@id":"https:\/\/amd-incontinence.com\/espanol\/#website","url":"https:\/\/amd-incontinence.com\/espanol\/","name":"AMD - Activ Medical Disposable","description":"","potentialAction":[{"@type":"SearchAction","target":{"@type":"EntryPoint","urlTemplate":"https:\/\/amd-incontinence.com\/espanol\/?s={search_term_string}"},"query-input":{"@type":"PropertyValueSpecification","valueRequired":true,"valueName":"search_term_string"}}],"inLanguage":"es"}]}},"_links":{"self":[{"href":"https:\/\/amd-incontinence.com\/espanol\/wp-json\/wp\/v2\/product\/132","targetHints":{"allow":["GET"]}}],"collection":[{"href":"https:\/\/amd-incontinence.com\/espanol\/wp-json\/wp\/v2\/product"}],"about":[{"href":"https:\/\/amd-incontinence.com\/espanol\/wp-json\/wp\/v2\/types\/product"}],"wp:featuredmedia":[{"embeddable":true,"href":"https:\/\/amd-incontinence.com\/espanol\/wp-json\/wp\/v2\/media\/148"}],"wp:attachment":[{"href":"https:\/\/amd-incontinence.com\/espanol\/wp-json\/wp\/v2\/media?parent=132"}],"wp:term":[{"taxonomy":"product_brand","embeddable":true,"href":"https:\/\/amd-incontinence.com\/espanol\/wp-json\/wp\/v2\/product_brand?post=132"},{"taxonomy":"product_cat","embeddable":true,"href":"https:\/\/amd-incontinence.com\/espanol\/wp-json\/wp\/v2\/product_cat?post=132"},{"taxonomy":"product_tag","embeddable":true,"href":"https:\/\/amd-incontinence.com\/espanol\/wp-json\/wp\/v2\/product_tag?post=132"}],"curies":[{"name":"wp","href":"https:\/\/api.w.org\/{rel}","templated":true}]}}