{"id":134,"date":"2017-10-23T14:19:28","date_gmt":"2017-10-23T12:19:28","guid":{"rendered":"http:\/\/amd-incontinence.com\/espanol\/?post_type=product&#038;p=134"},"modified":"2018-10-25T19:31:09","modified_gmt":"2018-10-25T17:31:09","slug":"protecciones-rectangulares","status":"publish","type":"product","link":"https:\/\/amd-incontinence.com\/espanol\/productos\/protecciones-rectangulares\/","title":{"rendered":"protecciones rectangulares"},"content":{"rendered":"[vc_row type=\u00bbfull_width_content\u00bb full_screen_row_position=\u00bbmiddle\u00bb scene_position=\u00bbcenter\u00bb text_color=\u00bbdark\u00bb text_align=\u00bbleft\u00bb overlay_strength=\u00bb0.3&#8243; shape_divider_position=\u00bbbottom\u00bb][vc_column column_padding=\u00bbno-extra-padding\u00bb column_padding_position=\u00bball\u00bb background_color_opacity=\u00bb1&#8243; background_hover_color_opacity=\u00bb1&#8243; column_shadow=\u00bbnone\u00bb column_border_radius=\u00bbnone\u00bb width=\u00bb1\/1&#8243; tablet_text_alignment=\u00bbdefault\u00bb phone_text_alignment=\u00bbdefault\u00bb column_border_width=\u00bbnone\u00bb column_border_style=\u00bbsolid\u00bb][vc_column_text]Absorbentes rectangulares compuestos de un n\u00facleo absorbente y de un velo de tejido no tejido suave. Est\u00e1n disponibles en versi\u00f3n permeable o impermeable, gracias a la capa de polietileno.[\/vc_column_text][tabbed_section style=\u00bbdefault\u00bb alignment=\u00bbleft\u00bb spacing=\u00bbdefault\u00bb tab_color=\u00bbAccent-Color\u00bb][tab icon_family=\u00bbnone\u00bb title=\u00bbLa gama\u00bb id=\u00bb1508758065673-5d838-991d\u00bb tab_id=\u00bb1514983610069-9&#8243;][vc_column_text]\n<table class=\"tab-gamme\">\n<tbody>\n<tr>\n<td>20 x 60 cm permeable<\/td>\n<\/tr>\n<tr>\n<td>20 x 60 cm impermeable<\/td>\n<\/tr>\n<tr>\n<td>11 x 35 cm permeable<\/td>\n<\/tr>\n<tr>\n<td>11 x 35 cm impermeable<\/td>\n<\/tr>\n<\/tbody>\n<\/table>\n[\/vc_column_text][\/tab][tab icon_family=\u00bbnone\u00bb title=\u00bbTecnolog\u00eda +\u00bb id=\u00bb1508758065749-0d838-991d\u00bb tab_id=\u00bb1514983610116-0&#8243;][vc_column_text]\n<div class=\"undemi\">\n<table class=\"tab-techno\">\n<tbody>\n<tr>\n<td><img loading=\"lazy\" decoding=\"async\" class=\"alignnone\" src=\"http:\/\/amd-incontinence.com\/wp-content\/uploads\/sites\/4\/2017\/11\/picto-softness-100x100.png\" alt=\"Suavidad\" width=\"58\" height=\"58\" \/><\/td>\n<td>SUAVIDAD<br \/>\nVelo interno ultra suave hipoalerg\u00e9nico para un m\u00e1ximo confort y bienestar.<\/td>\n<\/tr>\n<\/tbody>\n<\/table>\n<\/div>\n<div class=\"undemi\">\n<table class=\"tab-techno\">\n<tbody>\n<tr>\n<td><img loading=\"lazy\" decoding=\"async\" class=\"alignnone\" src=\"http:\/\/amd-incontinence.com\/wp-content\/uploads\/sites\/4\/2017\/10\/picto-dermatologique-100x100.png\" alt=\"Testado dermatol\u00f3gicamente\" width=\"58\" height=\"58\" \/><\/td>\n<td>TESTADO DERMATOLOGICAMENTE<br \/>\nTodos nuestros absorbentes se benefician del sello \u00ab\u00a0Testado bajo Control Dermatol\u00f3gico\u00a0\u00bb para garantizar su bienestar.<\/td>\n<\/tr>\n<\/tbody>\n<\/table>\n<\/div>\n[\/vc_column_text][\/tab][tab icon_family=\u00bbnone\u00bb title=\u00bbUtilizaci\u00f3n\u00bb id=\u00bb1508758088523-2d838-991d\u00bb tab_id=\u00bb1514983610192-9&#8243;][vc_column_text]No hay ninguna t\u00e9cnica de colocaci\u00f3n para esta gama[\/vc_column_text][\/tab][\/tabbed_section][\/vc_column][\/vc_row]\n","protected":false},"excerpt":{"rendered":"<p>Absorbente rectangular, compresa higi\u00e9nica.<\/p>\n","protected":false},"featured_media":152,"template":"","meta":[],"product_brand":[],"product_cat":[33],"product_tag":[],"class_list":{"0":"post-134","1":"product","2":"type-product","3":"status-publish","4":"has-post-thumbnail","6":"product_cat-los-productos-amd","8":"first","9":"instock","10":"shipping-taxable","11":"product-type-simple"},"yoast_head":"<!-- This site is optimized with the Yoast SEO plugin v27.3 - https:\/\/yoast.com\/product\/yoast-seo-wordpress\/ -->\n<title>protecciones rectangulares - AMD - Activ Medical Disposable<\/title>\n<meta name=\"robots\" content=\"index, follow, max-snippet:-1, max-image-preview:large, max-video-preview:-1\" \/>\n<link rel=\"canonical\" href=\"https:\/\/amd-incontinence.com\/espanol\/productos\/protecciones-rectangulares\/\" \/>\n<meta property=\"og:locale\" content=\"es_ES\" \/>\n<meta property=\"og:type\" content=\"article\" \/>\n<meta property=\"og:title\" content=\"protecciones rectangulares - AMD - Activ Medical Disposable\" \/>\n<meta property=\"og:description\" content=\"Absorbente rectangular, compresa higi\u00e9nica.\" \/>\n<meta property=\"og:url\" content=\"https:\/\/amd-incontinence.com\/espanol\/productos\/protecciones-rectangulares\/\" \/>\n<meta property=\"og:site_name\" content=\"AMD - Activ Medical Disposable\" \/>\n<meta property=\"article:modified_time\" content=\"2018-10-25T17:31:09+00:00\" \/>\n<meta property=\"og:image\" content=\"https:\/\/amd-incontinence.com\/espanol\/wp-content\/uploads\/sites\/4\/2017\/10\/protection-droite-amd.jpg\" \/>\n\t<meta property=\"og:image:width\" content=\"678\" \/>\n\t<meta property=\"og:image:height\" content=\"678\" \/>\n\t<meta property=\"og:image:type\" content=\"image\/jpeg\" \/>\n<meta name=\"twitter:card\" content=\"summary_large_image\" \/>\n<meta name=\"twitter:label1\" content=\"Tiempo de lectura\" \/>\n\t<meta name=\"twitter:data1\" content=\"1 minuto\" \/>\n<script type=\"application\/ld+json\" class=\"yoast-schema-graph\">{\"@context\":\"https:\\\/\\\/schema.org\",\"@graph\":[{\"@type\":\"WebPage\",\"@id\":\"https:\\\/\\\/amd-incontinence.com\\\/espanol\\\/productos\\\/protecciones-rectangulares\\\/\",\"url\":\"https:\\\/\\\/amd-incontinence.com\\\/espanol\\\/productos\\\/protecciones-rectangulares\\\/\",\"name\":\"protecciones rectangulares - AMD - Activ Medical Disposable\",\"isPartOf\":{\"@id\":\"https:\\\/\\\/amd-incontinence.com\\\/espanol\\\/#website\"},\"primaryImageOfPage\":{\"@id\":\"https:\\\/\\\/amd-incontinence.com\\\/espanol\\\/productos\\\/protecciones-rectangulares\\\/#primaryimage\"},\"image\":{\"@id\":\"https:\\\/\\\/amd-incontinence.com\\\/espanol\\\/productos\\\/protecciones-rectangulares\\\/#primaryimage\"},\"thumbnailUrl\":\"https:\\\/\\\/amd-incontinence.com\\\/espanol\\\/wp-content\\\/uploads\\\/sites\\\/4\\\/2017\\\/10\\\/protection-droite-amd.jpg\",\"datePublished\":\"2017-10-23T12:19:28+00:00\",\"dateModified\":\"2018-10-25T17:31:09+00:00\",\"breadcrumb\":{\"@id\":\"https:\\\/\\\/amd-incontinence.com\\\/espanol\\\/productos\\\/protecciones-rectangulares\\\/#breadcrumb\"},\"inLanguage\":\"es\",\"potentialAction\":[{\"@type\":\"ReadAction\",\"target\":[\"https:\\\/\\\/amd-incontinence.com\\\/espanol\\\/productos\\\/protecciones-rectangulares\\\/\"]}]},{\"@type\":\"ImageObject\",\"inLanguage\":\"es\",\"@id\":\"https:\\\/\\\/amd-incontinence.com\\\/espanol\\\/productos\\\/protecciones-rectangulares\\\/#primaryimage\",\"url\":\"https:\\\/\\\/amd-incontinence.com\\\/espanol\\\/wp-content\\\/uploads\\\/sites\\\/4\\\/2017\\\/10\\\/protection-droite-amd.jpg\",\"contentUrl\":\"https:\\\/\\\/amd-incontinence.com\\\/espanol\\\/wp-content\\\/uploads\\\/sites\\\/4\\\/2017\\\/10\\\/protection-droite-amd.jpg\",\"width\":678,\"height\":678},{\"@type\":\"BreadcrumbList\",\"@id\":\"https:\\\/\\\/amd-incontinence.com\\\/espanol\\\/productos\\\/protecciones-rectangulares\\\/#breadcrumb\",\"itemListElement\":[{\"@type\":\"ListItem\",\"position\":1,\"name\":\"Accueil\",\"item\":\"https:\\\/\\\/amd-incontinence.com\\\/espanol\\\/\"},{\"@type\":\"ListItem\",\"position\":2,\"name\":\"Productos\",\"item\":\"https:\\\/\\\/amd-incontinence.com\\\/espanol\\\/shop\\\/\"},{\"@type\":\"ListItem\",\"position\":3,\"name\":\"protecciones rectangulares\"}]},{\"@type\":\"WebSite\",\"@id\":\"https:\\\/\\\/amd-incontinence.com\\\/espanol\\\/#website\",\"url\":\"https:\\\/\\\/amd-incontinence.com\\\/espanol\\\/\",\"name\":\"AMD - Activ Medical Disposable\",\"description\":\"\",\"potentialAction\":[{\"@type\":\"SearchAction\",\"target\":{\"@type\":\"EntryPoint\",\"urlTemplate\":\"https:\\\/\\\/amd-incontinence.com\\\/espanol\\\/?s={search_term_string}\"},\"query-input\":{\"@type\":\"PropertyValueSpecification\",\"valueRequired\":true,\"valueName\":\"search_term_string\"}}],\"inLanguage\":\"es\"}]}<\/script>\n<!-- \/ Yoast SEO plugin. -->","yoast_head_json":{"title":"protecciones rectangulares - AMD - Activ Medical Disposable","robots":{"index":"index","follow":"follow","max-snippet":"max-snippet:-1","max-image-preview":"max-image-preview:large","max-video-preview":"max-video-preview:-1"},"canonical":"https:\/\/amd-incontinence.com\/espanol\/productos\/protecciones-rectangulares\/","og_locale":"es_ES","og_type":"article","og_title":"protecciones rectangulares - AMD - Activ Medical Disposable","og_description":"Absorbente rectangular, compresa higi\u00e9nica.","og_url":"https:\/\/amd-incontinence.com\/espanol\/productos\/protecciones-rectangulares\/","og_site_name":"AMD - Activ Medical Disposable","article_modified_time":"2018-10-25T17:31:09+00:00","og_image":[{"width":678,"height":678,"url":"https:\/\/amd-incontinence.com\/espanol\/wp-content\/uploads\/sites\/4\/2017\/10\/protection-droite-amd.jpg","type":"image\/jpeg"}],"twitter_card":"summary_large_image","twitter_misc":{"Tiempo de lectura":"1 minuto"},"schema":{"@context":"https:\/\/schema.org","@graph":[{"@type":"WebPage","@id":"https:\/\/amd-incontinence.com\/espanol\/productos\/protecciones-rectangulares\/","url":"https:\/\/amd-incontinence.com\/espanol\/productos\/protecciones-rectangulares\/","name":"protecciones rectangulares - AMD - Activ Medical Disposable","isPartOf":{"@id":"https:\/\/amd-incontinence.com\/espanol\/#website"},"primaryImageOfPage":{"@id":"https:\/\/amd-incontinence.com\/espanol\/productos\/protecciones-rectangulares\/#primaryimage"},"image":{"@id":"https:\/\/amd-incontinence.com\/espanol\/productos\/protecciones-rectangulares\/#primaryimage"},"thumbnailUrl":"https:\/\/amd-incontinence.com\/espanol\/wp-content\/uploads\/sites\/4\/2017\/10\/protection-droite-amd.jpg","datePublished":"2017-10-23T12:19:28+00:00","dateModified":"2018-10-25T17:31:09+00:00","breadcrumb":{"@id":"https:\/\/amd-incontinence.com\/espanol\/productos\/protecciones-rectangulares\/#breadcrumb"},"inLanguage":"es","potentialAction":[{"@type":"ReadAction","target":["https:\/\/amd-incontinence.com\/espanol\/productos\/protecciones-rectangulares\/"]}]},{"@type":"ImageObject","inLanguage":"es","@id":"https:\/\/amd-incontinence.com\/espanol\/productos\/protecciones-rectangulares\/#primaryimage","url":"https:\/\/amd-incontinence.com\/espanol\/wp-content\/uploads\/sites\/4\/2017\/10\/protection-droite-amd.jpg","contentUrl":"https:\/\/amd-incontinence.com\/espanol\/wp-content\/uploads\/sites\/4\/2017\/10\/protection-droite-amd.jpg","width":678,"height":678},{"@type":"BreadcrumbList","@id":"https:\/\/amd-incontinence.com\/espanol\/productos\/protecciones-rectangulares\/#breadcrumb","itemListElement":[{"@type":"ListItem","position":1,"name":"Accueil","item":"https:\/\/amd-incontinence.com\/espanol\/"},{"@type":"ListItem","position":2,"name":"Productos","item":"https:\/\/amd-incontinence.com\/espanol\/shop\/"},{"@type":"ListItem","position":3,"name":"protecciones rectangulares"}]},{"@type":"WebSite","@id":"https:\/\/amd-incontinence.com\/espanol\/#website","url":"https:\/\/amd-incontinence.com\/espanol\/","name":"AMD - Activ Medical Disposable","description":"","potentialAction":[{"@type":"SearchAction","target":{"@type":"EntryPoint","urlTemplate":"https:\/\/amd-incontinence.com\/espanol\/?s={search_term_string}"},"query-input":{"@type":"PropertyValueSpecification","valueRequired":true,"valueName":"search_term_string"}}],"inLanguage":"es"}]}},"_links":{"self":[{"href":"https:\/\/amd-incontinence.com\/espanol\/wp-json\/wp\/v2\/product\/134","targetHints":{"allow":["GET"]}}],"collection":[{"href":"https:\/\/amd-incontinence.com\/espanol\/wp-json\/wp\/v2\/product"}],"about":[{"href":"https:\/\/amd-incontinence.com\/espanol\/wp-json\/wp\/v2\/types\/product"}],"wp:featuredmedia":[{"embeddable":true,"href":"https:\/\/amd-incontinence.com\/espanol\/wp-json\/wp\/v2\/media\/152"}],"wp:attachment":[{"href":"https:\/\/amd-incontinence.com\/espanol\/wp-json\/wp\/v2\/media?parent=134"}],"wp:term":[{"taxonomy":"product_brand","embeddable":true,"href":"https:\/\/amd-incontinence.com\/espanol\/wp-json\/wp\/v2\/product_brand?post=134"},{"taxonomy":"product_cat","embeddable":true,"href":"https:\/\/amd-incontinence.com\/espanol\/wp-json\/wp\/v2\/product_cat?post=134"},{"taxonomy":"product_tag","embeddable":true,"href":"https:\/\/amd-incontinence.com\/espanol\/wp-json\/wp\/v2\/product_tag?post=134"}],"curies":[{"name":"wp","href":"https:\/\/api.w.org\/{rel}","templated":true}]}}